{"id":134649,"date":"2025-09-23T11:37:21","date_gmt":"2025-09-23T09:37:21","guid":{"rendered":"https:\/\/www.maxqda.com\/maxqda-tailwind\/?page_id=134649"},"modified":"2025-10-16T11:08:17","modified_gmt":"2025-10-16T09:08:17","slug":"impressum","status":"publish","type":"page","link":"https:\/\/www.maxqda.com\/maxqda-tailwind\/de\/impressum\/","title":{"rendered":"Impressum"},"content":{"rendered":"\n<div class=\"wp-block-cover alignwide is-light\" style=\"margin-top:0;margin-bottom:var(--wp--preset--spacing--20);padding-top:0;padding-right:0;padding-bottom:0;min-height:139px;aspect-ratio:unset;\"><img decoding=\"async\" class=\"wp-block-cover__image-background wp-image-133372 size-full\" alt=\"\" src=\"https:\/\/www.maxqda.com\/maxqda-tailwind\/wp\/wp-content\/uploads\/\/sites\/7\/2025\/06\/tailwind-header.svg\" style=\"object-position:50% 35%\" data-object-fit=\"cover\" data-object-position=\"50% 35%\"\/><span aria-hidden=\"true\" class=\"wp-block-cover__background has-background-dim-0 has-background-dim\"><\/span><div class=\"wp-block-cover__inner-container is-layout-constrained wp-container-core-cover-is-layout-311c9527 wp-block-cover-is-layout-constrained\">\n<h1 class=\"wp-block-heading has-text-align-center has-palette-color-3-color has-text-color has-link-color wp-elements-b58644f3a1209b35d5b732a3a0230630\" id=\"h-impressum\">Impressum<\/h1>\n<\/div><\/div>\n\n\n\n<h2 class=\"wp-block-heading\" id=\"h-anschrift-und-kontaktdaten\">Anschrift und Kontaktdaten:<\/h2>\n\n\n\n<p><strong>VERBI \u2013 Software. Consult. Sozialforschung. GmbH<\/strong><br><strong>Invalidenstra\u00dfe 74<\/strong><strong>&nbsp;10557 Berlin<\/strong><br>Tel.: +49 (0)30 206 22 59 \u2013 22<br>E-Mail:&nbsp;<a href=\"mailto:info@maxqda.com\">info@maxqda.com<\/a><\/p>\n\n\n\n<p>Gesch\u00e4ftsf\u00fchrung: Anne Kuckartz, Isabel Kuckartz<\/p>\n\n\n\n<p>Registergericht: Amtsgericht Berlin Charlottenburg<br>Registernummer: HRB 78781<br>Umsatzsteuer-Identifikationsnummer gem\u00e4\u00df \u00a7 27 a UStG: DE813142743<\/p>\n\n\n\n<h2 class=\"wp-block-heading\" id=\"h-urheberrecht\">Urheberrecht<\/h2>\n\n\n\n<p>Die auf dieser Website eingebundenen Bilder d\u00fcrfen nicht ohne vorherige schriftliche Zustimmung von VERBI verwendet werden. Auf den Websites enthaltene Bilder unterliegen teilweise dem Urheberrecht Dritter. Soweit die Inhalte auf dieser Seite nicht vom Betreiber erstellt wurden, werden die Urheberrechte Dritter beachtet. Insbesondere werden Inhalte Dritter als solche gekennzeichnet. Sollten Sie trotzdem auf eine Urheberrechtsverletzung aufmerksam werden, bitten wir um einen entsprechenden Hinweis. Bei Bekanntwerden von Rechtsverletzungen werden wir derartige Inhalte umgehend entfernen.<\/p>\n\n\n\n<p><strong>Haftungsausschluss f\u00fcr Links<\/strong><\/p>\n\n\n\n<p>Unsere Website enth\u00e4lt Links zu externen Webseiten Dritter, auf deren Inhalte wir keinen Einfluss haben und f\u00fcr die wir keine Gew\u00e4hr \u00fcbernehmen. Wir \u00fcbernehmen keine Verantwortung f\u00fcr die Inhalte verlinkter Seiten, da diese au\u00dferhalb unseres Einflusses liegen. Der jeweilige Betreiber ist f\u00fcr die Inhalte verantwortlich. Zum Zeitpunkt der Verlinkung waren keine rechtswidrigen Inhalte erkennbar. Eine st\u00e4ndige \u00dcberpr\u00fcfung dieser Seiten ohne klare Hinweise auf Rechtsverst\u00f6\u00dfe ist nicht m\u00f6glich. Sollten Rechtsverletzungen bekannt werden, werden solche Links sofort entfernt.<\/p>\n","protected":false},"excerpt":{"rendered":"<p>Anschrift und Kontaktdaten: VERBI \u2013 Software. Consult. Sozialforschung. GmbHInvalidenstra\u00dfe 74&nbsp;10557 BerlinTel.: +49 (0)30 206 22 59 \u2013 22E-Mail:&nbsp;info@maxqda.com Gesch\u00e4ftsf\u00fchrung: Anne Kuckartz, Isabel Kuckartz Registergericht: Amtsgericht Berlin CharlottenburgRegisternummer: HRB 78781Umsatzsteuer-Identifikationsnummer gem\u00e4\u00df \u00a7 27 a UStG: DE813142743 Urheberrecht Die auf dieser Website eingebundenen Bilder d\u00fcrfen nicht ohne vorherige schriftliche Zustimmung von VERBI verwendet werden. Auf den Websites [&hellip;]<\/p>\n","protected":false},"author":45,"featured_media":134015,"parent":0,"menu_order":4,"comment_status":"closed","ping_status":"closed","template":"","meta":{"_acf_changed":false,"_relevanssi_hide_post":"","_relevanssi_hide_content":"","_relevanssi_pin_for_all":"","_relevanssi_pin_keywords":"","_relevanssi_unpin_keywords":"","_relevanssi_related_keywords":"","_relevanssi_related_include_ids":"","_relevanssi_related_exclude_ids":"","_relevanssi_related_no_append":"","_relevanssi_related_not_related":"","_relevanssi_related_posts":"","_relevanssi_noindex_reason":"","footnotes":""},"class_list":["post-134649","page","type-page","status-publish","has-post-thumbnail","hentry"],"blocksy_meta":[],"acf":[],"yoast_head":"<!-- This site is optimized with the Yoast SEO Premium plugin v27.1 (Yoast SEO v27.1.1) - https:\/\/yoast.com\/product\/yoast-seo-premium-wordpress\/ -->\n<title>Impressum - MAXQDA Tailwind<\/title>\n<meta name=\"robots\" content=\"index, follow, max-snippet:-1, max-image-preview:large, max-video-preview:-1\" \/>\n<link rel=\"canonical\" href=\"https:\/\/www.maxqda.com\/maxqda-tailwind\/de\/impressum\/\" \/>\n<meta property=\"og:locale\" content=\"en_US\" \/>\n<meta property=\"og:type\" content=\"article\" \/>\n<meta property=\"og:title\" content=\"Impressum\" \/>\n<meta property=\"og:description\" content=\"Anschrift und Kontaktdaten: VERBI \u2013 Software. Consult. Sozialforschung. GmbHInvalidenstra\u00dfe 74&nbsp;10557 BerlinTel.: +49 (0)30 206 22 59 \u2013 22E-Mail:&nbsp;info@maxqda.com Gesch\u00e4ftsf\u00fchrung: Anne Kuckartz, Isabel Kuckartz Registergericht: Amtsgericht Berlin CharlottenburgRegisternummer: HRB 78781Umsatzsteuer-Identifikationsnummer gem\u00e4\u00df \u00a7 27 a UStG: DE813142743 Urheberrecht Die auf dieser Website eingebundenen Bilder d\u00fcrfen nicht ohne vorherige schriftliche Zustimmung von VERBI verwendet werden. Auf den Websites [&hellip;]\" \/>\n<meta property=\"og:url\" content=\"https:\/\/www.maxqda.com\/maxqda-tailwind\/de\/impressum\/\" \/>\n<meta property=\"og:site_name\" content=\"MAXQDA Tailwind\" \/>\n<meta property=\"article:modified_time\" content=\"2025-10-16T09:08:17+00:00\" \/>\n<meta property=\"og:image\" content=\"https:\/\/www.maxqda.com\/maxqda-tailwind\/wp\/wp-content\/uploads\/\/sites\/7\/2025\/07\/MAXQDA-Tailwind-Your-Comprehensive-AI-Research-Tool.jpg?_t=1760605697\" \/>\n\t<meta property=\"og:image:width\" content=\"1200\" \/>\n\t<meta property=\"og:image:height\" content=\"630\" \/>\n\t<meta property=\"og:image:type\" content=\"image\/jpeg\" \/>\n<meta name=\"twitter:card\" content=\"summary_large_image\" \/>\n<meta name=\"twitter:label1\" content=\"Est. reading time\" \/>\n\t<meta name=\"twitter:data1\" content=\"2 minutes\" \/>\n<script type=\"application\/ld+json\" class=\"yoast-schema-graph\">{\"@context\":\"https:\/\/schema.org\",\"@graph\":[{\"@type\":\"WebPage\",\"@id\":\"https:\/\/www.maxqda.com\/maxqda-tailwind\/de\/impressum\/\",\"url\":\"https:\/\/www.maxqda.com\/maxqda-tailwind\/de\/impressum\/\",\"name\":\"Impressum - MAXQDA Tailwind\",\"isPartOf\":{\"@id\":\"https:\/\/www.maxqda.com\/maxqda-tailwind\/#website\"},\"primaryImageOfPage\":{\"@id\":\"https:\/\/www.maxqda.com\/maxqda-tailwind\/de\/impressum\/#primaryimage\"},\"image\":{\"@id\":\"https:\/\/www.maxqda.com\/maxqda-tailwind\/de\/impressum\/#primaryimage\"},\"thumbnailUrl\":\"https:\/\/www.maxqda.com\/maxqda-tailwind\/wp\/wp-content\/uploads\/\/sites\/7\/2025\/07\/MAXQDA-Tailwind-Your-Comprehensive-AI-Research-Tool.jpg\",\"datePublished\":\"2025-09-23T09:37:21+00:00\",\"dateModified\":\"2025-10-16T09:08:17+00:00\",\"breadcrumb\":{\"@id\":\"https:\/\/www.maxqda.com\/maxqda-tailwind\/de\/impressum\/#breadcrumb\"},\"inLanguage\":\"en-US\",\"potentialAction\":[{\"@type\":\"ReadAction\",\"target\":[\"https:\/\/www.maxqda.com\/maxqda-tailwind\/de\/impressum\/\"]}]},{\"@type\":\"ImageObject\",\"inLanguage\":\"en-US\",\"@id\":\"https:\/\/www.maxqda.com\/maxqda-tailwind\/de\/impressum\/#primaryimage\",\"url\":\"https:\/\/www.maxqda.com\/maxqda-tailwind\/wp\/wp-content\/uploads\/\/sites\/7\/2025\/07\/MAXQDA-Tailwind-Your-Comprehensive-AI-Research-Tool.jpg\",\"contentUrl\":\"https:\/\/www.maxqda.com\/maxqda-tailwind\/wp\/wp-content\/uploads\/\/sites\/7\/2025\/07\/MAXQDA-Tailwind-Your-Comprehensive-AI-Research-Tool.jpg\",\"width\":\"1200\",\"height\":\"630\"},{\"@type\":\"BreadcrumbList\",\"@id\":\"https:\/\/www.maxqda.com\/maxqda-tailwind\/de\/impressum\/#breadcrumb\",\"itemListElement\":[{\"@type\":\"ListItem\",\"position\":1,\"name\":\"Startseite\",\"item\":\"https:\/\/www.maxqda.com\/maxqda-tailwind\/\"},{\"@type\":\"ListItem\",\"position\":2,\"name\":\"Impressum\"}]},{\"@type\":\"WebSite\",\"@id\":\"https:\/\/www.maxqda.com\/maxqda-tailwind\/#website\",\"url\":\"https:\/\/www.maxqda.com\/maxqda-tailwind\/\",\"name\":\"MAXQDA Tailwind\",\"description\":\"\",\"publisher\":{\"@id\":\"https:\/\/www.maxqda.com\/maxqda-tailwind\/#organization\"},\"potentialAction\":[{\"@type\":\"SearchAction\",\"target\":{\"@type\":\"EntryPoint\",\"urlTemplate\":\"https:\/\/www.maxqda.com\/maxqda-tailwind\/?s={search_term_string}\"},\"query-input\":{\"@type\":\"PropertyValueSpecification\",\"valueRequired\":true,\"valueName\":\"search_term_string\"}}],\"inLanguage\":\"en-US\"},{\"@type\":\"Organization\",\"@id\":\"https:\/\/www.maxqda.com\/maxqda-tailwind\/#organization\",\"name\":\"MAXQDA Tailwind\",\"url\":\"https:\/\/www.maxqda.com\/maxqda-tailwind\/\",\"logo\":{\"@type\":\"ImageObject\",\"inLanguage\":\"en-US\",\"@id\":\"https:\/\/www.maxqda.com\/maxqda-tailwind\/#\/schema\/logo\/image\/\",\"url\":\"https:\/\/www.maxqda.com\/maxqda-tailwind\/wp\/wp-content\/uploads\/\/sites\/7\/2025\/04\/Logo2.svg\",\"contentUrl\":\"https:\/\/www.maxqda.com\/maxqda-tailwind\/wp\/wp-content\/uploads\/\/sites\/7\/2025\/04\/Logo2.svg\",\"width\":150,\"height\":59,\"caption\":\"MAXQDA Tailwind\"},\"image\":{\"@id\":\"https:\/\/www.maxqda.com\/maxqda-tailwind\/#\/schema\/logo\/image\/\"}}]}<\/script>\n<!-- \/ Yoast SEO Premium plugin. -->","yoast_head_json":{"title":"Impressum - MAXQDA Tailwind","robots":{"index":"index","follow":"follow","max-snippet":"max-snippet:-1","max-image-preview":"max-image-preview:large","max-video-preview":"max-video-preview:-1"},"canonical":"https:\/\/www.maxqda.com\/maxqda-tailwind\/de\/impressum\/","og_locale":"en_US","og_type":"article","og_title":"Impressum","og_description":"Anschrift und Kontaktdaten: VERBI \u2013 Software. Consult. Sozialforschung. GmbHInvalidenstra\u00dfe 74&nbsp;10557 BerlinTel.: +49 (0)30 206 22 59 \u2013 22E-Mail:&nbsp;info@maxqda.com Gesch\u00e4ftsf\u00fchrung: Anne Kuckartz, Isabel Kuckartz Registergericht: Amtsgericht Berlin CharlottenburgRegisternummer: HRB 78781Umsatzsteuer-Identifikationsnummer gem\u00e4\u00df \u00a7 27 a UStG: DE813142743 Urheberrecht Die auf dieser Website eingebundenen Bilder d\u00fcrfen nicht ohne vorherige schriftliche Zustimmung von VERBI verwendet werden. Auf den Websites [&hellip;]","og_url":"https:\/\/www.maxqda.com\/maxqda-tailwind\/de\/impressum\/","og_site_name":"MAXQDA Tailwind","article_modified_time":"2025-10-16T09:08:17+00:00","og_image":[{"width":1200,"height":630,"url":"https:\/\/www.maxqda.com\/maxqda-tailwind\/wp\/wp-content\/uploads\/\/sites\/7\/2025\/07\/MAXQDA-Tailwind-Your-Comprehensive-AI-Research-Tool.jpg?_t=1760605697","type":"image\/jpeg"}],"twitter_card":"summary_large_image","twitter_misc":{"Est. reading time":"2 minutes"},"schema":{"@context":"https:\/\/schema.org","@graph":[{"@type":"WebPage","@id":"https:\/\/www.maxqda.com\/maxqda-tailwind\/de\/impressum\/","url":"https:\/\/www.maxqda.com\/maxqda-tailwind\/de\/impressum\/","name":"Impressum - MAXQDA Tailwind","isPartOf":{"@id":"https:\/\/www.maxqda.com\/maxqda-tailwind\/#website"},"primaryImageOfPage":{"@id":"https:\/\/www.maxqda.com\/maxqda-tailwind\/de\/impressum\/#primaryimage"},"image":{"@id":"https:\/\/www.maxqda.com\/maxqda-tailwind\/de\/impressum\/#primaryimage"},"thumbnailUrl":"https:\/\/www.maxqda.com\/maxqda-tailwind\/wp\/wp-content\/uploads\/\/sites\/7\/2025\/07\/MAXQDA-Tailwind-Your-Comprehensive-AI-Research-Tool.jpg","datePublished":"2025-09-23T09:37:21+00:00","dateModified":"2025-10-16T09:08:17+00:00","breadcrumb":{"@id":"https:\/\/www.maxqda.com\/maxqda-tailwind\/de\/impressum\/#breadcrumb"},"inLanguage":"en-US","potentialAction":[{"@type":"ReadAction","target":["https:\/\/www.maxqda.com\/maxqda-tailwind\/de\/impressum\/"]}]},{"@type":"ImageObject","inLanguage":"en-US","@id":"https:\/\/www.maxqda.com\/maxqda-tailwind\/de\/impressum\/#primaryimage","url":"https:\/\/www.maxqda.com\/maxqda-tailwind\/wp\/wp-content\/uploads\/\/sites\/7\/2025\/07\/MAXQDA-Tailwind-Your-Comprehensive-AI-Research-Tool.jpg","contentUrl":"https:\/\/www.maxqda.com\/maxqda-tailwind\/wp\/wp-content\/uploads\/\/sites\/7\/2025\/07\/MAXQDA-Tailwind-Your-Comprehensive-AI-Research-Tool.jpg","width":"1200","height":"630"},{"@type":"BreadcrumbList","@id":"https:\/\/www.maxqda.com\/maxqda-tailwind\/de\/impressum\/#breadcrumb","itemListElement":[{"@type":"ListItem","position":1,"name":"Startseite","item":"https:\/\/www.maxqda.com\/maxqda-tailwind\/"},{"@type":"ListItem","position":2,"name":"Impressum"}]},{"@type":"WebSite","@id":"https:\/\/www.maxqda.com\/maxqda-tailwind\/#website","url":"https:\/\/www.maxqda.com\/maxqda-tailwind\/","name":"MAXQDA Tailwind","description":"","publisher":{"@id":"https:\/\/www.maxqda.com\/maxqda-tailwind\/#organization"},"potentialAction":[{"@type":"SearchAction","target":{"@type":"EntryPoint","urlTemplate":"https:\/\/www.maxqda.com\/maxqda-tailwind\/?s={search_term_string}"},"query-input":{"@type":"PropertyValueSpecification","valueRequired":true,"valueName":"search_term_string"}}],"inLanguage":"en-US"},{"@type":"Organization","@id":"https:\/\/www.maxqda.com\/maxqda-tailwind\/#organization","name":"MAXQDA Tailwind","url":"https:\/\/www.maxqda.com\/maxqda-tailwind\/","logo":{"@type":"ImageObject","inLanguage":"en-US","@id":"https:\/\/www.maxqda.com\/maxqda-tailwind\/#\/schema\/logo\/image\/","url":"https:\/\/www.maxqda.com\/maxqda-tailwind\/wp\/wp-content\/uploads\/\/sites\/7\/2025\/04\/Logo2.svg","contentUrl":"https:\/\/www.maxqda.com\/maxqda-tailwind\/wp\/wp-content\/uploads\/\/sites\/7\/2025\/04\/Logo2.svg","width":150,"height":59,"caption":"MAXQDA Tailwind"},"image":{"@id":"https:\/\/www.maxqda.com\/maxqda-tailwind\/#\/schema\/logo\/image\/"}}]}},"_links":{"self":[{"href":"https:\/\/www.maxqda.com\/maxqda-tailwind\/wp-json\/wp\/v2\/pages\/134649","targetHints":{"allow":["GET"]}}],"collection":[{"href":"https:\/\/www.maxqda.com\/maxqda-tailwind\/wp-json\/wp\/v2\/pages"}],"about":[{"href":"https:\/\/www.maxqda.com\/maxqda-tailwind\/wp-json\/wp\/v2\/types\/page"}],"author":[{"embeddable":true,"href":"https:\/\/www.maxqda.com\/maxqda-tailwind\/wp-json\/wp\/v2\/users\/45"}],"replies":[{"embeddable":true,"href":"https:\/\/www.maxqda.com\/maxqda-tailwind\/wp-json\/wp\/v2\/comments?post=134649"}],"version-history":[{"count":0,"href":"https:\/\/www.maxqda.com\/maxqda-tailwind\/wp-json\/wp\/v2\/pages\/134649\/revisions"}],"wp:featuredmedia":[{"embeddable":true,"href":"https:\/\/www.maxqda.com\/maxqda-tailwind\/wp-json\/wp\/v2\/media\/134015"}],"wp:attachment":[{"href":"https:\/\/www.maxqda.com\/maxqda-tailwind\/wp-json\/wp\/v2\/media?parent=134649"}],"curies":[{"name":"wp","href":"https:\/\/api.w.org\/{rel}","templated":true}]}}