{"id":134283,"date":"2025-09-11T09:05:49","date_gmt":"2025-09-11T07:05:49","guid":{"rendered":"https:\/\/www.maxqda.com\/maxqda-tailwind\/?page_id=134283"},"modified":"2025-10-02T12:49:06","modified_gmt":"2025-10-02T10:49:06","slug":"ki-datenschutz","status":"publish","type":"page","link":"https:\/\/www.maxqda.com\/maxqda-tailwind\/de\/ki-datenschutz\/","title":{"rendered":"KI und Datenschutz"},"content":{"rendered":"\n<div class=\"wp-block-cover alignfull is-light\" style=\"padding-top:var(--wp--preset--spacing--70);padding-right:0;padding-bottom:0;min-height:200px;aspect-ratio:unset;\"><img decoding=\"async\" class=\"wp-block-cover__image-background wp-image-133372 size-full\" alt=\"\" src=\"https:\/\/www.maxqda.com\/maxqda-tailwind\/wp\/wp-content\/uploads\/\/sites\/7\/2025\/06\/tailwind-header.svg\" style=\"object-position:50% 35%\" data-object-fit=\"cover\" data-object-position=\"50% 35%\"\/><span aria-hidden=\"true\" class=\"wp-block-cover__background has-background-dim-0 has-background-dim\"><\/span><div class=\"wp-block-cover__inner-container is-layout-constrained wp-container-core-cover-is-layout-684c6367 wp-block-cover-is-layout-constrained\">\n<h1 class=\"wp-block-heading has-text-align-center has-palette-color-3-color has-text-color has-link-color wp-elements-95b753554e14943f13b1c3cb85e5cb1b\" id=\"h-ki-und-datenschutz\"><strong><strong>KI und Datenschutz<\/strong><\/strong><\/h1>\n<\/div><\/div>\n\n\n\n<p class=\"has-medium-font-size\">MAXQDA Tailwind wurde von VERBI, dem f\u00fchrenden Software-Anbieter f\u00fcr qualitative Datenanalyse und Mixed-Methods-L\u00f6sungen, entwickelt und entspricht den h\u00f6chsten Datenschutzstandards. Mit MAXQDA Tailwind setzen wir uns f\u00fcr eine verantwortungsvolle Entwicklung von KI-Tools ein, sodass die Sicherheit und Vertraulichkeit Ihrer Forschungsdaten immer an erster Stelle steht.\u00a0<\/p>\n\n\n\n<h2 class=\"wp-block-heading\" id=\"h-unsere-schutzmassnahmen\"><strong>Unsere Schutzma\u00dfnahmen<\/strong>\u00a0<\/h2>\n\n\n\n<ul class=\"wp-block-list\">\n<li class=\"has-medium-font-size\">MAXQDA Tailwind ist DSGVO-konform.&nbsp;<\/li>\n\n\n\n<li class=\"has-medium-font-size\">Nur minimal notwendige Daten werden an KI-Modelle \u00fcbertragen.\u00a0<\/li>\n\n\n\n<li class=\"has-medium-font-size\">Ihre Daten werden nie f\u00fcr KI-Trainingszwecke verwendet.<\/li>\n\n\n\n<li class=\"has-medium-font-size\">Ihre Daten werden von unseren KI-Dienstleistern niemals dauerhaft gespeichert.<\/li>\n\n\n\n<li class=\"has-medium-font-size\">Unser Team aus Sozialwissenschaftler:innen und KI-Spezialist:innen testet und pr\u00fcft unsere KI-Tools kontinuierlich.\u00a0\u00a0\u00a0\u00a0<\/li>\n<\/ul>\n\n\n\n<h2 class=\"wp-block-heading\" id=\"h-funktionsweise\"><strong>Funktionsweise<\/strong>\u00a0<\/h2>\n\n\n\n<p class=\"has-medium-font-size\">Um die Ma\u00dfnahmen zum Schutz Ihre Daten zu verstehen, ist es wichtig nachzuvollziehen, wie Ihre Daten genau verarbeitet werden.\u00a0<\/p>\n\n\n\n<div class=\"wp-block-columns is-layout-flex wp-container-core-columns-is-layout-28f84493 wp-block-columns-is-layout-flex\">\n<div class=\"wp-block-column is-layout-flow wp-block-column-is-layout-flow\">\n<figure class=\"wp-block-image aligncenter size-full is-resized has-custom-border is-style-default\"><img loading=\"lazy\" decoding=\"async\" width=\"966\" height=\"531\" src=\"https:\/\/www.maxqda.com\/maxqda-tailwind\/wp\/wp-content\/uploads\/\/sites\/7\/2025\/09\/MAXQDA-Tailwind-KI-und-Datenschutz.jpg\" alt=\"\" class=\"wp-image-134286\" style=\"border-radius:0px;box-shadow:none;width:729px;height:auto\" srcset=\"https:\/\/www.maxqda.com\/maxqda-tailwind\/wp\/wp-content\/uploads\/\/sites\/7\/2025\/09\/MAXQDA-Tailwind-KI-und-Datenschutz.jpg 966w, https:\/\/www.maxqda.com\/maxqda-tailwind\/wp\/wp-content\/uploads\/\/sites\/7\/2025\/09\/MAXQDA-Tailwind-KI-und-Datenschutz-300x165.jpg 300w, https:\/\/www.maxqda.com\/maxqda-tailwind\/wp\/wp-content\/uploads\/\/sites\/7\/2025\/09\/MAXQDA-Tailwind-KI-und-Datenschutz-768x422.jpg 768w, https:\/\/www.maxqda.com\/maxqda-tailwind\/wp\/wp-content\/uploads\/\/sites\/7\/2025\/09\/MAXQDA-Tailwind-KI-und-Datenschutz-50x27.jpg 50w\" sizes=\"auto, (max-width: 966px) 100vw, 966px\" \/><\/figure>\n<\/div>\n<\/div>\n\n\n\n<ol class=\"wp-block-list\">\n<li class=\"has-medium-font-size\">Der Cloud-Server, der MAXQDA Tailwind hostet, leitet die minimal erforderlichen Daten zur Verarbeitung der Anfrage an unseren KI-Dienstleister weiter.\u00a0<\/li>\n\n\n\n<li class=\"has-medium-font-size\">Sie erhalten die KI-Ergebnisse und Ihre Daten werden nach der Verarbeitung vom KI-Dienstleister entfernt, ohne dass sie f\u00fcr andere Zwecke verwendet werden.\u00a0<\/li>\n<\/ol>\n\n\n\n<p class=\"has-medium-font-size\">Die \u00dcbertragung Ihrer Daten ist durch SSL\/TLS 1.2-Verschl\u00fcsselung gesch\u00fctzt. Alle Server, die Ihre Daten vor\u00fcbergehend bearbeiten, befinden sich in der EU. Weitere Einzelheiten zu unseren KI-Dienstleitern finden Sie auf unserer <a href=\"https:\/\/www.maxqda.com\/de\/drittdienstleister\" target=\"_blank\" rel=\"noreferrer noopener\">Drittanbieter-Seite<\/a>.\u00a0<\/p>\n\n\n\n<p class=\"has-medium-font-size\"><\/p>\n\n\n\n<p><\/p>\n\n\n\n<p><\/p>\n","protected":false},"excerpt":{"rendered":"<p>MAXQDA Tailwind wurde von VERBI, dem f\u00fchrenden Software-Anbieter f\u00fcr qualitative Datenanalyse und Mixed-Methods-L\u00f6sungen, entwickelt und entspricht den h\u00f6chsten Datenschutzstandards. Mit MAXQDA Tailwind setzen wir uns f\u00fcr eine verantwortungsvolle Entwicklung von KI-Tools ein, sodass die Sicherheit und Vertraulichkeit Ihrer Forschungsdaten immer an erster Stelle steht.\u00a0 Unsere Schutzma\u00dfnahmen\u00a0 Funktionsweise\u00a0 Um die Ma\u00dfnahmen zum Schutz Ihre Daten zu [&hellip;]<\/p>\n","protected":false},"author":45,"featured_media":134015,"parent":0,"menu_order":4,"comment_status":"closed","ping_status":"closed","template":"","meta":{"_acf_changed":false,"_relevanssi_hide_post":"","_relevanssi_hide_content":"","_relevanssi_pin_for_all":"","_relevanssi_pin_keywords":"","_relevanssi_unpin_keywords":"","_relevanssi_related_keywords":"","_relevanssi_related_include_ids":"","_relevanssi_related_exclude_ids":"","_relevanssi_related_no_append":"","_relevanssi_related_not_related":"","_relevanssi_related_posts":"","_relevanssi_noindex_reason":"","footnotes":""},"class_list":["post-134283","page","type-page","status-publish","has-post-thumbnail","hentry"],"blocksy_meta":[],"acf":[],"yoast_head":"<!-- This site is optimized with the Yoast SEO Premium plugin v27.1 (Yoast SEO v27.1.1) - https:\/\/yoast.com\/product\/yoast-seo-premium-wordpress\/ -->\n<title>KI und Datenschutz - MAXQDA Tailwind<\/title>\n<meta name=\"description\" content=\"Mit MAXQDA Tailwind verpflichten wir uns zu einer verantwortungsvollen Entwicklung von KI-Tools und stellen die Sicherheit Ihrer Daten an erste Stelle.\" \/>\n<meta name=\"robots\" content=\"index, follow, max-snippet:-1, max-image-preview:large, max-video-preview:-1\" \/>\n<link rel=\"canonical\" href=\"https:\/\/www.maxqda.com\/maxqda-tailwind\/de\/ki-datenschutz\/\" \/>\n<meta property=\"og:locale\" content=\"en_US\" \/>\n<meta property=\"og:type\" content=\"article\" \/>\n<meta property=\"og:title\" content=\"KI und Datenschutz\" \/>\n<meta property=\"og:description\" content=\"Mit MAXQDA Tailwind verpflichten wir uns zu einer verantwortungsvollen Entwicklung von KI-Tools und stellen die Sicherheit Ihrer Daten an erste Stelle.\" \/>\n<meta property=\"og:url\" content=\"https:\/\/www.maxqda.com\/maxqda-tailwind\/de\/ki-datenschutz\/\" \/>\n<meta property=\"og:site_name\" content=\"MAXQDA Tailwind\" \/>\n<meta property=\"article:modified_time\" content=\"2025-10-02T10:49:06+00:00\" \/>\n<meta property=\"og:image\" content=\"https:\/\/www.maxqda.com\/maxqda-tailwind\/wp\/wp-content\/uploads\/\/sites\/7\/2025\/07\/MAXQDA-Tailwind-Your-Comprehensive-AI-Research-Tool.jpg?_t=1759402146\" \/>\n\t<meta property=\"og:image:width\" content=\"1200\" \/>\n\t<meta property=\"og:image:height\" content=\"630\" \/>\n\t<meta property=\"og:image:type\" content=\"image\/jpeg\" \/>\n<meta name=\"twitter:card\" content=\"summary_large_image\" \/>\n<meta name=\"twitter:label1\" content=\"Est. reading time\" \/>\n\t<meta name=\"twitter:data1\" content=\"2 minutes\" \/>\n<script type=\"application\/ld+json\" class=\"yoast-schema-graph\">{\"@context\":\"https:\/\/schema.org\",\"@graph\":[{\"@type\":\"WebPage\",\"@id\":\"https:\/\/www.maxqda.com\/maxqda-tailwind\/de\/ki-datenschutz\/\",\"url\":\"https:\/\/www.maxqda.com\/maxqda-tailwind\/de\/ki-datenschutz\/\",\"name\":\"KI und Datenschutz - MAXQDA Tailwind\",\"isPartOf\":{\"@id\":\"https:\/\/www.maxqda.com\/maxqda-tailwind\/#website\"},\"primaryImageOfPage\":{\"@id\":\"https:\/\/www.maxqda.com\/maxqda-tailwind\/de\/ki-datenschutz\/#primaryimage\"},\"image\":{\"@id\":\"https:\/\/www.maxqda.com\/maxqda-tailwind\/de\/ki-datenschutz\/#primaryimage\"},\"thumbnailUrl\":\"https:\/\/www.maxqda.com\/maxqda-tailwind\/wp\/wp-content\/uploads\/\/sites\/7\/2025\/07\/MAXQDA-Tailwind-Your-Comprehensive-AI-Research-Tool.jpg\",\"datePublished\":\"2025-09-11T07:05:49+00:00\",\"dateModified\":\"2025-10-02T10:49:06+00:00\",\"description\":\"Mit MAXQDA Tailwind verpflichten wir uns zu einer verantwortungsvollen Entwicklung von KI-Tools und stellen die Sicherheit Ihrer Daten an erste Stelle.\",\"breadcrumb\":{\"@id\":\"https:\/\/www.maxqda.com\/maxqda-tailwind\/de\/ki-datenschutz\/#breadcrumb\"},\"inLanguage\":\"en-US\",\"potentialAction\":[{\"@type\":\"ReadAction\",\"target\":[\"https:\/\/www.maxqda.com\/maxqda-tailwind\/de\/ki-datenschutz\/\"]}]},{\"@type\":\"ImageObject\",\"inLanguage\":\"en-US\",\"@id\":\"https:\/\/www.maxqda.com\/maxqda-tailwind\/de\/ki-datenschutz\/#primaryimage\",\"url\":\"https:\/\/www.maxqda.com\/maxqda-tailwind\/wp\/wp-content\/uploads\/\/sites\/7\/2025\/07\/MAXQDA-Tailwind-Your-Comprehensive-AI-Research-Tool.jpg\",\"contentUrl\":\"https:\/\/www.maxqda.com\/maxqda-tailwind\/wp\/wp-content\/uploads\/\/sites\/7\/2025\/07\/MAXQDA-Tailwind-Your-Comprehensive-AI-Research-Tool.jpg\",\"width\":\"1200\",\"height\":\"630\"},{\"@type\":\"BreadcrumbList\",\"@id\":\"https:\/\/www.maxqda.com\/maxqda-tailwind\/de\/ki-datenschutz\/#breadcrumb\",\"itemListElement\":[{\"@type\":\"ListItem\",\"position\":1,\"name\":\"Startseite\",\"item\":\"https:\/\/www.maxqda.com\/maxqda-tailwind\/\"},{\"@type\":\"ListItem\",\"position\":2,\"name\":\"KI und Datenschutz\"}]},{\"@type\":\"WebSite\",\"@id\":\"https:\/\/www.maxqda.com\/maxqda-tailwind\/#website\",\"url\":\"https:\/\/www.maxqda.com\/maxqda-tailwind\/\",\"name\":\"MAXQDA Tailwind\",\"description\":\"\",\"publisher\":{\"@id\":\"https:\/\/www.maxqda.com\/maxqda-tailwind\/#organization\"},\"potentialAction\":[{\"@type\":\"SearchAction\",\"target\":{\"@type\":\"EntryPoint\",\"urlTemplate\":\"https:\/\/www.maxqda.com\/maxqda-tailwind\/?s={search_term_string}\"},\"query-input\":{\"@type\":\"PropertyValueSpecification\",\"valueRequired\":true,\"valueName\":\"search_term_string\"}}],\"inLanguage\":\"en-US\"},{\"@type\":\"Organization\",\"@id\":\"https:\/\/www.maxqda.com\/maxqda-tailwind\/#organization\",\"name\":\"MAXQDA Tailwind\",\"url\":\"https:\/\/www.maxqda.com\/maxqda-tailwind\/\",\"logo\":{\"@type\":\"ImageObject\",\"inLanguage\":\"en-US\",\"@id\":\"https:\/\/www.maxqda.com\/maxqda-tailwind\/#\/schema\/logo\/image\/\",\"url\":\"https:\/\/www.maxqda.com\/maxqda-tailwind\/wp\/wp-content\/uploads\/\/sites\/7\/2025\/04\/Logo2.svg\",\"contentUrl\":\"https:\/\/www.maxqda.com\/maxqda-tailwind\/wp\/wp-content\/uploads\/\/sites\/7\/2025\/04\/Logo2.svg\",\"width\":150,\"height\":59,\"caption\":\"MAXQDA Tailwind\"},\"image\":{\"@id\":\"https:\/\/www.maxqda.com\/maxqda-tailwind\/#\/schema\/logo\/image\/\"}}]}<\/script>\n<!-- \/ Yoast SEO Premium plugin. -->","yoast_head_json":{"title":"KI und Datenschutz - MAXQDA Tailwind","description":"Mit MAXQDA Tailwind verpflichten wir uns zu einer verantwortungsvollen Entwicklung von KI-Tools und stellen die Sicherheit Ihrer Daten an erste Stelle.","robots":{"index":"index","follow":"follow","max-snippet":"max-snippet:-1","max-image-preview":"max-image-preview:large","max-video-preview":"max-video-preview:-1"},"canonical":"https:\/\/www.maxqda.com\/maxqda-tailwind\/de\/ki-datenschutz\/","og_locale":"en_US","og_type":"article","og_title":"KI und Datenschutz","og_description":"Mit MAXQDA Tailwind verpflichten wir uns zu einer verantwortungsvollen Entwicklung von KI-Tools und stellen die Sicherheit Ihrer Daten an erste Stelle.","og_url":"https:\/\/www.maxqda.com\/maxqda-tailwind\/de\/ki-datenschutz\/","og_site_name":"MAXQDA Tailwind","article_modified_time":"2025-10-02T10:49:06+00:00","og_image":[{"width":1200,"height":630,"url":"https:\/\/www.maxqda.com\/maxqda-tailwind\/wp\/wp-content\/uploads\/\/sites\/7\/2025\/07\/MAXQDA-Tailwind-Your-Comprehensive-AI-Research-Tool.jpg?_t=1759402146","type":"image\/jpeg"}],"twitter_card":"summary_large_image","twitter_misc":{"Est. reading time":"2 minutes"},"schema":{"@context":"https:\/\/schema.org","@graph":[{"@type":"WebPage","@id":"https:\/\/www.maxqda.com\/maxqda-tailwind\/de\/ki-datenschutz\/","url":"https:\/\/www.maxqda.com\/maxqda-tailwind\/de\/ki-datenschutz\/","name":"KI und Datenschutz - MAXQDA Tailwind","isPartOf":{"@id":"https:\/\/www.maxqda.com\/maxqda-tailwind\/#website"},"primaryImageOfPage":{"@id":"https:\/\/www.maxqda.com\/maxqda-tailwind\/de\/ki-datenschutz\/#primaryimage"},"image":{"@id":"https:\/\/www.maxqda.com\/maxqda-tailwind\/de\/ki-datenschutz\/#primaryimage"},"thumbnailUrl":"https:\/\/www.maxqda.com\/maxqda-tailwind\/wp\/wp-content\/uploads\/\/sites\/7\/2025\/07\/MAXQDA-Tailwind-Your-Comprehensive-AI-Research-Tool.jpg","datePublished":"2025-09-11T07:05:49+00:00","dateModified":"2025-10-02T10:49:06+00:00","description":"Mit MAXQDA Tailwind verpflichten wir uns zu einer verantwortungsvollen Entwicklung von KI-Tools und stellen die Sicherheit Ihrer Daten an erste Stelle.","breadcrumb":{"@id":"https:\/\/www.maxqda.com\/maxqda-tailwind\/de\/ki-datenschutz\/#breadcrumb"},"inLanguage":"en-US","potentialAction":[{"@type":"ReadAction","target":["https:\/\/www.maxqda.com\/maxqda-tailwind\/de\/ki-datenschutz\/"]}]},{"@type":"ImageObject","inLanguage":"en-US","@id":"https:\/\/www.maxqda.com\/maxqda-tailwind\/de\/ki-datenschutz\/#primaryimage","url":"https:\/\/www.maxqda.com\/maxqda-tailwind\/wp\/wp-content\/uploads\/\/sites\/7\/2025\/07\/MAXQDA-Tailwind-Your-Comprehensive-AI-Research-Tool.jpg","contentUrl":"https:\/\/www.maxqda.com\/maxqda-tailwind\/wp\/wp-content\/uploads\/\/sites\/7\/2025\/07\/MAXQDA-Tailwind-Your-Comprehensive-AI-Research-Tool.jpg","width":"1200","height":"630"},{"@type":"BreadcrumbList","@id":"https:\/\/www.maxqda.com\/maxqda-tailwind\/de\/ki-datenschutz\/#breadcrumb","itemListElement":[{"@type":"ListItem","position":1,"name":"Startseite","item":"https:\/\/www.maxqda.com\/maxqda-tailwind\/"},{"@type":"ListItem","position":2,"name":"KI und Datenschutz"}]},{"@type":"WebSite","@id":"https:\/\/www.maxqda.com\/maxqda-tailwind\/#website","url":"https:\/\/www.maxqda.com\/maxqda-tailwind\/","name":"MAXQDA Tailwind","description":"","publisher":{"@id":"https:\/\/www.maxqda.com\/maxqda-tailwind\/#organization"},"potentialAction":[{"@type":"SearchAction","target":{"@type":"EntryPoint","urlTemplate":"https:\/\/www.maxqda.com\/maxqda-tailwind\/?s={search_term_string}"},"query-input":{"@type":"PropertyValueSpecification","valueRequired":true,"valueName":"search_term_string"}}],"inLanguage":"en-US"},{"@type":"Organization","@id":"https:\/\/www.maxqda.com\/maxqda-tailwind\/#organization","name":"MAXQDA Tailwind","url":"https:\/\/www.maxqda.com\/maxqda-tailwind\/","logo":{"@type":"ImageObject","inLanguage":"en-US","@id":"https:\/\/www.maxqda.com\/maxqda-tailwind\/#\/schema\/logo\/image\/","url":"https:\/\/www.maxqda.com\/maxqda-tailwind\/wp\/wp-content\/uploads\/\/sites\/7\/2025\/04\/Logo2.svg","contentUrl":"https:\/\/www.maxqda.com\/maxqda-tailwind\/wp\/wp-content\/uploads\/\/sites\/7\/2025\/04\/Logo2.svg","width":150,"height":59,"caption":"MAXQDA Tailwind"},"image":{"@id":"https:\/\/www.maxqda.com\/maxqda-tailwind\/#\/schema\/logo\/image\/"}}]}},"_links":{"self":[{"href":"https:\/\/www.maxqda.com\/maxqda-tailwind\/wp-json\/wp\/v2\/pages\/134283","targetHints":{"allow":["GET"]}}],"collection":[{"href":"https:\/\/www.maxqda.com\/maxqda-tailwind\/wp-json\/wp\/v2\/pages"}],"about":[{"href":"https:\/\/www.maxqda.com\/maxqda-tailwind\/wp-json\/wp\/v2\/types\/page"}],"author":[{"embeddable":true,"href":"https:\/\/www.maxqda.com\/maxqda-tailwind\/wp-json\/wp\/v2\/users\/45"}],"replies":[{"embeddable":true,"href":"https:\/\/www.maxqda.com\/maxqda-tailwind\/wp-json\/wp\/v2\/comments?post=134283"}],"version-history":[{"count":0,"href":"https:\/\/www.maxqda.com\/maxqda-tailwind\/wp-json\/wp\/v2\/pages\/134283\/revisions"}],"wp:featuredmedia":[{"embeddable":true,"href":"https:\/\/www.maxqda.com\/maxqda-tailwind\/wp-json\/wp\/v2\/media\/134015"}],"wp:attachment":[{"href":"https:\/\/www.maxqda.com\/maxqda-tailwind\/wp-json\/wp\/v2\/media?parent=134283"}],"curies":[{"name":"wp","href":"https:\/\/api.w.org\/{rel}","templated":true}]}}