{"id":59,"date":"2016-07-15T14:40:30","date_gmt":"2016-07-15T12:40:30","guid":{"rendered":"https:\/\/es.maxqda.com\/?page_id=59"},"modified":"2025-11-18T09:18:04","modified_gmt":"2025-11-18T08:18:04","slug":"precio","status":"publish","type":"page","link":"https:\/\/www.maxqda.com\/es\/precio","title":{"rendered":"Comprar"},"content":{"rendered":"<div class=\"row\">\r\n<div class=\"large-12 small-12 large-centered columns\" data-equalizer>\r\n<div class=\"row\">\r\n<div class=\"large-10 columns large-centered\">\r\n\t<p style=\"margin-bottom: 3.563rem;\">Los enlaces presentes en esta p\u00e1gina te llevar\u00e1n al sitio web en ingl\u00e9s de MAXQDA. Aunque nuestra tienda en l\u00ednea est\u00e1 disponible solo en ingl\u00e9s, un navegador como Chrome tiene la capacidad de traducir autom\u00e1ticamente el contenido de nuestro sitio al espa\u00f1ol.<\/p>\r\n<\/div>\r\n<\/div>\r\n\t\t\r\n\t\t\r\n\t\t\t<div class=\"left shadow-box box-25\" data-equalizer-watch>\r\n\t\t\t\t<h2>Licencias para estudiantes<\/h2>\r\n\t\t\t\t<p>Licencias con descuentos de hasta un 80% para estudiantes debidamente matriculados en instituciones de ense\u00f1anza.<\/p> <a class=\"button button-blue\" title=\"Licencias para estudiantes\" href=\"https:\/\/www.maxqda.com\/pricing#role-student\" target=\"\" style=\"margin-top: 20px;\" rel=\"noopener\">Para estudiantes<\/a> \r\n\t\t\t<\/div>\r\n\r\n\r\n\t\t\t<div class=\"left shadow-box box-25\" data-equalizer-watch>\r\n\t\t\t\t<h2>Tienda en l\u00ednea MAXQDA<\/h2>\r\n\t\t\t\t<p>Haga clic aqu\u00ed para adquirir MAXQDA a trav\u00e9s de la tienda oficial. Formas de pago: tarjeta de cr\u00e9dito o PayPal.<\/p> <a class=\"button button-blue\" title=\"Tienda en l\u00ednea MAXQDA\" href=\"https:\/\/www.maxqda.com\/pricing\" target=\"\" style=\"margin-top: 20px;\" rel=\"noopener\">Tienda en l\u00ednea<\/a> \r\n\t\t\t<\/div>\r\n\r\n\r\n\t\t\t<div class=\"left shadow-box box-25\" data-equalizer-watch>\r\n\t\t\t\t<h2>Distribuidores MAXQDA<\/h2>\r\n\t\t\t\t<p>Haga clic aqu\u00ed si desea adquirir MAXQDA a trav\u00e9s de un distribuidor localizado en su pa\u00eds.<\/p> <a class=\"button button-blue\" title=\"Distribuidores MAXQDA\" href=\"https:\/\/www.maxqda.com\/partner-program\/find-a-partner\" target=\"\" style=\"margin-top: 20px;\" rel=\"noopener\">Distribuidores<\/a> \r\n\t\t\t<\/div>\t\t\r\n\r\n\r\n\t\t\t<div class=\"left shadow-box box-25\" data-equalizer-watch>\r\n\t\t\t\t<h2>Actualizaci\u00f3n a MAXQDA<\/h2>\r\n\t\t\t\t<p>Haga clic aqu\u00ed si ya posee una licencia de una versi\u00f3n anterior de MAXQDA y desea una actualizaci\u00f3n.<\/p> <a class=\"button button-blue\" title=\"Actualizaci\u00f3n MAXQDA\" href=\"https:\/\/www.maxqda.com\/shop\/order?tab=upgrade#license-upgrade\" target=\"\" style=\"margin-top: 20px;\" rel=\"noopener\">Actualizaci\u00f3n<\/a> \r\n\t\t\t<\/div>\r\n\t\t\r\n\t\t\r\n\t\t\t\r\n\t<\/div>\r\n<\/div>\r\n","protected":false},"excerpt":{"rendered":"<p>Los enlaces presentes en esta p\u00e1gina te llevar\u00e1n al sitio web en ingl\u00e9s de MAXQDA. Aunque nuestra tienda en l\u00ednea est\u00e1 disponible solo en ingl\u00e9s, un navegador como Chrome tiene la capacidad de traducir autom\u00e1ticamente el contenido de nuestro sitio al espa\u00f1ol. Licencias para estudiantes Licencias con descuentos de hasta un 80% para estudiantes debidamente [&hellip;]<\/p>\n","protected":false},"author":28,"featured_media":6006,"parent":0,"menu_order":0,"comment_status":"closed","ping_status":"closed","template":"custom-page-header.php","meta":{"_acf_changed":false,"_relevanssi_hide_post":"","_relevanssi_hide_content":"","_relevanssi_pin_for_all":"","_relevanssi_pin_keywords":"","_relevanssi_unpin_keywords":"","_relevanssi_related_keywords":"","_relevanssi_related_include_ids":"","_relevanssi_related_exclude_ids":"","_relevanssi_related_no_append":"","_relevanssi_related_not_related":"","_relevanssi_related_posts":"","_relevanssi_noindex_reason":"","footnotes":""},"class_list":["post-59","page","type-page","status-publish","has-post-thumbnail","hentry"],"acf":[],"yoast_head":"<!-- This site is optimized with the Yoast SEO Premium plugin v27.1 (Yoast SEO v27.1.1) - https:\/\/yoast.com\/product\/yoast-seo-premium-wordpress\/ -->\n<title>Comprar MAXQDA: precio, opciones de pago y distribuidores locales<\/title>\n<meta name=\"description\" content=\"Informaciones para comprar MAXQDA: precio, distribuidores locales en Espa\u00f1a y en Am\u00e9rica Latina y licencias para estudiantes.\" \/>\n<meta name=\"robots\" content=\"index, follow, max-snippet:-1, max-image-preview:large, max-video-preview:-1\" \/>\n<link rel=\"canonical\" href=\"https:\/\/www.maxqda.com\/es\/precio\" \/>\n<meta property=\"og:locale\" content=\"es_ES\" \/>\n<meta property=\"og:type\" content=\"article\" \/>\n<meta property=\"og:title\" content=\"Comprar MAXQDA: precio, opciones de pago y distribuidores locales\" \/>\n<meta property=\"og:description\" content=\"Informaciones para comprar MAXQDA: precio, distribuidores locales en Espa\u00f1a y en Am\u00e9rica Latina y licencias para estudiantes.\" \/>\n<meta property=\"og:url\" content=\"https:\/\/www.maxqda.com\/es\/precio\" \/>\n<meta property=\"og:site_name\" content=\"MAXQDA\" \/>\n<meta property=\"article:publisher\" content=\"https:\/\/www.facebook.com\/MAXQDA\/\" \/>\n<meta property=\"article:modified_time\" content=\"2025-11-18T08:18:04+00:00\" \/>\n<meta property=\"og:image\" content=\"https:\/\/www.maxqda.com\/es\/wp\/wp-content\/uploads\/sites\/3\/MAXQDA-The-1-software-for-qualitative-and-mixed-methods-data-analysis.png?_t=1763453885\" \/>\n\t<meta property=\"og:image:width\" content=\"1200\" \/>\n\t<meta property=\"og:image:height\" content=\"630\" \/>\n\t<meta property=\"og:image:type\" content=\"image\/png\" \/>\n<meta name=\"twitter:card\" content=\"summary_large_image\" \/>\n<meta name=\"twitter:title\" content=\"Comprar MAXQDA: precio, opciones de pago y distribuidores locales\" \/>\n<meta name=\"twitter:description\" content=\"Informaciones para comprar MAXQDA: precio, distribuidores locales en Espa\u00f1a y en Am\u00e9rica Latina y licencias para estudiantes.\" \/>\n<meta name=\"twitter:image\" content=\"https:\/\/www.maxqda.com\/es\/wp\/wp-content\/uploads\/sites\/3\/MAXQDA-The-1-software-for-qualitative-and-mixed-methods-data-analysis.png\" \/>\n<meta name=\"twitter:site\" content=\"@VerbiSoftware\" \/>\n<meta name=\"twitter:label1\" content=\"Tiempo de lectura\" \/>\n\t<meta name=\"twitter:data1\" content=\"1 minuto\" \/>\n<script type=\"application\/ld+json\" class=\"yoast-schema-graph\">{\"@context\":\"https:\/\/schema.org\",\"@graph\":[{\"@type\":\"WebPage\",\"@id\":\"https:\/\/www.maxqda.com\/es\/precio\",\"url\":\"https:\/\/www.maxqda.com\/es\/precio\",\"name\":\"Comprar MAXQDA: precio, opciones de pago y distribuidores locales\",\"isPartOf\":{\"@id\":\"https:\/\/www.maxqda.com\/es\/#website\"},\"primaryImageOfPage\":{\"@id\":\"https:\/\/www.maxqda.com\/es\/precio#primaryimage\"},\"image\":{\"@id\":\"https:\/\/www.maxqda.com\/es\/precio#primaryimage\"},\"thumbnailUrl\":\"https:\/\/www.maxqda.com\/es\/wp\/wp-content\/uploads\/sites\/3\/MAXQDA-Logo-MQ.jpg\",\"datePublished\":\"2016-07-15T12:40:30+00:00\",\"dateModified\":\"2025-11-18T08:18:04+00:00\",\"description\":\"Informaciones para comprar MAXQDA: precio, distribuidores locales en Espa\u00f1a y en Am\u00e9rica Latina y licencias para estudiantes.\",\"breadcrumb\":{\"@id\":\"https:\/\/www.maxqda.com\/es\/precio#breadcrumb\"},\"inLanguage\":\"es\",\"potentialAction\":[{\"@type\":\"ReadAction\",\"target\":[\"https:\/\/www.maxqda.com\/es\/precio\"]}]},{\"@type\":\"ImageObject\",\"inLanguage\":\"es\",\"@id\":\"https:\/\/www.maxqda.com\/es\/precio#primaryimage\",\"url\":\"https:\/\/www.maxqda.com\/es\/wp\/wp-content\/uploads\/sites\/3\/MAXQDA-Logo-MQ.jpg\",\"contentUrl\":\"https:\/\/www.maxqda.com\/es\/wp\/wp-content\/uploads\/sites\/3\/MAXQDA-Logo-MQ.jpg\",\"width\":825,\"height\":825,\"caption\":\"MAXQDA Logo\"},{\"@type\":\"BreadcrumbList\",\"@id\":\"https:\/\/www.maxqda.com\/es\/precio#breadcrumb\",\"itemListElement\":[{\"@type\":\"ListItem\",\"position\":1,\"name\":\"Home\",\"item\":\"https:\/\/www.maxqda.com\/es\/\"},{\"@type\":\"ListItem\",\"position\":2,\"name\":\"Comprar\"}]},{\"@type\":\"WebSite\",\"@id\":\"https:\/\/www.maxqda.com\/es\/#website\",\"url\":\"https:\/\/www.maxqda.com\/es\/\",\"name\":\"MAXQDA\",\"description\":\"\",\"publisher\":{\"@id\":\"https:\/\/www.maxqda.com\/es\/#organization\"},\"potentialAction\":[{\"@type\":\"SearchAction\",\"target\":{\"@type\":\"EntryPoint\",\"urlTemplate\":\"https:\/\/www.maxqda.com\/es\/?s={search_term_string}\"},\"query-input\":{\"@type\":\"PropertyValueSpecification\",\"valueRequired\":true,\"valueName\":\"search_term_string\"}}],\"inLanguage\":\"es\"},{\"@type\":\"Organization\",\"@id\":\"https:\/\/www.maxqda.com\/es\/#organization\",\"name\":\"MAXQDA\",\"url\":\"https:\/\/www.maxqda.com\/es\/\",\"logo\":{\"@type\":\"ImageObject\",\"inLanguage\":\"es\",\"@id\":\"https:\/\/www.maxqda.com\/es\/#\/schema\/logo\/image\/\",\"url\":\"https:\/\/es.maxqda.com\/wp\/wp-content\/uploads\/sites\/3\/MAXQDA-Logo.png\",\"contentUrl\":\"https:\/\/es.maxqda.com\/wp\/wp-content\/uploads\/sites\/3\/MAXQDA-Logo.png\",\"width\":1000,\"height\":200,\"caption\":\"MAXQDA\"},\"image\":{\"@id\":\"https:\/\/www.maxqda.com\/es\/#\/schema\/logo\/image\/\"},\"sameAs\":[\"https:\/\/www.facebook.com\/MAXQDA\/\",\"https:\/\/x.com\/VerbiSoftware\",\"https:\/\/www.instagram.com\/maxqda\/\",\"https:\/\/www.youtube.com\/user\/MAXQDA\"]}]}<\/script>\n<!-- \/ Yoast SEO Premium plugin. -->","yoast_head_json":{"title":"Comprar MAXQDA: precio, opciones de pago y distribuidores locales","description":"Informaciones para comprar MAXQDA: precio, distribuidores locales en Espa\u00f1a y en Am\u00e9rica Latina y licencias para estudiantes.","robots":{"index":"index","follow":"follow","max-snippet":"max-snippet:-1","max-image-preview":"max-image-preview:large","max-video-preview":"max-video-preview:-1"},"canonical":"https:\/\/www.maxqda.com\/es\/precio","og_locale":"es_ES","og_type":"article","og_title":"Comprar MAXQDA: precio, opciones de pago y distribuidores locales","og_description":"Informaciones para comprar MAXQDA: precio, distribuidores locales en Espa\u00f1a y en Am\u00e9rica Latina y licencias para estudiantes.","og_url":"https:\/\/www.maxqda.com\/es\/precio","og_site_name":"MAXQDA","article_publisher":"https:\/\/www.facebook.com\/MAXQDA\/","article_modified_time":"2025-11-18T08:18:04+00:00","og_image":[{"width":1200,"height":630,"url":"https:\/\/www.maxqda.com\/es\/wp\/wp-content\/uploads\/sites\/3\/MAXQDA-The-1-software-for-qualitative-and-mixed-methods-data-analysis.png?_t=1763453885","type":"image\/png"}],"twitter_card":"summary_large_image","twitter_title":"Comprar MAXQDA: precio, opciones de pago y distribuidores locales","twitter_description":"Informaciones para comprar MAXQDA: precio, distribuidores locales en Espa\u00f1a y en Am\u00e9rica Latina y licencias para estudiantes.","twitter_image":"https:\/\/www.maxqda.com\/es\/wp\/wp-content\/uploads\/sites\/3\/MAXQDA-The-1-software-for-qualitative-and-mixed-methods-data-analysis.png","twitter_site":"@VerbiSoftware","twitter_misc":{"Tiempo de lectura":"1 minuto"},"schema":{"@context":"https:\/\/schema.org","@graph":[{"@type":"WebPage","@id":"https:\/\/www.maxqda.com\/es\/precio","url":"https:\/\/www.maxqda.com\/es\/precio","name":"Comprar MAXQDA: precio, opciones de pago y distribuidores locales","isPartOf":{"@id":"https:\/\/www.maxqda.com\/es\/#website"},"primaryImageOfPage":{"@id":"https:\/\/www.maxqda.com\/es\/precio#primaryimage"},"image":{"@id":"https:\/\/www.maxqda.com\/es\/precio#primaryimage"},"thumbnailUrl":"https:\/\/www.maxqda.com\/es\/wp\/wp-content\/uploads\/sites\/3\/MAXQDA-Logo-MQ.jpg","datePublished":"2016-07-15T12:40:30+00:00","dateModified":"2025-11-18T08:18:04+00:00","description":"Informaciones para comprar MAXQDA: precio, distribuidores locales en Espa\u00f1a y en Am\u00e9rica Latina y licencias para estudiantes.","breadcrumb":{"@id":"https:\/\/www.maxqda.com\/es\/precio#breadcrumb"},"inLanguage":"es","potentialAction":[{"@type":"ReadAction","target":["https:\/\/www.maxqda.com\/es\/precio"]}]},{"@type":"ImageObject","inLanguage":"es","@id":"https:\/\/www.maxqda.com\/es\/precio#primaryimage","url":"https:\/\/www.maxqda.com\/es\/wp\/wp-content\/uploads\/sites\/3\/MAXQDA-Logo-MQ.jpg","contentUrl":"https:\/\/www.maxqda.com\/es\/wp\/wp-content\/uploads\/sites\/3\/MAXQDA-Logo-MQ.jpg","width":825,"height":825,"caption":"MAXQDA Logo"},{"@type":"BreadcrumbList","@id":"https:\/\/www.maxqda.com\/es\/precio#breadcrumb","itemListElement":[{"@type":"ListItem","position":1,"name":"Home","item":"https:\/\/www.maxqda.com\/es\/"},{"@type":"ListItem","position":2,"name":"Comprar"}]},{"@type":"WebSite","@id":"https:\/\/www.maxqda.com\/es\/#website","url":"https:\/\/www.maxqda.com\/es\/","name":"MAXQDA","description":"","publisher":{"@id":"https:\/\/www.maxqda.com\/es\/#organization"},"potentialAction":[{"@type":"SearchAction","target":{"@type":"EntryPoint","urlTemplate":"https:\/\/www.maxqda.com\/es\/?s={search_term_string}"},"query-input":{"@type":"PropertyValueSpecification","valueRequired":true,"valueName":"search_term_string"}}],"inLanguage":"es"},{"@type":"Organization","@id":"https:\/\/www.maxqda.com\/es\/#organization","name":"MAXQDA","url":"https:\/\/www.maxqda.com\/es\/","logo":{"@type":"ImageObject","inLanguage":"es","@id":"https:\/\/www.maxqda.com\/es\/#\/schema\/logo\/image\/","url":"https:\/\/es.maxqda.com\/wp\/wp-content\/uploads\/sites\/3\/MAXQDA-Logo.png","contentUrl":"https:\/\/es.maxqda.com\/wp\/wp-content\/uploads\/sites\/3\/MAXQDA-Logo.png","width":1000,"height":200,"caption":"MAXQDA"},"image":{"@id":"https:\/\/www.maxqda.com\/es\/#\/schema\/logo\/image\/"},"sameAs":["https:\/\/www.facebook.com\/MAXQDA\/","https:\/\/x.com\/VerbiSoftware","https:\/\/www.instagram.com\/maxqda\/","https:\/\/www.youtube.com\/user\/MAXQDA"]}]}},"_links":{"self":[{"href":"https:\/\/www.maxqda.com\/es\/wp-json\/wp\/v2\/pages\/59","targetHints":{"allow":["GET"]}}],"collection":[{"href":"https:\/\/www.maxqda.com\/es\/wp-json\/wp\/v2\/pages"}],"about":[{"href":"https:\/\/www.maxqda.com\/es\/wp-json\/wp\/v2\/types\/page"}],"author":[{"embeddable":true,"href":"https:\/\/www.maxqda.com\/es\/wp-json\/wp\/v2\/users\/28"}],"replies":[{"embeddable":true,"href":"https:\/\/www.maxqda.com\/es\/wp-json\/wp\/v2\/comments?post=59"}],"version-history":[{"count":2,"href":"https:\/\/www.maxqda.com\/es\/wp-json\/wp\/v2\/pages\/59\/revisions"}],"predecessor-version":[{"id":6073,"href":"https:\/\/www.maxqda.com\/es\/wp-json\/wp\/v2\/pages\/59\/revisions\/6073"}],"wp:featuredmedia":[{"embeddable":true,"href":"https:\/\/www.maxqda.com\/es\/wp-json\/wp\/v2\/media\/6006"}],"wp:attachment":[{"href":"https:\/\/www.maxqda.com\/es\/wp-json\/wp\/v2\/media?parent=59"}],"curies":[{"name":"wp","href":"https:\/\/api.w.org\/{rel}","templated":true}]}}