{"id":5111,"date":"2023-02-13T10:29:11","date_gmt":"2023-02-13T09:29:11","guid":{"rendered":"https:\/\/www.maxqda.com\/es\/?page_id=5111"},"modified":"2025-11-12T12:07:57","modified_gmt":"2025-11-12T11:07:57","slug":"download-now","status":"publish","type":"page","link":"https:\/\/www.maxqda.com\/es\/download-now","title":{"rendered":"Descargar MAXQDA"},"content":{"rendered":"<div class=\"trial-download\">\r\n\r\n<div class=\"row\">\r\n\t<div class=\"large-12 small-12\">\r\n\t\t<h2 class=\"text-center\">Descargar MAXQDA<\/h2>\r\n\t<\/div>\r\n<\/div>\r\n\r\n<div class=\"background-color-gray columns\">\t\r\n\t<div class=\"text-center maxqda-icon\">\r\n\t\t<img decoding=\"async\"  data-headline=\"icon-maxqda2022\" src=\"https:\/\/www.maxqda.com\/wp\/wp-content\/uploads\/sites\/2\/icon-maxqda2022.png\"  class=\"alignnone size-full wp-image-103175\" \/>\r\n\t<\/div>\r\n\t\r\n\t<div class=\"large-8 small-12 columns large-centered trial-download-buttons\">\t\t\r\n\t\t<div class=\"large-6 medium-6 small-12 left text-right\">\r\n\t\t\t<a href=\"https:\/\/www.maxqda.com\/download\/maxqdademo\" class=\"button-windows\">Descargar MAXQDA <br> para Windows<\/a>\r\n\t\t<\/div>\t\t\r\n\t\t<div class=\"large-6 medium-6 small-12 left text-left\">\r\n\t\t\t<a href=\"https:\/\/www.maxqda.com\/download\/maxqdademo-mac\" class=\"button-mac\">Descargar MAXQDA <br> para Mac<\/a>\r\n\t\t<\/div>\r\n\t<\/div>\r\n\t\t\r\n\t\r\n<\/div>\r\n\r\n\t\r\n\t<div class=\"large-12 small-12 text-center margin-top-80\">\r\n\t\t\t<h2>Un comienzo r\u00e1pido para su investigaci\u00f3n<\/h2>\r\n\t\t\t<div class=\"row bottom-links\" data-equalizer>\r\n\t\t\t\t\r\n\t\t\t\t\r\n\t\t\t\t<div class=\"box-33 shadow-box\" data-equalizer-watch>\r\n\t\t\t\t\t<a href=\"https:\/\/www.maxqda.com\/maxqda-video-tutorials\">\r\n\t\t\t\t\t\t<div>\r\n\t\t\t\t\t\t\t<div class=\"bottom-links-img\">\r\n\t\t\t\t\t\t\t\t<svg version=\"1.1\" id=\"Ebene_1\" xmlns=\"http:\/\/www.w3.org\/2000\/svg\" xmlns:xlink=\"http:\/\/www.w3.org\/1999\/xlink\" x=\"0px\" y=\"0px\" viewBox=\"0 0 64 64\" style=\"enable-background:new 0 0 64 64;\" xml:space=\"preserve\">\r\n\t\t\t\t\t\t\t\t\t<g id=\"Ebene_3\">\r\n\t\t\t\t\t\t\t\t\t\t<line style=\"fill:none;stroke:#F4803A;stroke-width:2;stroke-miterlimit:10;\" x1=\"58.049\" y1=\"45.481\" x2=\"58.049\" y2=\"22.071\" \/>\r\n\t\t\t\t\t\t\t\t\t\t<polygon style=\"fill:none;stroke:#DD4830;stroke-width:2;stroke-miterlimit:10;\" points=\"2.049,20.519 30.937,10.463 \r\n\t\t\t\t\t\t\t\t\t61.993,20.537 31.049,32.575 \t\" \/>\r\n\t\t\t\t\t\t\t\t\t\t<polyline style=\"fill:none;stroke:#DD4830;stroke-width:2;stroke-miterlimit:10;\" points=\"12,25 12,40 31,49 52,40 52,25 \t\" \/>\r\n\t\t\t\t\t\t\t\t\t\t<circle style=\"fill:#F4803A;\" cx=\"58\" cy=\"49\" r=\"4\" \/> <\/g>\r\n\t\t\t\t\t\t\t\t<\/svg>\r\n\t\t\t\t\t\t\t<\/div>\r\n\t\t\t\t\t\t\t<div class=\"bottom-links-text\">\r\n\t\t\t\t\t\t\t\t<p>Instrucciones paso a paso<\/p> <b>Tutoriales en v\u00eddeo<\/b> <\/div>\r\n\t\t\t\t\t\t<\/div>\r\n\t\t\t\t\t<\/a>\r\n\t\t\t\t<\/div>\r\n\t\t\t\t<div class=\"box-33 shadow-box\" data-equalizer-watch>\r\n\t\t\t\t\t<a href=\"https:\/\/www.maxqda.com\/live-training\">\r\n\t\t\t\t\t\t<div>\r\n\t\t\t\t\t\t\t<div class=\"bottom-links-img\">\r\n\t\t\t\t\t\t\t\t<svg version=\"1.1\" id=\"Ebene_1\" xmlns=\"http:\/\/www.w3.org\/2000\/svg\" xmlns:xlink=\"http:\/\/www.w3.org\/1999\/xlink\" x=\"0px\" y=\"0px\" viewBox=\"0 0 64 64\" style=\"enable-background:new 0 0 64 64;\" xml:space=\"preserve\">\r\n\t\t\t\t\t\t\t\t\t<g id=\"webinar\">\r\n\t\t\t\t\t\t\t\t\t\t<path style=\"fill:none;stroke:#DD4830;stroke-width:2;stroke-miterlimit:10;\" d=\"M3,53.5c0-6.627,5.373-12,12-12s12,5.373,12,12\" \/>\r\n\t\t\t\t\t\t\t\t\t\t<circle style=\"fill:none;stroke:#DD4830;stroke-width:2;stroke-miterlimit:10;\" cx=\"15\" cy=\"31.5\" r=\"6\" \/>\r\n\t\t\t\t\t\t\t\t\t\t<line style=\"fill:none;stroke:#DD4830;stroke-width:2;stroke-miterlimit:10;\" x1=\"26\" y1=\"41.5\" x2=\"40\" y2=\"27.5\" \/>\r\n\t\t\t\t\t\t\t\t\t\t<path style=\"fill:none;stroke:#F4803A;stroke-width:2;stroke-miterlimit:10;\" d=\"M29,34L29,34c-1.105,0-2-0.895-2-2V13\r\n\t\t\t\t\t\t\t\t\tc0-1.105,0.895-2,2-2h30c1.105,0,2,0.895,2,2v19c0,1.105-0.895,2-2,2H38.167\" \/> <\/g>\r\n\t\t\t\t\t\t\t\t<\/svg>\r\n\t\t\t\t\t\t\t<\/div>\r\n\t\t\t\t\t\t\t<div class=\"bottom-links-text\">\r\n\t\t\t\t\t\t\t\t<p>Clases en l\u00ednea<\/p> <b>Seminarios web gratuitos<\/b> <\/div>\r\n\t\t\t\t\t\t<\/div>\r\n\t\t\t\t\t<\/a>\r\n\t\t\t\t<\/div>\r\n\t\t\t\t<div class=\"box-33 shadow-box\" data-equalizer-watch>\r\n\t\t\t\t\t<a href=\"https:\/\/www.maxqda.com\/books-literature\">\r\n\t\t\t\t\t\t<div>\r\n\t\t\t\t\t\t\t<div class=\"bottom-links-img\">\r\n\t\t\t\t\t\t\t\t<svg version=\"1.1\" xmlns=\"http:\/\/www.w3.org\/2000\/svg\" xmlns:xlink=\"http:\/\/www.w3.org\/1999\/xlink\" x=\"0px\" y=\"0px\" viewBox=\"0 0 64 64\" style=\"enable-background:new 0 0 64 64;\" xml:space=\"preserve\">\r\n\t\t\t\t\t\t\t\t\t<g id=\"Manual\">\r\n\t\t\t\t\t\t\t\t\t\t<path style=\"fill:none;stroke:#DD4830;stroke-width:2;stroke-miterlimit:10;\" d=\"M50.12,61H14.88C13.29,61,12,59.71,12,58.12V5.88\r\n\t\t\t\t\t\t\t\t\t\tC12,4.29,13.29,3,14.88,3H50.12C51.71,3,53,4.29,53,5.88V58.12C53,59.71,51.71,61,50.12,61z\" \/>\r\n\t\t\t\t\t\t\t\t\t\t<line style=\"fill:none;stroke:#DD4830;stroke-width:2;stroke-miterlimit:10;\" x1=\"17\" y1=\"11\" x2=\"48\" y2=\"11\" \/>\r\n\t\t\t\t\t\t\t\t\t\t<line style=\"fill:none;stroke:#F4803A;stroke-width:2;stroke-miterlimit:10;\" x1=\"17\" y1=\"15\" x2=\"48\" y2=\"15\" \/>\r\n\t\t\t\t\t\t\t\t\t\t<line style=\"fill:none;stroke:#F4803A;stroke-width:2;stroke-miterlimit:10;\" x1=\"17\" y1=\"19\" x2=\"48\" y2=\"19\" \/>\r\n\t\t\t\t\t\t\t\t\t\t<line style=\"fill:none;stroke:#F4803A;stroke-width:2;stroke-miterlimit:10;\" x1=\"17\" y1=\"23\" x2=\"48\" y2=\"23\" \/>\r\n\t\t\t\t\t\t\t\t\t\t<line style=\"fill:none;stroke:#F4803A;stroke-width:2;stroke-miterlimit:10;\" x1=\"17\" y1=\"27\" x2=\"39\" y2=\"27\" \/>\r\n\t\t\t\t\t\t\t\t\t\t<polygon style=\"fill:none;stroke:#DD4830;stroke-width:2;stroke-miterlimit:10;\" points=\"17.991,34.018 46.97,34.018 47,53 \r\n\t\t\t\t\t\t\t\t\t\t18.01,53 \t\" \/>\r\n\t\t\t\t\t\t\t\t\t\t<polyline style=\"fill:none;stroke:#DD4830;stroke-width:2;stroke-miterlimit:10;\" points=\"18,49 23,44 27,48 32,41 37,48 39,45 \r\n\t\t\t\t\t\t\t\t\t\t41.917,48.083 47,41.167 \t\" \/> <\/g>\r\n\t\t\t\t\t\t\t\t<\/svg>\r\n\t\t\t\t\t\t\t<\/div>\r\n\t\t\t\t\t\t\t<div class=\"bottom-links-text\">\r\n\t\t\t\t\t\t\t\t<p>Material de lectura<\/p> <b>Libros y gu\u00edas<\/b> <\/div>\r\n\t\t\t\t\t\t<\/div>\r\n\t\t\t\t\t<\/a>\r\n\t\t\t\t<\/div>\r\n\t\t\t<\/div>\r\n\t\t<\/div>\r\n\t\r\n\t\r\n\t\r\n\t\r\n<\/div>\t","protected":false},"excerpt":{"rendered":"<p>Descargar MAXQDA Descargar MAXQDA para Windows Descargar MAXQDA para Mac Un comienzo r\u00e1pido para su investigaci\u00f3n Instrucciones paso a paso Tutoriales en v\u00eddeo Clases en l\u00ednea Seminarios web gratuitos Material de lectura Libros y gu\u00edas<\/p>\n","protected":false},"author":28,"featured_media":6006,"parent":0,"menu_order":0,"comment_status":"closed","ping_status":"closed","template":"page-full.php","meta":{"_acf_changed":false,"_relevanssi_hide_post":"","_relevanssi_hide_content":"","_relevanssi_pin_for_all":"","_relevanssi_pin_keywords":"","_relevanssi_unpin_keywords":"","_relevanssi_related_keywords":"","_relevanssi_related_include_ids":"","_relevanssi_related_exclude_ids":"","_relevanssi_related_no_append":"","_relevanssi_related_not_related":"","_relevanssi_related_posts":"","_relevanssi_noindex_reason":"","footnotes":""},"class_list":["post-5111","page","type-page","status-publish","has-post-thumbnail","hentry"],"acf":[],"yoast_head":"<!-- This site is optimized with the Yoast SEO Premium plugin v27.1 (Yoast SEO v27.1.1) - https:\/\/yoast.com\/product\/yoast-seo-premium-wordpress\/ -->\n<title>Descargar MAXQDA | MAXQDA<\/title>\n<meta name=\"robots\" content=\"noindex, nofollow\" \/>\n<meta property=\"og:locale\" content=\"es_ES\" \/>\n<meta property=\"og:type\" content=\"article\" \/>\n<meta property=\"og:title\" content=\"Descargar MAXQDA\" \/>\n<meta property=\"og:description\" content=\"Descargar MAXQDA Descargar MAXQDA para Windows Descargar MAXQDA para Mac Un comienzo r\u00e1pido para su investigaci\u00f3n Instrucciones paso a paso Tutoriales en\" \/>\n<meta property=\"og:url\" content=\"https:\/\/www.maxqda.com\/es\/download-now\" \/>\n<meta property=\"og:site_name\" content=\"MAXQDA\" \/>\n<meta property=\"article:publisher\" content=\"https:\/\/www.facebook.com\/MAXQDA\/\" \/>\n<meta property=\"article:modified_time\" content=\"2025-11-12T11:07:57+00:00\" \/>\n<meta property=\"og:image\" content=\"https:\/\/www.maxqda.com\/es\/wp\/wp-content\/uploads\/sites\/3\/MAXQDA-Logo-MQ.jpg?_t=1699621015\" \/>\n\t<meta property=\"og:image:width\" content=\"825\" \/>\n\t<meta property=\"og:image:height\" content=\"825\" \/>\n\t<meta property=\"og:image:type\" content=\"image\/jpeg\" \/>\n<meta name=\"twitter:card\" content=\"summary_large_image\" \/>\n<meta name=\"twitter:site\" content=\"@VerbiSoftware\" \/>\n<meta name=\"twitter:label1\" content=\"Tiempo de lectura\" \/>\n\t<meta name=\"twitter:data1\" content=\"1 minuto\" \/>\n<script type=\"application\/ld+json\" class=\"yoast-schema-graph\">{\"@context\":\"https:\/\/schema.org\",\"@graph\":[{\"@type\":\"WebPage\",\"@id\":\"https:\/\/www.maxqda.com\/es\/download-now\",\"url\":\"https:\/\/www.maxqda.com\/es\/download-now\",\"name\":\"Descargar MAXQDA | MAXQDA\",\"isPartOf\":{\"@id\":\"https:\/\/www.maxqda.com\/es\/#website\"},\"primaryImageOfPage\":{\"@id\":\"https:\/\/www.maxqda.com\/es\/download-now#primaryimage\"},\"image\":{\"@id\":\"https:\/\/www.maxqda.com\/es\/download-now#primaryimage\"},\"thumbnailUrl\":\"https:\/\/www.maxqda.com\/es\/wp\/wp-content\/uploads\/sites\/3\/MAXQDA-Logo-MQ.jpg\",\"datePublished\":\"2023-02-13T09:29:11+00:00\",\"dateModified\":\"2025-11-12T11:07:57+00:00\",\"breadcrumb\":{\"@id\":\"https:\/\/www.maxqda.com\/es\/download-now#breadcrumb\"},\"inLanguage\":\"es\",\"potentialAction\":[{\"@type\":\"ReadAction\",\"target\":[\"https:\/\/www.maxqda.com\/es\/download-now\"]}]},{\"@type\":\"ImageObject\",\"inLanguage\":\"es\",\"@id\":\"https:\/\/www.maxqda.com\/es\/download-now#primaryimage\",\"url\":\"https:\/\/www.maxqda.com\/es\/wp\/wp-content\/uploads\/sites\/3\/MAXQDA-Logo-MQ.jpg\",\"contentUrl\":\"https:\/\/www.maxqda.com\/es\/wp\/wp-content\/uploads\/sites\/3\/MAXQDA-Logo-MQ.jpg\",\"width\":825,\"height\":825,\"caption\":\"MAXQDA Logo\"},{\"@type\":\"BreadcrumbList\",\"@id\":\"https:\/\/www.maxqda.com\/es\/download-now#breadcrumb\",\"itemListElement\":[{\"@type\":\"ListItem\",\"position\":1,\"name\":\"Home\",\"item\":\"https:\/\/www.maxqda.com\/es\/\"},{\"@type\":\"ListItem\",\"position\":2,\"name\":\"Descargar MAXQDA\"}]},{\"@type\":\"WebSite\",\"@id\":\"https:\/\/www.maxqda.com\/es\/#website\",\"url\":\"https:\/\/www.maxqda.com\/es\/\",\"name\":\"MAXQDA\",\"description\":\"\",\"publisher\":{\"@id\":\"https:\/\/www.maxqda.com\/es\/#organization\"},\"potentialAction\":[{\"@type\":\"SearchAction\",\"target\":{\"@type\":\"EntryPoint\",\"urlTemplate\":\"https:\/\/www.maxqda.com\/es\/?s={search_term_string}\"},\"query-input\":{\"@type\":\"PropertyValueSpecification\",\"valueRequired\":true,\"valueName\":\"search_term_string\"}}],\"inLanguage\":\"es\"},{\"@type\":\"Organization\",\"@id\":\"https:\/\/www.maxqda.com\/es\/#organization\",\"name\":\"MAXQDA\",\"url\":\"https:\/\/www.maxqda.com\/es\/\",\"logo\":{\"@type\":\"ImageObject\",\"inLanguage\":\"es\",\"@id\":\"https:\/\/www.maxqda.com\/es\/#\/schema\/logo\/image\/\",\"url\":\"https:\/\/es.maxqda.com\/wp\/wp-content\/uploads\/sites\/3\/MAXQDA-Logo.png\",\"contentUrl\":\"https:\/\/es.maxqda.com\/wp\/wp-content\/uploads\/sites\/3\/MAXQDA-Logo.png\",\"width\":1000,\"height\":200,\"caption\":\"MAXQDA\"},\"image\":{\"@id\":\"https:\/\/www.maxqda.com\/es\/#\/schema\/logo\/image\/\"},\"sameAs\":[\"https:\/\/www.facebook.com\/MAXQDA\/\",\"https:\/\/x.com\/VerbiSoftware\",\"https:\/\/www.instagram.com\/maxqda\/\",\"https:\/\/www.youtube.com\/user\/MAXQDA\"]}]}<\/script>\n<!-- \/ Yoast SEO Premium plugin. -->","yoast_head_json":{"title":"Descargar MAXQDA | MAXQDA","robots":{"index":"noindex","follow":"nofollow"},"og_locale":"es_ES","og_type":"article","og_title":"Descargar MAXQDA","og_description":"Descargar MAXQDA Descargar MAXQDA para Windows Descargar MAXQDA para Mac Un comienzo r\u00e1pido para su investigaci\u00f3n Instrucciones paso a paso Tutoriales en","og_url":"https:\/\/www.maxqda.com\/es\/download-now","og_site_name":"MAXQDA","article_publisher":"https:\/\/www.facebook.com\/MAXQDA\/","article_modified_time":"2025-11-12T11:07:57+00:00","og_image":[{"width":825,"height":825,"url":"https:\/\/www.maxqda.com\/es\/wp\/wp-content\/uploads\/sites\/3\/MAXQDA-Logo-MQ.jpg?_t=1699621015","type":"image\/jpeg"}],"twitter_card":"summary_large_image","twitter_site":"@VerbiSoftware","twitter_misc":{"Tiempo de lectura":"1 minuto"},"schema":{"@context":"https:\/\/schema.org","@graph":[{"@type":"WebPage","@id":"https:\/\/www.maxqda.com\/es\/download-now","url":"https:\/\/www.maxqda.com\/es\/download-now","name":"Descargar MAXQDA | MAXQDA","isPartOf":{"@id":"https:\/\/www.maxqda.com\/es\/#website"},"primaryImageOfPage":{"@id":"https:\/\/www.maxqda.com\/es\/download-now#primaryimage"},"image":{"@id":"https:\/\/www.maxqda.com\/es\/download-now#primaryimage"},"thumbnailUrl":"https:\/\/www.maxqda.com\/es\/wp\/wp-content\/uploads\/sites\/3\/MAXQDA-Logo-MQ.jpg","datePublished":"2023-02-13T09:29:11+00:00","dateModified":"2025-11-12T11:07:57+00:00","breadcrumb":{"@id":"https:\/\/www.maxqda.com\/es\/download-now#breadcrumb"},"inLanguage":"es","potentialAction":[{"@type":"ReadAction","target":["https:\/\/www.maxqda.com\/es\/download-now"]}]},{"@type":"ImageObject","inLanguage":"es","@id":"https:\/\/www.maxqda.com\/es\/download-now#primaryimage","url":"https:\/\/www.maxqda.com\/es\/wp\/wp-content\/uploads\/sites\/3\/MAXQDA-Logo-MQ.jpg","contentUrl":"https:\/\/www.maxqda.com\/es\/wp\/wp-content\/uploads\/sites\/3\/MAXQDA-Logo-MQ.jpg","width":825,"height":825,"caption":"MAXQDA Logo"},{"@type":"BreadcrumbList","@id":"https:\/\/www.maxqda.com\/es\/download-now#breadcrumb","itemListElement":[{"@type":"ListItem","position":1,"name":"Home","item":"https:\/\/www.maxqda.com\/es\/"},{"@type":"ListItem","position":2,"name":"Descargar MAXQDA"}]},{"@type":"WebSite","@id":"https:\/\/www.maxqda.com\/es\/#website","url":"https:\/\/www.maxqda.com\/es\/","name":"MAXQDA","description":"","publisher":{"@id":"https:\/\/www.maxqda.com\/es\/#organization"},"potentialAction":[{"@type":"SearchAction","target":{"@type":"EntryPoint","urlTemplate":"https:\/\/www.maxqda.com\/es\/?s={search_term_string}"},"query-input":{"@type":"PropertyValueSpecification","valueRequired":true,"valueName":"search_term_string"}}],"inLanguage":"es"},{"@type":"Organization","@id":"https:\/\/www.maxqda.com\/es\/#organization","name":"MAXQDA","url":"https:\/\/www.maxqda.com\/es\/","logo":{"@type":"ImageObject","inLanguage":"es","@id":"https:\/\/www.maxqda.com\/es\/#\/schema\/logo\/image\/","url":"https:\/\/es.maxqda.com\/wp\/wp-content\/uploads\/sites\/3\/MAXQDA-Logo.png","contentUrl":"https:\/\/es.maxqda.com\/wp\/wp-content\/uploads\/sites\/3\/MAXQDA-Logo.png","width":1000,"height":200,"caption":"MAXQDA"},"image":{"@id":"https:\/\/www.maxqda.com\/es\/#\/schema\/logo\/image\/"},"sameAs":["https:\/\/www.facebook.com\/MAXQDA\/","https:\/\/x.com\/VerbiSoftware","https:\/\/www.instagram.com\/maxqda\/","https:\/\/www.youtube.com\/user\/MAXQDA"]}]}},"_links":{"self":[{"href":"https:\/\/www.maxqda.com\/es\/wp-json\/wp\/v2\/pages\/5111","targetHints":{"allow":["GET"]}}],"collection":[{"href":"https:\/\/www.maxqda.com\/es\/wp-json\/wp\/v2\/pages"}],"about":[{"href":"https:\/\/www.maxqda.com\/es\/wp-json\/wp\/v2\/types\/page"}],"author":[{"embeddable":true,"href":"https:\/\/www.maxqda.com\/es\/wp-json\/wp\/v2\/users\/28"}],"replies":[{"embeddable":true,"href":"https:\/\/www.maxqda.com\/es\/wp-json\/wp\/v2\/comments?post=5111"}],"version-history":[{"count":1,"href":"https:\/\/www.maxqda.com\/es\/wp-json\/wp\/v2\/pages\/5111\/revisions"}],"predecessor-version":[{"id":6071,"href":"https:\/\/www.maxqda.com\/es\/wp-json\/wp\/v2\/pages\/5111\/revisions\/6071"}],"wp:featuredmedia":[{"embeddable":true,"href":"https:\/\/www.maxqda.com\/es\/wp-json\/wp\/v2\/media\/6006"}],"wp:attachment":[{"href":"https:\/\/www.maxqda.com\/es\/wp-json\/wp\/v2\/media?parent=5111"}],"curies":[{"name":"wp","href":"https:\/\/api.w.org\/{rel}","templated":true}]}}