{"id":470,"date":"2018-11-19T10:45:06","date_gmt":"2018-11-19T09:45:06","guid":{"rendered":"https:\/\/es.maxqda.com\/?page_id=470"},"modified":"2023-11-02T09:23:32","modified_gmt":"2023-11-02T08:23:32","slug":"analisis-cualitativo-asistido-por-computadora-caqdas","status":"publish","type":"page","link":"https:\/\/www.maxqda.com\/es\/analisis-cualitativo-asistido-por-computadora-caqdas","title":{"rendered":"CAQDAS: \u00bfQu\u00e9 es el an\u00e1lisis cualitativo asistido por computadora?"},"content":{"rendered":"<div class=\"row\" data-equalizer>\r\n    <div class=\"large-12 columns\" data-equalizer-watch>\r\n        <p>Los investigadores pueden utilizar el an\u00e1lisis cualitativo asistido por computadora para mejorar las formas tradicionales de hacer investigaci\u00f3n. La ventaja de un software para este fin es que permite, que el proceso de trabajo sea m\u00e1s eficiente y efectivo. El software MAXQDA se utiliza en muchos campos acad\u00e9micos como en sociolog\u00eda, psicolog\u00eda, ciencias pol\u00edticas, medicina y ciencias de la educaci\u00f3n. Asimismo, es una herramienta popular para las empresas y los investigadores de mercado.<\/p>\r\n        <p>El programa MAXQDA apoya a identificar hallazgos para el an\u00e1lisis cualitativo de datos sin generar interpretaciones. El investigador, basado en el an\u00e1lisis de contenido, puede esquematizar conclusiones acerca del objeto de estudio en cuesti\u00f3n (por ejemplo, datos extra\u00eddos de entrevistas). Las herramientas computacionales para el an\u00e1lisis cualitativo de datos y texto permiten una f\u00e1cil clasificaci\u00f3n, estructuraci\u00f3n y an\u00e1lisis de grandes cantidades de texto u otro tipo de datos, facilitando el manejo de las interpretaciones y evaluaciones resultantes.<\/p>\r\n    <\/div>\r\n<\/div>\r\n<div class=\"row\">\r\n    <div class=\"large-12 columns\">\r\n        <h2>Programa para el an\u00e1lisis cualitativo asistido por computadora (Software QDA)<\/h2>\r\n    <\/div>\r\n\r\n    <div class=\"large-12 columns\">\r\n        <p>El an\u00e1lisis de datos cualitativos siempre se basa en un enfoque de anal\u00edtico. Para cualquier enfoque, que el investigador prefiera utilizar el programa, MAXQDA habilita y facilita el proceso de organizaci\u00f3n, estructura y material de an\u00e1lisis de datos. Hoy en d\u00eda, ya pocos investigadores se apoyan en fichas de trabajo, diferentes marcatextos y gran cantidad de hojas de papel para estructurar sus datos.<\/p>\r\n    <\/div>\r\n    <div class=\"large-12 columns\">\r\n        <p>Al mismo tiempo, las grabaciones de video y audio est\u00e1n volvi\u00e9ndose cada vez m\u00e1s importanes. Un programa sofisticado de an\u00e1lisis de datos permite importar y transcribir este tipo de grabaciones directamente en el programa. Adicionalmente, el programa de an\u00e1lisis cualitativo de datos favorece el proceso anal\u00edtico integral por medio de la visualizaci\u00f3n de relaciones y proporcionando visiones generales. Asimismo, permite la utilizaci\u00f3n de notas (tambi\u00e9n llamadas memos), las cuales ayudan a otros investigadores a entender los pasos espec\u00edficos del proceso de an\u00e1lisis. Utilizando este proceso autom\u00e1tico para visualizar el material, el software CAQDAS MAXQDA favorece el pensamiento cr\u00edtico del investigador.<\/p>\r\n    <\/div>\r\n<\/div>\r\n\r\n<h2 style=\"text-align: center; font-size: 1.7em; color: #ffffff;\">Prueba MAXQDA hoy<\/h2>\r\n<p style=\"text-align: center; font-size: 1.7em; color: #ffffff;\">Completamente funcional durante 14 d\u00edas<\/p>\r\n<p style=\"text-align: center; font-size: 1.4em; color: #ffffff;\">El CAQDAS #1 desde 1989<\/p>\r\n<p style=\"text-align: center;\"><a class=\"button\" href=\"https:\/\/www.maxqda.com\/france\/telechargez#Demodownload\">Comienza 14 d\u00edas de prueba<\/a><\/p>\r\n\r\n\r\n<div class=\"row\">\r\n    <div class=\"large-12 columns\">\r\n        <h2>\u00bfC\u00f3mo MAXQDA permite tu An\u00e1lisis de Datos Cualitativo?<\/h2>\r\n        <p>La primera versi\u00f3n de MAXQDA fue desarrollada desde 1989, lo cual convierte a este software en un pionero de los programas computacionales en el campo del an\u00e1lisis de datos cualitativos. MAXQDA se basa en m\u00e9todos centrales de an\u00e1lisis, tales como el an\u00e1lisis cualitativo de contenido, teor\u00eda fundamentada, an\u00e1lisis de discurso, etc. Sus elementos centrales son: la asignaci\u00f3n sistem\u00e1tica (\u00abcodificaci\u00f3n\u00bb) de segmentos del texto en temas (\u00abc\u00f3digos\u00bb) y la posibilidad de realizar notas de ideas y asociaciones (\u00abmemos\u00bb). Desde su primer lanzamiento, MAXQDA ha utilizado la terminolog\u00eda establecida de la investigaci\u00f3n cualitativa, lo cual resulta un manejo intuitivo de este software. Su herramienta de memos personalizados hace a MAXQDA una herramienta ideal para la generaci\u00f3n del conocimiento.<\/p>\r\n    <\/div>\r\n<\/div>\r\n<div class=\"row\">\r\n    <div class=\"large-6 columns\">\r\n        <div class=\"large-12 columns\" style=\"padding: 15px 0;\">\r\n            <img decoding=\"async\" src=\"https:\/\/www.maxqda.com\/wp\/wp-content\/uploads\/sites\/2\/Documents-Codes-Screen-1.png\" title=\"An\u00e1lisis cualitativo asistido por computadora (CAQDAS software)\" class=\"alignnone size-full wp-image-1012\" alt=\"An\u00e1lisis cualitativo asistido por computadora (CAQDAS software)\" \/>\r\n        <\/div>\r\n    <\/div>\r\n    <div class=\"large-6 columns\">\r\n        <p>En MAXQDA, la interpretaci\u00f3n y la evaluaci\u00f3n pueden realizarse mediante la organizaci\u00f3n de materiales en grupos, utilizando un sistema de codificaci\u00f3n jer\u00e1rquico, definiendo variables, proporcionando vistas generales tabulares y asignando colores y tama\u00f1os a segmentos de textos. De esta manera, cada paso del proceso puede seguirse f\u00e1cilmente y se puede accesar a los resultados con solo unos pocos clicks. MAXQDA se presenta en diferentes versiones, permitiendo a los usuarios elegir el producto que mejor se acomoda a sus necesidades.<\/p>\r\n\r\n        <h2>Enlaces adicionales<\/h2>\r\n        <ul>\r\n            <li><a href=\"https:\/\/es.maxqda.com\/centro-de-aprendizaje\">Literatura y Libros<\/a><\/li>\r\n            <li><a rel=\"noopener noreferrer\" title=\"Lista de discusi\u00f3n Qual-software\" href=\"https:\/\/www.jiscmail.ac.uk\/cgi-bin\/webadmin?A0=qual-software\">Lista de discusi\u00f3n Qual-software (en ingles)<\/a><\/li>\r\n            <li><a rel=\"noopener noreferrer\" title=\"Programa para el an\u00e1lisis\" href=\"https:\/\/es.wikipedia.org\/wiki\/Programa_para_el_an%C3%A1lisis_cualitativo_asistido_por_computador\">Programa para el an\u00e1lisis cualitativo asistido por computadora (Wikipedia)<\/a><\/li>\r\n            <li><a rel=\"noopener noreferrer\" title=\"QDA en l\u00ednea\" href=\"http:\/\/onlineqda.hud.ac.uk\/index.php\">QDA en l\u00ednea: Aprendiendo An\u00e1lisis de datos Cualitativo en la red (en ingles)<\/a><\/li>\r\n        <\/ul>\r\n    <\/div>\r\n<\/div>\r\n","protected":false},"excerpt":{"rendered":"<p>Los investigadores pueden utilizar el an\u00e1lisis cualitativo asistido por computadora para mejorar las formas tradicionales de hacer investigaci\u00f3n. La ventaja de un software para este fin es que permite, que el proceso de trabajo sea m\u00e1s eficiente y efectivo. El software MAXQDA se utiliza en muchos campos acad\u00e9micos como en sociolog\u00eda, psicolog\u00eda, ciencias pol\u00edticas, medicina [&hellip;]<\/p>\n","protected":false},"author":5,"featured_media":6006,"parent":0,"menu_order":0,"comment_status":"closed","ping_status":"closed","template":"custom-page-header.php","meta":{"_acf_changed":false,"_relevanssi_hide_post":"","_relevanssi_hide_content":"","_relevanssi_pin_for_all":"","_relevanssi_pin_keywords":"","_relevanssi_unpin_keywords":"","_relevanssi_related_keywords":"","_relevanssi_related_include_ids":"","_relevanssi_related_exclude_ids":"","_relevanssi_related_no_append":"","_relevanssi_related_not_related":"","_relevanssi_related_posts":"","_relevanssi_noindex_reason":"","footnotes":""},"class_list":["post-470","page","type-page","status-publish","has-post-thumbnail","hentry"],"acf":[],"yoast_head":"<!-- This site is optimized with the Yoast SEO Premium plugin v27.4 (Yoast SEO v27.4) - https:\/\/yoast.com\/product\/yoast-seo-premium-wordpress\/ -->\n<title>\u00bfQu\u00e9 es el an\u00e1lisis cualitativo asistido por computadora?<\/title>\n<meta name=\"description\" content=\"Todo sobre el an\u00e1lisis cualitativo asistido por computadora (CAQDAS): Investigadores pueden utilizar el an\u00e1lisis de datos asistido por computadora para.\" \/>\n<meta name=\"robots\" content=\"index, follow, max-snippet:-1, max-image-preview:large, max-video-preview:-1\" \/>\n<link rel=\"canonical\" href=\"https:\/\/www.maxqda.com\/es\/analisis-cualitativo-asistido-por-computadora-caqdas\" \/>\n<meta property=\"og:locale\" content=\"es_ES\" \/>\n<meta property=\"og:type\" content=\"article\" \/>\n<meta property=\"og:title\" content=\"\u00bfQu\u00e9 es el an\u00e1lisis cualitativo asistido por computadora? | MAXQDA\" \/>\n<meta property=\"og:description\" content=\"An\u00e1lisis de datos cualitativos asistido por computadora: Los investigadores pueden utilizar el an\u00e1lisis de datos asistido por computadora para mejorar las..\" \/>\n<meta property=\"og:url\" content=\"https:\/\/www.maxqda.com\/es\/analisis-cualitativo-asistido-por-computadora-caqdas\" \/>\n<meta property=\"og:site_name\" content=\"MAXQDA\" \/>\n<meta property=\"article:publisher\" content=\"https:\/\/www.facebook.com\/MAXQDA\/\" \/>\n<meta property=\"article:modified_time\" content=\"2023-11-02T08:23:32+00:00\" \/>\n<meta property=\"og:image\" content=\"https:\/\/www.maxqda.com\/es\/wp\/wp-content\/uploads\/sites\/3\/MAXQDA-The-1-software-for-qualitative-and-mixed-methods-data-analysis.png?_t=1698913413\" \/>\n\t<meta property=\"og:image:width\" content=\"1200\" \/>\n\t<meta property=\"og:image:height\" content=\"630\" \/>\n\t<meta property=\"og:image:type\" content=\"image\/png\" \/>\n<meta name=\"twitter:card\" content=\"summary_large_image\" \/>\n<meta name=\"twitter:title\" content=\"\u00bfQu\u00e9 es el an\u00e1lisis cualitativo asistido por computadora? | MAXQDA\" \/>\n<meta name=\"twitter:description\" content=\"An\u00e1lisis de datos cualitativos asistido por computadora: Los investigadores pueden utilizar el an\u00e1lisis de datos asistido por computadora para mejorar las..\" \/>\n<meta name=\"twitter:image\" content=\"https:\/\/www.maxqda.com\/es\/wp\/wp-content\/uploads\/sites\/3\/MAXQDA-The-1-software-for-qualitative-and-mixed-methods-data-analysis.png\" \/>\n<meta name=\"twitter:site\" content=\"@VerbiSoftware\" \/>\n<meta name=\"twitter:label1\" content=\"Tiempo de lectura\" \/>\n\t<meta name=\"twitter:data1\" content=\"3 minutos\" \/>\n<script type=\"application\/ld+json\" class=\"yoast-schema-graph\">{\"@context\":\"https:\\\/\\\/schema.org\",\"@graph\":[{\"@type\":\"WebPage\",\"@id\":\"https:\\\/\\\/www.maxqda.com\\\/es\\\/analisis-cualitativo-asistido-por-computadora-caqdas\",\"url\":\"https:\\\/\\\/www.maxqda.com\\\/es\\\/analisis-cualitativo-asistido-por-computadora-caqdas\",\"name\":\"\u00bfQu\u00e9 es el an\u00e1lisis cualitativo asistido por computadora?\",\"isPartOf\":{\"@id\":\"https:\\\/\\\/www.maxqda.com\\\/es\\\/#website\"},\"primaryImageOfPage\":{\"@id\":\"https:\\\/\\\/www.maxqda.com\\\/es\\\/analisis-cualitativo-asistido-por-computadora-caqdas#primaryimage\"},\"image\":{\"@id\":\"https:\\\/\\\/www.maxqda.com\\\/es\\\/analisis-cualitativo-asistido-por-computadora-caqdas#primaryimage\"},\"thumbnailUrl\":\"https:\\\/\\\/www.maxqda.com\\\/es\\\/wp\\\/wp-content\\\/uploads\\\/sites\\\/3\\\/MAXQDA-Logo-MQ.jpg\",\"datePublished\":\"2018-11-19T09:45:06+00:00\",\"dateModified\":\"2023-11-02T08:23:32+00:00\",\"description\":\"Todo sobre el an\u00e1lisis cualitativo asistido por computadora (CAQDAS): Investigadores pueden utilizar el an\u00e1lisis de datos asistido por computadora para.\",\"breadcrumb\":{\"@id\":\"https:\\\/\\\/www.maxqda.com\\\/es\\\/analisis-cualitativo-asistido-por-computadora-caqdas#breadcrumb\"},\"inLanguage\":\"es\",\"potentialAction\":[{\"@type\":\"ReadAction\",\"target\":[\"https:\\\/\\\/www.maxqda.com\\\/es\\\/analisis-cualitativo-asistido-por-computadora-caqdas\"]}]},{\"@type\":\"ImageObject\",\"inLanguage\":\"es\",\"@id\":\"https:\\\/\\\/www.maxqda.com\\\/es\\\/analisis-cualitativo-asistido-por-computadora-caqdas#primaryimage\",\"url\":\"https:\\\/\\\/www.maxqda.com\\\/es\\\/wp\\\/wp-content\\\/uploads\\\/sites\\\/3\\\/MAXQDA-Logo-MQ.jpg\",\"contentUrl\":\"https:\\\/\\\/www.maxqda.com\\\/es\\\/wp\\\/wp-content\\\/uploads\\\/sites\\\/3\\\/MAXQDA-Logo-MQ.jpg\",\"width\":825,\"height\":825,\"caption\":\"MAXQDA Logo\"},{\"@type\":\"BreadcrumbList\",\"@id\":\"https:\\\/\\\/www.maxqda.com\\\/es\\\/analisis-cualitativo-asistido-por-computadora-caqdas#breadcrumb\",\"itemListElement\":[{\"@type\":\"ListItem\",\"position\":1,\"name\":\"Home\",\"item\":\"https:\\\/\\\/www.maxqda.com\\\/es\\\/\"},{\"@type\":\"ListItem\",\"position\":2,\"name\":\"CAQDAS: \u00bfQu\u00e9 es el an\u00e1lisis cualitativo asistido por computadora?\"}]},{\"@type\":\"WebSite\",\"@id\":\"https:\\\/\\\/www.maxqda.com\\\/es\\\/#website\",\"url\":\"https:\\\/\\\/www.maxqda.com\\\/es\\\/\",\"name\":\"MAXQDA\",\"description\":\"\",\"publisher\":{\"@id\":\"https:\\\/\\\/www.maxqda.com\\\/es\\\/#organization\"},\"potentialAction\":[{\"@type\":\"SearchAction\",\"target\":{\"@type\":\"EntryPoint\",\"urlTemplate\":\"https:\\\/\\\/www.maxqda.com\\\/es\\\/?s={search_term_string}\"},\"query-input\":{\"@type\":\"PropertyValueSpecification\",\"valueRequired\":true,\"valueName\":\"search_term_string\"}}],\"inLanguage\":\"es\"},{\"@type\":\"Organization\",\"@id\":\"https:\\\/\\\/www.maxqda.com\\\/es\\\/#organization\",\"name\":\"MAXQDA\",\"url\":\"https:\\\/\\\/www.maxqda.com\\\/es\\\/\",\"logo\":{\"@type\":\"ImageObject\",\"inLanguage\":\"es\",\"@id\":\"https:\\\/\\\/www.maxqda.com\\\/es\\\/#\\\/schema\\\/logo\\\/image\\\/\",\"url\":\"https:\\\/\\\/es.maxqda.com\\\/wp\\\/wp-content\\\/uploads\\\/sites\\\/3\\\/MAXQDA-Logo.png\",\"contentUrl\":\"https:\\\/\\\/es.maxqda.com\\\/wp\\\/wp-content\\\/uploads\\\/sites\\\/3\\\/MAXQDA-Logo.png\",\"width\":1000,\"height\":200,\"caption\":\"MAXQDA\"},\"image\":{\"@id\":\"https:\\\/\\\/www.maxqda.com\\\/es\\\/#\\\/schema\\\/logo\\\/image\\\/\"},\"sameAs\":[\"https:\\\/\\\/www.facebook.com\\\/MAXQDA\\\/\",\"https:\\\/\\\/x.com\\\/VerbiSoftware\",\"https:\\\/\\\/www.instagram.com\\\/maxqda\\\/\",\"https:\\\/\\\/www.youtube.com\\\/user\\\/MAXQDA\"]}]}<\/script>\n<!-- \/ Yoast SEO Premium plugin. -->","yoast_head_json":{"title":"\u00bfQu\u00e9 es el an\u00e1lisis cualitativo asistido por computadora?","description":"Todo sobre el an\u00e1lisis cualitativo asistido por computadora (CAQDAS): Investigadores pueden utilizar el an\u00e1lisis de datos asistido por computadora para.","robots":{"index":"index","follow":"follow","max-snippet":"max-snippet:-1","max-image-preview":"max-image-preview:large","max-video-preview":"max-video-preview:-1"},"canonical":"https:\/\/www.maxqda.com\/es\/analisis-cualitativo-asistido-por-computadora-caqdas","og_locale":"es_ES","og_type":"article","og_title":"\u00bfQu\u00e9 es el an\u00e1lisis cualitativo asistido por computadora? | MAXQDA","og_description":"An\u00e1lisis de datos cualitativos asistido por computadora: Los investigadores pueden utilizar el an\u00e1lisis de datos asistido por computadora para mejorar las..","og_url":"https:\/\/www.maxqda.com\/es\/analisis-cualitativo-asistido-por-computadora-caqdas","og_site_name":"MAXQDA","article_publisher":"https:\/\/www.facebook.com\/MAXQDA\/","article_modified_time":"2023-11-02T08:23:32+00:00","og_image":[{"width":1200,"height":630,"url":"https:\/\/www.maxqda.com\/es\/wp\/wp-content\/uploads\/sites\/3\/MAXQDA-The-1-software-for-qualitative-and-mixed-methods-data-analysis.png?_t=1698913413","type":"image\/png"}],"twitter_card":"summary_large_image","twitter_title":"\u00bfQu\u00e9 es el an\u00e1lisis cualitativo asistido por computadora? | MAXQDA","twitter_description":"An\u00e1lisis de datos cualitativos asistido por computadora: Los investigadores pueden utilizar el an\u00e1lisis de datos asistido por computadora para mejorar las..","twitter_image":"https:\/\/www.maxqda.com\/es\/wp\/wp-content\/uploads\/sites\/3\/MAXQDA-The-1-software-for-qualitative-and-mixed-methods-data-analysis.png","twitter_site":"@VerbiSoftware","twitter_misc":{"Tiempo de lectura":"3 minutos"},"schema":{"@context":"https:\/\/schema.org","@graph":[{"@type":"WebPage","@id":"https:\/\/www.maxqda.com\/es\/analisis-cualitativo-asistido-por-computadora-caqdas","url":"https:\/\/www.maxqda.com\/es\/analisis-cualitativo-asistido-por-computadora-caqdas","name":"\u00bfQu\u00e9 es el an\u00e1lisis cualitativo asistido por computadora?","isPartOf":{"@id":"https:\/\/www.maxqda.com\/es\/#website"},"primaryImageOfPage":{"@id":"https:\/\/www.maxqda.com\/es\/analisis-cualitativo-asistido-por-computadora-caqdas#primaryimage"},"image":{"@id":"https:\/\/www.maxqda.com\/es\/analisis-cualitativo-asistido-por-computadora-caqdas#primaryimage"},"thumbnailUrl":"https:\/\/www.maxqda.com\/es\/wp\/wp-content\/uploads\/sites\/3\/MAXQDA-Logo-MQ.jpg","datePublished":"2018-11-19T09:45:06+00:00","dateModified":"2023-11-02T08:23:32+00:00","description":"Todo sobre el an\u00e1lisis cualitativo asistido por computadora (CAQDAS): Investigadores pueden utilizar el an\u00e1lisis de datos asistido por computadora para.","breadcrumb":{"@id":"https:\/\/www.maxqda.com\/es\/analisis-cualitativo-asistido-por-computadora-caqdas#breadcrumb"},"inLanguage":"es","potentialAction":[{"@type":"ReadAction","target":["https:\/\/www.maxqda.com\/es\/analisis-cualitativo-asistido-por-computadora-caqdas"]}]},{"@type":"ImageObject","inLanguage":"es","@id":"https:\/\/www.maxqda.com\/es\/analisis-cualitativo-asistido-por-computadora-caqdas#primaryimage","url":"https:\/\/www.maxqda.com\/es\/wp\/wp-content\/uploads\/sites\/3\/MAXQDA-Logo-MQ.jpg","contentUrl":"https:\/\/www.maxqda.com\/es\/wp\/wp-content\/uploads\/sites\/3\/MAXQDA-Logo-MQ.jpg","width":825,"height":825,"caption":"MAXQDA Logo"},{"@type":"BreadcrumbList","@id":"https:\/\/www.maxqda.com\/es\/analisis-cualitativo-asistido-por-computadora-caqdas#breadcrumb","itemListElement":[{"@type":"ListItem","position":1,"name":"Home","item":"https:\/\/www.maxqda.com\/es\/"},{"@type":"ListItem","position":2,"name":"CAQDAS: \u00bfQu\u00e9 es el an\u00e1lisis cualitativo asistido por computadora?"}]},{"@type":"WebSite","@id":"https:\/\/www.maxqda.com\/es\/#website","url":"https:\/\/www.maxqda.com\/es\/","name":"MAXQDA","description":"","publisher":{"@id":"https:\/\/www.maxqda.com\/es\/#organization"},"potentialAction":[{"@type":"SearchAction","target":{"@type":"EntryPoint","urlTemplate":"https:\/\/www.maxqda.com\/es\/?s={search_term_string}"},"query-input":{"@type":"PropertyValueSpecification","valueRequired":true,"valueName":"search_term_string"}}],"inLanguage":"es"},{"@type":"Organization","@id":"https:\/\/www.maxqda.com\/es\/#organization","name":"MAXQDA","url":"https:\/\/www.maxqda.com\/es\/","logo":{"@type":"ImageObject","inLanguage":"es","@id":"https:\/\/www.maxqda.com\/es\/#\/schema\/logo\/image\/","url":"https:\/\/es.maxqda.com\/wp\/wp-content\/uploads\/sites\/3\/MAXQDA-Logo.png","contentUrl":"https:\/\/es.maxqda.com\/wp\/wp-content\/uploads\/sites\/3\/MAXQDA-Logo.png","width":1000,"height":200,"caption":"MAXQDA"},"image":{"@id":"https:\/\/www.maxqda.com\/es\/#\/schema\/logo\/image\/"},"sameAs":["https:\/\/www.facebook.com\/MAXQDA\/","https:\/\/x.com\/VerbiSoftware","https:\/\/www.instagram.com\/maxqda\/","https:\/\/www.youtube.com\/user\/MAXQDA"]}]}},"_links":{"self":[{"href":"https:\/\/www.maxqda.com\/es\/wp-json\/wp\/v2\/pages\/470","targetHints":{"allow":["GET"]}}],"collection":[{"href":"https:\/\/www.maxqda.com\/es\/wp-json\/wp\/v2\/pages"}],"about":[{"href":"https:\/\/www.maxqda.com\/es\/wp-json\/wp\/v2\/types\/page"}],"author":[{"embeddable":true,"href":"https:\/\/www.maxqda.com\/es\/wp-json\/wp\/v2\/users\/5"}],"replies":[{"embeddable":true,"href":"https:\/\/www.maxqda.com\/es\/wp-json\/wp\/v2\/comments?post=470"}],"version-history":[{"count":0,"href":"https:\/\/www.maxqda.com\/es\/wp-json\/wp\/v2\/pages\/470\/revisions"}],"wp:featuredmedia":[{"embeddable":true,"href":"https:\/\/www.maxqda.com\/es\/wp-json\/wp\/v2\/media\/6006"}],"wp:attachment":[{"href":"https:\/\/www.maxqda.com\/es\/wp-json\/wp\/v2\/media?parent=470"}],"curies":[{"name":"wp","href":"https:\/\/api.w.org\/{rel}","templated":true}]}}