{"id":11,"date":"2026-01-15T10:20:46","date_gmt":"2026-01-15T09:20:46","guid":{"rendered":"https:\/\/es.maxqda.com\/?page_id=11"},"modified":"2026-01-15T11:05:08","modified_gmt":"2026-01-15T10:05:08","slug":"descargar","status":"publish","type":"page","link":"https:\/\/www.maxqda.com\/es\/descargar","title":{"rendered":"Descargue MAXQDA en Espa\u00f1ol | Sitio Web Oficial"},"content":{"rendered":"<div class=\"row\">\r\n<div class=\"large-12\" style=\"background-position: 0px -30px;\">\r\n<div class=\"large-6 small-12 left\" style=\"padding: 0 30px;\" >\r\n<h2 style=\"font-size: 2,5rem;\">Qu\u00e9 incluye tu prueba gratis de MAXQDA<\/h2>\r\n<ul class=\"m-ab\">\r\n  <li><p>Prueba gratis de 14 d\u00edas \u2013 <strong>sin l\u00edmites de funciones<\/strong><\/p><\/li>\r\n  <li><p>MAXQDA admite <strong>todos los enfoques cualitativos<\/strong><\/p><\/li>\r\n  <li><p>Analiza formatos clave \u2013 texto, audio, video y m\u00e1s<\/p><\/li>\r\n  <li><p><strong>Asistente de IA<\/strong> y herramientas para analizar m\u00e1s r\u00e1pido<\/p><\/li>\r\n  <li><p>Incluye 60 min de <strong>transcripci\u00f3n autom\u00e1tica gratis<\/strong><\/p><\/li>\r\n  <li><p>Obt\u00e9n <strong>tutoriales en video<\/strong> y gu\u00edas para principiantes<\/p><\/li>\r\n<\/ul>\r\n\r\n<img decoding=\"async\" class=\"m-ab-img\" data-headline=\"maxqda-screen-illustration\" src=\"https:\/\/www.maxqda.com\/wp\/wp-content\/uploads\/sites\/2\/maxqda-screen-illustration.png\"  class=\"alignnone size-full wp-image-133234\" \/>\r\n\r\n<\/div>\r\n<div class=\"large-6 small-12 left\">\r\n[Demoformular]\r\n<\/div>\r\n<\/div>\r\n<\/div>\r\n","protected":false},"excerpt":{"rendered":"<p>Qu\u00e9 incluye tu prueba gratis de MAXQDA Prueba gratis de 14 d\u00edas \u2013 sin l\u00edmites de funciones MAXQDA admite todos los enfoques cualitativos Analiza formatos clave \u2013 texto, audio, video y m\u00e1s Asistente de IA y herramientas para analizar m\u00e1s r\u00e1pido Incluye 60 min de transcripci\u00f3n autom\u00e1tica gratis Obt\u00e9n tutoriales en video y gu\u00edas para [&hellip;]<\/p>\n","protected":false},"author":1,"featured_media":6006,"parent":0,"menu_order":0,"comment_status":"closed","ping_status":"closed","template":"tpl_demoformular2022.php","meta":{"_acf_changed":false,"_relevanssi_hide_post":"","_relevanssi_hide_content":"","_relevanssi_pin_for_all":"","_relevanssi_pin_keywords":"","_relevanssi_unpin_keywords":"","_relevanssi_related_keywords":"","_relevanssi_related_include_ids":"","_relevanssi_related_exclude_ids":"","_relevanssi_related_no_append":"","_relevanssi_related_not_related":"","_relevanssi_related_posts":"","_relevanssi_noindex_reason":"","footnotes":""},"class_list":["post-11","page","type-page","status-publish","has-post-thumbnail","hentry"],"acf":[],"yoast_head":"<!-- This site is optimized with the Yoast SEO Premium plugin v27.1 (Yoast SEO v27.1.1) - https:\/\/yoast.com\/product\/yoast-seo-premium-wordpress\/ -->\n<title>Descargar MAXQDA en Espa\u00f1ol | Sitio Web Oficial<\/title>\n<meta name=\"description\" content=\"Descargar MAXQDA - Versi\u00f3n de prueba gratuita del Software para el An\u00e1lisis de Datos Cualitativos y M\u00e9todos Mixtos de Investigaci\u00f3n.\" \/>\n<meta name=\"robots\" content=\"index, follow, max-snippet:-1, max-image-preview:large, max-video-preview:-1\" \/>\n<link rel=\"canonical\" href=\"https:\/\/www.maxqda.com\/es\/descargar\" \/>\n<meta property=\"og:locale\" content=\"es_ES\" \/>\n<meta property=\"og:type\" content=\"article\" \/>\n<meta property=\"og:title\" content=\"Descargue MAXQDA en Espa\u00f1ol | Sitio Web Oficial\" \/>\n<meta property=\"og:description\" content=\"Descargar MAXQDA - Versi\u00f3n de prueba gratuita del Software para el An\u00e1lisis de Datos Cualitativos y M\u00e9todos Mixtos de Investigaci\u00f3n.\" \/>\n<meta property=\"og:url\" content=\"https:\/\/www.maxqda.com\/es\/descargar\" \/>\n<meta property=\"og:site_name\" content=\"MAXQDA\" \/>\n<meta property=\"article:publisher\" content=\"https:\/\/www.facebook.com\/MAXQDA\/\" \/>\n<meta property=\"article:modified_time\" content=\"2026-01-15T10:05:08+00:00\" \/>\n<meta property=\"og:image\" content=\"https:\/\/www.maxqda.com\/es\/wp\/wp-content\/uploads\/sites\/3\/MAXQDA-The-1-software-for-qualitative-and-mixed-methods-data-analysis.png?_t=1768471509\" \/>\n\t<meta property=\"og:image:width\" content=\"1200\" \/>\n\t<meta property=\"og:image:height\" content=\"630\" \/>\n\t<meta property=\"og:image:type\" content=\"image\/png\" \/>\n<meta name=\"twitter:card\" content=\"summary_large_image\" \/>\n<meta name=\"twitter:title\" content=\"Descargue MAXQDA en Espa\u00f1ol | Sitio Web Oficial\" \/>\n<meta name=\"twitter:description\" content=\"Descargar MAXQDA - Versi\u00f3n de prueba gratuita del Software para el An\u00e1lisis de Datos Cualitativos y M\u00e9todos Mixtos de Investigaci\u00f3n.\" \/>\n<meta name=\"twitter:image\" content=\"https:\/\/www.maxqda.com\/es\/wp\/wp-content\/uploads\/sites\/3\/MAXQDA-The-1-software-for-qualitative-and-mixed-methods-data-analysis.png\" \/>\n<meta name=\"twitter:site\" content=\"@VerbiSoftware\" \/>\n<meta name=\"twitter:label1\" content=\"Tiempo de lectura\" \/>\n\t<meta name=\"twitter:data1\" content=\"1 minuto\" \/>\n<script type=\"application\/ld+json\" class=\"yoast-schema-graph\">{\"@context\":\"https:\/\/schema.org\",\"@graph\":[{\"@type\":\"WebPage\",\"@id\":\"https:\/\/www.maxqda.com\/es\/descargar\",\"url\":\"https:\/\/www.maxqda.com\/es\/descargar\",\"name\":\"Descargar MAXQDA en Espa\u00f1ol | Sitio Web Oficial\",\"isPartOf\":{\"@id\":\"https:\/\/www.maxqda.com\/es\/#website\"},\"primaryImageOfPage\":{\"@id\":\"https:\/\/www.maxqda.com\/es\/descargar#primaryimage\"},\"image\":{\"@id\":\"https:\/\/www.maxqda.com\/es\/descargar#primaryimage\"},\"thumbnailUrl\":\"https:\/\/www.maxqda.com\/es\/wp\/wp-content\/uploads\/sites\/3\/MAXQDA-Logo-MQ.jpg\",\"datePublished\":\"2026-01-15T09:20:46+00:00\",\"dateModified\":\"2026-01-15T10:05:08+00:00\",\"description\":\"Descargar MAXQDA - Versi\u00f3n de prueba gratuita del Software para el An\u00e1lisis de Datos Cualitativos y M\u00e9todos Mixtos de Investigaci\u00f3n.\",\"breadcrumb\":{\"@id\":\"https:\/\/www.maxqda.com\/es\/descargar#breadcrumb\"},\"inLanguage\":\"es\",\"potentialAction\":[{\"@type\":\"ReadAction\",\"target\":[\"https:\/\/www.maxqda.com\/es\/descargar\"]}]},{\"@type\":\"ImageObject\",\"inLanguage\":\"es\",\"@id\":\"https:\/\/www.maxqda.com\/es\/descargar#primaryimage\",\"url\":\"https:\/\/www.maxqda.com\/es\/wp\/wp-content\/uploads\/sites\/3\/MAXQDA-Logo-MQ.jpg\",\"contentUrl\":\"https:\/\/www.maxqda.com\/es\/wp\/wp-content\/uploads\/sites\/3\/MAXQDA-Logo-MQ.jpg\",\"width\":825,\"height\":825,\"caption\":\"MAXQDA Logo\"},{\"@type\":\"BreadcrumbList\",\"@id\":\"https:\/\/www.maxqda.com\/es\/descargar#breadcrumb\",\"itemListElement\":[{\"@type\":\"ListItem\",\"position\":1,\"name\":\"Home\",\"item\":\"https:\/\/www.maxqda.com\/es\/\"},{\"@type\":\"ListItem\",\"position\":2,\"name\":\"Descargue MAXQDA en Espa\u00f1ol | Sitio Web Oficial\"}]},{\"@type\":\"WebSite\",\"@id\":\"https:\/\/www.maxqda.com\/es\/#website\",\"url\":\"https:\/\/www.maxqda.com\/es\/\",\"name\":\"MAXQDA\",\"description\":\"\",\"publisher\":{\"@id\":\"https:\/\/www.maxqda.com\/es\/#organization\"},\"potentialAction\":[{\"@type\":\"SearchAction\",\"target\":{\"@type\":\"EntryPoint\",\"urlTemplate\":\"https:\/\/www.maxqda.com\/es\/?s={search_term_string}\"},\"query-input\":{\"@type\":\"PropertyValueSpecification\",\"valueRequired\":true,\"valueName\":\"search_term_string\"}}],\"inLanguage\":\"es\"},{\"@type\":\"Organization\",\"@id\":\"https:\/\/www.maxqda.com\/es\/#organization\",\"name\":\"MAXQDA\",\"url\":\"https:\/\/www.maxqda.com\/es\/\",\"logo\":{\"@type\":\"ImageObject\",\"inLanguage\":\"es\",\"@id\":\"https:\/\/www.maxqda.com\/es\/#\/schema\/logo\/image\/\",\"url\":\"https:\/\/es.maxqda.com\/wp\/wp-content\/uploads\/sites\/3\/MAXQDA-Logo.png\",\"contentUrl\":\"https:\/\/es.maxqda.com\/wp\/wp-content\/uploads\/sites\/3\/MAXQDA-Logo.png\",\"width\":1000,\"height\":200,\"caption\":\"MAXQDA\"},\"image\":{\"@id\":\"https:\/\/www.maxqda.com\/es\/#\/schema\/logo\/image\/\"},\"sameAs\":[\"https:\/\/www.facebook.com\/MAXQDA\/\",\"https:\/\/x.com\/VerbiSoftware\",\"https:\/\/www.instagram.com\/maxqda\/\",\"https:\/\/www.youtube.com\/user\/MAXQDA\"]}]}<\/script>\n<!-- \/ Yoast SEO Premium plugin. -->","yoast_head_json":{"title":"Descargar MAXQDA en Espa\u00f1ol | Sitio Web Oficial","description":"Descargar MAXQDA - Versi\u00f3n de prueba gratuita del Software para el An\u00e1lisis de Datos Cualitativos y M\u00e9todos Mixtos de Investigaci\u00f3n.","robots":{"index":"index","follow":"follow","max-snippet":"max-snippet:-1","max-image-preview":"max-image-preview:large","max-video-preview":"max-video-preview:-1"},"canonical":"https:\/\/www.maxqda.com\/es\/descargar","og_locale":"es_ES","og_type":"article","og_title":"Descargue MAXQDA en Espa\u00f1ol | Sitio Web Oficial","og_description":"Descargar MAXQDA - Versi\u00f3n de prueba gratuita del Software para el An\u00e1lisis de Datos Cualitativos y M\u00e9todos Mixtos de Investigaci\u00f3n.","og_url":"https:\/\/www.maxqda.com\/es\/descargar","og_site_name":"MAXQDA","article_publisher":"https:\/\/www.facebook.com\/MAXQDA\/","article_modified_time":"2026-01-15T10:05:08+00:00","og_image":[{"width":1200,"height":630,"url":"https:\/\/www.maxqda.com\/es\/wp\/wp-content\/uploads\/sites\/3\/MAXQDA-The-1-software-for-qualitative-and-mixed-methods-data-analysis.png?_t=1768471509","type":"image\/png"}],"twitter_card":"summary_large_image","twitter_title":"Descargue MAXQDA en Espa\u00f1ol | Sitio Web Oficial","twitter_description":"Descargar MAXQDA - Versi\u00f3n de prueba gratuita del Software para el An\u00e1lisis de Datos Cualitativos y M\u00e9todos Mixtos de Investigaci\u00f3n.","twitter_image":"https:\/\/www.maxqda.com\/es\/wp\/wp-content\/uploads\/sites\/3\/MAXQDA-The-1-software-for-qualitative-and-mixed-methods-data-analysis.png","twitter_site":"@VerbiSoftware","twitter_misc":{"Tiempo de lectura":"1 minuto"},"schema":{"@context":"https:\/\/schema.org","@graph":[{"@type":"WebPage","@id":"https:\/\/www.maxqda.com\/es\/descargar","url":"https:\/\/www.maxqda.com\/es\/descargar","name":"Descargar MAXQDA en Espa\u00f1ol | Sitio Web Oficial","isPartOf":{"@id":"https:\/\/www.maxqda.com\/es\/#website"},"primaryImageOfPage":{"@id":"https:\/\/www.maxqda.com\/es\/descargar#primaryimage"},"image":{"@id":"https:\/\/www.maxqda.com\/es\/descargar#primaryimage"},"thumbnailUrl":"https:\/\/www.maxqda.com\/es\/wp\/wp-content\/uploads\/sites\/3\/MAXQDA-Logo-MQ.jpg","datePublished":"2026-01-15T09:20:46+00:00","dateModified":"2026-01-15T10:05:08+00:00","description":"Descargar MAXQDA - Versi\u00f3n de prueba gratuita del Software para el An\u00e1lisis de Datos Cualitativos y M\u00e9todos Mixtos de Investigaci\u00f3n.","breadcrumb":{"@id":"https:\/\/www.maxqda.com\/es\/descargar#breadcrumb"},"inLanguage":"es","potentialAction":[{"@type":"ReadAction","target":["https:\/\/www.maxqda.com\/es\/descargar"]}]},{"@type":"ImageObject","inLanguage":"es","@id":"https:\/\/www.maxqda.com\/es\/descargar#primaryimage","url":"https:\/\/www.maxqda.com\/es\/wp\/wp-content\/uploads\/sites\/3\/MAXQDA-Logo-MQ.jpg","contentUrl":"https:\/\/www.maxqda.com\/es\/wp\/wp-content\/uploads\/sites\/3\/MAXQDA-Logo-MQ.jpg","width":825,"height":825,"caption":"MAXQDA Logo"},{"@type":"BreadcrumbList","@id":"https:\/\/www.maxqda.com\/es\/descargar#breadcrumb","itemListElement":[{"@type":"ListItem","position":1,"name":"Home","item":"https:\/\/www.maxqda.com\/es\/"},{"@type":"ListItem","position":2,"name":"Descargue MAXQDA en Espa\u00f1ol | Sitio Web Oficial"}]},{"@type":"WebSite","@id":"https:\/\/www.maxqda.com\/es\/#website","url":"https:\/\/www.maxqda.com\/es\/","name":"MAXQDA","description":"","publisher":{"@id":"https:\/\/www.maxqda.com\/es\/#organization"},"potentialAction":[{"@type":"SearchAction","target":{"@type":"EntryPoint","urlTemplate":"https:\/\/www.maxqda.com\/es\/?s={search_term_string}"},"query-input":{"@type":"PropertyValueSpecification","valueRequired":true,"valueName":"search_term_string"}}],"inLanguage":"es"},{"@type":"Organization","@id":"https:\/\/www.maxqda.com\/es\/#organization","name":"MAXQDA","url":"https:\/\/www.maxqda.com\/es\/","logo":{"@type":"ImageObject","inLanguage":"es","@id":"https:\/\/www.maxqda.com\/es\/#\/schema\/logo\/image\/","url":"https:\/\/es.maxqda.com\/wp\/wp-content\/uploads\/sites\/3\/MAXQDA-Logo.png","contentUrl":"https:\/\/es.maxqda.com\/wp\/wp-content\/uploads\/sites\/3\/MAXQDA-Logo.png","width":1000,"height":200,"caption":"MAXQDA"},"image":{"@id":"https:\/\/www.maxqda.com\/es\/#\/schema\/logo\/image\/"},"sameAs":["https:\/\/www.facebook.com\/MAXQDA\/","https:\/\/x.com\/VerbiSoftware","https:\/\/www.instagram.com\/maxqda\/","https:\/\/www.youtube.com\/user\/MAXQDA"]}]}},"_links":{"self":[{"href":"https:\/\/www.maxqda.com\/es\/wp-json\/wp\/v2\/pages\/11","targetHints":{"allow":["GET"]}}],"collection":[{"href":"https:\/\/www.maxqda.com\/es\/wp-json\/wp\/v2\/pages"}],"about":[{"href":"https:\/\/www.maxqda.com\/es\/wp-json\/wp\/v2\/types\/page"}],"author":[{"embeddable":true,"href":"https:\/\/www.maxqda.com\/es\/wp-json\/wp\/v2\/users\/1"}],"replies":[{"embeddable":true,"href":"https:\/\/www.maxqda.com\/es\/wp-json\/wp\/v2\/comments?post=11"}],"version-history":[{"count":3,"href":"https:\/\/www.maxqda.com\/es\/wp-json\/wp\/v2\/pages\/11\/revisions"}],"predecessor-version":[{"id":6076,"href":"https:\/\/www.maxqda.com\/es\/wp-json\/wp\/v2\/pages\/11\/revisions\/6076"}],"wp:featuredmedia":[{"embeddable":true,"href":"https:\/\/www.maxqda.com\/es\/wp-json\/wp\/v2\/media\/6006"}],"wp:attachment":[{"href":"https:\/\/www.maxqda.com\/es\/wp-json\/wp\/v2\/media?parent=11"}],"curies":[{"name":"wp","href":"https:\/\/api.w.org\/{rel}","templated":true}]}}