{"id":60193,"date":"2020-06-17T13:22:17","date_gmt":"2020-06-17T12:22:17","guid":{"rendered":"https:\/\/www.maxqda.de\/?page_id=60193"},"modified":"2025-01-03T13:42:14","modified_gmt":"2025-01-03T12:42:14","slug":"lizenzsupport","status":"publish","type":"page","link":"https:\/\/www.maxqda.com\/de\/lizenzsupport","title":{"rendered":"Lizenzsupport"},"content":{"rendered":"<!--\r\n<div class=\"row\">\r\n\t[geschlossen-weihnachten]\r\n<\/div>\r\n\r\n<div class=\"row\">\r\n<div class=\"row large-12 small-12 clearfix text-center\" style=\"border: 3px #F07F3C solid; padding: 5px 10px;\">\r\n\t  <h3 class=\"info-icon2 text-center\"><strong>Bitte beachten Sie,<\/strong><\/h3>\r\n\t  <h4>dass unsere \u00d6ffnungszeiten am 08.12.2023 aufgrund unseres Weihnachtsfests der Firma VERBI verk\u00fcrzt sind.<br \/>\r\n\t  Die Antwortzeiten verl\u00e4ngern sich hierdurch. Sie erreichen uns am 08.12.23 von 9 Uhr - 15 Uhr.<\/h4> \r\n\t <h3>Wir danken Ihnen f\u00fcr Ihr Verst\u00e4ndnis.<\/h3>\r\n<\/div><br \/><br \/>\r\n<\/div> \r\n\r\n\r\n<div class=\"row large-12 small-12 clearfix text-center\" style=\"border: 3px #F07F3C solid; padding: 5px 10px;\">\r\n   <h3 class=\"info-icon2 text-center\"><b>Osterfeiertage<\/b><\/h3>\r\n   <h4> An den Osterfeiertagen zwischen dem 29. M\u00e4rz und 1. April  bleibt unser B\u00fcro geschlossen. Dadurch kann es zu Verz\u00f6gerungen in der Bearbeitung Ihrer Anfrage kommen.  Ab dem 2. April ab 9:00 Uhr sind wir wieder wie gewohnt f\u00fcr Sie erreichbar. <\/h4>   \r\n<\/div><br \/><br \/>\r\n\r\n\r\n<div class=\"row large-12 small-12 clearfix text-center\" style=\"border: 3px #F07F3C solid; padding: 5px 10px;\">\r\n   <h3 class=\"info-icon2 text-center\"><b>Feiertag<\/b><\/h3>\r\n   <h4> Am 1. Mai bleibt unser B\u00fcro geschlossen. Dadurch kann es zu Verz\u00f6gerungen in der Bearbeitung Ihrer Anfrage kommen.  Ab dem 2. Mai ab 9:00 Uhr sind wir wieder wie gewohnt f\u00fcr Sie erreichbar. <\/h4>   \r\n<\/div><br \/><br \/>\r\n\r\n<div class=\"row large-12 small-12 clearfix text-center\" style=\"border: 3px #F07F3C solid; padding: 5px 10px;\">\r\n   <h3 class=\"info-icon2 text-center\"><b>Feiertag<\/b><\/h3>\r\n   <h4> Am 20. Mai bleibt unser B\u00fcro geschlossen. Dadurch kann es zu Verz\u00f6gerungen in der Bearbeitung Ihrer Anfrage kommen.  Ab dem 21. Mai ab 9:00 Uhr sind wir wieder wie gewohnt f\u00fcr Sie erreichbar. <\/h4>   \r\n<\/div><br \/><br \/>\r\n\r\n\r\n<div class=\"row large-12 small-12 clearfix text-center\" style=\"border: 3px #F07F3C solid; padding: 5px 10px;\">\r\n   <h3 class=\"info-icon2 text-center\"><b>Feiertag<\/b><\/h3>\r\n   <h4> Am 3. Oktober bleibt unser B\u00fcro geschlossen. Dadurch kann es zu Verz\u00f6gerungen in der Bearbeitung Ihrer Anfrage kommen.  Ab dem 4. Oktober ab 9:00 Uhr sind wir wieder wie gewohnt f\u00fcr Sie per E-Mail und Ticket erreichbar.<\/h4>   \r\n<\/div><br \/><br \/>\r\n\r\n<div class=\"row large-12 small-12 clearfix text-center\" style=\"border: 3px #F07F3C solid; padding: 5px 10px;\">\r\n   <h3 class=\"info-icon2 text-center\"><b>Weihnachtsfeiertage<\/b><\/h3>\r\n   <h4>Unser Support-Team ist vom 24. bis 26. Dezember sowie vom 31. Dezember bis 1. Januar nicht erreichbar. In dieser Zeit kann es zu Verz\u00f6gerungen bei der Bearbeitung Ihrer Anfragen kommen. Ab dem 2. Januar stehen wir Ihnen ab 9:00 Uhr wieder wie gewohnt per E-Mail, Telefon und Ticket zur Verf\u00fcgung.<\/h4>   \r\n<\/div><br \/><br \/>\r\n-->\r\n\r\n<div class=\"row\">\r\n\t<div class=\"large-12 large-centered columns\">\r\n\t[Formular]\r\n\t<\/div>\r\n<\/div>\r\n","protected":false},"excerpt":{"rendered":"<p>[Formular]<\/p>\n","protected":false},"author":5,"featured_media":121894,"parent":0,"menu_order":43,"comment_status":"closed","ping_status":"closed","template":"tpl_supportform_lic.php","meta":{"_acf_changed":false,"_relevanssi_hide_post":"","_relevanssi_hide_content":"","_relevanssi_pin_for_all":"","_relevanssi_pin_keywords":"","_relevanssi_unpin_keywords":"","_relevanssi_related_keywords":"","_relevanssi_related_include_ids":"","_relevanssi_related_exclude_ids":"","_relevanssi_related_no_append":"","_relevanssi_related_not_related":"","_relevanssi_related_posts":"","_relevanssi_noindex_reason":"","footnotes":""},"class_list":["post-60193","page","type-page","status-publish","has-post-thumbnail","hentry"],"acf":[],"yoast_head":"<!-- This site is optimized with the Yoast SEO Premium plugin v27.1 (Yoast SEO v27.1.1) - https:\/\/yoast.com\/product\/yoast-seo-premium-wordpress\/ -->\n<title>MAXQDA | Technischer &amp; Lizenzsupport f\u00fcr MAXQDA<\/title>\n<meta name=\"description\" content=\"Der MAXQDA Technik &amp; Lizenzsupport hilft Ihnen bei Fragen rund um die Aktivierung und die Installation von MAXQDA verschiedener Versionen.\" \/>\n<meta name=\"robots\" content=\"index, follow, max-snippet:-1, max-image-preview:large, max-video-preview:-1\" \/>\n<link rel=\"canonical\" href=\"https:\/\/www.maxqda.com\/de\/lizenzsupport\" \/>\n<meta property=\"og:locale\" content=\"de_DE\" \/>\n<meta property=\"og:type\" content=\"article\" \/>\n<meta property=\"og:title\" content=\"MAXQDA | Technischer &amp; Lizenzsupport f\u00fcr MAXQDA\" \/>\n<meta property=\"og:description\" content=\"Der MAXQDA Technik &amp; Lizenzsupport hilft Ihnen bei Fragen rund um die Aktivierung und die Installation von MAXQDA verschiedener Versionen.\" \/>\n<meta property=\"og:url\" content=\"https:\/\/www.maxqda.com\/de\/lizenzsupport\" \/>\n<meta property=\"og:site_name\" content=\"MAXQDA\" \/>\n<meta property=\"article:publisher\" content=\"https:\/\/www.facebook.com\/MAXQDA\/\" \/>\n<meta property=\"article:modified_time\" content=\"2025-01-03T12:42:14+00:00\" \/>\n<meta property=\"og:image\" content=\"https:\/\/www.maxqda.com\/de\/wp\/wp-content\/uploads\/sites\/1\/home-1.png\" \/>\n\t<meta property=\"og:image:width\" content=\"1200\" \/>\n\t<meta property=\"og:image:height\" content=\"630\" \/>\n\t<meta property=\"og:image:type\" content=\"image\/png\" \/>\n<meta name=\"twitter:card\" content=\"summary_large_image\" \/>\n<meta name=\"twitter:title\" content=\"MAXQDA | Technischer &amp; Lizenzsupport f\u00fcr MAXQDA\" \/>\n<meta name=\"twitter:description\" content=\"Der MAXQDA Technik &amp; Lizenzsupport hilft Ihnen bei Fragen rund um die Aktivierung und die Installation...\" \/>\n<meta name=\"twitter:image\" content=\"https:\/\/www.maxqda.com\/de\/wp\/wp-content\/uploads\/sites\/1\/home-1.png\" \/>\n<meta name=\"twitter:site\" content=\"@VerbiSoftware\" \/>\n<meta name=\"twitter:label1\" content=\"Gesch\u00e4tzte Lesezeit\" \/>\n\t<meta name=\"twitter:data1\" content=\"1\u00a0Minute\" \/>\n<script type=\"application\/ld+json\" class=\"yoast-schema-graph\">{\"@context\":\"https:\/\/schema.org\",\"@graph\":[{\"@type\":\"WebPage\",\"@id\":\"https:\/\/www.maxqda.com\/de\/lizenzsupport\",\"url\":\"https:\/\/www.maxqda.com\/de\/lizenzsupport\",\"name\":\"MAXQDA | Technischer & Lizenzsupport f\u00fcr MAXQDA\",\"isPartOf\":{\"@id\":\"https:\/\/www.maxqda.com\/de\/#website\"},\"primaryImageOfPage\":{\"@id\":\"https:\/\/www.maxqda.com\/de\/lizenzsupport#primaryimage\"},\"image\":{\"@id\":\"https:\/\/www.maxqda.com\/de\/lizenzsupport#primaryimage\"},\"thumbnailUrl\":\"https:\/\/www.maxqda.com\/de\/wp\/wp-content\/uploads\/sites\/1\/MAXQDA-Logo-MQ.jpg\",\"datePublished\":\"2020-06-17T12:22:17+00:00\",\"dateModified\":\"2025-01-03T12:42:14+00:00\",\"description\":\"Der MAXQDA Technik & Lizenzsupport hilft Ihnen bei Fragen rund um die Aktivierung und die Installation von MAXQDA verschiedener Versionen.\",\"breadcrumb\":{\"@id\":\"https:\/\/www.maxqda.com\/de\/lizenzsupport#breadcrumb\"},\"inLanguage\":\"de\",\"potentialAction\":[{\"@type\":\"ReadAction\",\"target\":[\"https:\/\/www.maxqda.com\/de\/lizenzsupport\"]}]},{\"@type\":\"ImageObject\",\"inLanguage\":\"de\",\"@id\":\"https:\/\/www.maxqda.com\/de\/lizenzsupport#primaryimage\",\"url\":\"https:\/\/www.maxqda.com\/de\/wp\/wp-content\/uploads\/sites\/1\/MAXQDA-Logo-MQ.jpg\",\"contentUrl\":\"https:\/\/www.maxqda.com\/de\/wp\/wp-content\/uploads\/sites\/1\/MAXQDA-Logo-MQ.jpg\",\"width\":825,\"height\":825,\"caption\":\"MAXQDA Logo\"},{\"@type\":\"BreadcrumbList\",\"@id\":\"https:\/\/www.maxqda.com\/de\/lizenzsupport#breadcrumb\",\"itemListElement\":[{\"@type\":\"ListItem\",\"position\":1,\"name\":\"Startseite\",\"item\":\"https:\/\/www.maxqda.com\/de\/\"},{\"@type\":\"ListItem\",\"position\":2,\"name\":\"Lizenzsupport\"}]},{\"@type\":\"WebSite\",\"@id\":\"https:\/\/www.maxqda.com\/de\/#website\",\"url\":\"https:\/\/www.maxqda.com\/de\/\",\"name\":\"MAXQDA\",\"description\":\"\",\"publisher\":{\"@id\":\"https:\/\/www.maxqda.com\/de\/#organization\"},\"potentialAction\":[{\"@type\":\"SearchAction\",\"target\":{\"@type\":\"EntryPoint\",\"urlTemplate\":\"https:\/\/www.maxqda.com\/de\/?s={search_term_string}\"},\"query-input\":{\"@type\":\"PropertyValueSpecification\",\"valueRequired\":true,\"valueName\":\"search_term_string\"}}],\"inLanguage\":\"de\"},{\"@type\":\"Organization\",\"@id\":\"https:\/\/www.maxqda.com\/de\/#organization\",\"name\":\"MAXQDA\",\"url\":\"https:\/\/www.maxqda.com\/de\/\",\"logo\":{\"@type\":\"ImageObject\",\"inLanguage\":\"de\",\"@id\":\"https:\/\/www.maxqda.com\/de\/#\/schema\/logo\/image\/\",\"url\":\"https:\/\/www.maxqda.com\/de\/wp\/wp-content\/uploads\/sites\/1\/MAXQDA-Logo.png\",\"contentUrl\":\"https:\/\/www.maxqda.com\/de\/wp\/wp-content\/uploads\/sites\/1\/MAXQDA-Logo.png\",\"width\":\"1000\",\"height\":\"200\",\"caption\":\"MAXQDA\"},\"image\":{\"@id\":\"https:\/\/www.maxqda.com\/de\/#\/schema\/logo\/image\/\"},\"sameAs\":[\"https:\/\/www.facebook.com\/MAXQDA\/\",\"https:\/\/x.com\/VerbiSoftware\",\"https:\/\/www.instagram.com\/maxqda\/\",\"https:\/\/www.youtube.com\/user\/MAXQDA\"]}]}<\/script>\n<!-- \/ Yoast SEO Premium plugin. -->","yoast_head_json":{"title":"MAXQDA | Technischer & Lizenzsupport f\u00fcr MAXQDA","description":"Der MAXQDA Technik & Lizenzsupport hilft Ihnen bei Fragen rund um die Aktivierung und die Installation von MAXQDA verschiedener Versionen.","robots":{"index":"index","follow":"follow","max-snippet":"max-snippet:-1","max-image-preview":"max-image-preview:large","max-video-preview":"max-video-preview:-1"},"canonical":"https:\/\/www.maxqda.com\/de\/lizenzsupport","og_locale":"de_DE","og_type":"article","og_title":"MAXQDA | Technischer & Lizenzsupport f\u00fcr MAXQDA","og_description":"Der MAXQDA Technik & Lizenzsupport hilft Ihnen bei Fragen rund um die Aktivierung und die Installation von MAXQDA verschiedener Versionen.","og_url":"https:\/\/www.maxqda.com\/de\/lizenzsupport","og_site_name":"MAXQDA","article_publisher":"https:\/\/www.facebook.com\/MAXQDA\/","article_modified_time":"2025-01-03T12:42:14+00:00","og_image":[{"width":1200,"height":630,"url":"https:\/\/www.maxqda.com\/de\/wp\/wp-content\/uploads\/sites\/1\/home-1.png","type":"image\/png"}],"twitter_card":"summary_large_image","twitter_title":"MAXQDA | Technischer & Lizenzsupport f\u00fcr MAXQDA","twitter_description":"Der MAXQDA Technik & Lizenzsupport hilft Ihnen bei Fragen rund um die Aktivierung und die Installation...","twitter_image":"https:\/\/www.maxqda.com\/de\/wp\/wp-content\/uploads\/sites\/1\/home-1.png","twitter_site":"@VerbiSoftware","twitter_misc":{"Gesch\u00e4tzte Lesezeit":"1\u00a0Minute"},"schema":{"@context":"https:\/\/schema.org","@graph":[{"@type":"WebPage","@id":"https:\/\/www.maxqda.com\/de\/lizenzsupport","url":"https:\/\/www.maxqda.com\/de\/lizenzsupport","name":"MAXQDA | Technischer & Lizenzsupport f\u00fcr MAXQDA","isPartOf":{"@id":"https:\/\/www.maxqda.com\/de\/#website"},"primaryImageOfPage":{"@id":"https:\/\/www.maxqda.com\/de\/lizenzsupport#primaryimage"},"image":{"@id":"https:\/\/www.maxqda.com\/de\/lizenzsupport#primaryimage"},"thumbnailUrl":"https:\/\/www.maxqda.com\/de\/wp\/wp-content\/uploads\/sites\/1\/MAXQDA-Logo-MQ.jpg","datePublished":"2020-06-17T12:22:17+00:00","dateModified":"2025-01-03T12:42:14+00:00","description":"Der MAXQDA Technik & Lizenzsupport hilft Ihnen bei Fragen rund um die Aktivierung und die Installation von MAXQDA verschiedener Versionen.","breadcrumb":{"@id":"https:\/\/www.maxqda.com\/de\/lizenzsupport#breadcrumb"},"inLanguage":"de","potentialAction":[{"@type":"ReadAction","target":["https:\/\/www.maxqda.com\/de\/lizenzsupport"]}]},{"@type":"ImageObject","inLanguage":"de","@id":"https:\/\/www.maxqda.com\/de\/lizenzsupport#primaryimage","url":"https:\/\/www.maxqda.com\/de\/wp\/wp-content\/uploads\/sites\/1\/MAXQDA-Logo-MQ.jpg","contentUrl":"https:\/\/www.maxqda.com\/de\/wp\/wp-content\/uploads\/sites\/1\/MAXQDA-Logo-MQ.jpg","width":825,"height":825,"caption":"MAXQDA Logo"},{"@type":"BreadcrumbList","@id":"https:\/\/www.maxqda.com\/de\/lizenzsupport#breadcrumb","itemListElement":[{"@type":"ListItem","position":1,"name":"Startseite","item":"https:\/\/www.maxqda.com\/de\/"},{"@type":"ListItem","position":2,"name":"Lizenzsupport"}]},{"@type":"WebSite","@id":"https:\/\/www.maxqda.com\/de\/#website","url":"https:\/\/www.maxqda.com\/de\/","name":"MAXQDA","description":"","publisher":{"@id":"https:\/\/www.maxqda.com\/de\/#organization"},"potentialAction":[{"@type":"SearchAction","target":{"@type":"EntryPoint","urlTemplate":"https:\/\/www.maxqda.com\/de\/?s={search_term_string}"},"query-input":{"@type":"PropertyValueSpecification","valueRequired":true,"valueName":"search_term_string"}}],"inLanguage":"de"},{"@type":"Organization","@id":"https:\/\/www.maxqda.com\/de\/#organization","name":"MAXQDA","url":"https:\/\/www.maxqda.com\/de\/","logo":{"@type":"ImageObject","inLanguage":"de","@id":"https:\/\/www.maxqda.com\/de\/#\/schema\/logo\/image\/","url":"https:\/\/www.maxqda.com\/de\/wp\/wp-content\/uploads\/sites\/1\/MAXQDA-Logo.png","contentUrl":"https:\/\/www.maxqda.com\/de\/wp\/wp-content\/uploads\/sites\/1\/MAXQDA-Logo.png","width":"1000","height":"200","caption":"MAXQDA"},"image":{"@id":"https:\/\/www.maxqda.com\/de\/#\/schema\/logo\/image\/"},"sameAs":["https:\/\/www.facebook.com\/MAXQDA\/","https:\/\/x.com\/VerbiSoftware","https:\/\/www.instagram.com\/maxqda\/","https:\/\/www.youtube.com\/user\/MAXQDA"]}]}},"_links":{"self":[{"href":"https:\/\/www.maxqda.com\/de\/wp-json\/wp\/v2\/pages\/60193","targetHints":{"allow":["GET"]}}],"collection":[{"href":"https:\/\/www.maxqda.com\/de\/wp-json\/wp\/v2\/pages"}],"about":[{"href":"https:\/\/www.maxqda.com\/de\/wp-json\/wp\/v2\/types\/page"}],"author":[{"embeddable":true,"href":"https:\/\/www.maxqda.com\/de\/wp-json\/wp\/v2\/users\/5"}],"replies":[{"embeddable":true,"href":"https:\/\/www.maxqda.com\/de\/wp-json\/wp\/v2\/comments?post=60193"}],"version-history":[{"count":0,"href":"https:\/\/www.maxqda.com\/de\/wp-json\/wp\/v2\/pages\/60193\/revisions"}],"wp:featuredmedia":[{"embeddable":true,"href":"https:\/\/www.maxqda.com\/de\/wp-json\/wp\/v2\/media\/121894"}],"wp:attachment":[{"href":"https:\/\/www.maxqda.com\/de\/wp-json\/wp\/v2\/media?parent=60193"}],"curies":[{"name":"wp","href":"https:\/\/api.w.org\/{rel}","templated":true}]}}