{"id":5200,"date":"2015-12-08T10:21:37","date_gmt":"2015-12-08T09:21:37","guid":{"rendered":"https:\/\/www.maxqda.de\/?page_id=5200"},"modified":"2023-10-18T15:04:53","modified_gmt":"2023-10-18T14:04:53","slug":"caqdas-computergestuetzte-qualitative-datenanalyse","status":"publish","type":"page","link":"https:\/\/www.maxqda.com\/de\/caqdas-computergestuetzte-qualitative-datenanalyse","title":{"rendered":"Was ist computergest\u00fctzte Datenanalyse?"},"content":{"rendered":"<div class=\"row\">\r\n<div class=\"large-12 columns\">\r\n<p>Computergest\u00fctzte Datenanalyse bedeutet, dass Forschende bei der Auswertung und Interpretation ihres Datenmaterials durch Software unterst\u00fctzt werden. Nach der inhaltlichen Analyse k\u00f6nnen theoretische Ableitungen und Aussagen \u00fcber den jeweils untersuchten Forschungsgegenstand (z.B. aus Interviewdaten zu einer Studie) getroffen werden. Eine qualitative Datenanalyse erfolgt immer auf der Grundlage eines Analyseverfahrens. Egal f\u00fcr welches Verfahren sich der Forschende entscheidet: Eine Software ist f\u00fcr das Sortieren, Strukturieren und Analysieren des Datenmaterials von enormer unterst\u00fctzender Bedeutung.<\/p>\r\n<p>Softwaretools zur qualitativen computergest\u00fctzte Datenanalyse erleichtern das Sortieren, Strukturieren und Analysieren gro\u00dfer Textmengen sowie die \u201eVerwaltung\u201c der Interpretations- und Auswertungstexte. QDA-Software wird in einer Vielzahl von Wissenschaftsdisziplinen und Praxisfeldern sowie in der Marktforschung eingesetzt. Anwendung finden QDA-Programme unter anderem in der Soziologie, Psychologie, Politikwissenschaft, in der Medizin und Gesundheitswissenschaft, der Erziehungswissenschaft, Sozialp\u00e4dagogik, der Bildungsforschung und inzwischen auch vermehrt in Unternehmen und in der Marktforschung. MAXQDA ist eines der Pionierprogramme auf dem Gebiet der computergest\u00fctzten Datenanalyse: die erste Version erschien bereits 1989.<\/p>\r\n<\/div>\r\n<\/div>\r\n<div class=\"row\">\r\n<div class=\"large-12 columns\">\r\n<h2>Wie unterst\u00fctzt MAXQDA Ihre Qualitative Datenanalyse?<\/h2>\r\n<\/div>\r\n<div class=\"large-7 columns\">\r\n<p>MAXQDA erm\u00f6glicht Forschenden die Anwendung verschiedenster Analyseverfahren, beispielsweise jenen der Grounded Theory, qualitativen Inhaltsanalyse, Diskursanalyse, Mixed Methods Analyse u.a. Zentrale Elemente sind dabei das systematische Zuordnen (\u201eCodieren\u201c) von Text-, Tabellen, Bild- oder Multimediasegmenten zu Themen (\u201eCodes\u201c) und das Festhalten von Verweisen, eigener Gedanken etc. direkt am Text (\u201eMemos\u201c).<\/p>\r\n<p>In MAXQDA wird die Analyse und Evaluation des Materials durch die Ordnung des Materials in Gruppen, ein hierarchisch organisiertes Code-System, das Definieren von Merkmalen (Variablen), die Zuordnung von Farben und Gewichten zu Segmenten, die Bereitstellung tabellarischer \u00dcbersichten und die M\u00f6glichkeit, alle Arbeitsschritte nachzuvollziehen und Ergebnisse mit wenigen Klicks wiederzufinden, vereinfacht.<\/p>\r\n<\/div>\r\n<div class=\"large-5 columns\">\r\n<figure><a title=\"MAXQDA unterst\u00fctzt QDA\" href=\"https:\/\/www.maxqda.com\/de\/wp\/wp-content\/uploads\/sites\/1\/MAXQDA-24-Interface.png\"><img decoding=\"async\"  data-headline=\"MAXQDA 24 Interface\" src=\"https:\/\/www.maxqda.com\/de\/wp\/wp-content\/uploads\/sites\/1\/MAXQDA-24-Interface.png\" class=\"aligncenter size-full wp-image-36130\" alt=\"Computergest\u00fctzte Datenanalyse mit MAXQDA - Benutzeroberfl\u00e4che\" \/><\/a><\/figure>\r\n<\/div>\r\n<\/div>\r\n<div class=\"row\" style=\"margin-top: 15px;\">\r\n<div class=\"large-12 columns\">\r\n<h2>Computergest\u00fctzte Datenanalyse und Wissensmanagement<\/h2>\r\n<p>MAXQDA hat seit dem ersten Release Wert darauf gelegt, die eingef\u00fchrten Fachbegriffe der qualitativen Forschung innerhalb der QDA Software beizubehalten, was nicht unwesentlich zur intuitiven Handhabung des Programms beitr\u00e4gt. Heute k\u00f6nnen Memos nicht nur Textsegmenten, sondern zus\u00e4tzlich auch Codes zugeordnet werden. Dar\u00fcberhinaus kann ein einzelnes Memo mit jeder beliebigen Zahl von Codes verlinkt werden. Mit seinen ausgefeilten Memo-Funktionen bietet MAXQDA ein einzigartiges Managementsystem f\u00fcr benutzerdefinierte Notizen.<\/p>\r\n<\/div>\r\n<\/div>\r\n\r\n<div class=\"row\">\r\n<div class=\"large-12 columns\" style=\"margin-top: 1.5rem;\">\r\n<h2>Qualitative Daten<\/h2>\r\n<p>Zus\u00e4tzlich zur traditionellen Verwendung von Textdaten wird immer \u00f6fter auch Bild-, Audio- und Videomaterial in die Analyse einbezogen. Aus diesem Grund unterst\u00fctzt gute qualitative Forschungssoftware nicht nur die Analyse von Texten, sondern auch von Media-Dateien (Bilder, Videos und Audio-Aufnahmen) und anderen Dokumententypen. Dar\u00fcberhinaus erm\u00f6glicht sie die direkte Transkiption im Programm.<\/p>\r\n<p>Aktuelle Software zur qualitativen Forschung sollte zudem mehrere methodologische Vorgehensweisen unterst\u00fctzen, zum Beispiel qualitative Inhaltsanalyse, Grounded Theory, Diskursanalyse, Gruppendiskussionen und Case studies oder Feldforschung. Qualitative Forschungssoftware hilft bei der gesamten Analyse des Datenmaterials durch die Darstellung von Zusammenh\u00e4ngen und \u00dcbersichten und bietet das Einf\u00fcgen von Anmerkungen an, die die Nachvollziehbarkeit f\u00fcr andere Forschende erh\u00f6ht. Durch automatisierte Vorg\u00e4nge kann die Software das Datenmaterial visualisieren und zeigt so erste Schritte auf dem Weg zum Erkenntnisgewinn.<\/p>\r\n<\/div>\r\n<\/div>\r\n<div class=\"row\">\r\n<div class=\"large-12 columns\" style=\"margin-top: 1.5rem;\">\r\n<h2>Die Geschichte der Qualitativen Datenanalysesoftware<\/h2>\r\n<p>Das erste computerbasierte Tool zur Unterst\u00fctzung Forschender bei ihrer qualitativen Datenanalyse wurde Mitte der 1980er Jahre entwickelt. Heute hat sich Software zur qualitativen Datenanalyse im Bereich der qualitativen Forschung l\u00e4ngst etabliert.<br \/>1989 erschien MAXQDA (damals einfach \u201c<a href=\"https:\/\/www.maxqda.com\/de\/about\/\">MAX<\/a>\u201d genannt) als erstes QDA-Programm in Deutschland und als eines der ersten QDA-Programme weltweit. Seitdem hat es sich zu einem der f\u00fchrenden professionellen Tools f\u00fcr die qualitative Datenanalyse entwickelt.<\/p>\r\n<\/div>\r\n<div class=\"large-12 columns\" style=\"margin-top: 1.5rem;\">\r\n<h2>Weiterf\u00fchrende Links<\/h2>\r\n<ul>\r\n<li><a href=\"https:\/\/www.maxqda.com\/de\/service\/buecher-literatur\/#Literatur\">Literatur und B\u00fcchertipps<\/a><\/li>\r\n<li>CAQDAS Networking Project an der University of Surrey, UK<\/li>\r\n<li><a title=\"\" href=\"https:\/\/www.jiscmail.ac.uk\/cgi-bin\/webadmin?A0=qual-software\">Qual-software discussion list<\/a><\/li>\r\n<li><a title=\"Online QDA\" href=\"http:\/\/onlineqda.hud.ac.uk\/index.php\">Online QDA: Learning Qualitative Data Analysis on the Web<\/a><\/li>\r\n<\/ul>\r\n<\/div>\r\n<\/div>\r\n","protected":false},"excerpt":{"rendered":"<p>Computergest\u00fctzte Datenanalyse bedeutet, dass Forschende bei der Auswertung und Interpretation ihres Datenmaterials durch Software unterst\u00fctzt werden. Nach der inhaltlichen Analyse k\u00f6nnen theoretische Ableitungen und Aussagen \u00fcber den jeweils untersuchten Forschungsgegenstand (z.B. aus Interviewdaten zu einer Studie) getroffen werden. Eine qualitative Datenanalyse erfolgt immer auf der Grundlage eines Analyseverfahrens. Egal f\u00fcr welches Verfahren sich der Forschende [&hellip;]<\/p>\n","protected":false},"author":5,"featured_media":121894,"parent":0,"menu_order":174,"comment_status":"closed","ping_status":"closed","template":"page-full.php","meta":{"_acf_changed":false,"_relevanssi_hide_post":"","_relevanssi_hide_content":"","_relevanssi_pin_for_all":"","_relevanssi_pin_keywords":"","_relevanssi_unpin_keywords":"","_relevanssi_related_keywords":"","_relevanssi_related_include_ids":"","_relevanssi_related_exclude_ids":"","_relevanssi_related_no_append":"","_relevanssi_related_not_related":"","_relevanssi_related_posts":"","_relevanssi_noindex_reason":"","footnotes":""},"class_list":["post-5200","page","type-page","status-publish","has-post-thumbnail","hentry"],"acf":[],"yoast_head":"<!-- This site is optimized with the Yoast SEO Premium plugin v27.4 (Yoast SEO v27.4) - https:\/\/yoast.com\/product\/yoast-seo-premium-wordpress\/ -->\n<title>Was ist computergest\u00fctzte Datenanalyse? Strukturieren &amp; Analysieren<\/title>\n<meta name=\"description\" content=\"Computergest\u00fctzte Datenanalyse erg\u00e4nzt jeden Forschungsprozess optimal. MAXQDA erleichtert das Strukturieren, Analysieren und Aufbereiten Ihrer Daten.\" \/>\n<meta name=\"robots\" content=\"index, follow, max-snippet:-1, max-image-preview:large, max-video-preview:-1\" \/>\n<link rel=\"canonical\" href=\"https:\/\/www.maxqda.com\/de\/caqdas-computergestuetzte-qualitative-datenanalyse\" \/>\n<meta property=\"og:locale\" content=\"de_DE\" \/>\n<meta property=\"og:type\" content=\"article\" \/>\n<meta property=\"og:title\" content=\"Was ist computergest\u00fctzte Datenanalyse?\" \/>\n<meta property=\"og:description\" content=\"Computergest\u00fctzte Datenanalyse erg\u00e4nzt jeden Forschungsprozess optimal. MAXQDA erleichtert das Strukturieren, Analysieren und Aufbereiten Ihrer Daten.\" \/>\n<meta property=\"og:url\" content=\"https:\/\/www.maxqda.com\/de\/caqdas-computergestuetzte-qualitative-datenanalyse\" \/>\n<meta property=\"og:site_name\" content=\"MAXQDA\" \/>\n<meta property=\"article:publisher\" content=\"https:\/\/www.facebook.com\/MAXQDA\/\" \/>\n<meta property=\"article:modified_time\" content=\"2023-10-18T14:04:53+00:00\" \/>\n<meta property=\"og:image\" content=\"https:\/\/www.maxqda.com\/de\/wp\/wp-content\/uploads\/sites\/1\/MAXQDA-Die-1-Software-fuer-qualitative-und-Mixed-Methods-Datenanalyse.png\" \/>\n\t<meta property=\"og:image:width\" content=\"1200\" \/>\n\t<meta property=\"og:image:height\" content=\"630\" \/>\n\t<meta property=\"og:image:type\" content=\"image\/png\" \/>\n<meta name=\"twitter:card\" content=\"summary_large_image\" \/>\n<meta name=\"twitter:title\" content=\"Was ist computergest\u00fctzte Datenanalyse?\" \/>\n<meta name=\"twitter:description\" content=\"Computergest\u00fctzte Datenanalyse erg\u00e4nzt jeden Forschungsprozess optimal. MAXQDA erleichtert das Strukturieren, Analysieren und Aufbereiten...\" \/>\n<meta name=\"twitter:site\" content=\"@VerbiSoftware\" \/>\n<meta name=\"twitter:label1\" content=\"Gesch\u00e4tzte Lesezeit\" \/>\n\t<meta name=\"twitter:data1\" content=\"4\u00a0Minuten\" \/>\n<script type=\"application\/ld+json\" class=\"yoast-schema-graph\">{\"@context\":\"https:\\\/\\\/schema.org\",\"@graph\":[{\"@type\":\"WebPage\",\"@id\":\"https:\\\/\\\/www.maxqda.com\\\/de\\\/caqdas-computergestuetzte-qualitative-datenanalyse\",\"url\":\"https:\\\/\\\/www.maxqda.com\\\/de\\\/caqdas-computergestuetzte-qualitative-datenanalyse\",\"name\":\"Was ist computergest\u00fctzte Datenanalyse? Strukturieren & Analysieren\",\"isPartOf\":{\"@id\":\"https:\\\/\\\/www.maxqda.com\\\/de\\\/#website\"},\"primaryImageOfPage\":{\"@id\":\"https:\\\/\\\/www.maxqda.com\\\/de\\\/caqdas-computergestuetzte-qualitative-datenanalyse#primaryimage\"},\"image\":{\"@id\":\"https:\\\/\\\/www.maxqda.com\\\/de\\\/caqdas-computergestuetzte-qualitative-datenanalyse#primaryimage\"},\"thumbnailUrl\":\"https:\\\/\\\/www.maxqda.com\\\/de\\\/wp\\\/wp-content\\\/uploads\\\/sites\\\/1\\\/MAXQDA-Logo-MQ.jpg\",\"datePublished\":\"2015-12-08T09:21:37+00:00\",\"dateModified\":\"2023-10-18T14:04:53+00:00\",\"description\":\"Computergest\u00fctzte Datenanalyse erg\u00e4nzt jeden Forschungsprozess optimal. MAXQDA erleichtert das Strukturieren, Analysieren und Aufbereiten Ihrer Daten.\",\"breadcrumb\":{\"@id\":\"https:\\\/\\\/www.maxqda.com\\\/de\\\/caqdas-computergestuetzte-qualitative-datenanalyse#breadcrumb\"},\"inLanguage\":\"de\",\"potentialAction\":[{\"@type\":\"ReadAction\",\"target\":[\"https:\\\/\\\/www.maxqda.com\\\/de\\\/caqdas-computergestuetzte-qualitative-datenanalyse\"]}]},{\"@type\":\"ImageObject\",\"inLanguage\":\"de\",\"@id\":\"https:\\\/\\\/www.maxqda.com\\\/de\\\/caqdas-computergestuetzte-qualitative-datenanalyse#primaryimage\",\"url\":\"https:\\\/\\\/www.maxqda.com\\\/de\\\/wp\\\/wp-content\\\/uploads\\\/sites\\\/1\\\/MAXQDA-Logo-MQ.jpg\",\"contentUrl\":\"https:\\\/\\\/www.maxqda.com\\\/de\\\/wp\\\/wp-content\\\/uploads\\\/sites\\\/1\\\/MAXQDA-Logo-MQ.jpg\",\"width\":825,\"height\":825,\"caption\":\"MAXQDA Logo\"},{\"@type\":\"BreadcrumbList\",\"@id\":\"https:\\\/\\\/www.maxqda.com\\\/de\\\/caqdas-computergestuetzte-qualitative-datenanalyse#breadcrumb\",\"itemListElement\":[{\"@type\":\"ListItem\",\"position\":1,\"name\":\"Startseite\",\"item\":\"https:\\\/\\\/www.maxqda.com\\\/de\\\/\"},{\"@type\":\"ListItem\",\"position\":2,\"name\":\"Was ist computergest\u00fctzte Datenanalyse?\"}]},{\"@type\":\"WebSite\",\"@id\":\"https:\\\/\\\/www.maxqda.com\\\/de\\\/#website\",\"url\":\"https:\\\/\\\/www.maxqda.com\\\/de\\\/\",\"name\":\"MAXQDA\",\"description\":\"\",\"publisher\":{\"@id\":\"https:\\\/\\\/www.maxqda.com\\\/de\\\/#organization\"},\"potentialAction\":[{\"@type\":\"SearchAction\",\"target\":{\"@type\":\"EntryPoint\",\"urlTemplate\":\"https:\\\/\\\/www.maxqda.com\\\/de\\\/?s={search_term_string}\"},\"query-input\":{\"@type\":\"PropertyValueSpecification\",\"valueRequired\":true,\"valueName\":\"search_term_string\"}}],\"inLanguage\":\"de\"},{\"@type\":\"Organization\",\"@id\":\"https:\\\/\\\/www.maxqda.com\\\/de\\\/#organization\",\"name\":\"MAXQDA\",\"url\":\"https:\\\/\\\/www.maxqda.com\\\/de\\\/\",\"logo\":{\"@type\":\"ImageObject\",\"inLanguage\":\"de\",\"@id\":\"https:\\\/\\\/www.maxqda.com\\\/de\\\/#\\\/schema\\\/logo\\\/image\\\/\",\"url\":\"https:\\\/\\\/www.maxqda.com\\\/de\\\/wp\\\/wp-content\\\/uploads\\\/sites\\\/1\\\/MAXQDA-Logo.png\",\"contentUrl\":\"https:\\\/\\\/www.maxqda.com\\\/de\\\/wp\\\/wp-content\\\/uploads\\\/sites\\\/1\\\/MAXQDA-Logo.png\",\"width\":\"1000\",\"height\":\"200\",\"caption\":\"MAXQDA\"},\"image\":{\"@id\":\"https:\\\/\\\/www.maxqda.com\\\/de\\\/#\\\/schema\\\/logo\\\/image\\\/\"},\"sameAs\":[\"https:\\\/\\\/www.facebook.com\\\/MAXQDA\\\/\",\"https:\\\/\\\/x.com\\\/VerbiSoftware\",\"https:\\\/\\\/www.instagram.com\\\/maxqda\\\/\",\"https:\\\/\\\/www.youtube.com\\\/user\\\/MAXQDA\"]}]}<\/script>\n<!-- \/ Yoast SEO Premium plugin. -->","yoast_head_json":{"title":"Was ist computergest\u00fctzte Datenanalyse? Strukturieren & Analysieren","description":"Computergest\u00fctzte Datenanalyse erg\u00e4nzt jeden Forschungsprozess optimal. MAXQDA erleichtert das Strukturieren, Analysieren und Aufbereiten Ihrer Daten.","robots":{"index":"index","follow":"follow","max-snippet":"max-snippet:-1","max-image-preview":"max-image-preview:large","max-video-preview":"max-video-preview:-1"},"canonical":"https:\/\/www.maxqda.com\/de\/caqdas-computergestuetzte-qualitative-datenanalyse","og_locale":"de_DE","og_type":"article","og_title":"Was ist computergest\u00fctzte Datenanalyse?","og_description":"Computergest\u00fctzte Datenanalyse erg\u00e4nzt jeden Forschungsprozess optimal. MAXQDA erleichtert das Strukturieren, Analysieren und Aufbereiten Ihrer Daten.","og_url":"https:\/\/www.maxqda.com\/de\/caqdas-computergestuetzte-qualitative-datenanalyse","og_site_name":"MAXQDA","article_publisher":"https:\/\/www.facebook.com\/MAXQDA\/","article_modified_time":"2023-10-18T14:04:53+00:00","og_image":[{"width":1200,"height":630,"url":"https:\/\/www.maxqda.com\/de\/wp\/wp-content\/uploads\/sites\/1\/MAXQDA-Die-1-Software-fuer-qualitative-und-Mixed-Methods-Datenanalyse.png","type":"image\/png"}],"twitter_card":"summary_large_image","twitter_title":"Was ist computergest\u00fctzte Datenanalyse?","twitter_description":"Computergest\u00fctzte Datenanalyse erg\u00e4nzt jeden Forschungsprozess optimal. MAXQDA erleichtert das Strukturieren, Analysieren und Aufbereiten...","twitter_site":"@VerbiSoftware","twitter_misc":{"Gesch\u00e4tzte Lesezeit":"4\u00a0Minuten"},"schema":{"@context":"https:\/\/schema.org","@graph":[{"@type":"WebPage","@id":"https:\/\/www.maxqda.com\/de\/caqdas-computergestuetzte-qualitative-datenanalyse","url":"https:\/\/www.maxqda.com\/de\/caqdas-computergestuetzte-qualitative-datenanalyse","name":"Was ist computergest\u00fctzte Datenanalyse? Strukturieren & Analysieren","isPartOf":{"@id":"https:\/\/www.maxqda.com\/de\/#website"},"primaryImageOfPage":{"@id":"https:\/\/www.maxqda.com\/de\/caqdas-computergestuetzte-qualitative-datenanalyse#primaryimage"},"image":{"@id":"https:\/\/www.maxqda.com\/de\/caqdas-computergestuetzte-qualitative-datenanalyse#primaryimage"},"thumbnailUrl":"https:\/\/www.maxqda.com\/de\/wp\/wp-content\/uploads\/sites\/1\/MAXQDA-Logo-MQ.jpg","datePublished":"2015-12-08T09:21:37+00:00","dateModified":"2023-10-18T14:04:53+00:00","description":"Computergest\u00fctzte Datenanalyse erg\u00e4nzt jeden Forschungsprozess optimal. MAXQDA erleichtert das Strukturieren, Analysieren und Aufbereiten Ihrer Daten.","breadcrumb":{"@id":"https:\/\/www.maxqda.com\/de\/caqdas-computergestuetzte-qualitative-datenanalyse#breadcrumb"},"inLanguage":"de","potentialAction":[{"@type":"ReadAction","target":["https:\/\/www.maxqda.com\/de\/caqdas-computergestuetzte-qualitative-datenanalyse"]}]},{"@type":"ImageObject","inLanguage":"de","@id":"https:\/\/www.maxqda.com\/de\/caqdas-computergestuetzte-qualitative-datenanalyse#primaryimage","url":"https:\/\/www.maxqda.com\/de\/wp\/wp-content\/uploads\/sites\/1\/MAXQDA-Logo-MQ.jpg","contentUrl":"https:\/\/www.maxqda.com\/de\/wp\/wp-content\/uploads\/sites\/1\/MAXQDA-Logo-MQ.jpg","width":825,"height":825,"caption":"MAXQDA Logo"},{"@type":"BreadcrumbList","@id":"https:\/\/www.maxqda.com\/de\/caqdas-computergestuetzte-qualitative-datenanalyse#breadcrumb","itemListElement":[{"@type":"ListItem","position":1,"name":"Startseite","item":"https:\/\/www.maxqda.com\/de\/"},{"@type":"ListItem","position":2,"name":"Was ist computergest\u00fctzte Datenanalyse?"}]},{"@type":"WebSite","@id":"https:\/\/www.maxqda.com\/de\/#website","url":"https:\/\/www.maxqda.com\/de\/","name":"MAXQDA","description":"","publisher":{"@id":"https:\/\/www.maxqda.com\/de\/#organization"},"potentialAction":[{"@type":"SearchAction","target":{"@type":"EntryPoint","urlTemplate":"https:\/\/www.maxqda.com\/de\/?s={search_term_string}"},"query-input":{"@type":"PropertyValueSpecification","valueRequired":true,"valueName":"search_term_string"}}],"inLanguage":"de"},{"@type":"Organization","@id":"https:\/\/www.maxqda.com\/de\/#organization","name":"MAXQDA","url":"https:\/\/www.maxqda.com\/de\/","logo":{"@type":"ImageObject","inLanguage":"de","@id":"https:\/\/www.maxqda.com\/de\/#\/schema\/logo\/image\/","url":"https:\/\/www.maxqda.com\/de\/wp\/wp-content\/uploads\/sites\/1\/MAXQDA-Logo.png","contentUrl":"https:\/\/www.maxqda.com\/de\/wp\/wp-content\/uploads\/sites\/1\/MAXQDA-Logo.png","width":"1000","height":"200","caption":"MAXQDA"},"image":{"@id":"https:\/\/www.maxqda.com\/de\/#\/schema\/logo\/image\/"},"sameAs":["https:\/\/www.facebook.com\/MAXQDA\/","https:\/\/x.com\/VerbiSoftware","https:\/\/www.instagram.com\/maxqda\/","https:\/\/www.youtube.com\/user\/MAXQDA"]}]}},"_links":{"self":[{"href":"https:\/\/www.maxqda.com\/de\/wp-json\/wp\/v2\/pages\/5200","targetHints":{"allow":["GET"]}}],"collection":[{"href":"https:\/\/www.maxqda.com\/de\/wp-json\/wp\/v2\/pages"}],"about":[{"href":"https:\/\/www.maxqda.com\/de\/wp-json\/wp\/v2\/types\/page"}],"author":[{"embeddable":true,"href":"https:\/\/www.maxqda.com\/de\/wp-json\/wp\/v2\/users\/5"}],"replies":[{"embeddable":true,"href":"https:\/\/www.maxqda.com\/de\/wp-json\/wp\/v2\/comments?post=5200"}],"version-history":[{"count":0,"href":"https:\/\/www.maxqda.com\/de\/wp-json\/wp\/v2\/pages\/5200\/revisions"}],"wp:featuredmedia":[{"embeddable":true,"href":"https:\/\/www.maxqda.com\/de\/wp-json\/wp\/v2\/media\/121894"}],"wp:attachment":[{"href":"https:\/\/www.maxqda.com\/de\/wp-json\/wp\/v2\/media?parent=5200"}],"curies":[{"name":"wp","href":"https:\/\/api.w.org\/{rel}","templated":true}]}}