{"id":50758,"date":"2019-06-24T12:03:42","date_gmt":"2019-06-24T11:03:42","guid":{"rendered":"https:\/\/www.maxqda.de\/?page_id=50758"},"modified":"2020-10-01T10:14:18","modified_gmt":"2020-10-01T09:14:18","slug":"maxqda-fotowettbewerb-2019","status":"publish","type":"page","link":"https:\/\/www.maxqda.com\/de\/maxqda-fotowettbewerb-2019","title":{"rendered":"MAXQDA-Fotowettbewerb 2019"},"content":{"rendered":"<div class=\"landingpage-header\" style=\"background-image: url('https:\/\/www.maxqda.com\/wp\/wp-content\/themes\/max\/img\/max18\/header-photocontest-2019.png'); background-color:#00497e;\">\r\n\t<div class=\"row\">\r\n\t\t<div>\r\n\t\t\t<div class=\"landingpage-header-content photocontest-header\" >\r\n\t\t\t\t<h1>2019 MAXQDA-Fotowettbewerb<\/h1>\r\n\t\t\t\t<h2>#PictureYourResearch<\/h2>\r\n\t\t\t<\/div>\r\n\t\t<\/div>\r\n\t<\/div>\r\n<\/div>\r\n\r\n\r\n\r\n<div class=\"row\">\r\n<div class=\"large-12 columns\" align-items=\"center\">\r\n\r\n<h1 style=\"text-align: center;\">Wir gratulieren den diesj\u00e4hirgen Gewinnerinnen und Gewinnern <br>des MAXQDA-Fotowettbewerbs: <\/h1>\r\n<h2 style=\"text-align: center;\">Die Autorinnen und Autoren der folgenden f\u00fcnf Fotos haben den #PictureYourResearch-Fotowettbewerb gewonnnen und bekommen einen gro\u00dfformatigen Acryl- oder Glasdruck des eingereichten Fotos.<\/h2><\/div> <\/div>\r\n\r\n<div class=\"row\" style=\"margin-top:45px;\">\r\n\r\n<div class=\"large-2 large-offset-1 columns\">\r\n<p style=\"margin-bottom:20px\">\r\n<img decoding=\"async\" data-headline=\"Sharing Most Significant Change Results with Community Members\" src=\"https:\/\/www.maxqda.com\/wp\/wp-content\/uploads\/sites\/2\/Bowels_Makka_Kailahun-District.png\" alt=\"Sharing Most Significant Change Results with Community Members\" class=\"alignnone size-full wp-image-44868\"  height=\"300px\" \/>\r\n<p style=\"margin-bottom:5px;text-align: center;\"><strong>&#8222;Sharing Most Significant Change Results with Community Members&#8220; <\/strong><\/p>\r\n <p style=\"text-align: center;\"><em>von Christina Bowels<\/em><\/p><\/div>\r\n\r\n<div class=\"large-2 columns\">\r\n<p style=\"margin-bottom:20px\"><img decoding=\"async\"  data-headline=\"Habits of Mind\" src=\"https:\/\/www.maxqda.com\/wp\/wp-content\/uploads\/sites\/2\/Nealy_Japan.png\" alt=\"Habits of Mind\" class=\"alignnone size-full wp-image-44873\"  height=\"300px\" \/>\r\n<\/p>\r\n<p style=\"margin-bottom:5px;text-align: center;\"><strong>&#8222;Habits of Mind&#8220;<\/strong><\/p>  \r\n<p style=\"text-align: center;\"> <em>von Marcellus Nealy <\/em><\/p><\/div>\r\n\r\n\r\n\r\n<div class=\"large-2 columns\">\r\n<p style=\"margin-bottom:20px\">\r\n<img decoding=\"async\"  data-headline=\"The smell of Graduation\" src=\"https:\/\/www.maxqda.com\/wp\/wp-content\/uploads\/sites\/2\/Rasool_Thailand.png\" alt=\"The smell of Graduation\" class=\"alignnone size-full wp-image-44875\"  height=\"300px\"\/>\r\n<\/p>\r\n<p style=\"margin-bottom:5px;text-align: center;\"><strong>&#8222;The smell of Graduation&#8220;<\/strong><\/p>  \r\n<p style=\"text-align: center;\"> <em> von Faisal Rasool<\/em><\/p>\r\n<\/div>\r\n\r\n\r\n\r\n\r\n<div class=\"large-2 columns\">\r\n<p style=\"margin-bottom:20px\">\r\n<img decoding=\"async\"  data-headline=\"Crossing the river\" src=\"https:\/\/www.maxqda.com\/wp\/wp-content\/uploads\/sites\/2\/crossing-the-river.png\" alt=\"Crossing the river\" class=\"alignnone size-full wp-image-44876\" height=\"300px\" \/>\r\n<\/p>\r\n<p style=\"margin-bottom:5px;text-align: center;\"><strong>&#8222;Crossing the River&#8220;<\/strong><\/p>  \r\n<p style=\"text-align: center;\"> <em>von Glory Dee Romo<\/em><\/p><\/div>\r\n\r\n<div class=\"large-2 columns\">\r\n<p style=\"margin-bottom:20px\">\r\n<img decoding=\"async\"  data-headline=\"Sustainable coffee is a issue of social justice\" src=\"https:\/\/www.maxqda.com\/wp\/wp-content\/uploads\/sites\/2\/Merlin-Uribe_Bellavista_Chiapas_Mexico.png\" alt=\"Sustainable coffee is a issue of social justice\" class=\"alignnone size-full wp-image-44877\" height=\"300px\" \/>\r\n<\/p>\r\n<p style=\"margin-bottom:5px;text-align: center;\"><strong>&#8222;Sustainable Coffee is a Issue of Social Justice&#8220;<\/strong><\/p>  \r\n<p style=\"text-align: center;\"> <em>von Yair Merl\u00edn-Uribe<\/em><\/p><\/div>\r\n\r\n\r\n<div class=\"row\">\r\n<div class=\"large-12 text-center columns\">\r\n<h4>Diese f\u00fcnf Fotomotive werden im  MAXQDA-Blog und auf Social Media zusammen mit weiteren Hintergrundinformationen ver\u00f6ffentlicht. Erfahren Sie mehr \u00fcber die Forschung hinter diesen Fotos und entdecken Sie zudem die &#8222;Honorable Mentions&#8220; des MAXQDA-Fotowettbewerbs 2019 in unserem aktuellen Blogbeitrag.<\/h4>\r\n<\/div>\r\n<\/div>\r\n\r\n\r\n<div class=\"row\">\r\n<div class=\"large-12 text-center columns\">\r\n<p style=\"margin-top: 45px;\"><a class=\"button\" href=\"https:\/\/www.maxqda.com\/photo-contest-winners-2019\">Zum #PictureYourResearch-Blogbeitrag<\/a><\/p>\r\n<\/div>\r\n<\/div>\r\n\r\n\r\n\r\n\r\n<div class=\"row\">\r\n<div class=\"small-12 columns\">\r\n<h1>MAXQDA-Fotowettbewerb 2019: #PictureYourResearch<\/h1>\r\n\r\n<h2>Wie sieht Ihre Forschung im Feld aus? <\/h2>\r\n<h4>Teilen Sie besondere Momente und Eindr\u00fccke aus Ihrer Forschung mit der MAXQDA-Community! <\/h4>\r\n<!--<p>Der MAXQDA-Fotowettbewerb geht in die vierte Runde. Forschende aus der ganzen Welt erlaubten mit Ihrer Teilnahme der MAXQDA-Community einen Blick hinter die Kulissen des Forschungsalltags zu werfen. Die f\u00fcnf Gewinner-Motive wurden auf der MAXQDA-Webseite vorgestellt und dienten als eindr\u00fcckliche Motive der VERBI-Weihnachtskarten. Auf diesen Erfolg und die vielen positiven R\u00fcckmeldungen aufbauend wiederholen wir den Fotowettbewerb auch in diesem Jahr mit tollen Preisen!<\/p> -->\r\n<p>Der MAXQDA-Fotowettbewerb geht in die vierte Runde. Forschende aus der ganzen Welt haben uns bereits mit Ihren eingereichten Bildern einen unglaublichen Einblick in Ihren Forschungsalltag gew\u00e4hren lassen. Jedes Jahr gewinnen f\u00fcnf dieser talentierten Fotografen den MAXQDA Fotowettbewerb. Die Gewinner-Motive werden auf der MAXQDA Website, und auf unseren Social Media-Kan\u00e4len ausgestellt und dienten als Motiv f\u00fcr die VERBI-Weihnachtskarten. Aufgrund des Erfolgs der letzten Jahre, findet der Wettbewerb auch in diesem Jahr wieder statt mit tollen Preisen! <\/p>\r\n\r\n\r\n<p>Situationen, T\u00e4tigkeiten oder Orte, die f\u00fcr andere allt\u00e4glich sind, werden von Forschenden mit anderen Augen betrachtet. Egal, ob Sie sich mit Urban Gardening, den Kommunikationsstrukturen einer Organisation, gesellschaftlicher Partizipation oder Street Art besch\u00e4ftigen: durch Ihre Forschung haben Sie einen speziellen Blick auf \r\ndie jeweiligen gesellschaftlichen Details und Besonderheiten.<\/p>\r\n\r\n\t\r\n<\/div>\r\n<\/div>\r\n\r\n\r\n\r\n\t\r\n<div class=\"row\" style=\"margin-bottom:35px;margin-top: 35px;\">\r\n\t<div class=\"large-12 columns\">\r\n\t\t<h2>Preise gewinnen<\/h2>\r\n\t<\/div>\r\n<\/div>\r\n\r\n<div class=\"row text-center\">\r\n\t<div class=\"large-4 columns\"> \r\n\t\t<img decoding=\"async\" src=\"https:\/\/www.maxqda.com\/wp\/wp-content\/themes\/max\/img\/max18\/icons\/photocontest-2019-icon3.png\" width=\"175px\" \/>\t\r\n\t\t<h3>Ver\u00f6ffentlichung<\/h3>\r\n\t\t<p>Die Gewinner-Motive werden auf der MAXQDA-Webseite zusammen mit weiteren Hintergrundinformationen ver\u00f6ffentlicht.<\/p>\r\n\t\t<!--<p>Die Gewinner-Motive werden auf der MAXQDA-Webseite zusammen mit Hintergrundinformationen \u00fcber das Forschungs-Projekt ver\u00f6ffentlicht.<\/p> -->\r\n\t<\/div>\r\n\t\r\n\t<div class=\"large-4 columns\" >\r\n\t\t<img decoding=\"async\" src=\"https:\/\/www.maxqda.com\/wp\/wp-content\/themes\/max\/img\/max18\/icons\/photocontest-2019-icon2.png\" width=\"175px\"  \/>\t\r\n\t\t<h3>Professioneller Druck<\/h3>\r\n\t\t\r\n\t\t<p>Alle f\u00fcnf Gewinnerinnen und Gewinner erhalten einen gro\u00dfformatigen Acryl- oder Glasdruck des eigenen Fotos.<\/p>\r\n<\/div>\r\n\t\r\n\r\n<div class=\"large-4 large-left columns\" >\r\n\t<img decoding=\"async\" src=\"https:\/\/www.maxqda.com\/wp\/wp-content\/themes\/max\/img\/max18\/icons\/photocontest-icon1.png\" width=\"175px\"  \/>\t\r\n\t\t<h3>Verlosung<\/h3>\r\n\t\t<p>Unter allen Teilnehmenden wird zudem eine 1-Jahres MAXQDA Analytics Pro Lizenz verlost.<\/p>\r\n<\/div>\r\n<\/div>\r\n\r\n\r\n\r\n\r\n<div class=\"row\" style=\"margin-bottom:55px;margin-top: 15px;\">\r\n<div class=\"large-12 columns\">\r\n <h2> So nehmen Sie teil:<\/h2>\r\n\r\n<h3 style=\"margin-top: 25px;\">1. Foto hochladen<\/h3>\r\n<p>Laden Sie Ihr bestes Forschungsfoto (gr\u00f6\u00dftm\u00f6gliche Aufl\u00f6sung und mindestens 1.5 MB) bis sp\u00e4testens zum <strong>9. September 2019<\/strong> \u00fcber das untenstehende Formular hoch. Teilen Sie ein paar Hintergrundinformationen zu Ihrem Foto mit uns: In welchem Kontext ist das Foto entstanden? Wer ist auf dem Bild zu sehen? In welcher Phase Ihrer Feldforschung ist das Bild entstanden?<\/p>\r\n\r\n\t\t\r\n<h3 style=\"margin-top: 25px;\">2. Foto auf Social Media teilen<\/h3>\r\n<p>Teilen Sie Ihr Forschungsfoto zus\u00e4tzlich auf einem Ihrer Social Media-Kan\u00e4le unter dem Hashtags #PictureYourResearch #MAXQDAPhotoContest. <br>Verlinken Sie das Foto mit den MAXQDA-Accounts <img decoding=\"async\" style=\"margin-bottom: 0px;\" title=\"\" src=\"https:\/\/www.maxqda.com\/de\/wp\/wp-content\/themes\/max\/assets\/img\/icons\/tw_2.png\" alt=\"\" width=\"16\" \/> <a href=\"http:\/\/www.twitter.com\/VerbiSoftware\">@VerbiSoftware<\/a> oder <img decoding=\"async\" style=\"margin-bottom: 0px;\" title=\"\" src=\"https:\/\/www.maxqda.com\/wp\/wp-content\/uploads\/sites\/2\/icon5.png\" alt=\"\" width=\"16\" \/> <a href=\"https:\/\/www.instagram.com\/maxqda\/\">@MAXQDA<\/a> und lassen so die MAXQDA-Community an Ihrem Forschungsprojekt teilhaben!<\/p>\r\n<\/div>\r\n<\/div>\r\n\r\n\r\n\r\n\r\n\r\n<div class=\"large-12 columns\" style=\"background-color: #f8f6f7; margin-bottom: 40px;\">\r\n<div class=\"row\" style=\"margin-top: 35px;\">\r\n<div class=\"large-12 columns\" >\r\n<h3>Teilnahmebedingungen:<\/h3>\r\n<ul>\r\n\t<li>Einsenden des Fotos bis <strong>sp\u00e4testens 9. September 2019<\/strong><\/li>\r\n\t<li>Durch die Einreichung erkl\u00e4ren Sie, dass Sie die Einverst\u00e4ndnis aller abgebildeten Personen f\u00fcr die Ver\u00f6ffentlichung des Fotos erhalten haben.<\/li>\r\n\t<li>Durch die Einreichung erkl\u00e4ren Sie, dass die von Ihnen eingereichten Fotos von Ihnen selbst aufgenommen wurden und Sie \u00fcber alle Rechte daran verf\u00fcgen.<\/li>\r\n\t<li>Sie gestatten der VERBI GmbH Ihr Foto mit Nennung des Namens f\u00fcr verschiedene Web- und Printmedien zu nutzen und das Foto ggf. zu ver\u00e4ndern, wie es f\u00fcr die bessere Darstellung des Bildes geeignet ist.<\/li>\r\n\t<li>VERBI Mitarbeiterinnen und Mitarbeiter, sowie deren Angeh\u00f6rige sind von der Teilnahme ausgeschlossen.<\/li>\r\n<\/ul>\r\n<\/div>\r\n<\/div>\r\n<\/div>\r\n\t\r\n\t\r\n<!--<div class=\"row\">\r\n<div class=\"panel\">\r\n<p style=\"color: #dc4730;\"> <strong>Die Teilnahmefrist f\u00fcr den MAXQDA-Fotowettbewerb 2018 ist abgelaufen. <\/strong><\/p>\r\n\t<\/div> <\/div>\r\n\t\r\n\r\n<p>[Formular]<\/p>-->\r\n\r\n\r\n<div class=\"large-12 columns\" style=\"background-color: #f8f6f7; margin-bottom: 40px;\">\r\n<div class=\"row\" style=\"margin-top: 35px;\">\r\n<div class=\"large-12 columns\" >\r\n<h3>Auswahlkriterien:<\/h3>\r\n<p>Der Name des Wettbewerbs #PictureYourResearch umfasst symbolisch alle Auswahlkriterien nach denen die Auswahlkommission des MAXQDA-Fotowettbewerbs 2019 die Gewinner*innen und Honorable Mentions bestimmt.<\/p>\r\n\r\n<ul>\r\n\t<li><b>Picture:<\/b> Wir suchen interessante, ins Auge springende Fotos \u2013 besondere Momente Ihres Forschungsalltags, die Ihnen etwas bedeuten. <br>Eingereichte Fotos m\u00fcssen <i>1.5MB \u2013 10MB<\/i> gro\u00df sein und die Motive sollten klar erkennbar sein.<\/li>\r\n\r\n\t<li><b>Your:<\/b> Wir sind interessiert an Einblicke in <i>Ihre<\/i> Forschungsprojekte. <br>Bitte reichen Sie daher nur Fotos ein, die Sie entweder selbst aufgenommen haben oder die im Rahmen Ihrer Forschung entstanden sind und f\u00fcr deren Ver\u00f6ffentlichung Sie die vollen Rechte haben.\r\n<\/li>\r\n\t<li><b>Research:<\/b> Die Kreativit\u00e4t und Vollst\u00e4ndigkeit Ihrer Fotobeschreibung wird vom Auswahlkomitee ber\u00fccksichtigt.<br> Zudem m\u00f6chten wir Sie bitten, die Fotobeschreibung in Deutsch oder Englisch anzufertigen. Sollten Sie kein\/e Muttersprachler*in sein, wird das Ihre Gewinnchancen <i>nicht<\/i> beeintr\u00e4chtigen.\r\n<\/li>\r\n<\/ul>\r\n\r\n\r\n<\/div>\r\n<\/div>\r\n<\/div>\r\n\t\t\t\r\n<div class=\"large-12 columns\" style=\"background-color: #00497e; margin-top: 25px; margin-bottom: 25px;\">\r\n\t<div class=\"row\" style=\"margin-top: 25px; margin-bottom: 25px;\">\r\n<div class=\"large-12 text-center columns\">\r\n<h3 style=\"color: #ffffff;\">Erfahren Sie mehr \u00fcber die Gewinnerinnen und Gewinner der vergangenen MAXQDA-Fotowettbewerbe <br>und ihre Forschungsprojekte:<\/h3>\r\n<\/div>\r\n\t\t\r\n\t<div class=\"row text-center\">\r\n\t<div class=\"large-12 columns text-center\"><a class=\"button button-white\" href=\"https:\/\/www.maxqda.com\/de\/maxqda-fotowettbewerb-2018\">2018 Fotowettbewerb<\/a><\/div>\r\n\t<div class=\"large-12 columns\"><a class=\"button button-white\" href=\"https:\/\/www.maxqda.com\/de\/fotowettbewerb-2017-ergebnisse\">2017 Fotowettbewerb<\/a><\/div>\r\n<\/div>\r\n<\/div><\/div>\r\n<div class=\"row\">\r\n<div class=\"small-12 columns\">\r\n<p><em>2019 MAXQDA-Fotowettbewerb &#8218;Key-Image&#8216; <a href=\"https:\/\/www.maxqda.com\/photo-contest-winners-2018\" target=\"_blank\" rel=\"noopener noreferrer\">\u201cCulture Pal Pal\u201d von Nuwair ALHajari<\/a>. <br \/>\r\n&#8222;Taken in Georgia, this image shows a research site where fieldwork is being done to explore the culture of the people that departed and left only these relics.&#8220;<\/em><\/p>\r\n<\/div>","protected":false},"excerpt":{"rendered":"<p>2019 MAXQDA-Fotowettbewerb #PictureYourResearch Wir gratulieren den diesj\u00e4hirgen Gewinnerinnen und Gewinnern des MAXQDA-Fotowettbewerbs: Die Autorinnen und Autoren der folgenden f\u00fcnf Fotos haben den #PictureYourResearch-Fotowettbewerb gewonnnen und bekommen einen gro\u00dfformatigen Acryl- oder Glasdruck des eingereichten Fotos. &#8222;Sharing Most Significant Change Results with Community Members&#8220; von Christina Bowels &#8222;Habits of Mind&#8220; von Marcellus Nealy &#8222;The smell of Graduation&#8220; [&hellip;]<\/p>\n","protected":false},"author":5,"featured_media":121894,"parent":0,"menu_order":37,"comment_status":"closed","ping_status":"closed","template":"tpl_aktion_nl.php","meta":{"_acf_changed":false,"_relevanssi_hide_post":"","_relevanssi_hide_content":"","_relevanssi_pin_for_all":"","_relevanssi_pin_keywords":"","_relevanssi_unpin_keywords":"","_relevanssi_related_keywords":"","_relevanssi_related_include_ids":"","_relevanssi_related_exclude_ids":"","_relevanssi_related_no_append":"","_relevanssi_related_not_related":"","_relevanssi_related_posts":"","_relevanssi_noindex_reason":"","footnotes":""},"class_list":["post-50758","page","type-page","status-publish","has-post-thumbnail","hentry"],"acf":[],"yoast_head":"<!-- This site is optimized with the Yoast SEO Premium plugin v27.1 (Yoast SEO v27.1.1) - https:\/\/yoast.com\/product\/yoast-seo-premium-wordpress\/ -->\n<title>MAXQDA-Fotowettbewerb 2019 | MAXQDA<\/title>\n<meta name=\"description\" content=\"MAXQDA-Fotowettbewerb 2019 | MAXQDA - Die beste Wahl f\u00fcr Ihre Qualitative &amp; Mixed-Methods-Analyse\" \/>\n<meta name=\"robots\" content=\"index, follow, max-snippet:-1, max-image-preview:large, max-video-preview:-1\" \/>\n<link rel=\"canonical\" href=\"https:\/\/www.maxqda.com\/de\/maxqda-fotowettbewerb-2019\" \/>\n<meta property=\"og:locale\" content=\"de_DE\" \/>\n<meta property=\"og:type\" content=\"article\" \/>\n<meta property=\"og:title\" content=\"MAXQDA-Fotowettbewerb 2019\" \/>\n<meta property=\"og:description\" content=\"2019 MAXQDA-Fotowettbewerb #PictureYourResearch Wir gratulieren den diesj\u00e4hirgen Gewinnerinnen und Gewinnern des MAXQDA-Fotowettbewerbs: Die Autorinnen\" \/>\n<meta property=\"og:url\" content=\"https:\/\/www.maxqda.com\/de\/maxqda-fotowettbewerb-2019\" \/>\n<meta property=\"og:site_name\" content=\"MAXQDA\" \/>\n<meta property=\"article:publisher\" content=\"https:\/\/www.facebook.com\/MAXQDA\/\" \/>\n<meta property=\"article:modified_time\" content=\"2020-10-01T09:14:18+00:00\" \/>\n<meta property=\"og:image\" content=\"https:\/\/www.maxqda.com\/de\/wp\/wp-content\/uploads\/sites\/1\/MAXQDA-Logo-MQ.jpg\" \/>\n\t<meta property=\"og:image:width\" content=\"825\" \/>\n\t<meta property=\"og:image:height\" content=\"825\" \/>\n\t<meta property=\"og:image:type\" content=\"image\/jpeg\" \/>\n<meta name=\"twitter:card\" content=\"summary_large_image\" \/>\n<meta name=\"twitter:site\" content=\"@VerbiSoftware\" \/>\n<meta name=\"twitter:label1\" content=\"Gesch\u00e4tzte Lesezeit\" \/>\n\t<meta name=\"twitter:data1\" content=\"4\u00a0Minuten\" \/>\n<script type=\"application\/ld+json\" class=\"yoast-schema-graph\">{\"@context\":\"https:\/\/schema.org\",\"@graph\":[{\"@type\":\"WebPage\",\"@id\":\"https:\/\/www.maxqda.com\/de\/maxqda-fotowettbewerb-2019\",\"url\":\"https:\/\/www.maxqda.com\/de\/maxqda-fotowettbewerb-2019\",\"name\":\"MAXQDA-Fotowettbewerb 2019 | MAXQDA\",\"isPartOf\":{\"@id\":\"https:\/\/www.maxqda.com\/de\/#website\"},\"primaryImageOfPage\":{\"@id\":\"https:\/\/www.maxqda.com\/de\/maxqda-fotowettbewerb-2019#primaryimage\"},\"image\":{\"@id\":\"https:\/\/www.maxqda.com\/de\/maxqda-fotowettbewerb-2019#primaryimage\"},\"thumbnailUrl\":\"https:\/\/www.maxqda.com\/de\/wp\/wp-content\/uploads\/sites\/1\/MAXQDA-Logo-MQ.jpg\",\"datePublished\":\"2019-06-24T11:03:42+00:00\",\"dateModified\":\"2020-10-01T09:14:18+00:00\",\"description\":\"MAXQDA-Fotowettbewerb 2019 | MAXQDA - Die beste Wahl f\u00fcr Ihre Qualitative & Mixed-Methods-Analyse\",\"breadcrumb\":{\"@id\":\"https:\/\/www.maxqda.com\/de\/maxqda-fotowettbewerb-2019#breadcrumb\"},\"inLanguage\":\"de\",\"potentialAction\":[{\"@type\":\"ReadAction\",\"target\":[\"https:\/\/www.maxqda.com\/de\/maxqda-fotowettbewerb-2019\"]}]},{\"@type\":\"ImageObject\",\"inLanguage\":\"de\",\"@id\":\"https:\/\/www.maxqda.com\/de\/maxqda-fotowettbewerb-2019#primaryimage\",\"url\":\"https:\/\/www.maxqda.com\/de\/wp\/wp-content\/uploads\/sites\/1\/MAXQDA-Logo-MQ.jpg\",\"contentUrl\":\"https:\/\/www.maxqda.com\/de\/wp\/wp-content\/uploads\/sites\/1\/MAXQDA-Logo-MQ.jpg\",\"width\":825,\"height\":825,\"caption\":\"MAXQDA Logo\"},{\"@type\":\"BreadcrumbList\",\"@id\":\"https:\/\/www.maxqda.com\/de\/maxqda-fotowettbewerb-2019#breadcrumb\",\"itemListElement\":[{\"@type\":\"ListItem\",\"position\":1,\"name\":\"Startseite\",\"item\":\"https:\/\/www.maxqda.com\/de\/\"},{\"@type\":\"ListItem\",\"position\":2,\"name\":\"MAXQDA-Fotowettbewerb 2019\"}]},{\"@type\":\"WebSite\",\"@id\":\"https:\/\/www.maxqda.com\/de\/#website\",\"url\":\"https:\/\/www.maxqda.com\/de\/\",\"name\":\"MAXQDA\",\"description\":\"\",\"publisher\":{\"@id\":\"https:\/\/www.maxqda.com\/de\/#organization\"},\"potentialAction\":[{\"@type\":\"SearchAction\",\"target\":{\"@type\":\"EntryPoint\",\"urlTemplate\":\"https:\/\/www.maxqda.com\/de\/?s={search_term_string}\"},\"query-input\":{\"@type\":\"PropertyValueSpecification\",\"valueRequired\":true,\"valueName\":\"search_term_string\"}}],\"inLanguage\":\"de\"},{\"@type\":\"Organization\",\"@id\":\"https:\/\/www.maxqda.com\/de\/#organization\",\"name\":\"MAXQDA\",\"url\":\"https:\/\/www.maxqda.com\/de\/\",\"logo\":{\"@type\":\"ImageObject\",\"inLanguage\":\"de\",\"@id\":\"https:\/\/www.maxqda.com\/de\/#\/schema\/logo\/image\/\",\"url\":\"https:\/\/www.maxqda.com\/de\/wp\/wp-content\/uploads\/sites\/1\/MAXQDA-Logo.png\",\"contentUrl\":\"https:\/\/www.maxqda.com\/de\/wp\/wp-content\/uploads\/sites\/1\/MAXQDA-Logo.png\",\"width\":\"1000\",\"height\":\"200\",\"caption\":\"MAXQDA\"},\"image\":{\"@id\":\"https:\/\/www.maxqda.com\/de\/#\/schema\/logo\/image\/\"},\"sameAs\":[\"https:\/\/www.facebook.com\/MAXQDA\/\",\"https:\/\/x.com\/VerbiSoftware\",\"https:\/\/www.instagram.com\/maxqda\/\",\"https:\/\/www.youtube.com\/user\/MAXQDA\"]}]}<\/script>\n<!-- \/ Yoast SEO Premium plugin. -->","yoast_head_json":{"title":"MAXQDA-Fotowettbewerb 2019 | MAXQDA","description":"MAXQDA-Fotowettbewerb 2019 | MAXQDA - Die beste Wahl f\u00fcr Ihre Qualitative & Mixed-Methods-Analyse","robots":{"index":"index","follow":"follow","max-snippet":"max-snippet:-1","max-image-preview":"max-image-preview:large","max-video-preview":"max-video-preview:-1"},"canonical":"https:\/\/www.maxqda.com\/de\/maxqda-fotowettbewerb-2019","og_locale":"de_DE","og_type":"article","og_title":"MAXQDA-Fotowettbewerb 2019","og_description":"2019 MAXQDA-Fotowettbewerb #PictureYourResearch Wir gratulieren den diesj\u00e4hirgen Gewinnerinnen und Gewinnern des MAXQDA-Fotowettbewerbs: Die Autorinnen","og_url":"https:\/\/www.maxqda.com\/de\/maxqda-fotowettbewerb-2019","og_site_name":"MAXQDA","article_publisher":"https:\/\/www.facebook.com\/MAXQDA\/","article_modified_time":"2020-10-01T09:14:18+00:00","og_image":[{"width":825,"height":825,"url":"https:\/\/www.maxqda.com\/de\/wp\/wp-content\/uploads\/sites\/1\/MAXQDA-Logo-MQ.jpg","type":"image\/jpeg"}],"twitter_card":"summary_large_image","twitter_site":"@VerbiSoftware","twitter_misc":{"Gesch\u00e4tzte Lesezeit":"4\u00a0Minuten"},"schema":{"@context":"https:\/\/schema.org","@graph":[{"@type":"WebPage","@id":"https:\/\/www.maxqda.com\/de\/maxqda-fotowettbewerb-2019","url":"https:\/\/www.maxqda.com\/de\/maxqda-fotowettbewerb-2019","name":"MAXQDA-Fotowettbewerb 2019 | MAXQDA","isPartOf":{"@id":"https:\/\/www.maxqda.com\/de\/#website"},"primaryImageOfPage":{"@id":"https:\/\/www.maxqda.com\/de\/maxqda-fotowettbewerb-2019#primaryimage"},"image":{"@id":"https:\/\/www.maxqda.com\/de\/maxqda-fotowettbewerb-2019#primaryimage"},"thumbnailUrl":"https:\/\/www.maxqda.com\/de\/wp\/wp-content\/uploads\/sites\/1\/MAXQDA-Logo-MQ.jpg","datePublished":"2019-06-24T11:03:42+00:00","dateModified":"2020-10-01T09:14:18+00:00","description":"MAXQDA-Fotowettbewerb 2019 | MAXQDA - Die beste Wahl f\u00fcr Ihre Qualitative & Mixed-Methods-Analyse","breadcrumb":{"@id":"https:\/\/www.maxqda.com\/de\/maxqda-fotowettbewerb-2019#breadcrumb"},"inLanguage":"de","potentialAction":[{"@type":"ReadAction","target":["https:\/\/www.maxqda.com\/de\/maxqda-fotowettbewerb-2019"]}]},{"@type":"ImageObject","inLanguage":"de","@id":"https:\/\/www.maxqda.com\/de\/maxqda-fotowettbewerb-2019#primaryimage","url":"https:\/\/www.maxqda.com\/de\/wp\/wp-content\/uploads\/sites\/1\/MAXQDA-Logo-MQ.jpg","contentUrl":"https:\/\/www.maxqda.com\/de\/wp\/wp-content\/uploads\/sites\/1\/MAXQDA-Logo-MQ.jpg","width":825,"height":825,"caption":"MAXQDA Logo"},{"@type":"BreadcrumbList","@id":"https:\/\/www.maxqda.com\/de\/maxqda-fotowettbewerb-2019#breadcrumb","itemListElement":[{"@type":"ListItem","position":1,"name":"Startseite","item":"https:\/\/www.maxqda.com\/de\/"},{"@type":"ListItem","position":2,"name":"MAXQDA-Fotowettbewerb 2019"}]},{"@type":"WebSite","@id":"https:\/\/www.maxqda.com\/de\/#website","url":"https:\/\/www.maxqda.com\/de\/","name":"MAXQDA","description":"","publisher":{"@id":"https:\/\/www.maxqda.com\/de\/#organization"},"potentialAction":[{"@type":"SearchAction","target":{"@type":"EntryPoint","urlTemplate":"https:\/\/www.maxqda.com\/de\/?s={search_term_string}"},"query-input":{"@type":"PropertyValueSpecification","valueRequired":true,"valueName":"search_term_string"}}],"inLanguage":"de"},{"@type":"Organization","@id":"https:\/\/www.maxqda.com\/de\/#organization","name":"MAXQDA","url":"https:\/\/www.maxqda.com\/de\/","logo":{"@type":"ImageObject","inLanguage":"de","@id":"https:\/\/www.maxqda.com\/de\/#\/schema\/logo\/image\/","url":"https:\/\/www.maxqda.com\/de\/wp\/wp-content\/uploads\/sites\/1\/MAXQDA-Logo.png","contentUrl":"https:\/\/www.maxqda.com\/de\/wp\/wp-content\/uploads\/sites\/1\/MAXQDA-Logo.png","width":"1000","height":"200","caption":"MAXQDA"},"image":{"@id":"https:\/\/www.maxqda.com\/de\/#\/schema\/logo\/image\/"},"sameAs":["https:\/\/www.facebook.com\/MAXQDA\/","https:\/\/x.com\/VerbiSoftware","https:\/\/www.instagram.com\/maxqda\/","https:\/\/www.youtube.com\/user\/MAXQDA"]}]}},"_links":{"self":[{"href":"https:\/\/www.maxqda.com\/de\/wp-json\/wp\/v2\/pages\/50758","targetHints":{"allow":["GET"]}}],"collection":[{"href":"https:\/\/www.maxqda.com\/de\/wp-json\/wp\/v2\/pages"}],"about":[{"href":"https:\/\/www.maxqda.com\/de\/wp-json\/wp\/v2\/types\/page"}],"author":[{"embeddable":true,"href":"https:\/\/www.maxqda.com\/de\/wp-json\/wp\/v2\/users\/5"}],"replies":[{"embeddable":true,"href":"https:\/\/www.maxqda.com\/de\/wp-json\/wp\/v2\/comments?post=50758"}],"version-history":[{"count":0,"href":"https:\/\/www.maxqda.com\/de\/wp-json\/wp\/v2\/pages\/50758\/revisions"}],"wp:featuredmedia":[{"embeddable":true,"href":"https:\/\/www.maxqda.com\/de\/wp-json\/wp\/v2\/media\/121894"}],"wp:attachment":[{"href":"https:\/\/www.maxqda.com\/de\/wp-json\/wp\/v2\/media?parent=50758"}],"curies":[{"name":"wp","href":"https:\/\/api.w.org\/{rel}","templated":true}]}}