{"id":45,"date":"2008-01-29T01:46:46","date_gmt":"2008-01-29T00:46:46","guid":{"rendered":"https:\/\/www.maxqda.de\/wp\/impressum"},"modified":"2024-02-14T10:42:05","modified_gmt":"2024-02-14T09:42:05","slug":"impressum","status":"publish","type":"page","link":"https:\/\/www.maxqda.com\/de\/impressum","title":{"rendered":"Impressum"},"content":{"rendered":"<div class=\"row\">\r\n<div class=\"large-12 columns\">\r\n<h2>Anschrift und Kontaktdaten:<\/h2>\r\n<p><strong>VERBI &#8211; Software. Consult. Sozialforschung. GmbH<\/strong><br \/>\r\n <strong>Invalidenstra\u00dfe 74<\/strong><strong> 10557 Berlin <\/strong><br \/>\r\n Tel.: +49 (0)30 206 22 59 \u2013 22<br \/>\r\n  E-Mail: <a href=\"mailto:info@maxqda.com\">info@maxqda.com<\/a><br \/>\r\n <p>Gesch\u00e4ftsf\u00fchrung: Anne Kuckartz, Isabel Kuckartz<\/p>\r\n <p>Registergericht: Amtsgericht Berlin Charlottenburg<br \/>\r\n Registernummer: HRB 78781<br \/>\r\nUmsatzsteuer-Identifikationsnummer gem\u00e4\u00df \u00a7 27 a UStG: DE813142743<\/p>\r\n<\/div>\r\n<\/div>\r\n\r\n\r\n<div class=\"row\">\r\n<div class=\"large-12 columns\">\r\n\r\n<h2>MAXQDA Blog<\/h2>\r\n<p>Verantwortlich im Sinne des \u00a7 55 Abs. 2 RStV: Isabel Kuckartz (Gesch\u00e4ftsf\u00fchrerin)<br \/>\r\nInvalidenstra\u00dfe 74, 10557 Berlin<br \/>\r\nTel.: +49 (0)30 206 22 59 \u2013 22<br \/>\r\nE-Mail: <a href=\"mailto:cs@maxqda.com\">cs@maxqda.com<\/a>\r\n<\/p>\r\n\r\n\t\r\n<h2>Urheberrecht<\/h2>\r\n<p>Die auf dieser Website eingebundenen Bilder d\u00fcrfen nicht ohne vorherige schriftliche Zustimmung von VERBI verwendet werden. Auf den Websites enthaltene Bilder unterliegen teilweise dem Urheberrecht Dritter. Soweit die Inhalte auf dieser Seite nicht vom Betreiber erstellt wurden, werden die Urheberrechte Dritter beachtet. Insbesondere werden Inhalte Dritter als solche gekennzeichnet. Sollten Sie trotzdem auf eine Urheberrechtsverletzung aufmerksam werden, bitten wir um einen entsprechenden Hinweis. Bei Bekanntwerden von Rechtsverletzungen werden wir derartige Inhalte umgehend entfernen.<\/p>\r\n\r\n<p><strong>Haftungsausschluss f\u00fcr Links<\/strong><\/p>\r\n\r\n<p>Unsere Website enth\u00e4lt Links zu externen Webseiten Dritter, auf deren Inhalte wir keinen Einfluss haben und f\u00fcr die wir keine Gew\u00e4hr \u00fcbernehmen. Wir \u00fcbernehmen keine Verantwortung f\u00fcr die Inhalte verlinkter Seiten, da diese au\u00dferhalb unseres Einflusses liegen. Der jeweilige Betreiber ist f\u00fcr die Inhalte verantwortlich. Zum Zeitpunkt der Verlinkung waren keine rechtswidrigen Inhalte erkennbar. Eine st\u00e4ndige \u00dcberpr\u00fcfung dieser Seiten ohne klare Hinweise auf Rechtsverst\u00f6\u00dfe ist nicht m\u00f6glich. Sollten Rechtsverletzungen bekannt werden, werden solche Links sofort entfernt.<\/p>\r\n\t\r\n\r\n\t<\/div>\r\n<\/div>\r\n<div class=\"row\">\r\n<div class=\"large-12 columns\">\r\n<h3>Open Source Software<\/h3>\r\n<p><a href=\"https:\/\/www.maxqda.com\/open-source-software\">Informationen zu in MAXQDA verwendeter Open Source Software<\/a>.<\/p>\r\n<\/div>\r\n<\/div>","protected":false},"excerpt":{"rendered":"<p>Anschrift und Kontaktdaten: VERBI &#8211; Software. Consult. Sozialforschung. GmbH Invalidenstra\u00dfe 74 10557 Berlin Tel.: +49 (0)30 206 22 59 \u2013 22 E-Mail: info@maxqda.com Gesch\u00e4ftsf\u00fchrung: Anne Kuckartz, Isabel Kuckartz Registergericht: Amtsgericht Berlin Charlottenburg Registernummer: HRB 78781 Umsatzsteuer-Identifikationsnummer gem\u00e4\u00df \u00a7 27 a UStG: DE813142743 MAXQDA Blog Verantwortlich im Sinne des \u00a7 55 Abs. 2 RStV: Isabel Kuckartz [&hellip;]<\/p>\n","protected":false},"author":1,"featured_media":121894,"parent":0,"menu_order":195,"comment_status":"closed","ping_status":"closed","template":"custom-page-header.php","meta":{"_acf_changed":false,"_relevanssi_hide_post":"","_relevanssi_hide_content":"","_relevanssi_pin_for_all":"","_relevanssi_pin_keywords":"","_relevanssi_unpin_keywords":"","_relevanssi_related_keywords":"","_relevanssi_related_include_ids":"","_relevanssi_related_exclude_ids":"","_relevanssi_related_no_append":"","_relevanssi_related_not_related":"","_relevanssi_related_posts":"","_relevanssi_noindex_reason":"","footnotes":""},"class_list":["post-45","page","type-page","status-publish","has-post-thumbnail","hentry"],"acf":[],"yoast_head":"<!-- This site is optimized with the Yoast SEO Premium plugin v27.1 (Yoast SEO v27.1.1) - https:\/\/yoast.com\/product\/yoast-seo-premium-wordpress\/ -->\n<title>MAXQDA | Impressum VERBI Software Consult GmbH<\/title>\n<meta name=\"description\" content=\"Impressum VERBI Software GmbH. Pflichtangaben nach \u00a7 5 Telemediengesetz (TMG) sowie \u00a7 55 Staatsvertrag f\u00fcr Rundfunk und Telemedien.\u00a0\" \/>\n<meta name=\"robots\" content=\"index, follow, max-snippet:-1, max-image-preview:large, max-video-preview:-1\" \/>\n<link rel=\"canonical\" href=\"https:\/\/www.maxqda.com\/de\/impressum\" \/>\n<meta property=\"og:locale\" content=\"de_DE\" \/>\n<meta property=\"og:type\" content=\"article\" \/>\n<meta property=\"og:title\" content=\"MAXQDA | Impressum VERBI Software Consult GmbH\" \/>\n<meta property=\"og:description\" content=\"Impressum der VERBI Software GmbH. Pflichtangaben nach \u00a7 5 Telemediengesetz (TMG) sowie \u00a7 55 Staatsvertrag f\u00fcr Rundfunk und Telemedien.\u00a0\" \/>\n<meta property=\"og:url\" content=\"https:\/\/www.maxqda.com\/de\/impressum\" \/>\n<meta property=\"og:site_name\" content=\"MAXQDA\" \/>\n<meta property=\"article:publisher\" content=\"https:\/\/www.facebook.com\/MAXQDA\/\" \/>\n<meta property=\"article:modified_time\" content=\"2024-02-14T09:42:05+00:00\" \/>\n<meta property=\"og:image\" content=\"https:\/\/www.maxqda.com\/de\/wp\/wp-content\/uploads\/sites\/1\/MAXQDA-Die-1-Software-fuer-qualitative-und-Mixed-Methods-Datenanalyse.png\" \/>\n\t<meta property=\"og:image:width\" content=\"1200\" \/>\n\t<meta property=\"og:image:height\" content=\"630\" \/>\n\t<meta property=\"og:image:type\" content=\"image\/png\" \/>\n<meta name=\"twitter:card\" content=\"summary_large_image\" \/>\n<meta name=\"twitter:title\" content=\"MAXQDA | Impressum VERBI Software Consult GmbH\" \/>\n<meta name=\"twitter:description\" content=\"Impressum der VERBI Software GmbH. Pflichtangaben nach \u00a7 5 Telemediengesetz (TMG) sowie \u00a7 55 Staatsvertrag f\u00fcr Rundfunk und Telemedien.\u00a0\" \/>\n<meta name=\"twitter:site\" content=\"@VerbiSoftware\" \/>\n<meta name=\"twitter:label1\" content=\"Gesch\u00e4tzte Lesezeit\" \/>\n\t<meta name=\"twitter:data1\" content=\"2\u00a0Minuten\" \/>\n<script type=\"application\/ld+json\" class=\"yoast-schema-graph\">{\"@context\":\"https:\/\/schema.org\",\"@graph\":[{\"@type\":\"WebPage\",\"@id\":\"https:\/\/www.maxqda.com\/de\/impressum\",\"url\":\"https:\/\/www.maxqda.com\/de\/impressum\",\"name\":\"MAXQDA | Impressum VERBI Software Consult GmbH\",\"isPartOf\":{\"@id\":\"https:\/\/www.maxqda.com\/de\/#website\"},\"primaryImageOfPage\":{\"@id\":\"https:\/\/www.maxqda.com\/de\/impressum#primaryimage\"},\"image\":{\"@id\":\"https:\/\/www.maxqda.com\/de\/impressum#primaryimage\"},\"thumbnailUrl\":\"https:\/\/www.maxqda.com\/de\/wp\/wp-content\/uploads\/sites\/1\/MAXQDA-Logo-MQ.jpg\",\"datePublished\":\"2008-01-29T00:46:46+00:00\",\"dateModified\":\"2024-02-14T09:42:05+00:00\",\"description\":\"Impressum VERBI Software GmbH. Pflichtangaben nach \u00a7 5 Telemediengesetz (TMG) sowie \u00a7 55 Staatsvertrag f\u00fcr Rundfunk und Telemedien.\u00a0\",\"breadcrumb\":{\"@id\":\"https:\/\/www.maxqda.com\/de\/impressum#breadcrumb\"},\"inLanguage\":\"de\",\"potentialAction\":[{\"@type\":\"ReadAction\",\"target\":[\"https:\/\/www.maxqda.com\/de\/impressum\"]}]},{\"@type\":\"ImageObject\",\"inLanguage\":\"de\",\"@id\":\"https:\/\/www.maxqda.com\/de\/impressum#primaryimage\",\"url\":\"https:\/\/www.maxqda.com\/de\/wp\/wp-content\/uploads\/sites\/1\/MAXQDA-Logo-MQ.jpg\",\"contentUrl\":\"https:\/\/www.maxqda.com\/de\/wp\/wp-content\/uploads\/sites\/1\/MAXQDA-Logo-MQ.jpg\",\"width\":825,\"height\":825,\"caption\":\"MAXQDA Logo\"},{\"@type\":\"BreadcrumbList\",\"@id\":\"https:\/\/www.maxqda.com\/de\/impressum#breadcrumb\",\"itemListElement\":[{\"@type\":\"ListItem\",\"position\":1,\"name\":\"Startseite\",\"item\":\"https:\/\/www.maxqda.com\/de\/\"},{\"@type\":\"ListItem\",\"position\":2,\"name\":\"Impressum\"}]},{\"@type\":\"WebSite\",\"@id\":\"https:\/\/www.maxqda.com\/de\/#website\",\"url\":\"https:\/\/www.maxqda.com\/de\/\",\"name\":\"MAXQDA\",\"description\":\"\",\"publisher\":{\"@id\":\"https:\/\/www.maxqda.com\/de\/#organization\"},\"potentialAction\":[{\"@type\":\"SearchAction\",\"target\":{\"@type\":\"EntryPoint\",\"urlTemplate\":\"https:\/\/www.maxqda.com\/de\/?s={search_term_string}\"},\"query-input\":{\"@type\":\"PropertyValueSpecification\",\"valueRequired\":true,\"valueName\":\"search_term_string\"}}],\"inLanguage\":\"de\"},{\"@type\":\"Organization\",\"@id\":\"https:\/\/www.maxqda.com\/de\/#organization\",\"name\":\"MAXQDA\",\"url\":\"https:\/\/www.maxqda.com\/de\/\",\"logo\":{\"@type\":\"ImageObject\",\"inLanguage\":\"de\",\"@id\":\"https:\/\/www.maxqda.com\/de\/#\/schema\/logo\/image\/\",\"url\":\"https:\/\/www.maxqda.com\/de\/wp\/wp-content\/uploads\/sites\/1\/MAXQDA-Logo.png\",\"contentUrl\":\"https:\/\/www.maxqda.com\/de\/wp\/wp-content\/uploads\/sites\/1\/MAXQDA-Logo.png\",\"width\":\"1000\",\"height\":\"200\",\"caption\":\"MAXQDA\"},\"image\":{\"@id\":\"https:\/\/www.maxqda.com\/de\/#\/schema\/logo\/image\/\"},\"sameAs\":[\"https:\/\/www.facebook.com\/MAXQDA\/\",\"https:\/\/x.com\/VerbiSoftware\",\"https:\/\/www.instagram.com\/maxqda\/\",\"https:\/\/www.youtube.com\/user\/MAXQDA\"]}]}<\/script>\n<!-- \/ Yoast SEO Premium plugin. -->","yoast_head_json":{"title":"MAXQDA | Impressum VERBI Software Consult GmbH","description":"Impressum VERBI Software GmbH. Pflichtangaben nach \u00a7 5 Telemediengesetz (TMG) sowie \u00a7 55 Staatsvertrag f\u00fcr Rundfunk und Telemedien.\u00a0","robots":{"index":"index","follow":"follow","max-snippet":"max-snippet:-1","max-image-preview":"max-image-preview:large","max-video-preview":"max-video-preview:-1"},"canonical":"https:\/\/www.maxqda.com\/de\/impressum","og_locale":"de_DE","og_type":"article","og_title":"MAXQDA | Impressum VERBI Software Consult GmbH","og_description":"Impressum der VERBI Software GmbH. Pflichtangaben nach \u00a7 5 Telemediengesetz (TMG) sowie \u00a7 55 Staatsvertrag f\u00fcr Rundfunk und Telemedien.\u00a0","og_url":"https:\/\/www.maxqda.com\/de\/impressum","og_site_name":"MAXQDA","article_publisher":"https:\/\/www.facebook.com\/MAXQDA\/","article_modified_time":"2024-02-14T09:42:05+00:00","og_image":[{"width":1200,"height":630,"url":"https:\/\/www.maxqda.com\/de\/wp\/wp-content\/uploads\/sites\/1\/MAXQDA-Die-1-Software-fuer-qualitative-und-Mixed-Methods-Datenanalyse.png","type":"image\/png"}],"twitter_card":"summary_large_image","twitter_title":"MAXQDA | Impressum VERBI Software Consult GmbH","twitter_description":"Impressum der VERBI Software GmbH. Pflichtangaben nach \u00a7 5 Telemediengesetz (TMG) sowie \u00a7 55 Staatsvertrag f\u00fcr Rundfunk und Telemedien.\u00a0","twitter_site":"@VerbiSoftware","twitter_misc":{"Gesch\u00e4tzte Lesezeit":"2\u00a0Minuten"},"schema":{"@context":"https:\/\/schema.org","@graph":[{"@type":"WebPage","@id":"https:\/\/www.maxqda.com\/de\/impressum","url":"https:\/\/www.maxqda.com\/de\/impressum","name":"MAXQDA | Impressum VERBI Software Consult GmbH","isPartOf":{"@id":"https:\/\/www.maxqda.com\/de\/#website"},"primaryImageOfPage":{"@id":"https:\/\/www.maxqda.com\/de\/impressum#primaryimage"},"image":{"@id":"https:\/\/www.maxqda.com\/de\/impressum#primaryimage"},"thumbnailUrl":"https:\/\/www.maxqda.com\/de\/wp\/wp-content\/uploads\/sites\/1\/MAXQDA-Logo-MQ.jpg","datePublished":"2008-01-29T00:46:46+00:00","dateModified":"2024-02-14T09:42:05+00:00","description":"Impressum VERBI Software GmbH. Pflichtangaben nach \u00a7 5 Telemediengesetz (TMG) sowie \u00a7 55 Staatsvertrag f\u00fcr Rundfunk und Telemedien.\u00a0","breadcrumb":{"@id":"https:\/\/www.maxqda.com\/de\/impressum#breadcrumb"},"inLanguage":"de","potentialAction":[{"@type":"ReadAction","target":["https:\/\/www.maxqda.com\/de\/impressum"]}]},{"@type":"ImageObject","inLanguage":"de","@id":"https:\/\/www.maxqda.com\/de\/impressum#primaryimage","url":"https:\/\/www.maxqda.com\/de\/wp\/wp-content\/uploads\/sites\/1\/MAXQDA-Logo-MQ.jpg","contentUrl":"https:\/\/www.maxqda.com\/de\/wp\/wp-content\/uploads\/sites\/1\/MAXQDA-Logo-MQ.jpg","width":825,"height":825,"caption":"MAXQDA Logo"},{"@type":"BreadcrumbList","@id":"https:\/\/www.maxqda.com\/de\/impressum#breadcrumb","itemListElement":[{"@type":"ListItem","position":1,"name":"Startseite","item":"https:\/\/www.maxqda.com\/de\/"},{"@type":"ListItem","position":2,"name":"Impressum"}]},{"@type":"WebSite","@id":"https:\/\/www.maxqda.com\/de\/#website","url":"https:\/\/www.maxqda.com\/de\/","name":"MAXQDA","description":"","publisher":{"@id":"https:\/\/www.maxqda.com\/de\/#organization"},"potentialAction":[{"@type":"SearchAction","target":{"@type":"EntryPoint","urlTemplate":"https:\/\/www.maxqda.com\/de\/?s={search_term_string}"},"query-input":{"@type":"PropertyValueSpecification","valueRequired":true,"valueName":"search_term_string"}}],"inLanguage":"de"},{"@type":"Organization","@id":"https:\/\/www.maxqda.com\/de\/#organization","name":"MAXQDA","url":"https:\/\/www.maxqda.com\/de\/","logo":{"@type":"ImageObject","inLanguage":"de","@id":"https:\/\/www.maxqda.com\/de\/#\/schema\/logo\/image\/","url":"https:\/\/www.maxqda.com\/de\/wp\/wp-content\/uploads\/sites\/1\/MAXQDA-Logo.png","contentUrl":"https:\/\/www.maxqda.com\/de\/wp\/wp-content\/uploads\/sites\/1\/MAXQDA-Logo.png","width":"1000","height":"200","caption":"MAXQDA"},"image":{"@id":"https:\/\/www.maxqda.com\/de\/#\/schema\/logo\/image\/"},"sameAs":["https:\/\/www.facebook.com\/MAXQDA\/","https:\/\/x.com\/VerbiSoftware","https:\/\/www.instagram.com\/maxqda\/","https:\/\/www.youtube.com\/user\/MAXQDA"]}]}},"_links":{"self":[{"href":"https:\/\/www.maxqda.com\/de\/wp-json\/wp\/v2\/pages\/45","targetHints":{"allow":["GET"]}}],"collection":[{"href":"https:\/\/www.maxqda.com\/de\/wp-json\/wp\/v2\/pages"}],"about":[{"href":"https:\/\/www.maxqda.com\/de\/wp-json\/wp\/v2\/types\/page"}],"author":[{"embeddable":true,"href":"https:\/\/www.maxqda.com\/de\/wp-json\/wp\/v2\/users\/1"}],"replies":[{"embeddable":true,"href":"https:\/\/www.maxqda.com\/de\/wp-json\/wp\/v2\/comments?post=45"}],"version-history":[{"count":0,"href":"https:\/\/www.maxqda.com\/de\/wp-json\/wp\/v2\/pages\/45\/revisions"}],"wp:featuredmedia":[{"embeddable":true,"href":"https:\/\/www.maxqda.com\/de\/wp-json\/wp\/v2\/media\/121894"}],"wp:attachment":[{"href":"https:\/\/www.maxqda.com\/de\/wp-json\/wp\/v2\/media?parent=45"}],"curies":[{"name":"wp","href":"https:\/\/api.w.org\/{rel}","templated":true}]}}