{"id":39343,"date":"2019-01-21T13:48:35","date_gmt":"2019-01-21T12:48:35","guid":{"rendered":"https:\/\/www.maxqda.de\/?page_id=39343"},"modified":"2026-01-30T12:07:39","modified_gmt":"2026-01-30T11:07:39","slug":"verbi-software","status":"publish","type":"page","link":"https:\/\/www.maxqda.com\/de\/kontakt\/verbi-software","title":{"rendered":"VERBI Software Kontakt"},"content":{"rendered":"<div class=\"large-10 small-12 columns large-centered text-center\">\r\n\r\n<h4>Sie haben Fragen zu MAXQDA-Produkten, den Lizenzoptionen oder Ihrem Abonnement? Kontaktieren Sie unseren Customer Service gerne \u00fcber das Kontaktformular oder direkt telefonisch. <br><br> Wir sind erreichbar von Montag \u2013 Freitag von 9.00 &#8211; 17.00 Uhr (MEZ).<\/h4>\r\n<\/div><br>\t\r\n\r\n<div class=\"row\">\r\n<div style=\"margin-top: 50px;\" data-equalizer>\r\n\t\r\n        <div class=\"telbox\" data-equalizer-watch>\r\n\t\t\r\n            <h3 class=\"text-center\">MAXQDA Customer Service kontaktieren<br \/><\/h3>\r\n\t\t\t\r\n\t\t\t<div>\r\n\t\t\t\t<select id=\"servicePhone-select\" class=\"left large-6 small-12\" onchange=\"changeServicePhone(this)\" >\r\n\t\t\t\t\t\t\t<option value=\"+49 (0) 30 206 225 922\">Deutschland<\/option>\r\n\t\t\t\t\t\t\t<option value=\"+43 (0) 720 815 832\">Austria<\/option>\r\n\t\t\t\t\t\t\t<option value=\"+41 (0) 435 006 258\">Switzerland<\/option>\r\n\t\t\t\t\t\t\t<option value=\"+31 (0) 202 082 195\">Netherlands<\/option>\r\n\t\t\t\t\t\t\t<option value=\"+44 (0) 207 660 2850\">United Kingdom<\/option>\r\n\t\t\t\t\t\t\t<option value=\"+353 (0) 1 533 9952\">Ireland<\/option> \r\n\t\t\t\t<\/select> \r\n\r\n\t\t<a href=\"tel:+49 (0) 30 206 225 922\"  id=\"servicePhone-display\" style=\"padding:0;\" class=\"contact-tel contact-tel-green\"> +49 (0) 30 206 225 922<\/a>\r\n\t\t\t<\/div><\/div>\r\n\r\n\t\r\n\t\t<!--<div class=\"box-50\" data-equalizer-watch>\r\n\t\t\t<div class=\"whatsapp-wrapper\" style=\"display: flex; justify-content: center; height:100%\" >\r\n\t<div class=\"whatsapp\">\r\n\t<div>\r\n\t<img decoding=\"async\" src=\"data:image\/svg+xml;base64,PHN2ZyB3aWR0aD0iMzYwIiBoZWlnaHQ9IjM2MiIgdmlld0JveD0iMCAwIDM2MCAzNjIiIGZpbGw9Im5vbmUiIHhtbG5zPSJodHRwOi8vd3d3LnczLm9yZy8yMDAwL3N2ZyI+CjxwYXRoIGZpbGwtcnVsZT0iZXZlbm9kZCIgY2xpcC1ydWxlPSJldmVub2RkIiBkPSJNMzA3LjU0NiA1Mi41NjU1QzI3My43MDkgMTguNjg1IDIyOC43MDYgMC4wMTcxODk1IDE4MC43NTYgMEM4MS45NTEgMCAxLjUzODQ2IDgwLjQwNCAxLjUwNDA4IDE3OS4yMzVDMS40ODY4OSAyMTAuODI5IDkuNzQ2NDYgMjQxLjY2NyAyNS40MzE5IDI2OC44NDRMMCAzNjEuNzM2TDk1LjAyMzYgMzM2LjgxMUMxMjEuMjAzIDM1MS4wOTYgMTUwLjY4MyAzNTguNjE2IDE4MC42NzkgMzU4LjYyNUgxODAuNzU2QzI3OS41NDQgMzU4LjYyNSAzNTkuOTY2IDI3OC4yMTIgMzYwIDE3OS4zODFDMzYwLjAxNyAxMzEuNDgzIDM0MS4zOTIgODYuNDU0NyAzMDcuNTQ2IDUyLjU3NDFWNTIuNTY1NVpNMTgwLjc1NiAzMjguMzU0SDE4MC42OTZDMTUzLjk2NiAzMjguMzQ2IDEyNy43NDQgMzIxLjE2IDEwNC44NjUgMzA3LjU4OUw5OS40MjQyIDMwNC4zNThMNDMuMDM0IDMxOS4xNDlMNTguMDgzNCAyNjQuMTY4TDU0LjU0MjMgMjU4LjUzQzM5LjYzMDQgMjM0LjgwOSAzMS43NDkgMjA3LjM5MSAzMS43NjYyIDE3OS4yNDRDMzEuODAwNiA5Ny4xMDM2IDk4LjYzMzQgMzAuMjcwNyAxODAuODE3IDMwLjI3MDdDMjIwLjYxIDMwLjI4NzkgMjU4LjAxNSA0NS44MDE1IDI4Ni4xNDUgNzMuOTY2NUMzMTQuMjc2IDEwMi4xMjMgMzI5Ljc1NSAxMzkuNTYyIDMyOS43MzggMTc5LjM2NEMzMjkuNzAzIDI2MS41MTMgMjYyLjg3MSAzMjguMzQ2IDE4MC43NTYgMzI4LjM0NlYzMjguMzU0Wk0yNjIuNDc1IDIxNi43NzdDMjU3Ljk5NyAyMTQuNTM0IDIzNS45NzggMjAzLjcwNCAyMzEuODY5IDIwMi4yMDlDMjI3Ljc2MSAyMDAuNzEzIDIyNC43NzkgMTk5Ljk2NiAyMjEuNzk2IDIwNC40NTJDMjE4LjgxNCAyMDguOTM5IDIxMC4yMjggMjE5LjAyOSAyMDcuNjE1IDIyMi4wMTFDMjA1LjAwMiAyMjUuMDAyIDIwMi4zODkgMjI1LjM3MiAxOTcuOTExIDIyMy4xMjhDMTkzLjQzNCAyMjAuODg1IDE3OS4wMDMgMjE2LjE1OCAxNjEuODkxIDIwMC45MDJDMTQ4LjU3OCAxODkuMDI0IDEzOS41ODcgMTc0LjM2MiAxMzYuOTc1IDE2OS44NzVDMTM0LjM2MiAxNjUuMzg5IDEzNi43IDE2Mi45NjUgMTM4LjkzNCAxNjAuNzM5QzE0MC45NDUgMTU4LjcyOCAxNDMuNDEyIDE1NS41MDUgMTQ1LjY1NSAxNTIuODkyQzE0Ny44OTkgMTUwLjI3OSAxNDguNjM4IDE0OC40MDYgMTUwLjEzMyAxNDUuNDIzQzE1MS42MjkgMTQyLjQzMiAxNTAuODgxIDEzOS44MiAxNDkuNzY0IDEzNy41NzZDMTQ4LjY0NiAxMzUuMzMzIDEzOS42OTEgMTEzLjI4NyAxMzUuOTUyIDEwNC4zMjNDMTMyLjMxNiA5NS41OTA5IDEyOC42MjEgOTYuNzc3IDEyNS44NzkgOTYuNjMwOUMxMjMuMjY2IDk2LjUwMTkgMTIwLjI4NCA5Ni40NzYyIDExNy4yOTMgOTYuNDc2MkMxMTQuMzAyIDk2LjQ3NjIgMTA5LjQ1NCA5Ny41OTM1IDEwNS4zNDYgMTAyLjA4QzEwMS4yMzggMTA2LjU2NiA4OS42NjkxIDExNy40MDQgODkuNjY5MSAxMzkuNDQxQzg5LjY2OTEgMTYxLjQ3OCAxMDUuNzE2IDE4Mi43ODUgMTA3Ljk1OSAxODUuNzc2QzExMC4yMDIgMTg4Ljc2NyAxMzkuNTQ0IDIzNC4wMDEgMTg0LjQ2OSAyNTMuNDA4QzE5NS4xNTMgMjU4LjAyMyAyMDMuNDk4IDI2MC43ODIgMjEwLjAwNCAyNjIuODQ1QzIyMC43MzEgMjY2LjI1NyAyMzAuNDk0IDI2NS43NzYgMjM4LjIxMiAyNjQuNjI0QzI0Ni44MTYgMjYzLjMzNSAyNjQuNzEgMjUzLjc4NiAyNjguNDQgMjQzLjMyNkMyNzIuMTcgMjMyLjg2NiAyNzIuMTcgMjIzLjg5MyAyNzEuMDUzIDIyMi4wMjhDMjY5LjkzNiAyMjAuMTYzIDI2Ni45NDUgMjE5LjAzNyAyNjIuNDY3IDIxNi43OTRMMjYyLjQ3NSAyMTYuNzc3WiIgZmlsbD0iIzI1RDM2NiIvPgo8L3N2Zz4K\" alt=\"SVG Image\" \/>\r\n\t\r\n\t<div>\r\n\t\t<h3>WhatsApp<\/h3>\r\n\t\t<p>Sie k\u00f6nnen auch unser Support- und Vertriebsteam \u00fcber WhatsApp Chat Mo-Fr von 9-17 Uhr kontaktieren.<\/p>\r\n\t<\/div>\r\n\t<\/div>\r\n\t<a href=\"https:\/\/wa.me\/+491746968773\">+49 174 6968773<\/a>\r\n\t\r\n<\/div>\r\n<\/div>\r\n\r\n\t\t\r\n\t\t<\/div> -->\r\n\t\t\t\r\n<\/div>\r\n\t\t\r\n\t\t<\/div>\r\n\t\t<div class=\"row\">\r\n <div class=\"large-10 large-centered columns margin-top-40\">\r\n\r\n<p>K\u00f6nnen Sie Ihre Lizenz nicht aktivieren oder MAXQDA nicht starten, dann kontaktieren Sie bitte unseren <a href=\"https:\/\/help.maxqda.com\/de\/support\/tickets\/new?ticket_form=zum_lizenzsupport\">technischen Support<\/a>.\r\nWenn Sie Fragen zur Software MAXQDA oder Ihrem Projekt haben, dann wenden Sie sich gerne an unseren <a href=\"https:\/\/www.maxqda.com\/de\/funktionssupport\">MAXQDA Support<\/a>.\r\n<\/p>\r\n<\/div>\r\n<\/div>\r\n\r\n\r\n<h2 class=\"text-center\">FAQ<\/h2>\r\n\t\r\n\t<div data-equalizer data-equalize-on=\"large\" class=\"row\">\t\r\n\t\r\n\t\t<div class=\"large-4 small-12 columns\" data-equalizer-watch>\r\n\t\t\t<div class=\"box-white\">\r\n\t\t\t\t<h2>Angebote und Abonnements<\/h2>\r\n\t\t\t\t<ul>\r\n\t\t\t\t\t<li><a class=\"link-icon\" href=\"https:\/\/www.maxqda.com\/de\/angebot\">Wie erhalte ich ein Angebot?<\/a><\/li>\r\n\t\t\t\t\t<li><a class=\"link-icon\" href=\"https:\/\/www.maxqda.com\/de\/faq\/wie-kann-ich-mein-abonnement-verwalten\">Wie verwalte ich mein Abonnement?<\/a><\/li>\r\n\t\t\t\t\t<li><a class=\"link-icon\" href=\"https:\/\/www.maxqda.com\/de\/faq\/wie-unterscheiden-sich-die-lizenzarten-single-user-portabel-netzwerk\">Was ist der Unterschied zwischen einer Single-User und einer Netzwerklizenz<\/a><\/li>\r\n\t\t\t\t\t<li><a class=\"link-icon\" href=\"https:\/\/help.maxqda.com\/de\/support\/solutions\/articles\/80001142768\">Wann erhalte ich die Studierendenlizenz?<\/a><\/li>\r\n\t\t\t\t<\/ul>\r\n\t\t\t\t<a class=\"button button-orange\" href=\"https:\/\/help.maxqda.com\/de\/support\/solutions\/folders\/80000719600\">Mehr<\/a>\r\n\t\t\t<\/div>\r\n\t\t<\/div>\r\n\r\n\t\t<div class=\"large-4 small-12 columns\" data-equalizer-watch>\r\n\t\t\t<div class=\"box-white\">\r\n\t\t\t\t<h2>Upgrade MAXQDA<\/h2>\r\n\t\t\t\t<ul>\r\n\t\t\t\t\t<li><a class=\"link-icon\" href=\"https:\/\/www.maxqda.com\/de\/faq\/wie-wird-ein-update-auf-die-version-maxqda-24-durchgefuehrt\">Wie kann ich zur neusten Version von MAXQDA upgraden?<\/a><\/li>\r\n\t\t\t\t\t<li><a class=\"link-icon\" href=\"https:\/\/help.maxqda.com\/de\/support\/solutions\/articles\/80001135512\">Wo finde ich mein Pojekt?<\/a><\/li>\r\n\t\t\t\t\t<li><a class=\"link-icon\" href=\"https:\/\/www.maxqda.com\/de\/faq\/wie-kann-ich-meine-netzwerklizenz-auf-die-version-maxqda-24-aktualisieren\">Wie upgrade ich eine Netzwerklizenz?<\/a><\/li>\r\n\t\t\t\t<\/ul>\r\n\t\t\t\t<a class=\"button button-orange\" href=\"https:\/\/help.maxqda.com\/de\/support\/solutions\/folders\/80000718391\">Mehr<\/a>\r\n\t\t\t<\/div>\r\n\t\t<\/div>\r\n\r\n\t\t<div class=\"large-4 small-12 columns\" data-equalizer-watch>\r\n\t\t\t<div class=\"box-white\">\r\n\t\t\t\t<h2>AI &#038; Transkription<\/h2>\r\n\t\t\t\t<ul>\r\n\t\t\t\t\t<li><a class=\"link-icon\" href=\"https:\/\/www.maxqda.com\/de\/faq\/wie-aktiviere-ich-ai-assist\">Wie aktiviere ich AI Assist?<\/a><\/li>\r\n\t\t\t\t\t<li><a class=\"link-icon\" href=\"https:\/\/www.maxqda.com\/de\/faq\/wie-kann-ich-zusaetzliche-transkriptionszeit-minuten-kaufen\">Wie kaufe ich AI-Transkription?<\/a><\/li>\r\n\t\t\t\t\t<li><a class=\"link-icon\" href=\"https:\/\/help.maxqda.com\/de\/support\/solutions\/articles\/80001128264\">Wie unterscheiden sich AI Assist Free &#038; Premium?<\/a><\/li>\r\n\t\t\t\t\t<li><a class=\"link-icon\" href=\"https:\/\/help.maxqda.com\/de\/support\/solutions\/articles\/80001162201\">Wie kann ich Tailwind testen?<\/a><\/li>\r\n\t\t\t\t<\/ul>\r\n\t\t\t\t<a class=\"button button-orange\" href=\"https:\/\/help.maxqda.com\/de\/support\/solutions\/folders\/80000718353\">Mehr<\/a>\r\n\t\t\t<\/div>\r\n\t\t<\/div>\r\n\t<\/div>\r\n\r\n\r\n<hr>\r\n\r\n<div class=\"row\" style=\"margin-top:50px;\">\r\n<div class=\"large-8 large-centered columns\">\r\n<h2 id=\"verbiContactForm\">Kontakformular ausf\u00fcllen<\/h2>\r\n\r\n<p>Hier k\u00f6nnen Sie uns Ihre Fragen rund um den Erwerb von MAXQDA \u00fcbermitteln. <br>Wenn Sie bereits Kunde sind, dann nennen Sie uns bitte Ihre Seriennummer oder Ihre Cleverbridge Referenznummer.<\/p>\r\n<\/div>\r\n<\/div>\r\n\r\n\r\n<script>\r\n\t\tfunction changeServicePhone(selectObject) {\r\n  \t\t\tvar value = selectObject.value;  \r\n\t\t\t\t\r\n\t\t\tvar elem= document.getElementById(\"servicePhone-display\");\r\n\t\t\telem.href=\"tel:\" + value;\r\n\t\t\telem.innerHTML=value;\r\n\t\t\r\n\t\t}\r\n\t<\/script>","protected":false},"excerpt":{"rendered":"<p>Sie haben Fragen zu MAXQDA-Produkten, den Lizenzoptionen oder Ihrem Abonnement? Kontaktieren Sie unseren Customer Service gerne \u00fcber das Kontaktformular oder direkt telefonisch. Wir sind erreichbar von Montag \u2013 Freitag von 9.00 &#8211; 17.00 Uhr (MEZ). MAXQDA Customer Service kontaktieren Deutschland Austria Switzerland Netherlands United Kingdom Ireland +49 (0) 30 206 225 922 K\u00f6nnen Sie Ihre [&hellip;]<\/p>\n","protected":false},"author":5,"featured_media":121894,"parent":7378,"menu_order":0,"comment_status":"closed","ping_status":"closed","template":"tpl_kontakt.php","meta":{"_acf_changed":false,"_relevanssi_hide_post":"","_relevanssi_hide_content":"","_relevanssi_pin_for_all":"","_relevanssi_pin_keywords":"","_relevanssi_unpin_keywords":"","_relevanssi_related_keywords":"","_relevanssi_related_include_ids":"","_relevanssi_related_exclude_ids":"","_relevanssi_related_no_append":"","_relevanssi_related_not_related":"","_relevanssi_related_posts":"","_relevanssi_noindex_reason":"","footnotes":""},"class_list":["post-39343","page","type-page","status-publish","has-post-thumbnail","hentry"],"acf":[],"yoast_head":"<!-- This site is optimized with the Yoast SEO Premium plugin v27.1 (Yoast SEO v27.1.1) - https:\/\/yoast.com\/product\/yoast-seo-premium-wordpress\/ -->\n<title>VERBI Software Kontakt Customer Service<\/title>\n<meta name=\"description\" content=\"VERBI Software Kontakt: Wir stehen Ihnen gerne per E-Mail, Telefon oder Ticket zur Verf\u00fcgung und ein Mitglied unseres freundlichen Customer Service Teams wird sich in K\u00fcrze mit Ihnen in Verbindung setzen. Wir sind von Montag bis Freitag von 9:00 bis 17:00 Uhr (Berlin, Deutschland) ge\u00f6ffnet: cs@maxqda.com.\" \/>\n<meta name=\"robots\" content=\"index, follow, max-snippet:-1, max-image-preview:large, max-video-preview:-1\" \/>\n<link rel=\"canonical\" href=\"https:\/\/www.maxqda.com\/de\/kontakt\/verbi-software\" \/>\n<meta property=\"og:locale\" content=\"de_DE\" \/>\n<meta property=\"og:type\" content=\"article\" \/>\n<meta property=\"og:title\" content=\"VERBI Software Kontakt | MAXQDA Customer Service\" \/>\n<meta property=\"og:description\" content=\"VERBI Software kontaktieren: Wir stehen Ihnen gerne per E-Mail, Telefon, Fax oder E-Mail zur Verf\u00fcgung und ein Mitglied unseres freundlichen Customer Service Teams wird sich in K\u00fcrze mit Ihnen in Verbindung setzen. Wir sind von Montag bis Freitag von 9:30 bis 16:00 Uhr (Berlin, Deutschland) ge\u00f6ffnet: cs@maxqda.de oder +49 (0) 30 206 225 922.\" \/>\n<meta property=\"og:url\" content=\"https:\/\/www.maxqda.com\/de\/kontakt\/verbi-software\" \/>\n<meta property=\"og:site_name\" content=\"MAXQDA\" \/>\n<meta property=\"article:publisher\" content=\"https:\/\/www.facebook.com\/MAXQDA\/\" \/>\n<meta property=\"article:modified_time\" content=\"2026-01-30T11:07:39+00:00\" \/>\n<meta property=\"og:image\" content=\"https:\/\/www.maxqda.com\/de\/wp\/wp-content\/uploads\/sites\/1\/MAXQDA-Die-1-Software-fuer-qualitative-und-Mixed-Methods-Datenanalyse.png?_t=1769771262\" \/>\n\t<meta property=\"og:image:width\" content=\"1200\" \/>\n\t<meta property=\"og:image:height\" content=\"630\" \/>\n\t<meta property=\"og:image:type\" content=\"image\/png\" \/>\n<meta name=\"twitter:card\" content=\"summary_large_image\" \/>\n<meta name=\"twitter:title\" content=\"VERBI Software Kontakt | MAXQDA Customer Service\" \/>\n<meta name=\"twitter:description\" content=\"VERBI Software kontaktieren: Wir stehen Ihnen gerne per E-Mail, Telefon, Fax oder E-Mail zur Verf\u00fcgung und ein Mitglied unseres freundlichen Customer Service Teams...\" \/>\n<meta name=\"twitter:site\" content=\"@VerbiSoftware\" \/>\n<meta name=\"twitter:label1\" content=\"Gesch\u00e4tzte Lesezeit\" \/>\n\t<meta name=\"twitter:data1\" content=\"2\u00a0Minuten\" \/>\n<script type=\"application\/ld+json\" class=\"yoast-schema-graph\">{\"@context\":\"https:\/\/schema.org\",\"@graph\":[{\"@type\":\"WebPage\",\"@id\":\"https:\/\/www.maxqda.com\/de\/kontakt\/verbi-software\",\"url\":\"https:\/\/www.maxqda.com\/de\/kontakt\/verbi-software\",\"name\":\"VERBI Software Kontakt Customer Service\",\"isPartOf\":{\"@id\":\"https:\/\/www.maxqda.com\/de\/#website\"},\"primaryImageOfPage\":{\"@id\":\"https:\/\/www.maxqda.com\/de\/kontakt\/verbi-software#primaryimage\"},\"image\":{\"@id\":\"https:\/\/www.maxqda.com\/de\/kontakt\/verbi-software#primaryimage\"},\"thumbnailUrl\":\"https:\/\/www.maxqda.com\/de\/wp\/wp-content\/uploads\/sites\/1\/MAXQDA-Logo-MQ.jpg\",\"datePublished\":\"2019-01-21T12:48:35+00:00\",\"dateModified\":\"2026-01-30T11:07:39+00:00\",\"description\":\"VERBI Software Kontakt: Wir stehen Ihnen gerne per E-Mail, Telefon oder Ticket zur Verf\u00fcgung und ein Mitglied unseres freundlichen Customer Service Teams wird sich in K\u00fcrze mit Ihnen in Verbindung setzen. Wir sind von Montag bis Freitag von 9:00 bis 17:00 Uhr (Berlin, Deutschland) ge\u00f6ffnet: cs@maxqda.com.\",\"breadcrumb\":{\"@id\":\"https:\/\/www.maxqda.com\/de\/kontakt\/verbi-software#breadcrumb\"},\"inLanguage\":\"de\",\"potentialAction\":[{\"@type\":\"ReadAction\",\"target\":[\"https:\/\/www.maxqda.com\/de\/kontakt\/verbi-software\"]}]},{\"@type\":\"ImageObject\",\"inLanguage\":\"de\",\"@id\":\"https:\/\/www.maxqda.com\/de\/kontakt\/verbi-software#primaryimage\",\"url\":\"https:\/\/www.maxqda.com\/de\/wp\/wp-content\/uploads\/sites\/1\/MAXQDA-Logo-MQ.jpg\",\"contentUrl\":\"https:\/\/www.maxqda.com\/de\/wp\/wp-content\/uploads\/sites\/1\/MAXQDA-Logo-MQ.jpg\",\"width\":825,\"height\":825,\"caption\":\"MAXQDA Logo\"},{\"@type\":\"BreadcrumbList\",\"@id\":\"https:\/\/www.maxqda.com\/de\/kontakt\/verbi-software#breadcrumb\",\"itemListElement\":[{\"@type\":\"ListItem\",\"position\":1,\"name\":\"Startseite\",\"item\":\"https:\/\/www.maxqda.com\/de\/\"},{\"@type\":\"ListItem\",\"position\":2,\"name\":\"MAXQDA Kontakt\",\"item\":\"https:\/\/www.maxqda.com\/de\/kontakt\"},{\"@type\":\"ListItem\",\"position\":3,\"name\":\"VERBI Software Kontakt\"}]},{\"@type\":\"WebSite\",\"@id\":\"https:\/\/www.maxqda.com\/de\/#website\",\"url\":\"https:\/\/www.maxqda.com\/de\/\",\"name\":\"MAXQDA\",\"description\":\"\",\"publisher\":{\"@id\":\"https:\/\/www.maxqda.com\/de\/#organization\"},\"potentialAction\":[{\"@type\":\"SearchAction\",\"target\":{\"@type\":\"EntryPoint\",\"urlTemplate\":\"https:\/\/www.maxqda.com\/de\/?s={search_term_string}\"},\"query-input\":{\"@type\":\"PropertyValueSpecification\",\"valueRequired\":true,\"valueName\":\"search_term_string\"}}],\"inLanguage\":\"de\"},{\"@type\":\"Organization\",\"@id\":\"https:\/\/www.maxqda.com\/de\/#organization\",\"name\":\"MAXQDA\",\"url\":\"https:\/\/www.maxqda.com\/de\/\",\"logo\":{\"@type\":\"ImageObject\",\"inLanguage\":\"de\",\"@id\":\"https:\/\/www.maxqda.com\/de\/#\/schema\/logo\/image\/\",\"url\":\"https:\/\/www.maxqda.com\/de\/wp\/wp-content\/uploads\/sites\/1\/MAXQDA-Logo.png\",\"contentUrl\":\"https:\/\/www.maxqda.com\/de\/wp\/wp-content\/uploads\/sites\/1\/MAXQDA-Logo.png\",\"width\":\"1000\",\"height\":\"200\",\"caption\":\"MAXQDA\"},\"image\":{\"@id\":\"https:\/\/www.maxqda.com\/de\/#\/schema\/logo\/image\/\"},\"sameAs\":[\"https:\/\/www.facebook.com\/MAXQDA\/\",\"https:\/\/x.com\/VerbiSoftware\",\"https:\/\/www.instagram.com\/maxqda\/\",\"https:\/\/www.youtube.com\/user\/MAXQDA\"]}]}<\/script>\n<!-- \/ Yoast SEO Premium plugin. -->","yoast_head_json":{"title":"VERBI Software Kontakt Customer Service","description":"VERBI Software Kontakt: Wir stehen Ihnen gerne per E-Mail, Telefon oder Ticket zur Verf\u00fcgung und ein Mitglied unseres freundlichen Customer Service Teams wird sich in K\u00fcrze mit Ihnen in Verbindung setzen. Wir sind von Montag bis Freitag von 9:00 bis 17:00 Uhr (Berlin, Deutschland) ge\u00f6ffnet: cs@maxqda.com.","robots":{"index":"index","follow":"follow","max-snippet":"max-snippet:-1","max-image-preview":"max-image-preview:large","max-video-preview":"max-video-preview:-1"},"canonical":"https:\/\/www.maxqda.com\/de\/kontakt\/verbi-software","og_locale":"de_DE","og_type":"article","og_title":"VERBI Software Kontakt | MAXQDA Customer Service","og_description":"VERBI Software kontaktieren: Wir stehen Ihnen gerne per E-Mail, Telefon, Fax oder E-Mail zur Verf\u00fcgung und ein Mitglied unseres freundlichen Customer Service Teams wird sich in K\u00fcrze mit Ihnen in Verbindung setzen. Wir sind von Montag bis Freitag von 9:30 bis 16:00 Uhr (Berlin, Deutschland) ge\u00f6ffnet: cs@maxqda.de oder +49 (0) 30 206 225 922.","og_url":"https:\/\/www.maxqda.com\/de\/kontakt\/verbi-software","og_site_name":"MAXQDA","article_publisher":"https:\/\/www.facebook.com\/MAXQDA\/","article_modified_time":"2026-01-30T11:07:39+00:00","og_image":[{"width":1200,"height":630,"url":"https:\/\/www.maxqda.com\/de\/wp\/wp-content\/uploads\/sites\/1\/MAXQDA-Die-1-Software-fuer-qualitative-und-Mixed-Methods-Datenanalyse.png?_t=1769771262","type":"image\/png"}],"twitter_card":"summary_large_image","twitter_title":"VERBI Software Kontakt | MAXQDA Customer Service","twitter_description":"VERBI Software kontaktieren: Wir stehen Ihnen gerne per E-Mail, Telefon, Fax oder E-Mail zur Verf\u00fcgung und ein Mitglied unseres freundlichen Customer Service Teams...","twitter_site":"@VerbiSoftware","twitter_misc":{"Gesch\u00e4tzte Lesezeit":"2\u00a0Minuten"},"schema":{"@context":"https:\/\/schema.org","@graph":[{"@type":"WebPage","@id":"https:\/\/www.maxqda.com\/de\/kontakt\/verbi-software","url":"https:\/\/www.maxqda.com\/de\/kontakt\/verbi-software","name":"VERBI Software Kontakt Customer Service","isPartOf":{"@id":"https:\/\/www.maxqda.com\/de\/#website"},"primaryImageOfPage":{"@id":"https:\/\/www.maxqda.com\/de\/kontakt\/verbi-software#primaryimage"},"image":{"@id":"https:\/\/www.maxqda.com\/de\/kontakt\/verbi-software#primaryimage"},"thumbnailUrl":"https:\/\/www.maxqda.com\/de\/wp\/wp-content\/uploads\/sites\/1\/MAXQDA-Logo-MQ.jpg","datePublished":"2019-01-21T12:48:35+00:00","dateModified":"2026-01-30T11:07:39+00:00","description":"VERBI Software Kontakt: Wir stehen Ihnen gerne per E-Mail, Telefon oder Ticket zur Verf\u00fcgung und ein Mitglied unseres freundlichen Customer Service Teams wird sich in K\u00fcrze mit Ihnen in Verbindung setzen. Wir sind von Montag bis Freitag von 9:00 bis 17:00 Uhr (Berlin, Deutschland) ge\u00f6ffnet: cs@maxqda.com.","breadcrumb":{"@id":"https:\/\/www.maxqda.com\/de\/kontakt\/verbi-software#breadcrumb"},"inLanguage":"de","potentialAction":[{"@type":"ReadAction","target":["https:\/\/www.maxqda.com\/de\/kontakt\/verbi-software"]}]},{"@type":"ImageObject","inLanguage":"de","@id":"https:\/\/www.maxqda.com\/de\/kontakt\/verbi-software#primaryimage","url":"https:\/\/www.maxqda.com\/de\/wp\/wp-content\/uploads\/sites\/1\/MAXQDA-Logo-MQ.jpg","contentUrl":"https:\/\/www.maxqda.com\/de\/wp\/wp-content\/uploads\/sites\/1\/MAXQDA-Logo-MQ.jpg","width":825,"height":825,"caption":"MAXQDA Logo"},{"@type":"BreadcrumbList","@id":"https:\/\/www.maxqda.com\/de\/kontakt\/verbi-software#breadcrumb","itemListElement":[{"@type":"ListItem","position":1,"name":"Startseite","item":"https:\/\/www.maxqda.com\/de\/"},{"@type":"ListItem","position":2,"name":"MAXQDA Kontakt","item":"https:\/\/www.maxqda.com\/de\/kontakt"},{"@type":"ListItem","position":3,"name":"VERBI Software Kontakt"}]},{"@type":"WebSite","@id":"https:\/\/www.maxqda.com\/de\/#website","url":"https:\/\/www.maxqda.com\/de\/","name":"MAXQDA","description":"","publisher":{"@id":"https:\/\/www.maxqda.com\/de\/#organization"},"potentialAction":[{"@type":"SearchAction","target":{"@type":"EntryPoint","urlTemplate":"https:\/\/www.maxqda.com\/de\/?s={search_term_string}"},"query-input":{"@type":"PropertyValueSpecification","valueRequired":true,"valueName":"search_term_string"}}],"inLanguage":"de"},{"@type":"Organization","@id":"https:\/\/www.maxqda.com\/de\/#organization","name":"MAXQDA","url":"https:\/\/www.maxqda.com\/de\/","logo":{"@type":"ImageObject","inLanguage":"de","@id":"https:\/\/www.maxqda.com\/de\/#\/schema\/logo\/image\/","url":"https:\/\/www.maxqda.com\/de\/wp\/wp-content\/uploads\/sites\/1\/MAXQDA-Logo.png","contentUrl":"https:\/\/www.maxqda.com\/de\/wp\/wp-content\/uploads\/sites\/1\/MAXQDA-Logo.png","width":"1000","height":"200","caption":"MAXQDA"},"image":{"@id":"https:\/\/www.maxqda.com\/de\/#\/schema\/logo\/image\/"},"sameAs":["https:\/\/www.facebook.com\/MAXQDA\/","https:\/\/x.com\/VerbiSoftware","https:\/\/www.instagram.com\/maxqda\/","https:\/\/www.youtube.com\/user\/MAXQDA"]}]}},"_links":{"self":[{"href":"https:\/\/www.maxqda.com\/de\/wp-json\/wp\/v2\/pages\/39343","targetHints":{"allow":["GET"]}}],"collection":[{"href":"https:\/\/www.maxqda.com\/de\/wp-json\/wp\/v2\/pages"}],"about":[{"href":"https:\/\/www.maxqda.com\/de\/wp-json\/wp\/v2\/types\/page"}],"author":[{"embeddable":true,"href":"https:\/\/www.maxqda.com\/de\/wp-json\/wp\/v2\/users\/5"}],"replies":[{"embeddable":true,"href":"https:\/\/www.maxqda.com\/de\/wp-json\/wp\/v2\/comments?post=39343"}],"version-history":[{"count":8,"href":"https:\/\/www.maxqda.com\/de\/wp-json\/wp\/v2\/pages\/39343\/revisions"}],"predecessor-version":[{"id":131908,"href":"https:\/\/www.maxqda.com\/de\/wp-json\/wp\/v2\/pages\/39343\/revisions\/131908"}],"up":[{"embeddable":true,"href":"https:\/\/www.maxqda.com\/de\/wp-json\/wp\/v2\/pages\/7378"}],"wp:featuredmedia":[{"embeddable":true,"href":"https:\/\/www.maxqda.com\/de\/wp-json\/wp\/v2\/media\/121894"}],"wp:attachment":[{"href":"https:\/\/www.maxqda.com\/de\/wp-json\/wp\/v2\/media?parent=39343"}],"curies":[{"name":"wp","href":"https:\/\/api.w.org\/{rel}","templated":true}]}}