{"id":38794,"date":"2018-12-03T16:43:50","date_gmt":"2018-12-03T15:43:50","guid":{"rendered":"https:\/\/www.maxqda.de\/?page_id=38794"},"modified":"2025-01-31T09:13:25","modified_gmt":"2025-01-31T08:13:25","slug":"warum-maxqda","status":"publish","type":"page","link":"https:\/\/www.maxqda.com\/de\/warum-maxqda","title":{"rendered":"Warum MAXQDA?"},"content":{"rendered":" <div class=\"large-10 large-centered columns row-connector-box\">\r\n<article>\r\n\t<section>\r\n\t\t<div class=\"row\">\r\n\t\t\t<div class=\"row-connector-image large-4 left small-12\"><img decoding=\"async\"  data-headline=\"everything-in-one-place\" src=\"https:\/\/www.maxqda.com\/wp\/wp-content\/uploads\/sites\/2\/DataTypes.png\"  class=\"alignnone size-full\" \/><\/div>\r\n\t\t\t<div class=\"large-8 left small-12 row-connector-text\">\r\n\t\t\t\t<h4 class=\"row-header-red\">ORGANISIEREN<\/h4>\r\n\t\t\t\t<h2 class=\"row-header\">All Ihre Daten an einem Ort<\/h2>\r\n\t\t\t\t<p class=\"row-description\">\r\n\t\t\t\t\tMAXQDA kann mit einer riesigen Auswahl an Datenformaten arbeiten. Einfache Textdokumente, Excel-Tabellen mit Umfrageergebnissen, PDF-Dateien, Bilder, Website-Daten, Audio- oder Videoaufzeichnungen, SPSS-Datendateien, bibliografische Aufzeichnungen, Fokusgruppendiskussionen und sogar YouTube-Kommentare Sie k\u00f6nnen alles analysieren.\r\n\t\t\t\t<\/p>\r\n\t\t\t<\/div>\r\n\t\t\t<!--<img decoding=\"async\" src=\"\" class=\"row-image\" alt=\"\" \/>-->\r\n\t\t\t<div class=\"row-connector\" data-reverse><\/div>\r\n\t\t<\/div>\r\n\t<\/section>\r\n\t<section>\r\n\t\t<div class=\"row\">\r\n\t\t\t<div class=\"large-8 left row-connector-text\">\r\n\t\t\t\t<h4 class=\"row-header-red\">TRANSKRIBIEREN UND ANALYSIEREN <\/h4>\r\n\t\t\t\t<h2 class=\"row-header\">Holen Sie das Beste aus Ihren Daten heraus<\/h2>\r\n\t\t\t\t<p class=\"row-description\">\r\n\t\t\t\t\tNutzen Sie MAXQDA Transcription f\u00fcr die automatische Transkription Ihrer Audio- und Videoaufnahmen oder nutzen Sie die integrierten Tools f\u00fcr die manuelle Transkription. Nat\u00fcrlich k\u00f6nnen Sie auch Transkripte, die Sie mit einem anderen Programm erstellt haben, importieren und mit der Originalaufnahme verkn\u00fcpfen. Oder Sie analysieren und codieren die Media-Datei direkt \u2013 auch ohne sie vorher zu transkribieren.\r\n\t\t\t\t<\/p>\r\n\t\t\t<\/div>\r\n\t\t\t<div class=\"row-connector-image large-4 left\">\r\n\t\t\t\r\n\t\t\t<img decoding=\"async\"  data-headline=\"transcribe-and-analyze\" src=\"https:\/\/www.maxqda.com\/de\/wp\/wp-content\/uploads\/transcribe-and-analyze.png\"  class=\"alignnone size-full wp-image-100385\" \/><\/div>\r\n\t\t\t<!--<img decoding=\"async\" src=\"\" class=\"row-image\" alt=\"\" \/>-->\r\n\t\t\t<div class=\"row-connector\"><\/div>\r\n\t\t<\/div>\r\n\t<\/section>\r\n\t<section>\r\n\t\t<div class=\"row\">\r\n\t\t\t<div class=\"row-connector-image large-4 left\"><img decoding=\"async\"  data-headline=\"MAXQDA_AI_round\" src=\"https:\/\/www.maxqda.com\/wp\/wp-content\/uploads\/sites\/2\/MAXQDA_AI_round.png\"  class=\"aligncenter size-full wp-image-121334\" \/><\/div>\r\n\t\t\t<div class=\"large-8 left row-connector-text\">\r\n\t\t\t\t<h4 class=\"row-header-red\">K\u00fcnstliche Intelligenz<\/h4>\r\n\t\t\t\t<h2 class=\"row-header\">AI Assist: Unterst\u00fctzung durch k\u00fcnstliche Intelligenz<\/h2>\r\n\t\t\t\t<p class=\"row-description\">\r\n\t\t\t\t\tAI Assist &#8211; Ihr virtueller Forschungsassistent &#8211; vereinfacht Ihre Arbeit durch automatische Zusammenfassungen von Elementen Ihres Forschungsprojekts. Mit AI Assist k\u00f6nnen Sie auch automatisch Texte paraphrasieren, mit Ihren Dokumenten chatten, Codiervorschl\u00e4ge erstellen lassen und sich auf Grundlage von codierten Textsegmenten Vorschl\u00e4ge f\u00fcr Subcodes generieren lassen. Egal welche AI-Funktion Sie nutzen \u2013 Ihre Ergebnisse k\u00f6nnen Sie ganz nach Ihrem Wunsch anpassen.\r\n\t\t\t\t<\/p>\r\n\t\t\t<\/div>\r\n\t\t\t<!--<img decoding=\"async\" src=\"\" class=\"row-image\" alt=\"\" \/>-->\r\n\t\t\t<div class=\"row-connector\" data-reverse><\/div>\r\n\t\t<\/div>\r\n\t<\/section>\r\n\t<section>\r\n\t\t<div class=\"row\">\r\n\t\t\t<div class=\"large-8 left row-connector-text\">\r\n\t\t\t\t<h4 class=\"row-header-red\">NOTIEREN UND ZUSAMMENFASSEN <\/h4>\r\n\t\t\t\t<h2 class=\"row-header\">Behalten Sie alles im Blick<\/h2>\r\n\t\t\t\t<p class=\"row-description\">\r\n\t\t\t\t\tSchreiben Sie Notizen und heften Sie diese nahezu \u00fcberall an \u2013 an Dokumenten, Codes oder direkt an Ihren Daten. Fassen Sie wichtige Passagen zusammen, paraphrasieren Sie Ihre Daten zur Erarbeitung eines Kategoriensystems oder erstellen Sie themenbezogene Fallzusammenfassungen. Mit MAXQDAs Memo Manager, Summary-Grids und Summary-Tabellen behalten Sie immer den \u00dcberblick.\r\n\t\t\t\t<\/p>\r\n\t\t\t<\/div>\r\n\t\t\t<div class=\"row-connector-image large-4 left\"><img decoding=\"async\" width=\"494\" height=\"494\"  data-headline=\"get-the-most-out-of-your-data\" src=\"https:\/\/www.maxqda.com\/de\/wp\/wp-content\/uploads\/get-the-most-out-of-your-data.png\"  class=\"alignnone size-full wp-image-100387\" srcset=\"https:\/\/www.maxqda.com\/de\/wp\/wp-content\/uploads\/sites\/1\/get-the-most-out-of-your-data.png 494w, https:\/\/www.maxqda.com\/de\/wp\/wp-content\/uploads\/sites\/1\/get-the-most-out-of-your-data-300x300.png 300w, https:\/\/www.maxqda.com\/de\/wp\/wp-content\/uploads\/sites\/1\/get-the-most-out-of-your-data-150x150.png 150w, https:\/\/www.maxqda.com\/de\/wp\/wp-content\/uploads\/sites\/1\/get-the-most-out-of-your-data-60x60.png 60w\" sizes=\"(max-width: 494px) 100vw, 494px\" \/><\/div>\r\n\t\t\t<!--<img decoding=\"async\" src=\"\" class=\"row-image\" alt=\"\" \/>-->\r\n\t\t\t<div class=\"row-connector\"><\/div>\r\n\t\t<\/div>\r\n\t<\/section>\r\n\t\r\n\t\r\n\t\r\n\t\r\n\t<section>\r\n\t\t<div class=\"row\">\r\n\t\t\t<div class=\"row-connector-image large-4 left\"><img decoding=\"async\" width=\"494\" height=\"494\"  data-headline=\"understand-how-things-connect\" src=\"https:\/\/www.maxqda.com\/de\/wp\/wp-content\/uploads\/understand-how-things-connect.png\"  class=\"alignnone size-full wp-image-100394\" srcset=\"https:\/\/www.maxqda.com\/de\/wp\/wp-content\/uploads\/sites\/1\/understand-how-things-connect.png 494w, https:\/\/www.maxqda.com\/de\/wp\/wp-content\/uploads\/sites\/1\/understand-how-things-connect-300x300.png 300w, https:\/\/www.maxqda.com\/de\/wp\/wp-content\/uploads\/sites\/1\/understand-how-things-connect-150x150.png 150w, https:\/\/www.maxqda.com\/de\/wp\/wp-content\/uploads\/sites\/1\/understand-how-things-connect-60x60.png 60w\" sizes=\"(max-width: 494px) 100vw, 494px\" \/><\/div>\r\n\t\t\t<div class=\"large-8 left row-connector-text\">\r\n\t\t\t\t<h4 class=\"row-header-red\">VISUALISIEREN<\/h4>\r\n\t\t\t\t<h2 class=\"row-header\">Erkennen Sie die Zusammenh\u00e4nge<\/h2>\r\n\t\t\t\t<p class=\"row-description\">\r\n\t\t\t\t\tVisualisieren Sie den Verlauf eines Interviews, vergleichen Sie Dokumente oder verwenden Sie Concept Maps, um Zusammenh\u00e4nge in Ihren Daten zu visualisieren. So k\u00f6nnen Sie Muster und Beziehungen zwischen Codes identifizieren, Ihre Daten pr\u00e4sentieren oder diese weiter untersuchen.\r\n\t\t\t\t<\/p>\r\n\t\t\t<\/div>\r\n\t\t\t<!--<img decoding=\"async\" src=\"\" class=\"row-image\" alt=\"\" \/>-->\r\n\t\t\t<div class=\"row-connector\" data-reverse><\/div>\r\n\t\t<\/div>\r\n\t<\/section>\r\n\t<section>\r\n\t\t<div class=\"row\">\r\n\t\t\t<div class=\"large-8 left row-connector-text\">\r\n\t\t\t\t<h4 class=\"row-header-red\">VER\u00d6FFENTLICHEN <\/h4>\r\n\t\t\t\t<h2 class=\"row-header\">Teilen Sie Ihre Forschung mit der Welt<\/h2>\r\n\t\t\t\t<p class=\"row-description\">\r\n\t\t\t\t\tErstellen Sie mit dem Smart Publisher von MAXQDA einen Bericht auf Basis der Codierungsstruktur und exportieren Sie Ihre Daten in anpassbaren Berichten in viele offene Formate. Sammeln Sie Ergebnisse und Schlussfolgerungen zu verschiedenen Themen mit dem neuen Tool: Questions, Themes &#038; Theories. Exportieren Sie diese mit nur einem Klick.\r\n\t\t\t\t<\/p>\r\n\t\t\t<\/div>\r\n\t\t\t<div class=\"row-connector-image large-4 left\"><img decoding=\"async\" width=\"494\" height=\"494\"  data-headline=\"share-your-research-with-the-world\" src=\"https:\/\/www.maxqda.com\/de\/wp\/wp-content\/uploads\/share-your-research-with-the-world.png\"  class=\"alignnone size-full wp-image-100397\" srcset=\"https:\/\/www.maxqda.com\/de\/wp\/wp-content\/uploads\/sites\/1\/share-your-research-with-the-world.png 494w, https:\/\/www.maxqda.com\/de\/wp\/wp-content\/uploads\/sites\/1\/share-your-research-with-the-world-300x300.png 300w, https:\/\/www.maxqda.com\/de\/wp\/wp-content\/uploads\/sites\/1\/share-your-research-with-the-world-150x150.png 150w, https:\/\/www.maxqda.com\/de\/wp\/wp-content\/uploads\/sites\/1\/share-your-research-with-the-world-60x60.png 60w\" sizes=\"(max-width: 494px) 100vw, 494px\" \/><\/div>\r\n\t\t\t<!--<img decoding=\"async\" src=\"\" class=\"row-image\" alt=\"\" \/>-->\r\n\t\t<\/div>\r\n\t<\/section>\r\n<\/article>\r\n<div class=\"demo-center\">[Demoformular]<\/div>\r\n<\/div>\r\n<script>\r\n    let svgPath, pathString = '';\r\n    const svgs = [];\r\n    let resizeTimeout = 0, resizing = false;\r\n\r\n    const initForSVG = function () {\r\n        const svgContainers = document.getElementsByClassName('row-connector');\r\n        for (let i = 0; i < svgContainers.length; i++) {\r\n            const svg = document.createElementNS(\"http:\/\/www.w3.org\/2000\/svg\", \"svg\");\r\n            const svgPath = document.createElementNS(\"http:\/\/www.w3.org\/2000\/svg\", \"path\");\r\n            svgPath.setAttribute('stroke', '#dd4830');\r\n            svgPath.setAttribute('stroke-width', '2');\r\n            svgPath.setAttribute('stroke-dasharray', '3,3');\r\n            svgPath.setAttribute('fill', 'none');\r\n            svg.setAttribute('height', '250');\r\n            svg.setAttribute('width', '100%');\r\n            svg.appendChild(svgPath);\r\n            svgContainers[i].appendChild(svg);\r\n\t\t\tsvgs.push(svg);\r\n        }\r\n        addEventListener('resize', resizeSVGs);\r\n        resizeSVGs();\r\n    }\r\n\r\n    const resizeSVGs = function () {\r\n        if (!resizing) {\r\n            resizing = true;\r\n            resizeTimeout = setTimeout(function () {\r\n                for (i in svgs) {\r\n                    updatedPath(svgs[i], svgs[i].parentNode.hasAttribute('data-reverse'));\r\n                }\r\n                resizing = false;\r\n            }, 50);\r\n        }\r\n    }\r\n\r\n    const updatedPath = function (svg, reverse) {\r\n        const svgPath = svg.getElementsByTagName('path')[0];\r\n        const marginLeft = 125, marginRight = 125;\r\n        const totalWidth = svg.width.baseVal.value, totalHeight = svg.height.baseVal.value;\r\n        let offsetX = (totalWidth - marginLeft - marginRight) \/ 2\r\n        if (reverse === true) {\r\n\t\t\tsvgPath.setAttribute('d', 'm ' + marginLeft + ' 0 q 0 ' + totalHeight \/ 2 + ' ' + offsetX + ' ' + totalHeight \/ 2 + ' q ' + offsetX + ' 0 ' + offsetX + ' ' + totalHeight \/ 2);\r\n        } else {\r\n\t\t\tsvgPath.setAttribute('d', 'm ' + marginLeft + ' ' + totalHeight + ' q 0 -' + totalHeight \/ 2 + ' ' + offsetX + ' -' + totalHeight \/ 2 + ' q ' + offsetX + ' 0 ' + offsetX + ' -' + totalHeight \/ 2);\r\n        }\r\n    }\r\n\r\n    addEventListener('load', initForSVG);\r\n<\/script>\r\n\r\n<div class=\"row margin-top-40\"><div class=\"large-9 columns large-centered\"><p style=\"font-size:1.1rem\" align=\"center\"><b>Noch nicht \u00fcberzeugt?<\/b> <br> Wenn Sie noch mehr gute Gr\u00fcnde brauchen, um sich f\u00fcr MAXQDA zu entscheiden, dann lesen Sie hier, warum MAXQDA die richtige Wahl f\u00fcr Ihr Projekt ist:<\/p><p align=\"center\"><a class=\"button\" href=\"https:\/\/www.maxqda.com\/de\/10-gruende-warum-maxqda-die-beste-qda-software-ist\">10 Gr\u00fcnde, warum MAXQDA die beste QDA-Software ist<\/a><\/p><\/div><\/div>\r\n","protected":false},"excerpt":{"rendered":"<p>ORGANISIEREN All Ihre Daten an einem Ort MAXQDA kann mit einer riesigen Auswahl an Datenformaten arbeiten. Einfache Textdokumente, Excel-Tabellen mit Umfrageergebnissen, PDF-Dateien, Bilder, Website-Daten, Audio- oder Videoaufzeichnungen, SPSS-Datendateien, bibliografische Aufzeichnungen, Fokusgruppendiskussionen und sogar YouTube-Kommentare Sie k\u00f6nnen alles analysieren. TRANSKRIBIEREN UND ANALYSIEREN Holen Sie das Beste aus Ihren Daten heraus Nutzen Sie MAXQDA Transcription f\u00fcr die [&hellip;]<\/p>\n","protected":false},"author":5,"featured_media":121894,"parent":0,"menu_order":43,"comment_status":"closed","ping_status":"closed","template":"tpl_demoformular2022.php","meta":{"_acf_changed":false,"_relevanssi_hide_post":"","_relevanssi_hide_content":"","_relevanssi_pin_for_all":"","_relevanssi_pin_keywords":"","_relevanssi_unpin_keywords":"","_relevanssi_related_keywords":"","_relevanssi_related_include_ids":"","_relevanssi_related_exclude_ids":"","_relevanssi_related_no_append":"","_relevanssi_related_not_related":"","_relevanssi_related_posts":"","_relevanssi_noindex_reason":"","footnotes":""},"class_list":["post-38794","page","type-page","status-publish","has-post-thumbnail","hentry"],"acf":[],"yoast_head":"<!-- This site is optimized with the Yoast SEO Premium plugin v27.1 (Yoast SEO v27.1.1) - https:\/\/yoast.com\/product\/yoast-seo-premium-wordpress\/ -->\n<title>MAXQDA | Software f\u00fcr qualitative Datenanalyse (Windows &amp; Mac)<\/title>\n<meta name=\"description\" content=\"MAXQDA ist eine weltf\u00fchrende Software f\u00fcr qualitative und Mixed-Methods-Forschung, die vollst\u00e4ndige Kompatibilit\u00e4t unter Windows und Mac liefert.\" \/>\n<meta name=\"robots\" content=\"index, follow, max-snippet:-1, max-image-preview:large, max-video-preview:-1\" \/>\n<link rel=\"canonical\" href=\"https:\/\/www.maxqda.com\/de\/warum-maxqda\" \/>\n<meta property=\"og:locale\" content=\"de_DE\" \/>\n<meta property=\"og:type\" content=\"article\" \/>\n<meta property=\"og:title\" content=\"MAXQDA | Software f\u00fcr qualitative Datenanalyse (Windows &amp; Mac)\" \/>\n<meta property=\"og:description\" content=\"MAXQDA ist eine weltf\u00fchrende Software f\u00fcr qualitative und Mixed-Methods-Forschung, die identische Funktionalit\u00e4t und vollst\u00e4ndige Kompatibilit\u00e4t unter Windows und Mac liefert.\" \/>\n<meta property=\"og:url\" content=\"https:\/\/www.maxqda.com\/de\/warum-maxqda\" \/>\n<meta property=\"og:site_name\" content=\"MAXQDA\" \/>\n<meta property=\"article:publisher\" content=\"https:\/\/www.facebook.com\/MAXQDA\/\" \/>\n<meta property=\"article:modified_time\" content=\"2025-01-31T08:13:25+00:00\" \/>\n<meta property=\"og:image\" content=\"https:\/\/www.maxqda.com\/de\/wp\/wp-content\/uploads\/sites\/1\/MAXQDA-Die-1-Software-fuer-qualitative-und-Mixed-Methods-Datenanalyse.png\" \/>\n\t<meta property=\"og:image:width\" content=\"1200\" \/>\n\t<meta property=\"og:image:height\" content=\"630\" \/>\n\t<meta property=\"og:image:type\" content=\"image\/png\" \/>\n<meta name=\"twitter:card\" content=\"summary_large_image\" \/>\n<meta name=\"twitter:title\" content=\"MAXQDA | Software f\u00fcr qualitative Datenanalyse (Windows &amp; Mac)\" \/>\n<meta name=\"twitter:description\" content=\"MAXQDA ist eine weltf\u00fchrende Software f\u00fcr qualitative und Mixed-Methods-Forschung, die identische Funktionalit\u00e4t und vollst\u00e4ndige Kompatibilit\u00e4t unter Windows und Mac liefert.\" \/>\n<meta name=\"twitter:site\" content=\"@VerbiSoftware\" \/>\n<meta name=\"twitter:label1\" content=\"Gesch\u00e4tzte Lesezeit\" \/>\n\t<meta name=\"twitter:data1\" content=\"4\u00a0Minuten\" \/>\n<script type=\"application\/ld+json\" class=\"yoast-schema-graph\">{\"@context\":\"https:\/\/schema.org\",\"@graph\":[{\"@type\":\"WebPage\",\"@id\":\"https:\/\/www.maxqda.com\/de\/warum-maxqda\",\"url\":\"https:\/\/www.maxqda.com\/de\/warum-maxqda\",\"name\":\"MAXQDA | Software f\u00fcr qualitative Datenanalyse (Windows & Mac)\",\"isPartOf\":{\"@id\":\"https:\/\/www.maxqda.com\/de\/#website\"},\"primaryImageOfPage\":{\"@id\":\"https:\/\/www.maxqda.com\/de\/warum-maxqda#primaryimage\"},\"image\":{\"@id\":\"https:\/\/www.maxqda.com\/de\/warum-maxqda#primaryimage\"},\"thumbnailUrl\":\"https:\/\/www.maxqda.com\/de\/wp\/wp-content\/uploads\/sites\/1\/MAXQDA-Logo-MQ.jpg\",\"datePublished\":\"2018-12-03T15:43:50+00:00\",\"dateModified\":\"2025-01-31T08:13:25+00:00\",\"description\":\"MAXQDA ist eine weltf\u00fchrende Software f\u00fcr qualitative und Mixed-Methods-Forschung, die vollst\u00e4ndige Kompatibilit\u00e4t unter Windows und Mac liefert.\",\"breadcrumb\":{\"@id\":\"https:\/\/www.maxqda.com\/de\/warum-maxqda#breadcrumb\"},\"inLanguage\":\"de\",\"potentialAction\":[{\"@type\":\"ReadAction\",\"target\":[\"https:\/\/www.maxqda.com\/de\/warum-maxqda\"]}]},{\"@type\":\"ImageObject\",\"inLanguage\":\"de\",\"@id\":\"https:\/\/www.maxqda.com\/de\/warum-maxqda#primaryimage\",\"url\":\"https:\/\/www.maxqda.com\/de\/wp\/wp-content\/uploads\/sites\/1\/MAXQDA-Logo-MQ.jpg\",\"contentUrl\":\"https:\/\/www.maxqda.com\/de\/wp\/wp-content\/uploads\/sites\/1\/MAXQDA-Logo-MQ.jpg\",\"width\":825,\"height\":825,\"caption\":\"MAXQDA Logo\"},{\"@type\":\"BreadcrumbList\",\"@id\":\"https:\/\/www.maxqda.com\/de\/warum-maxqda#breadcrumb\",\"itemListElement\":[{\"@type\":\"ListItem\",\"position\":1,\"name\":\"Startseite\",\"item\":\"https:\/\/www.maxqda.com\/de\/\"},{\"@type\":\"ListItem\",\"position\":2,\"name\":\"Warum MAXQDA?\"}]},{\"@type\":\"WebSite\",\"@id\":\"https:\/\/www.maxqda.com\/de\/#website\",\"url\":\"https:\/\/www.maxqda.com\/de\/\",\"name\":\"MAXQDA\",\"description\":\"\",\"publisher\":{\"@id\":\"https:\/\/www.maxqda.com\/de\/#organization\"},\"potentialAction\":[{\"@type\":\"SearchAction\",\"target\":{\"@type\":\"EntryPoint\",\"urlTemplate\":\"https:\/\/www.maxqda.com\/de\/?s={search_term_string}\"},\"query-input\":{\"@type\":\"PropertyValueSpecification\",\"valueRequired\":true,\"valueName\":\"search_term_string\"}}],\"inLanguage\":\"de\"},{\"@type\":\"Organization\",\"@id\":\"https:\/\/www.maxqda.com\/de\/#organization\",\"name\":\"MAXQDA\",\"url\":\"https:\/\/www.maxqda.com\/de\/\",\"logo\":{\"@type\":\"ImageObject\",\"inLanguage\":\"de\",\"@id\":\"https:\/\/www.maxqda.com\/de\/#\/schema\/logo\/image\/\",\"url\":\"https:\/\/www.maxqda.com\/de\/wp\/wp-content\/uploads\/sites\/1\/MAXQDA-Logo.png\",\"contentUrl\":\"https:\/\/www.maxqda.com\/de\/wp\/wp-content\/uploads\/sites\/1\/MAXQDA-Logo.png\",\"width\":\"1000\",\"height\":\"200\",\"caption\":\"MAXQDA\"},\"image\":{\"@id\":\"https:\/\/www.maxqda.com\/de\/#\/schema\/logo\/image\/\"},\"sameAs\":[\"https:\/\/www.facebook.com\/MAXQDA\/\",\"https:\/\/x.com\/VerbiSoftware\",\"https:\/\/www.instagram.com\/maxqda\/\",\"https:\/\/www.youtube.com\/user\/MAXQDA\"]}]}<\/script>\n<!-- \/ Yoast SEO Premium plugin. -->","yoast_head_json":{"title":"MAXQDA | Software f\u00fcr qualitative Datenanalyse (Windows & Mac)","description":"MAXQDA ist eine weltf\u00fchrende Software f\u00fcr qualitative und Mixed-Methods-Forschung, die vollst\u00e4ndige Kompatibilit\u00e4t unter Windows und Mac liefert.","robots":{"index":"index","follow":"follow","max-snippet":"max-snippet:-1","max-image-preview":"max-image-preview:large","max-video-preview":"max-video-preview:-1"},"canonical":"https:\/\/www.maxqda.com\/de\/warum-maxqda","og_locale":"de_DE","og_type":"article","og_title":"MAXQDA | Software f\u00fcr qualitative Datenanalyse (Windows & Mac)","og_description":"MAXQDA ist eine weltf\u00fchrende Software f\u00fcr qualitative und Mixed-Methods-Forschung, die identische Funktionalit\u00e4t und vollst\u00e4ndige Kompatibilit\u00e4t unter Windows und Mac liefert.","og_url":"https:\/\/www.maxqda.com\/de\/warum-maxqda","og_site_name":"MAXQDA","article_publisher":"https:\/\/www.facebook.com\/MAXQDA\/","article_modified_time":"2025-01-31T08:13:25+00:00","og_image":[{"width":1200,"height":630,"url":"https:\/\/www.maxqda.com\/de\/wp\/wp-content\/uploads\/sites\/1\/MAXQDA-Die-1-Software-fuer-qualitative-und-Mixed-Methods-Datenanalyse.png","type":"image\/png"}],"twitter_card":"summary_large_image","twitter_title":"MAXQDA | Software f\u00fcr qualitative Datenanalyse (Windows & Mac)","twitter_description":"MAXQDA ist eine weltf\u00fchrende Software f\u00fcr qualitative und Mixed-Methods-Forschung, die identische Funktionalit\u00e4t und vollst\u00e4ndige Kompatibilit\u00e4t unter Windows und Mac liefert.","twitter_site":"@VerbiSoftware","twitter_misc":{"Gesch\u00e4tzte Lesezeit":"4\u00a0Minuten"},"schema":{"@context":"https:\/\/schema.org","@graph":[{"@type":"WebPage","@id":"https:\/\/www.maxqda.com\/de\/warum-maxqda","url":"https:\/\/www.maxqda.com\/de\/warum-maxqda","name":"MAXQDA | Software f\u00fcr qualitative Datenanalyse (Windows & Mac)","isPartOf":{"@id":"https:\/\/www.maxqda.com\/de\/#website"},"primaryImageOfPage":{"@id":"https:\/\/www.maxqda.com\/de\/warum-maxqda#primaryimage"},"image":{"@id":"https:\/\/www.maxqda.com\/de\/warum-maxqda#primaryimage"},"thumbnailUrl":"https:\/\/www.maxqda.com\/de\/wp\/wp-content\/uploads\/sites\/1\/MAXQDA-Logo-MQ.jpg","datePublished":"2018-12-03T15:43:50+00:00","dateModified":"2025-01-31T08:13:25+00:00","description":"MAXQDA ist eine weltf\u00fchrende Software f\u00fcr qualitative und Mixed-Methods-Forschung, die vollst\u00e4ndige Kompatibilit\u00e4t unter Windows und Mac liefert.","breadcrumb":{"@id":"https:\/\/www.maxqda.com\/de\/warum-maxqda#breadcrumb"},"inLanguage":"de","potentialAction":[{"@type":"ReadAction","target":["https:\/\/www.maxqda.com\/de\/warum-maxqda"]}]},{"@type":"ImageObject","inLanguage":"de","@id":"https:\/\/www.maxqda.com\/de\/warum-maxqda#primaryimage","url":"https:\/\/www.maxqda.com\/de\/wp\/wp-content\/uploads\/sites\/1\/MAXQDA-Logo-MQ.jpg","contentUrl":"https:\/\/www.maxqda.com\/de\/wp\/wp-content\/uploads\/sites\/1\/MAXQDA-Logo-MQ.jpg","width":825,"height":825,"caption":"MAXQDA Logo"},{"@type":"BreadcrumbList","@id":"https:\/\/www.maxqda.com\/de\/warum-maxqda#breadcrumb","itemListElement":[{"@type":"ListItem","position":1,"name":"Startseite","item":"https:\/\/www.maxqda.com\/de\/"},{"@type":"ListItem","position":2,"name":"Warum MAXQDA?"}]},{"@type":"WebSite","@id":"https:\/\/www.maxqda.com\/de\/#website","url":"https:\/\/www.maxqda.com\/de\/","name":"MAXQDA","description":"","publisher":{"@id":"https:\/\/www.maxqda.com\/de\/#organization"},"potentialAction":[{"@type":"SearchAction","target":{"@type":"EntryPoint","urlTemplate":"https:\/\/www.maxqda.com\/de\/?s={search_term_string}"},"query-input":{"@type":"PropertyValueSpecification","valueRequired":true,"valueName":"search_term_string"}}],"inLanguage":"de"},{"@type":"Organization","@id":"https:\/\/www.maxqda.com\/de\/#organization","name":"MAXQDA","url":"https:\/\/www.maxqda.com\/de\/","logo":{"@type":"ImageObject","inLanguage":"de","@id":"https:\/\/www.maxqda.com\/de\/#\/schema\/logo\/image\/","url":"https:\/\/www.maxqda.com\/de\/wp\/wp-content\/uploads\/sites\/1\/MAXQDA-Logo.png","contentUrl":"https:\/\/www.maxqda.com\/de\/wp\/wp-content\/uploads\/sites\/1\/MAXQDA-Logo.png","width":"1000","height":"200","caption":"MAXQDA"},"image":{"@id":"https:\/\/www.maxqda.com\/de\/#\/schema\/logo\/image\/"},"sameAs":["https:\/\/www.facebook.com\/MAXQDA\/","https:\/\/x.com\/VerbiSoftware","https:\/\/www.instagram.com\/maxqda\/","https:\/\/www.youtube.com\/user\/MAXQDA"]}]}},"_links":{"self":[{"href":"https:\/\/www.maxqda.com\/de\/wp-json\/wp\/v2\/pages\/38794","targetHints":{"allow":["GET"]}}],"collection":[{"href":"https:\/\/www.maxqda.com\/de\/wp-json\/wp\/v2\/pages"}],"about":[{"href":"https:\/\/www.maxqda.com\/de\/wp-json\/wp\/v2\/types\/page"}],"author":[{"embeddable":true,"href":"https:\/\/www.maxqda.com\/de\/wp-json\/wp\/v2\/users\/5"}],"replies":[{"embeddable":true,"href":"https:\/\/www.maxqda.com\/de\/wp-json\/wp\/v2\/comments?post=38794"}],"version-history":[{"count":0,"href":"https:\/\/www.maxqda.com\/de\/wp-json\/wp\/v2\/pages\/38794\/revisions"}],"wp:featuredmedia":[{"embeddable":true,"href":"https:\/\/www.maxqda.com\/de\/wp-json\/wp\/v2\/media\/121894"}],"wp:attachment":[{"href":"https:\/\/www.maxqda.com\/de\/wp-json\/wp\/v2\/media?parent=38794"}],"curies":[{"name":"wp","href":"https:\/\/api.w.org\/{rel}","templated":true}]}}