{"id":36319,"date":"2018-05-15T14:00:26","date_gmt":"2018-05-15T13:00:26","guid":{"rendered":"https:\/\/www.maxqda.de\/?page_id=36319"},"modified":"2023-06-02T12:26:00","modified_gmt":"2023-06-02T11:26:00","slug":"newsletter-anmelden","status":"publish","type":"page","link":"https:\/\/www.maxqda.com\/de\/newsletter-anmelden","title":{"rendered":"Anmeldung MAXQDA Newsletter"},"content":{"rendered":"<div class=\"row\">\r\n\t<div class=\"large-12 small-12 columns img-bg img-bg-2\">\r\n\t\t<div class=\"large-6 medium-10 small-12 large-centered medium-centered columns shadow-box\">\r\n\t\t\t<svg viewBox=\"0 0 128 128\"><path fill=\"none\" stroke=\"#dd4830\" stroke-miterlimit=\"10\" stroke-width=\"4\" d=\"M108 39.5h6.993A6.007 6.007 0 01121 45.507v69.986a6.007 6.007 0 01-6.007 6.007H13.007A6.006 6.006 0 017 115.493V45.507a6.007 6.007 0 016.007-6.007H20\"\/><path fill=\"none\" stroke=\"#dd4830\" stroke-miterlimit=\"10\" stroke-width=\"4\" d=\"M118.613 40.721L69.267 83.233a8.138 8.138 0 01-11.509 0L8.895 41.136M8.088 118.934l42.173-42.173M118.087 118.934L75.913 76.761\"\/><path fill=\"none\" stroke=\"#f4803a\" stroke-miterlimit=\"10\" stroke-width=\"4\" d=\"M26 47.5V12.507A6.006 6.006 0 0132.007 6.5h63.986A6.006 6.006 0 01102 12.507V46.5M38 22.5h52M38 34.5h52M38 46.5h52\"\/><\/svg>\r\n\t\t\t<h2>Newsletter abonnieren<\/h2>\r\n\t\t\t<p>Bleiben Sie mit dem MAXQDA Newsletter auf dem Laufenden zu neue Funktionen, kostenlosen Tutorials, Rabatten und Events.<\/p>\r\n\t\t\t\r\n\t\t\t<div class=\"form-newsletter-brevo\">\r\n\t\t\t\r\n\t\t\t\r\n\t\t\t\r\n\r\n","protected":false},"excerpt":{"rendered":"<p>Newsletter abonnieren Bleiben Sie mit dem MAXQDA Newsletter auf dem Laufenden zu neue Funktionen, kostenlosen Tutorials, Rabatten und Events.<\/p>\n","protected":false},"author":2,"featured_media":121894,"parent":0,"menu_order":43,"comment_status":"closed","ping_status":"closed","template":"tpl_newsletter_brevo.php","meta":{"_acf_changed":false,"_relevanssi_hide_post":"","_relevanssi_hide_content":"","_relevanssi_pin_for_all":"","_relevanssi_pin_keywords":"","_relevanssi_unpin_keywords":"","_relevanssi_related_keywords":"","_relevanssi_related_include_ids":"","_relevanssi_related_exclude_ids":"","_relevanssi_related_no_append":"","_relevanssi_related_not_related":"","_relevanssi_related_posts":"","_relevanssi_noindex_reason":"","footnotes":""},"class_list":["post-36319","page","type-page","status-publish","has-post-thumbnail","hentry"],"acf":[],"yoast_head":"<!-- This site is optimized with the Yoast SEO Premium plugin v27.1 (Yoast SEO v27.1.1) - https:\/\/yoast.com\/product\/yoast-seo-premium-wordpress\/ -->\n<title>MAXQDA Newsletter | Keine Aktionen &amp; Updates verpassen<\/title>\n<meta name=\"description\" content=\"Der MAXQDA Newsletter informiert sie \u00fcber neue Softwareentwicklungen, Rabattaktionen und Neuigkeiten rund um die Forschung mit MAXQDA.\" \/>\n<meta name=\"robots\" content=\"index, follow, max-snippet:-1, max-image-preview:large, max-video-preview:-1\" \/>\n<link rel=\"canonical\" href=\"https:\/\/www.maxqda.com\/de\/newsletter-anmelden\" \/>\n<meta property=\"og:locale\" content=\"de_DE\" \/>\n<meta property=\"og:type\" content=\"article\" \/>\n<meta property=\"og:title\" content=\"Der MAXQDA Newsletter | Keine Aktionen &amp; Updates verpassen\" \/>\n<meta property=\"og:description\" content=\"Der MAXQDA Newsletter informiert sie \u00fcber neue Softwareentwicklungen, Fortbildungsm\u00f6glichkeiten, Rabattaktionen und Neuigkeiten rund um die Forschung mit MAXQDA. Research is a journey, travel it well!\" \/>\n<meta property=\"og:url\" content=\"https:\/\/www.maxqda.com\/de\/newsletter-anmelden\" \/>\n<meta property=\"og:site_name\" content=\"MAXQDA\" \/>\n<meta property=\"article:publisher\" content=\"https:\/\/www.facebook.com\/MAXQDA\/\" \/>\n<meta property=\"article:modified_time\" content=\"2023-06-02T11:26:00+00:00\" \/>\n<meta property=\"og:image\" content=\"https:\/\/www.maxqda.com\/de\/wp\/wp-content\/uploads\/sites\/1\/MAXQDA-Die-1-Software-fuer-qualitative-und-Mixed-Methods-Datenanalyse.png\" \/>\n\t<meta property=\"og:image:width\" content=\"1200\" \/>\n\t<meta property=\"og:image:height\" content=\"630\" \/>\n\t<meta property=\"og:image:type\" content=\"image\/png\" \/>\n<meta name=\"twitter:card\" content=\"summary_large_image\" \/>\n<meta name=\"twitter:title\" content=\"Der MAXQDA Newsletter | Keine Aktionen &amp; Updates verpassen\" \/>\n<meta name=\"twitter:description\" content=\"Der MAXQDA Newsletter informiert sie \u00fcber neue Softwareentwicklungen, Fortbildungsm\u00f6glichkeiten, Rabattaktionen und Neuigkeiten...\" \/>\n<meta name=\"twitter:site\" content=\"@VerbiSoftware\" \/>\n<meta name=\"twitter:label1\" content=\"Gesch\u00e4tzte Lesezeit\" \/>\n\t<meta name=\"twitter:data1\" content=\"1\u00a0Minute\" \/>\n<script type=\"application\/ld+json\" class=\"yoast-schema-graph\">{\"@context\":\"https:\/\/schema.org\",\"@graph\":[{\"@type\":\"WebPage\",\"@id\":\"https:\/\/www.maxqda.com\/de\/newsletter-anmelden\",\"url\":\"https:\/\/www.maxqda.com\/de\/newsletter-anmelden\",\"name\":\"MAXQDA Newsletter | Keine Aktionen & Updates verpassen\",\"isPartOf\":{\"@id\":\"https:\/\/www.maxqda.com\/de\/#website\"},\"primaryImageOfPage\":{\"@id\":\"https:\/\/www.maxqda.com\/de\/newsletter-anmelden#primaryimage\"},\"image\":{\"@id\":\"https:\/\/www.maxqda.com\/de\/newsletter-anmelden#primaryimage\"},\"thumbnailUrl\":\"https:\/\/www.maxqda.com\/de\/wp\/wp-content\/uploads\/sites\/1\/MAXQDA-Logo-MQ.jpg\",\"datePublished\":\"2018-05-15T13:00:26+00:00\",\"dateModified\":\"2023-06-02T11:26:00+00:00\",\"description\":\"Der MAXQDA Newsletter informiert sie \u00fcber neue Softwareentwicklungen, Rabattaktionen und Neuigkeiten rund um die Forschung mit MAXQDA.\",\"breadcrumb\":{\"@id\":\"https:\/\/www.maxqda.com\/de\/newsletter-anmelden#breadcrumb\"},\"inLanguage\":\"de\",\"potentialAction\":[{\"@type\":\"ReadAction\",\"target\":[\"https:\/\/www.maxqda.com\/de\/newsletter-anmelden\"]}]},{\"@type\":\"ImageObject\",\"inLanguage\":\"de\",\"@id\":\"https:\/\/www.maxqda.com\/de\/newsletter-anmelden#primaryimage\",\"url\":\"https:\/\/www.maxqda.com\/de\/wp\/wp-content\/uploads\/sites\/1\/MAXQDA-Logo-MQ.jpg\",\"contentUrl\":\"https:\/\/www.maxqda.com\/de\/wp\/wp-content\/uploads\/sites\/1\/MAXQDA-Logo-MQ.jpg\",\"width\":825,\"height\":825,\"caption\":\"MAXQDA Logo\"},{\"@type\":\"BreadcrumbList\",\"@id\":\"https:\/\/www.maxqda.com\/de\/newsletter-anmelden#breadcrumb\",\"itemListElement\":[{\"@type\":\"ListItem\",\"position\":1,\"name\":\"Startseite\",\"item\":\"https:\/\/www.maxqda.com\/de\/\"},{\"@type\":\"ListItem\",\"position\":2,\"name\":\"Anmeldung MAXQDA Newsletter\"}]},{\"@type\":\"WebSite\",\"@id\":\"https:\/\/www.maxqda.com\/de\/#website\",\"url\":\"https:\/\/www.maxqda.com\/de\/\",\"name\":\"MAXQDA\",\"description\":\"\",\"publisher\":{\"@id\":\"https:\/\/www.maxqda.com\/de\/#organization\"},\"potentialAction\":[{\"@type\":\"SearchAction\",\"target\":{\"@type\":\"EntryPoint\",\"urlTemplate\":\"https:\/\/www.maxqda.com\/de\/?s={search_term_string}\"},\"query-input\":{\"@type\":\"PropertyValueSpecification\",\"valueRequired\":true,\"valueName\":\"search_term_string\"}}],\"inLanguage\":\"de\"},{\"@type\":\"Organization\",\"@id\":\"https:\/\/www.maxqda.com\/de\/#organization\",\"name\":\"MAXQDA\",\"url\":\"https:\/\/www.maxqda.com\/de\/\",\"logo\":{\"@type\":\"ImageObject\",\"inLanguage\":\"de\",\"@id\":\"https:\/\/www.maxqda.com\/de\/#\/schema\/logo\/image\/\",\"url\":\"https:\/\/www.maxqda.com\/de\/wp\/wp-content\/uploads\/sites\/1\/MAXQDA-Logo.png\",\"contentUrl\":\"https:\/\/www.maxqda.com\/de\/wp\/wp-content\/uploads\/sites\/1\/MAXQDA-Logo.png\",\"width\":\"1000\",\"height\":\"200\",\"caption\":\"MAXQDA\"},\"image\":{\"@id\":\"https:\/\/www.maxqda.com\/de\/#\/schema\/logo\/image\/\"},\"sameAs\":[\"https:\/\/www.facebook.com\/MAXQDA\/\",\"https:\/\/x.com\/VerbiSoftware\",\"https:\/\/www.instagram.com\/maxqda\/\",\"https:\/\/www.youtube.com\/user\/MAXQDA\"]}]}<\/script>\n<!-- \/ Yoast SEO Premium plugin. -->","yoast_head_json":{"title":"MAXQDA Newsletter | Keine Aktionen & Updates verpassen","description":"Der MAXQDA Newsletter informiert sie \u00fcber neue Softwareentwicklungen, Rabattaktionen und Neuigkeiten rund um die Forschung mit MAXQDA.","robots":{"index":"index","follow":"follow","max-snippet":"max-snippet:-1","max-image-preview":"max-image-preview:large","max-video-preview":"max-video-preview:-1"},"canonical":"https:\/\/www.maxqda.com\/de\/newsletter-anmelden","og_locale":"de_DE","og_type":"article","og_title":"Der MAXQDA Newsletter | Keine Aktionen & Updates verpassen","og_description":"Der MAXQDA Newsletter informiert sie \u00fcber neue Softwareentwicklungen, Fortbildungsm\u00f6glichkeiten, Rabattaktionen und Neuigkeiten rund um die Forschung mit MAXQDA. Research is a journey, travel it well!","og_url":"https:\/\/www.maxqda.com\/de\/newsletter-anmelden","og_site_name":"MAXQDA","article_publisher":"https:\/\/www.facebook.com\/MAXQDA\/","article_modified_time":"2023-06-02T11:26:00+00:00","og_image":[{"width":1200,"height":630,"url":"https:\/\/www.maxqda.com\/de\/wp\/wp-content\/uploads\/sites\/1\/MAXQDA-Die-1-Software-fuer-qualitative-und-Mixed-Methods-Datenanalyse.png","type":"image\/png"}],"twitter_card":"summary_large_image","twitter_title":"Der MAXQDA Newsletter | Keine Aktionen & Updates verpassen","twitter_description":"Der MAXQDA Newsletter informiert sie \u00fcber neue Softwareentwicklungen, Fortbildungsm\u00f6glichkeiten, Rabattaktionen und Neuigkeiten...","twitter_site":"@VerbiSoftware","twitter_misc":{"Gesch\u00e4tzte Lesezeit":"1\u00a0Minute"},"schema":{"@context":"https:\/\/schema.org","@graph":[{"@type":"WebPage","@id":"https:\/\/www.maxqda.com\/de\/newsletter-anmelden","url":"https:\/\/www.maxqda.com\/de\/newsletter-anmelden","name":"MAXQDA Newsletter | Keine Aktionen & Updates verpassen","isPartOf":{"@id":"https:\/\/www.maxqda.com\/de\/#website"},"primaryImageOfPage":{"@id":"https:\/\/www.maxqda.com\/de\/newsletter-anmelden#primaryimage"},"image":{"@id":"https:\/\/www.maxqda.com\/de\/newsletter-anmelden#primaryimage"},"thumbnailUrl":"https:\/\/www.maxqda.com\/de\/wp\/wp-content\/uploads\/sites\/1\/MAXQDA-Logo-MQ.jpg","datePublished":"2018-05-15T13:00:26+00:00","dateModified":"2023-06-02T11:26:00+00:00","description":"Der MAXQDA Newsletter informiert sie \u00fcber neue Softwareentwicklungen, Rabattaktionen und Neuigkeiten rund um die Forschung mit MAXQDA.","breadcrumb":{"@id":"https:\/\/www.maxqda.com\/de\/newsletter-anmelden#breadcrumb"},"inLanguage":"de","potentialAction":[{"@type":"ReadAction","target":["https:\/\/www.maxqda.com\/de\/newsletter-anmelden"]}]},{"@type":"ImageObject","inLanguage":"de","@id":"https:\/\/www.maxqda.com\/de\/newsletter-anmelden#primaryimage","url":"https:\/\/www.maxqda.com\/de\/wp\/wp-content\/uploads\/sites\/1\/MAXQDA-Logo-MQ.jpg","contentUrl":"https:\/\/www.maxqda.com\/de\/wp\/wp-content\/uploads\/sites\/1\/MAXQDA-Logo-MQ.jpg","width":825,"height":825,"caption":"MAXQDA Logo"},{"@type":"BreadcrumbList","@id":"https:\/\/www.maxqda.com\/de\/newsletter-anmelden#breadcrumb","itemListElement":[{"@type":"ListItem","position":1,"name":"Startseite","item":"https:\/\/www.maxqda.com\/de\/"},{"@type":"ListItem","position":2,"name":"Anmeldung MAXQDA Newsletter"}]},{"@type":"WebSite","@id":"https:\/\/www.maxqda.com\/de\/#website","url":"https:\/\/www.maxqda.com\/de\/","name":"MAXQDA","description":"","publisher":{"@id":"https:\/\/www.maxqda.com\/de\/#organization"},"potentialAction":[{"@type":"SearchAction","target":{"@type":"EntryPoint","urlTemplate":"https:\/\/www.maxqda.com\/de\/?s={search_term_string}"},"query-input":{"@type":"PropertyValueSpecification","valueRequired":true,"valueName":"search_term_string"}}],"inLanguage":"de"},{"@type":"Organization","@id":"https:\/\/www.maxqda.com\/de\/#organization","name":"MAXQDA","url":"https:\/\/www.maxqda.com\/de\/","logo":{"@type":"ImageObject","inLanguage":"de","@id":"https:\/\/www.maxqda.com\/de\/#\/schema\/logo\/image\/","url":"https:\/\/www.maxqda.com\/de\/wp\/wp-content\/uploads\/sites\/1\/MAXQDA-Logo.png","contentUrl":"https:\/\/www.maxqda.com\/de\/wp\/wp-content\/uploads\/sites\/1\/MAXQDA-Logo.png","width":"1000","height":"200","caption":"MAXQDA"},"image":{"@id":"https:\/\/www.maxqda.com\/de\/#\/schema\/logo\/image\/"},"sameAs":["https:\/\/www.facebook.com\/MAXQDA\/","https:\/\/x.com\/VerbiSoftware","https:\/\/www.instagram.com\/maxqda\/","https:\/\/www.youtube.com\/user\/MAXQDA"]}]}},"_links":{"self":[{"href":"https:\/\/www.maxqda.com\/de\/wp-json\/wp\/v2\/pages\/36319","targetHints":{"allow":["GET"]}}],"collection":[{"href":"https:\/\/www.maxqda.com\/de\/wp-json\/wp\/v2\/pages"}],"about":[{"href":"https:\/\/www.maxqda.com\/de\/wp-json\/wp\/v2\/types\/page"}],"author":[{"embeddable":true,"href":"https:\/\/www.maxqda.com\/de\/wp-json\/wp\/v2\/users\/2"}],"replies":[{"embeddable":true,"href":"https:\/\/www.maxqda.com\/de\/wp-json\/wp\/v2\/comments?post=36319"}],"version-history":[{"count":0,"href":"https:\/\/www.maxqda.com\/de\/wp-json\/wp\/v2\/pages\/36319\/revisions"}],"wp:featuredmedia":[{"embeddable":true,"href":"https:\/\/www.maxqda.com\/de\/wp-json\/wp\/v2\/media\/121894"}],"wp:attachment":[{"href":"https:\/\/www.maxqda.com\/de\/wp-json\/wp\/v2\/media?parent=36319"}],"curies":[{"name":"wp","href":"https:\/\/api.w.org\/{rel}","templated":true}]}}