{"id":36096,"date":"2018-04-24T13:52:31","date_gmt":"2018-04-24T12:52:31","guid":{"rendered":"https:\/\/www.maxqda.de\/?page_id=36096"},"modified":"2025-11-10T10:55:30","modified_gmt":"2025-11-10T09:55:30","slug":"online-manual-versionen","status":"publish","type":"page","link":"https:\/\/www.maxqda.com\/de\/online-manual-versionen","title":{"rendered":"Online Manual &#8211; Versionen"},"content":{"rendered":"<div class=\"row text-center\">\r\n<div class=\"large-12 columns\">\r\n<h1>Handb\u00fccher f\u00fcr andere MAXQDA-Versionen<\/h1>\r\n<\/div>\r\n<\/div>\r\n\r\n<div class=\"row\" style=\"margin-top:50px;\">\r\n    <div class=\"large-3 columns\">\r\n        <h2>MAXQDA 24<\/h2><\/div>\r\n    <div class=\"large-9 columns\">       \r\n        <p><a class=\"button\" href=\"https:\/\/www.maxqda.com\/de\/wp\/wp-content\/uploads\/sites\/1\/GettingStarted-MAXQDA24-DE-1.pdf\" title=\"MAXQDA 24 Getting Started Guide\">Getting Started Guide<\/a>\t\t\r\n\t\t<a class=\"button\" href=\"https:\/\/www.maxqda.com\/de\/download\/manuals\/MAX24-Online-Manual-Complete-DE.pdf\" title=\"MAXQDA 24 Handbuch\">MAXQDA 24 Handbuch<\/a>\r\n    <\/div>\r\n<\/div>\r\n\r\n<div class=\"row\" style=\"margin-top:50px;\">\r\n    <div class=\"large-3 columns\">\r\n        <h2>MAXQDA 2022<\/h2><\/div>\r\n    <div class=\"large-9 columns\">       \r\n        <p><a class=\"button\" href=\"https:\/\/www.maxqda.com\/download\/GettingStarted-MAXQDA2022-DE.pdf\" title=\"MAXQDA 2022 Getting Started Guide\">Getting Started Guide<\/a>\r\n\t\t<a class=\"button\" href=\"https:\/\/www.maxqda.com\/de\/hilfe-mx22\/willkommen\" title=\"MAXQDA 2022 Online Manual\">MAXQDA 2022 Handbuch<\/a>\r\n        <a class=\"button\" href=\"https:\/\/www.maxqda.com\/de\/hilfe-mx22-dictio\/was-leistet-maxdictio\" title=\"MAXQDA 2022 MAXDictio\">MAXDictio Handbuch<\/a>\r\n        <a class=\"button\" href=\"https:\/\/www.maxqda.com\/de\/hilfe-mx22-stats\/was-leistet-maxqda-stats\" title=\"MAXQDA 2022 Stats\">Stats Handbuch<\/a>\r\n\t\t <a class=\"button\" href=\"https:\/\/www.maxqda.com\/de\/hilfe-mx22-teamcloud\/willkommen\/start\" title=\"MAXQDA 2022 TeamCloud\">TeamCloud Handbuch<\/a><\/p>\r\n    <\/div>\r\n<\/div>\r\n\r\n\r\n\r\n\r\n<div class=\"row\" style=\"margin-top:50px;\">\r\n    <div class=\"large-3 columns\">\r\n        <h2>MAXQDA 2020<\/h2><\/div>\r\n    <div class=\"large-9 columns\">       \r\n        <p><a class=\"button\" href=\"https:\/\/www.maxqda.com\/wp\/wp-content\/uploads\/sites\/2\/GettingStarted-MAXQDA2020_DE.pdf\" title=\"MAXQDA 2020 Getting Started Guide\">Getting Started Guide<\/a>\r\n\t\t<a class=\"button\" href=\"https:\/\/www.maxqda.com\/de\/hilfe-mx20\/willkommen\" title=\"MAXQDA 2020 Online Manual\">MAXQDA 2020 Handbuch<\/a>\r\n        <a class=\"button\" href=\"https:\/\/www.maxqda.com\/de\/hilfe-max20-dictio\/installation\" title=\"MAXQDA 2020 MAXDictio\">MAXDictio Handbuch<\/a>\r\n        <a class=\"button\" href=\"https:\/\/www.maxqda.com\/de\/hilfe-max20-stats\/was-leistet-maxqda-stats\" title=\"MAXQDA 2020 Stats\">Stats Handbuch<\/a><\/p>\r\n\r\n    <\/div>\r\n<\/div>\r\n\r\n<div class=\"row\" style=\"margin-top:50px;\">\r\n    <div class=\"large-3 columns\">\r\n        <h2>MAXQDA 2018<\/h2><\/div>\r\n    <div class=\"large-9 columns\">       \r\n        <p><a class=\"button\" href=\"https:\/\/www.maxqda.com\/wp\/wp-content\/uploads\/sites\/2\/Getting-Started-Guide-MAXQDA2018-de.pdf\" title=\"MAXQDA 2018 Getting Started Guide\">Getting Started Guide<\/a>\r\n\t\t<a class=\"button\" href=\"https:\/\/www.maxqda.com\/de\/hilfe-max18\/willkommen\" title=\"MAXQDA 12018 Online Manual\">MAXQDA 2018 Handbuch<\/a>\r\n        <a class=\"button\" href=\"https:\/\/www.maxqda.com\/de\/hilfe-max18-dictio\/installation\" title=\"MAXQDA 2018 MAXDictio\">MAXDictio Handbuch<\/a>\r\n        <a class=\"button\" href=\"https:\/\/www.maxqda.com\/de\/hilfe-max18-stats\/was-leistet-maxqda-stats\" title=\"MAXQDA 2018 Stats\">Stats Handbuch<\/a><\/p>\r\n\r\n    <\/div>\r\n<\/div>\r\n\r\n\r\n\r\n<div class=\"row\" style=\"margin-top:50px;\">\r\n    <div class=\"large-3 columns\">\r\n        <h2>MAXQDA 12<\/h2><\/div>\r\n    <div class=\"large-9 columns\">       \r\n        <p><a class=\"button\" href=\"https:\/\/www.maxqda.com\/wp\/wp-content\/uploads\/sites\/2\/Getting-Started-Guide-MAXQDA12-de.pdf\" title=\"MAXQDA 12 Getting Started Guide\">Getting Started Guide<\/a>\r\n\t\t<a class=\"button\" href=\"https:\/\/www.maxqda.com\/de\/hilfe-max12\/willkommen\" title=\"MAXQDA 12 online manual\">MAXQDA 12 Handbuch<\/a>\r\n        <a class=\"button\" href=\"https:\/\/www.maxqda.com\/de\/hilfe-max12-dictio\/installation\" title=\"MAXQDA 12 MAXDictio\">MAXDictio Handbuch<\/a>\r\n        <a class=\"button\" href=\"https:\/\/www.maxqda.com\/de\/hilfe-max12-stats\/was-leistet-maxqda-stats\" title=\"MAXQDA 12 Stats\">Stats Handbuch<\/a><\/p>\r\n    <\/div>\r\n<\/div>\r\n\r\n\r\n\r\n\r\n<div class=\"row\" style=\"margin-top:50px;\">\r\n    <div class=\"large-3 columns\">\r\n        <h2>MAXQDA 11<\/h2><\/div>\r\n    <div class=\"large-9 columns\">       \r\n        <p><a class=\"button\" href=\"https:\/\/www.maxqda.com\/de\/download\/manuals\/MAX11_intro_ger.pdf\" title=\"MAXQDA 11 Getting Started Guide\">Einf\u00fchrung<\/a>\r\n        <a class=\"button\" href=\"https:\/\/www.maxqda.com\/de\/support\/hilfe\/maxqda-11\/\" title=\"Take a look at the MAXQDA 11 for Mac online help\">MAXQDA 11 Handbuch<\/a><\/p>\r\n    <\/div>\r\n<\/div>\r\n\r\n\r\n\r\n\r\n<div class=\"row\" style=\"margin-top:50px;\">\r\n    <div class=\"large-3 columns\">\r\n        <h2>MAXQDA 10<\/h2><\/div>\r\n    <div class=\"large-9 columns\">       \r\n        <p><a class=\"button\" href=\"https:\/\/www.maxqda.com\/de\/download\/manuals\/MAX10_intro_ger.pdf\" title=\"MAXQDA 10 Getting Started Guide\">MAXQDA 10 Handbuch<\/a>\r\n\t\t<a class=\"button\" href=\"https:\/\/www.maxqda.com\/de\/download\/manuals\/MAX10_dictio_ger.pdf\" title=\"MAXDictio 10 online manual\">MAXDictio Handbuch<\/a>\r\n<\/div>\r\n<\/div>\r\n\r\n\r\n\r\n\r\n<div class=\"row\" style=\"margin-top:50px;\">\r\n    <div class=\"large-3 columns\">\r\n        <h2>MAXQDA 2007<\/h2><\/div>\r\n    <div class=\"large-9 columns\">       \r\n        <p><a class=\"button\" href=\"https:\/\/www.maxqda.com\/de\/download\/manuals\/MAX2007_intro_ger.pdf\" title=\"MAXQDA 2007 Getting Started Guide\">MAXQDA 2007 Handbuch<\/a>\r\n\t\t<a class=\"button\" href=\"https:\/\/www.maxqda.com\/download\/manuals\/MAX2007_dictio_eng.pdf\" title=\"Download the MAXDictio 2007 Manual\">MAXDictio Handbuch<\/a>\r\n<\/div>\r\n<\/div>\r\n\r\n","protected":false},"excerpt":{"rendered":"<p>Handb\u00fccher f\u00fcr andere MAXQDA-Versionen MAXQDA 24 Getting Started Guide MAXQDA 24 Handbuch MAXQDA 2022 Getting Started Guide MAXQDA 2022 Handbuch MAXDictio Handbuch Stats Handbuch TeamCloud Handbuch MAXQDA 2020 Getting Started Guide MAXQDA 2020 Handbuch MAXDictio Handbuch Stats Handbuch MAXQDA 2018 Getting Started Guide MAXQDA 2018 Handbuch MAXDictio Handbuch Stats Handbuch MAXQDA 12 Getting Started Guide [&hellip;]<\/p>\n","protected":false},"author":2,"featured_media":121894,"parent":0,"menu_order":43,"comment_status":"closed","ping_status":"closed","template":"tpl_online_manual_versionen.php","meta":{"_acf_changed":false,"_relevanssi_hide_post":"","_relevanssi_hide_content":"","_relevanssi_pin_for_all":"","_relevanssi_pin_keywords":"","_relevanssi_unpin_keywords":"","_relevanssi_related_keywords":"","_relevanssi_related_include_ids":"","_relevanssi_related_exclude_ids":"","_relevanssi_related_no_append":"","_relevanssi_related_not_related":"","_relevanssi_related_posts":"","_relevanssi_noindex_reason":"","footnotes":""},"class_list":["post-36096","page","type-page","status-publish","has-post-thumbnail","hentry"],"acf":[],"yoast_head":"<!-- This site is optimized with the Yoast SEO Premium plugin v27.1 (Yoast SEO v27.1.1) - https:\/\/yoast.com\/product\/yoast-seo-premium-wordpress\/ -->\n<title>MAXQDA | Online-Manuals f\u00fcr \u00e4lterer MAXQDA Versionen<\/title>\n<meta name=\"description\" content=\"Hier finden Sie Online-Manuals zu \u00e4lteren Versionen von MAXQDA (MAXQDA 2007 - MAXQDA 2018).\" \/>\n<meta name=\"robots\" content=\"index, nofollow, max-snippet:-1, max-image-preview:large, max-video-preview:-1\" \/>\n<link rel=\"canonical\" href=\"https:\/\/www.maxqda.com\/de\/online-manual-versionen\" \/>\n<meta property=\"og:locale\" content=\"de_DE\" \/>\n<meta property=\"og:type\" content=\"article\" \/>\n<meta property=\"og:title\" content=\"Online Manual - Versionen\" \/>\n<meta property=\"og:description\" content=\"Handb\u00fccher f\u00fcr andere MAXQDA-Versionen MAXQDA 24 Getting Started Guide MAXQDA 24 Handbuch MAXQDA 2022 Getting Started Guide MAXQDA 2022 Handbuch MAXDictio\" \/>\n<meta property=\"og:url\" content=\"https:\/\/www.maxqda.com\/de\/online-manual-versionen\" \/>\n<meta property=\"og:site_name\" content=\"MAXQDA\" \/>\n<meta property=\"article:publisher\" content=\"https:\/\/www.facebook.com\/MAXQDA\/\" \/>\n<meta property=\"article:modified_time\" content=\"2025-11-10T09:55:30+00:00\" \/>\n<meta property=\"og:image\" content=\"https:\/\/www.maxqda.com\/de\/wp\/wp-content\/uploads\/sites\/1\/MAXQDA-Die-1-Software-fuer-qualitative-und-Mixed-Methods-Datenanalyse.png?_t=1762768533\" \/>\n\t<meta property=\"og:image:width\" content=\"1200\" \/>\n\t<meta property=\"og:image:height\" content=\"630\" \/>\n\t<meta property=\"og:image:type\" content=\"image\/png\" \/>\n<meta name=\"twitter:card\" content=\"summary_large_image\" \/>\n<meta name=\"twitter:site\" content=\"@VerbiSoftware\" \/>\n<meta name=\"twitter:label1\" content=\"Gesch\u00e4tzte Lesezeit\" \/>\n\t<meta name=\"twitter:data1\" content=\"1\u00a0Minute\" \/>\n<script type=\"application\/ld+json\" class=\"yoast-schema-graph\">{\"@context\":\"https:\/\/schema.org\",\"@graph\":[{\"@type\":\"WebPage\",\"@id\":\"https:\/\/www.maxqda.com\/de\/online-manual-versionen\",\"url\":\"https:\/\/www.maxqda.com\/de\/online-manual-versionen\",\"name\":\"MAXQDA | Online-Manuals f\u00fcr \u00e4lterer MAXQDA Versionen\",\"isPartOf\":{\"@id\":\"https:\/\/www.maxqda.com\/de\/#website\"},\"primaryImageOfPage\":{\"@id\":\"https:\/\/www.maxqda.com\/de\/online-manual-versionen#primaryimage\"},\"image\":{\"@id\":\"https:\/\/www.maxqda.com\/de\/online-manual-versionen#primaryimage\"},\"thumbnailUrl\":\"https:\/\/www.maxqda.com\/de\/wp\/wp-content\/uploads\/sites\/1\/MAXQDA-Logo-MQ.jpg\",\"datePublished\":\"2018-04-24T12:52:31+00:00\",\"dateModified\":\"2025-11-10T09:55:30+00:00\",\"description\":\"Hier finden Sie Online-Manuals zu \u00e4lteren Versionen von MAXQDA (MAXQDA 2007 - MAXQDA 2018).\",\"breadcrumb\":{\"@id\":\"https:\/\/www.maxqda.com\/de\/online-manual-versionen#breadcrumb\"},\"inLanguage\":\"de\",\"potentialAction\":[{\"@type\":\"ReadAction\",\"target\":[\"https:\/\/www.maxqda.com\/de\/online-manual-versionen\"]}]},{\"@type\":\"ImageObject\",\"inLanguage\":\"de\",\"@id\":\"https:\/\/www.maxqda.com\/de\/online-manual-versionen#primaryimage\",\"url\":\"https:\/\/www.maxqda.com\/de\/wp\/wp-content\/uploads\/sites\/1\/MAXQDA-Logo-MQ.jpg\",\"contentUrl\":\"https:\/\/www.maxqda.com\/de\/wp\/wp-content\/uploads\/sites\/1\/MAXQDA-Logo-MQ.jpg\",\"width\":825,\"height\":825,\"caption\":\"MAXQDA Logo\"},{\"@type\":\"BreadcrumbList\",\"@id\":\"https:\/\/www.maxqda.com\/de\/online-manual-versionen#breadcrumb\",\"itemListElement\":[{\"@type\":\"ListItem\",\"position\":1,\"name\":\"Startseite\",\"item\":\"https:\/\/www.maxqda.com\/de\/\"},{\"@type\":\"ListItem\",\"position\":2,\"name\":\"Online Manual &#8211; Versionen\"}]},{\"@type\":\"WebSite\",\"@id\":\"https:\/\/www.maxqda.com\/de\/#website\",\"url\":\"https:\/\/www.maxqda.com\/de\/\",\"name\":\"MAXQDA\",\"description\":\"\",\"publisher\":{\"@id\":\"https:\/\/www.maxqda.com\/de\/#organization\"},\"potentialAction\":[{\"@type\":\"SearchAction\",\"target\":{\"@type\":\"EntryPoint\",\"urlTemplate\":\"https:\/\/www.maxqda.com\/de\/?s={search_term_string}\"},\"query-input\":{\"@type\":\"PropertyValueSpecification\",\"valueRequired\":true,\"valueName\":\"search_term_string\"}}],\"inLanguage\":\"de\"},{\"@type\":\"Organization\",\"@id\":\"https:\/\/www.maxqda.com\/de\/#organization\",\"name\":\"MAXQDA\",\"url\":\"https:\/\/www.maxqda.com\/de\/\",\"logo\":{\"@type\":\"ImageObject\",\"inLanguage\":\"de\",\"@id\":\"https:\/\/www.maxqda.com\/de\/#\/schema\/logo\/image\/\",\"url\":\"https:\/\/www.maxqda.com\/de\/wp\/wp-content\/uploads\/sites\/1\/MAXQDA-Logo.png\",\"contentUrl\":\"https:\/\/www.maxqda.com\/de\/wp\/wp-content\/uploads\/sites\/1\/MAXQDA-Logo.png\",\"width\":\"1000\",\"height\":\"200\",\"caption\":\"MAXQDA\"},\"image\":{\"@id\":\"https:\/\/www.maxqda.com\/de\/#\/schema\/logo\/image\/\"},\"sameAs\":[\"https:\/\/www.facebook.com\/MAXQDA\/\",\"https:\/\/x.com\/VerbiSoftware\",\"https:\/\/www.instagram.com\/maxqda\/\",\"https:\/\/www.youtube.com\/user\/MAXQDA\"]}]}<\/script>\n<!-- \/ Yoast SEO Premium plugin. -->","yoast_head_json":{"title":"MAXQDA | Online-Manuals f\u00fcr \u00e4lterer MAXQDA Versionen","description":"Hier finden Sie Online-Manuals zu \u00e4lteren Versionen von MAXQDA (MAXQDA 2007 - MAXQDA 2018).","robots":{"index":"index","follow":"nofollow","max-snippet":"max-snippet:-1","max-image-preview":"max-image-preview:large","max-video-preview":"max-video-preview:-1"},"canonical":"https:\/\/www.maxqda.com\/de\/online-manual-versionen","og_locale":"de_DE","og_type":"article","og_title":"Online Manual - Versionen","og_description":"Handb\u00fccher f\u00fcr andere MAXQDA-Versionen MAXQDA 24 Getting Started Guide MAXQDA 24 Handbuch MAXQDA 2022 Getting Started Guide MAXQDA 2022 Handbuch MAXDictio","og_url":"https:\/\/www.maxqda.com\/de\/online-manual-versionen","og_site_name":"MAXQDA","article_publisher":"https:\/\/www.facebook.com\/MAXQDA\/","article_modified_time":"2025-11-10T09:55:30+00:00","og_image":[{"width":1200,"height":630,"url":"https:\/\/www.maxqda.com\/de\/wp\/wp-content\/uploads\/sites\/1\/MAXQDA-Die-1-Software-fuer-qualitative-und-Mixed-Methods-Datenanalyse.png?_t=1762768533","type":"image\/png"}],"twitter_card":"summary_large_image","twitter_site":"@VerbiSoftware","twitter_misc":{"Gesch\u00e4tzte Lesezeit":"1\u00a0Minute"},"schema":{"@context":"https:\/\/schema.org","@graph":[{"@type":"WebPage","@id":"https:\/\/www.maxqda.com\/de\/online-manual-versionen","url":"https:\/\/www.maxqda.com\/de\/online-manual-versionen","name":"MAXQDA | Online-Manuals f\u00fcr \u00e4lterer MAXQDA Versionen","isPartOf":{"@id":"https:\/\/www.maxqda.com\/de\/#website"},"primaryImageOfPage":{"@id":"https:\/\/www.maxqda.com\/de\/online-manual-versionen#primaryimage"},"image":{"@id":"https:\/\/www.maxqda.com\/de\/online-manual-versionen#primaryimage"},"thumbnailUrl":"https:\/\/www.maxqda.com\/de\/wp\/wp-content\/uploads\/sites\/1\/MAXQDA-Logo-MQ.jpg","datePublished":"2018-04-24T12:52:31+00:00","dateModified":"2025-11-10T09:55:30+00:00","description":"Hier finden Sie Online-Manuals zu \u00e4lteren Versionen von MAXQDA (MAXQDA 2007 - MAXQDA 2018).","breadcrumb":{"@id":"https:\/\/www.maxqda.com\/de\/online-manual-versionen#breadcrumb"},"inLanguage":"de","potentialAction":[{"@type":"ReadAction","target":["https:\/\/www.maxqda.com\/de\/online-manual-versionen"]}]},{"@type":"ImageObject","inLanguage":"de","@id":"https:\/\/www.maxqda.com\/de\/online-manual-versionen#primaryimage","url":"https:\/\/www.maxqda.com\/de\/wp\/wp-content\/uploads\/sites\/1\/MAXQDA-Logo-MQ.jpg","contentUrl":"https:\/\/www.maxqda.com\/de\/wp\/wp-content\/uploads\/sites\/1\/MAXQDA-Logo-MQ.jpg","width":825,"height":825,"caption":"MAXQDA Logo"},{"@type":"BreadcrumbList","@id":"https:\/\/www.maxqda.com\/de\/online-manual-versionen#breadcrumb","itemListElement":[{"@type":"ListItem","position":1,"name":"Startseite","item":"https:\/\/www.maxqda.com\/de\/"},{"@type":"ListItem","position":2,"name":"Online Manual &#8211; Versionen"}]},{"@type":"WebSite","@id":"https:\/\/www.maxqda.com\/de\/#website","url":"https:\/\/www.maxqda.com\/de\/","name":"MAXQDA","description":"","publisher":{"@id":"https:\/\/www.maxqda.com\/de\/#organization"},"potentialAction":[{"@type":"SearchAction","target":{"@type":"EntryPoint","urlTemplate":"https:\/\/www.maxqda.com\/de\/?s={search_term_string}"},"query-input":{"@type":"PropertyValueSpecification","valueRequired":true,"valueName":"search_term_string"}}],"inLanguage":"de"},{"@type":"Organization","@id":"https:\/\/www.maxqda.com\/de\/#organization","name":"MAXQDA","url":"https:\/\/www.maxqda.com\/de\/","logo":{"@type":"ImageObject","inLanguage":"de","@id":"https:\/\/www.maxqda.com\/de\/#\/schema\/logo\/image\/","url":"https:\/\/www.maxqda.com\/de\/wp\/wp-content\/uploads\/sites\/1\/MAXQDA-Logo.png","contentUrl":"https:\/\/www.maxqda.com\/de\/wp\/wp-content\/uploads\/sites\/1\/MAXQDA-Logo.png","width":"1000","height":"200","caption":"MAXQDA"},"image":{"@id":"https:\/\/www.maxqda.com\/de\/#\/schema\/logo\/image\/"},"sameAs":["https:\/\/www.facebook.com\/MAXQDA\/","https:\/\/x.com\/VerbiSoftware","https:\/\/www.instagram.com\/maxqda\/","https:\/\/www.youtube.com\/user\/MAXQDA"]}]}},"_links":{"self":[{"href":"https:\/\/www.maxqda.com\/de\/wp-json\/wp\/v2\/pages\/36096","targetHints":{"allow":["GET"]}}],"collection":[{"href":"https:\/\/www.maxqda.com\/de\/wp-json\/wp\/v2\/pages"}],"about":[{"href":"https:\/\/www.maxqda.com\/de\/wp-json\/wp\/v2\/types\/page"}],"author":[{"embeddable":true,"href":"https:\/\/www.maxqda.com\/de\/wp-json\/wp\/v2\/users\/2"}],"replies":[{"embeddable":true,"href":"https:\/\/www.maxqda.com\/de\/wp-json\/wp\/v2\/comments?post=36096"}],"version-history":[{"count":3,"href":"https:\/\/www.maxqda.com\/de\/wp-json\/wp\/v2\/pages\/36096\/revisions"}],"predecessor-version":[{"id":130833,"href":"https:\/\/www.maxqda.com\/de\/wp-json\/wp\/v2\/pages\/36096\/revisions\/130833"}],"wp:featuredmedia":[{"embeddable":true,"href":"https:\/\/www.maxqda.com\/de\/wp-json\/wp\/v2\/media\/121894"}],"wp:attachment":[{"href":"https:\/\/www.maxqda.com\/de\/wp-json\/wp\/v2\/media?parent=36096"}],"curies":[{"name":"wp","href":"https:\/\/api.w.org\/{rel}","templated":true}]}}