{"id":33249,"date":"2017-09-14T15:15:10","date_gmt":"2017-09-14T14:15:10","guid":{"rendered":"https:\/\/www.maxqda.de\/?page_id=33249"},"modified":"2024-06-14T08:34:59","modified_gmt":"2024-06-14T07:34:59","slug":"fotowettbewerb-2017-ergebnisse","status":"publish","type":"page","link":"https:\/\/www.maxqda.com\/de\/fotowettbewerb-2017-ergebnisse","title":{"rendered":"MAXQDA Fotowettbewerb 2017 &#8211; Unsere Gewinnermotive"},"content":{"rendered":"<div id=\"header-special\" style=\"background-image: url('https:\/\/www.maxqda.com\/wp\/wp-content\/themes\/max\/img\/content-slider\/max12\/fotowettbewerb.png'); height: 450px; background-position: 0; background-color: #ffffff;\">\r\n<div class=\"row\">\r\n<div class=\"large-12 columns\">\r\n<h1 id=\"support-h1\" style=\"text-align: center; padding-top: 115px; text-shadow: 0px 0px 70px black;\"><b>#PictureYourResearch 2017 \u2013 Ergebnisse<\/b><\/h1>\r\n<\/div>\r\n<\/div>\r\n<\/div>\r\n<div class=\"row\">\r\n<div class=\"small-12 columns\">\r\n<h1>#PictureYourResearch \u2013 MAXQDA Fotowettbewerb 2017<\/h1>\r\n<h2><strong>Herzlichen Gl\u00fcckwunsch an die Gewinnerinnen und Gewinner des diesj\u00e4hrigen MAXQDA-Fotowettbewerbs!<\/strong><\/h2>\r\n<p><strong> Auch die zweite Auflage der MAXQDA-Fotowettbewerbs war ein voller Erfolg!<\/strong>\r\nVielen Dank, dass wir durch Ihre Fotos an Ihren pers\u00f6nlichen Forschungseindr\u00fccken teilhaben durften. Wir waren von der Vielfalt der Motive, die die gro\u00dfe Bandbreite an Themen in der qualitativen Forschung verdeutlicht haben, sehr beeindruckt. <\/p>\r\n<p> Wir gratulieren den Gewinnerinnen und Gewinnern von ganzem Herzen. Sie k\u00f6nnen sich \u00fcber Ihr pers\u00f6nliches Motiv als professionellen Druck und eine Box mit hochwertigen Postkarten aller Gewinnermotive freuen.<\/p>\r\n<\/div>\r\n<\/div>\r\n<div class=\"row text-center\" style=\"margin-top: 60px;\">\r\n<div class=\"large-12 columns\">\r\n<h1>VERBI Software pr\u00e4sentiert hier die besten f\u00fcnf Fotomotive des #PictureYourResearch MAXQDA Fotowettbewerbs 2017<\/h1>\r\n<h4>Unsere Jury hat folgende f\u00fcnf Fotos unter die <strong>Top 5<\/strong> gew\u00e4hlt (in zuf\u00e4lliger Reihenfolge): <\/h4>\r\n<\/div>\r\n<\/div>\r\n<hr \/>\r\n<div class=\"row\" style=\"margin-top: 50px;\">\r\n<div class=\"large-5 columns\"><a href=\"https:\/\/www.maxqda.com\/wp\/wp-content\/uploads\/sites\/2\/Youth.jpg\"><img decoding=\"async\" class=\"size-medium wp-image-34935\" src=\"https:\/\/www.maxqda.com\/wp\/wp-content\/uploads\/sites\/2\/Youth.jpg\" \/><\/a><\/div>\r\n<div class=\"large-7 columns\">\r\n<h2>Youth &#8211; <em>Kim van Kastel<\/em><\/h2>\r\n<p><strong>Location:<\/strong> Kampala, Uganda, 2010<\/p>\r\n<p style=\"text-align: left;\">\u201cThis photo was taken while conducting anthropological research on the practices of international development health care projects in Kampala, Uganda. I got to know this young girl at an Islamic school where one a private health care clinic frequently organized community outreach activities and info-sessions on AIDS prevention.\u201d <br \/>\r\n <br \/>\r\n <em>\u2013 Kim van Kastel<\/em><\/p>\r\n<\/div>\r\n<\/div>\r\n<hr \/>\r\n<div class=\"row\" style=\"margin-top: 50px;\">\r\n<div class=\"large-5 columns\"><a href=\"https:\/\/www.maxqda.com\/wp\/wp-content\/uploads\/sites\/2\/Kids.jpg\"><img decoding=\"async\" class=\"alignleft size-medium wp-image-34933\" src=\"https:\/\/www.maxqda.com\/wp\/wp-content\/uploads\/sites\/2\/Kids.jpg\" \/><\/a><\/div>\r\n<div class=\"large-7 columns\">\r\n<h2>Kids Polishing their Mountaineering Skills &#8211; <em>Asif Hussain<\/em><\/h2>\r\n<p><strong>Location:<\/strong> Hushe, Gilgit-Baltistan, Pakistan, 2016<\/p>\r\n<p>\u201cHushe is the last village in Hushe Valley before one enters the wilderness of Karakoram mountain ranges. More than 80% of Hushe community is affiliated with tourism. They work as porters for expeditions and trackers to four of the highest peaks in the world (8000m) including K-2, the second highest peak.<\/p>\r\n<p>This photo depicts kids in the village polishing their mountaineering skills by climbing on various walls in the village. My research investigates the consequences of tourism on livelihood diversification strategies.\u201d\u00a0 <br \/>\r\n <br \/>\r\n <em>\u2013 Asif Hussain<\/em><\/p>\r\n<\/div>\r\n<\/div>\r\n<hr \/>\r\n<div class=\"row\" style=\"margin-top: 50px;\">\r\n<div class=\"large-7 columns\"><a href=\"https:\/\/www.maxqda.com\/wp\/wp-content\/uploads\/sites\/2\/FGD.jpg\"><img decoding=\"async\" class=\"alignleft size-medium wp-image-34931\" src=\"https:\/\/www.maxqda.com\/wp\/wp-content\/uploads\/sites\/2\/FGD.jpg\" \/><\/a><\/div>\r\n<div class=\"large-5 columns\">\r\n<h2>FGD with Female Participants &#8211; <em>Danstan Mukono<\/em><\/h2>\r\n<p><strong>Location:<\/strong> Kinyope village, Lindi District, Tanzania, 2017<\/p>\r\n<p>\u201cThis picture was taken during my Ph.D. field work in 2017 titled &#8218;REDD+ and Social Livelihoods Discourse in: With reflections from forest-dependent communities in Lindi District&#8216;. The general idea was to capture the underlying power and knowledge underlying REDD+ regime of practices.<\/p>\r\n<p>As part of the methodology, the power of context and who interviews who is crucial. This displays the sensibility of bridging the power dynamics between the researcher and the researched. Importantly, the choice of location matters as it provides room for participants to open up, hence the presence of the large tree in the community sheltered the session.\u201d <br \/>\r\n <br \/>\r\n <em>\u2013 Danstan Mukono<\/em><\/p>\r\n<\/div>\r\n<\/div>\r\n<hr \/>\r\n<div class=\"row\" style=\"margin-top: 50px;\">\r\n<div class=\"large-7 columns\"><a href=\"https:\/\/www.maxqda.com\/wp\/wp-content\/uploads\/sites\/2\/tgugushvili2-small.jpg\"><img decoding=\"async\" class=\"wp-image-34944\" src=\"https:\/\/www.maxqda.com\/wp\/wp-content\/uploads\/sites\/2\/tgugushvili2-small.jpg\" \/><\/a><\/div>\r\n<div class=\"large-5 columns\">\r\n<h2>Colors of Dawn in Mountainous Georgia &#8211; <em>Temur Gugushvili<\/em><\/h2>\r\n<p><strong>Location:<\/strong> Village Kvelatubani, Shida Kartli Region, Georgia, 2012<\/p>\r\n<p>The Rural Sociologists Club (Georgia) which functions as a multidisciplinary platform, where students are engaged in rural issues, inspires new research and initiatives. The RS Club carries out small-scale research in the sparsely populated rural areas in Georgia so as to contribute to the process of revealing emerging challenges faced by local communities. It is noteworthy that the expeditions and fieldwork are organized regularly with strong support of Tbilisi State University.<\/p>\r\n<p>Throughout the years, expeditions have been conducted to various regions of Georgia, particularly in remote areas, which are the least populated. In order to obtain in-depth information about targeted settlements, researchers of the expedition group have direct contact with local dwellers. As a result of fieldwork and various case studies, several crucial challenges have been identified; rural communities struggle to access proper roads, clean water, and public services, which are essential for the everyday lives of human beings. Besides these facts, poverty and poor economic conditions create strong additional barriers for rural populations to handle the afore-mentioned problems.<\/p>\r\n<p>The presented photo, taken in 2012 during an expedition, depicts grave socioeconomic conditions in one of many poor mountain villages in Georgia. Young people, representing the main labor and reproductive force, leave their home villages due to the lack of proper infrastructure and services, like roads, transport, internet provision, etc. Such severe situations push out population to urban areas in search of work, often outside the country. <br \/>\r\n <br \/>\r\n <em>\u2013 The description of the photo was prepared by Gvantsa Salukvadze.<\/em><br \/>\r\n <br \/>\r\n <a href=\"https:\/\/www.facebook.com\/RuralSociologistClub\" target=\"_blank\" rel=\"noopener noreferrer\">Read more about this project.<\/a><\/p>\r\n<\/div>\r\n<\/div>\r\n<hr \/>\r\n<div class=\"row\" style=\"margin-top: 50px;\">\r\n<div class=\"large-7 columns\"><a href=\"https:\/\/www.maxqda.com\/wp\/wp-content\/uploads\/sites\/2\/20141002_140604.jpg\"><img decoding=\"async\" class=\"aligncenter size-medium wp-image-34930\" src=\"https:\/\/www.maxqda.com\/wp\/wp-content\/uploads\/sites\/2\/20141002_140604.jpg\" \/><\/a><\/div>\r\n<div class=\"large-5 columns\">\r\n<h2>Black Cowboys at Work &#8211; <em>Myeshia Babers<\/em><\/h2>\r\n<p><strong>Location:<\/strong> Houston, Texas, USA, 2014<\/p>\r\n<p style=\"text-align: left;\">\u201cThis photo is a counter narrative to negative stereotypes about black masculinity and depictions of the way black men relate to each other by representing the idea behind the phrase &#8222;my brother&#8217;s keeper&#8220;. It shows one of the many ways black men cultivate their racialized gender identities.<\/p>\r\n<p style=\"text-align: left;\">This photo represents the manifestation of commitments made and responsibilities accepted for another man&#8217;s cultivation as a cowboy and as a human being because rodeo activities are dangerous. This speaks to my project about how black cowboys transmit cultural information about black masculinity &#8211; racialized masculinity &#8211; in the U.S. through black Western culture.\u201d\u00a0<br \/>\r\n <br \/>\r\n <em>\u2013 Myeshia Babers<\/em><\/p>\r\n<\/div>\r\n<\/div>\r\n<hr \/>\r\n\r\n<div class=\"row text-center\" style=\"margin-top: 35px;\">\r\n<div>\r\n<h5>Wenn Sie Ihr Foto unter den abgebildeten entdeckt haben und Sie noch keine E-Mail von uns erhalten haben, \u00fcberpr\u00fcfen Sie bitte noch einmal Ihr E-Mail-Postfach und kontaktieren uns ansonsten per E-Mail (<a href=\"mailto:communications@maxqda.com\/de\">communications@maxqda.com\/de<\/a>).\u00a0<\/h5>\r\n<\/div>\r\n<\/div>","protected":false},"excerpt":{"rendered":"<p>#PictureYourResearch 2017 \u2013 Ergebnisse #PictureYourResearch \u2013 MAXQDA Fotowettbewerb 2017 Herzlichen Gl\u00fcckwunsch an die Gewinnerinnen und Gewinner des diesj\u00e4hrigen MAXQDA-Fotowettbewerbs! Auch die zweite Auflage der MAXQDA-Fotowettbewerbs war ein voller Erfolg! Vielen Dank, dass wir durch Ihre Fotos an Ihren pers\u00f6nlichen Forschungseindr\u00fccken teilhaben durften. Wir waren von der Vielfalt der Motive, die die gro\u00dfe Bandbreite an Themen [&hellip;]<\/p>\n","protected":false},"author":1,"featured_media":121894,"parent":0,"menu_order":43,"comment_status":"closed","ping_status":"closed","template":"page-no-header.php","meta":{"_acf_changed":false,"_relevanssi_hide_post":"","_relevanssi_hide_content":"","_relevanssi_pin_for_all":"","_relevanssi_pin_keywords":"","_relevanssi_unpin_keywords":"","_relevanssi_related_keywords":"","_relevanssi_related_include_ids":"","_relevanssi_related_exclude_ids":"","_relevanssi_related_no_append":"","_relevanssi_related_not_related":"","_relevanssi_related_posts":"","_relevanssi_noindex_reason":"","footnotes":""},"class_list":["post-33249","page","type-page","status-publish","has-post-thumbnail","hentry"],"acf":[],"yoast_head":"<!-- This site is optimized with the Yoast SEO Premium plugin v27.1 (Yoast SEO v27.1.1) - https:\/\/yoast.com\/product\/yoast-seo-premium-wordpress\/ -->\n<title>MAXQDA Fotowettbewerb 2017 - Unsere Gewinnermotive | MAXQDA<\/title>\n<meta name=\"description\" content=\"Auch die zweite Auflage der MAXQDA-Fotowettbewerbs war ein voller Erfolg! Herzlichen Gl\u00fcckwunsch an die Gewinnerinnen und Gewinner des Fotowettbewerbs 2017!\" \/>\n<meta name=\"robots\" content=\"index, follow, max-snippet:-1, max-image-preview:large, max-video-preview:-1\" \/>\n<link rel=\"canonical\" href=\"https:\/\/www.maxqda.com\/de\/fotowettbewerb-2017-ergebnisse\" \/>\n<meta property=\"og:locale\" content=\"de_DE\" \/>\n<meta property=\"og:type\" content=\"article\" \/>\n<meta property=\"og:title\" content=\"MAXQDA Fotowettbewerb 2017 - Unsere Gewinnermotive\" \/>\n<meta property=\"og:description\" content=\"#PictureYourResearch 2017 \u2013 Ergebnisse #PictureYourResearch \u2013 MAXQDA Fotowettbewerb 2017 Herzlichen Gl\u00fcckwunsch an die Gewinnerinnen und Gewinner des\" \/>\n<meta property=\"og:url\" content=\"https:\/\/www.maxqda.com\/de\/fotowettbewerb-2017-ergebnisse\" \/>\n<meta property=\"og:site_name\" content=\"MAXQDA\" \/>\n<meta property=\"article:publisher\" content=\"https:\/\/www.facebook.com\/MAXQDA\/\" \/>\n<meta property=\"article:modified_time\" content=\"2024-06-14T07:34:59+00:00\" \/>\n<meta property=\"og:image\" content=\"https:\/\/www.maxqda.com\/de\/wp\/wp-content\/uploads\/sites\/1\/MAXQDA-Logo-MQ.jpg\" \/>\n\t<meta property=\"og:image:width\" content=\"825\" \/>\n\t<meta property=\"og:image:height\" content=\"825\" \/>\n\t<meta property=\"og:image:type\" content=\"image\/jpeg\" \/>\n<meta name=\"twitter:card\" content=\"summary_large_image\" \/>\n<meta name=\"twitter:site\" content=\"@VerbiSoftware\" \/>\n<meta name=\"twitter:label1\" content=\"Gesch\u00e4tzte Lesezeit\" \/>\n\t<meta name=\"twitter:data1\" content=\"6\u00a0Minuten\" \/>\n<script type=\"application\/ld+json\" class=\"yoast-schema-graph\">{\"@context\":\"https:\/\/schema.org\",\"@graph\":[{\"@type\":\"WebPage\",\"@id\":\"https:\/\/www.maxqda.com\/de\/fotowettbewerb-2017-ergebnisse\",\"url\":\"https:\/\/www.maxqda.com\/de\/fotowettbewerb-2017-ergebnisse\",\"name\":\"MAXQDA Fotowettbewerb 2017 - Unsere Gewinnermotive | MAXQDA\",\"isPartOf\":{\"@id\":\"https:\/\/www.maxqda.com\/de\/#website\"},\"primaryImageOfPage\":{\"@id\":\"https:\/\/www.maxqda.com\/de\/fotowettbewerb-2017-ergebnisse#primaryimage\"},\"image\":{\"@id\":\"https:\/\/www.maxqda.com\/de\/fotowettbewerb-2017-ergebnisse#primaryimage\"},\"thumbnailUrl\":\"https:\/\/www.maxqda.com\/de\/wp\/wp-content\/uploads\/sites\/1\/MAXQDA-Logo-MQ.jpg\",\"datePublished\":\"2017-09-14T14:15:10+00:00\",\"dateModified\":\"2024-06-14T07:34:59+00:00\",\"description\":\"Auch die zweite Auflage der MAXQDA-Fotowettbewerbs war ein voller Erfolg! Herzlichen Gl\u00fcckwunsch an die Gewinnerinnen und Gewinner des Fotowettbewerbs 2017!\",\"breadcrumb\":{\"@id\":\"https:\/\/www.maxqda.com\/de\/fotowettbewerb-2017-ergebnisse#breadcrumb\"},\"inLanguage\":\"de\",\"potentialAction\":[{\"@type\":\"ReadAction\",\"target\":[\"https:\/\/www.maxqda.com\/de\/fotowettbewerb-2017-ergebnisse\"]}]},{\"@type\":\"ImageObject\",\"inLanguage\":\"de\",\"@id\":\"https:\/\/www.maxqda.com\/de\/fotowettbewerb-2017-ergebnisse#primaryimage\",\"url\":\"https:\/\/www.maxqda.com\/de\/wp\/wp-content\/uploads\/sites\/1\/MAXQDA-Logo-MQ.jpg\",\"contentUrl\":\"https:\/\/www.maxqda.com\/de\/wp\/wp-content\/uploads\/sites\/1\/MAXQDA-Logo-MQ.jpg\",\"width\":825,\"height\":825,\"caption\":\"MAXQDA Logo\"},{\"@type\":\"BreadcrumbList\",\"@id\":\"https:\/\/www.maxqda.com\/de\/fotowettbewerb-2017-ergebnisse#breadcrumb\",\"itemListElement\":[{\"@type\":\"ListItem\",\"position\":1,\"name\":\"Startseite\",\"item\":\"https:\/\/www.maxqda.com\/de\/\"},{\"@type\":\"ListItem\",\"position\":2,\"name\":\"MAXQDA Fotowettbewerb 2017 &#8211; Unsere Gewinnermotive\"}]},{\"@type\":\"WebSite\",\"@id\":\"https:\/\/www.maxqda.com\/de\/#website\",\"url\":\"https:\/\/www.maxqda.com\/de\/\",\"name\":\"MAXQDA\",\"description\":\"\",\"publisher\":{\"@id\":\"https:\/\/www.maxqda.com\/de\/#organization\"},\"potentialAction\":[{\"@type\":\"SearchAction\",\"target\":{\"@type\":\"EntryPoint\",\"urlTemplate\":\"https:\/\/www.maxqda.com\/de\/?s={search_term_string}\"},\"query-input\":{\"@type\":\"PropertyValueSpecification\",\"valueRequired\":true,\"valueName\":\"search_term_string\"}}],\"inLanguage\":\"de\"},{\"@type\":\"Organization\",\"@id\":\"https:\/\/www.maxqda.com\/de\/#organization\",\"name\":\"MAXQDA\",\"url\":\"https:\/\/www.maxqda.com\/de\/\",\"logo\":{\"@type\":\"ImageObject\",\"inLanguage\":\"de\",\"@id\":\"https:\/\/www.maxqda.com\/de\/#\/schema\/logo\/image\/\",\"url\":\"https:\/\/www.maxqda.com\/de\/wp\/wp-content\/uploads\/sites\/1\/MAXQDA-Logo.png\",\"contentUrl\":\"https:\/\/www.maxqda.com\/de\/wp\/wp-content\/uploads\/sites\/1\/MAXQDA-Logo.png\",\"width\":\"1000\",\"height\":\"200\",\"caption\":\"MAXQDA\"},\"image\":{\"@id\":\"https:\/\/www.maxqda.com\/de\/#\/schema\/logo\/image\/\"},\"sameAs\":[\"https:\/\/www.facebook.com\/MAXQDA\/\",\"https:\/\/x.com\/VerbiSoftware\",\"https:\/\/www.instagram.com\/maxqda\/\",\"https:\/\/www.youtube.com\/user\/MAXQDA\"]}]}<\/script>\n<!-- \/ Yoast SEO Premium plugin. -->","yoast_head_json":{"title":"MAXQDA Fotowettbewerb 2017 - Unsere Gewinnermotive | MAXQDA","description":"Auch die zweite Auflage der MAXQDA-Fotowettbewerbs war ein voller Erfolg! Herzlichen Gl\u00fcckwunsch an die Gewinnerinnen und Gewinner des Fotowettbewerbs 2017!","robots":{"index":"index","follow":"follow","max-snippet":"max-snippet:-1","max-image-preview":"max-image-preview:large","max-video-preview":"max-video-preview:-1"},"canonical":"https:\/\/www.maxqda.com\/de\/fotowettbewerb-2017-ergebnisse","og_locale":"de_DE","og_type":"article","og_title":"MAXQDA Fotowettbewerb 2017 - Unsere Gewinnermotive","og_description":"#PictureYourResearch 2017 \u2013 Ergebnisse #PictureYourResearch \u2013 MAXQDA Fotowettbewerb 2017 Herzlichen Gl\u00fcckwunsch an die Gewinnerinnen und Gewinner des","og_url":"https:\/\/www.maxqda.com\/de\/fotowettbewerb-2017-ergebnisse","og_site_name":"MAXQDA","article_publisher":"https:\/\/www.facebook.com\/MAXQDA\/","article_modified_time":"2024-06-14T07:34:59+00:00","og_image":[{"width":825,"height":825,"url":"https:\/\/www.maxqda.com\/de\/wp\/wp-content\/uploads\/sites\/1\/MAXQDA-Logo-MQ.jpg","type":"image\/jpeg"}],"twitter_card":"summary_large_image","twitter_site":"@VerbiSoftware","twitter_misc":{"Gesch\u00e4tzte Lesezeit":"6\u00a0Minuten"},"schema":{"@context":"https:\/\/schema.org","@graph":[{"@type":"WebPage","@id":"https:\/\/www.maxqda.com\/de\/fotowettbewerb-2017-ergebnisse","url":"https:\/\/www.maxqda.com\/de\/fotowettbewerb-2017-ergebnisse","name":"MAXQDA Fotowettbewerb 2017 - Unsere Gewinnermotive | MAXQDA","isPartOf":{"@id":"https:\/\/www.maxqda.com\/de\/#website"},"primaryImageOfPage":{"@id":"https:\/\/www.maxqda.com\/de\/fotowettbewerb-2017-ergebnisse#primaryimage"},"image":{"@id":"https:\/\/www.maxqda.com\/de\/fotowettbewerb-2017-ergebnisse#primaryimage"},"thumbnailUrl":"https:\/\/www.maxqda.com\/de\/wp\/wp-content\/uploads\/sites\/1\/MAXQDA-Logo-MQ.jpg","datePublished":"2017-09-14T14:15:10+00:00","dateModified":"2024-06-14T07:34:59+00:00","description":"Auch die zweite Auflage der MAXQDA-Fotowettbewerbs war ein voller Erfolg! Herzlichen Gl\u00fcckwunsch an die Gewinnerinnen und Gewinner des Fotowettbewerbs 2017!","breadcrumb":{"@id":"https:\/\/www.maxqda.com\/de\/fotowettbewerb-2017-ergebnisse#breadcrumb"},"inLanguage":"de","potentialAction":[{"@type":"ReadAction","target":["https:\/\/www.maxqda.com\/de\/fotowettbewerb-2017-ergebnisse"]}]},{"@type":"ImageObject","inLanguage":"de","@id":"https:\/\/www.maxqda.com\/de\/fotowettbewerb-2017-ergebnisse#primaryimage","url":"https:\/\/www.maxqda.com\/de\/wp\/wp-content\/uploads\/sites\/1\/MAXQDA-Logo-MQ.jpg","contentUrl":"https:\/\/www.maxqda.com\/de\/wp\/wp-content\/uploads\/sites\/1\/MAXQDA-Logo-MQ.jpg","width":825,"height":825,"caption":"MAXQDA Logo"},{"@type":"BreadcrumbList","@id":"https:\/\/www.maxqda.com\/de\/fotowettbewerb-2017-ergebnisse#breadcrumb","itemListElement":[{"@type":"ListItem","position":1,"name":"Startseite","item":"https:\/\/www.maxqda.com\/de\/"},{"@type":"ListItem","position":2,"name":"MAXQDA Fotowettbewerb 2017 &#8211; Unsere Gewinnermotive"}]},{"@type":"WebSite","@id":"https:\/\/www.maxqda.com\/de\/#website","url":"https:\/\/www.maxqda.com\/de\/","name":"MAXQDA","description":"","publisher":{"@id":"https:\/\/www.maxqda.com\/de\/#organization"},"potentialAction":[{"@type":"SearchAction","target":{"@type":"EntryPoint","urlTemplate":"https:\/\/www.maxqda.com\/de\/?s={search_term_string}"},"query-input":{"@type":"PropertyValueSpecification","valueRequired":true,"valueName":"search_term_string"}}],"inLanguage":"de"},{"@type":"Organization","@id":"https:\/\/www.maxqda.com\/de\/#organization","name":"MAXQDA","url":"https:\/\/www.maxqda.com\/de\/","logo":{"@type":"ImageObject","inLanguage":"de","@id":"https:\/\/www.maxqda.com\/de\/#\/schema\/logo\/image\/","url":"https:\/\/www.maxqda.com\/de\/wp\/wp-content\/uploads\/sites\/1\/MAXQDA-Logo.png","contentUrl":"https:\/\/www.maxqda.com\/de\/wp\/wp-content\/uploads\/sites\/1\/MAXQDA-Logo.png","width":"1000","height":"200","caption":"MAXQDA"},"image":{"@id":"https:\/\/www.maxqda.com\/de\/#\/schema\/logo\/image\/"},"sameAs":["https:\/\/www.facebook.com\/MAXQDA\/","https:\/\/x.com\/VerbiSoftware","https:\/\/www.instagram.com\/maxqda\/","https:\/\/www.youtube.com\/user\/MAXQDA"]}]}},"_links":{"self":[{"href":"https:\/\/www.maxqda.com\/de\/wp-json\/wp\/v2\/pages\/33249","targetHints":{"allow":["GET"]}}],"collection":[{"href":"https:\/\/www.maxqda.com\/de\/wp-json\/wp\/v2\/pages"}],"about":[{"href":"https:\/\/www.maxqda.com\/de\/wp-json\/wp\/v2\/types\/page"}],"author":[{"embeddable":true,"href":"https:\/\/www.maxqda.com\/de\/wp-json\/wp\/v2\/users\/1"}],"replies":[{"embeddable":true,"href":"https:\/\/www.maxqda.com\/de\/wp-json\/wp\/v2\/comments?post=33249"}],"version-history":[{"count":0,"href":"https:\/\/www.maxqda.com\/de\/wp-json\/wp\/v2\/pages\/33249\/revisions"}],"wp:featuredmedia":[{"embeddable":true,"href":"https:\/\/www.maxqda.com\/de\/wp-json\/wp\/v2\/media\/121894"}],"wp:attachment":[{"href":"https:\/\/www.maxqda.com\/de\/wp-json\/wp\/v2\/media?parent=33249"}],"curies":[{"name":"wp","href":"https:\/\/api.w.org\/{rel}","templated":true}]}}