{"id":31284,"date":"2017-08-01T11:44:10","date_gmt":"2017-08-01T10:44:10","guid":{"rendered":"https:\/\/www.maxqda.de\/?page_id=31284"},"modified":"2023-10-17T11:33:50","modified_gmt":"2023-10-17T10:33:50","slug":"maxqda-fotowettbewerb-2018","status":"publish","type":"page","link":"https:\/\/www.maxqda.com\/de\/maxqda-fotowettbewerb-2018","title":{"rendered":"MAXQDA Fotowettbewerb 2018"},"content":{"rendered":"<div class=\"landingpage-header\" style=\"background-image: url('https:\/\/www.maxqda.com\/wp\/wp-content\/themes\/max\/img\/max18\/header-photocontest-2018.png'); background-color:#00497e;\">\r\n\t\r\n\t\r\n\t<div class=\"row\">\r\n\t\t<div>\r\n\t\t<div class=\"landingpage-header-content photocontest-header\" ><h1>MAXQDA Fotowettbewerb 2018<\/h1><h2>#PictureYourResearch<\/h2><\/div><\/div><\/div><\/div>\r\n\r\n\r\n<div class=\"row\">\r\n<div class=\"large-12 columns\" align-items=\"center\">\r\n\r\n<h2 style=\"text-align: center;\">Wir gratulieren den diesj\u00e4hirgen Gewinnerinnen und Gewinnern <br>des MAXQDA-Fotowettbewerbs: <\/h2>\r\n<h2 style=\"text-align: center;\">Die Autorinnen und Autoren der folgenden f\u00fcnf Fotos haben den #PictureYourResearch-Fotowettbewerb gewonnnen und bekommen einen gro\u00dfformatigen Acryl- oder Glasdruck des eingereichten Fotos.<\/h2><\/div> <\/div>\r\n\r\n<div class=\"row\" style=\"margin-top:45px;\">\r\n\r\n<div class=\"large-2 large-offset-1 columns\">\r\n<p style=\"margin-bottom:20px\">\r\n<img decoding=\"async\" data-headline=\"Sharing Most Significant Change Results with Community Members\" src=\"https:\/\/www.maxqda.com\/wp\/wp-content\/uploads\/sites\/2\/Bowels_Makka_Kailahun-District.png\" alt=\"Sharing Most Significant Change Results with Community Members\" class=\"alignnone size-full wp-image-44868\"  height=\"300px\" \/>\r\n<p style=\"margin-bottom:5px;text-align: center;\"><strong>&#8222;Sharing Most Significant Change Results with Community Members&#8220; <\/strong><\/p>\r\n <p style=\"text-align: center;\"><em>von Christina Bowels<\/em><\/p><\/div>\r\n\r\n<div class=\"large-2 columns\">\r\n<p style=\"margin-bottom:20px\"><img decoding=\"async\"  data-headline=\"Habits of Mind\" src=\"https:\/\/www.maxqda.com\/wp\/wp-content\/uploads\/sites\/2\/Nealy_Japan.png\" alt=\"Habits of Mind\" class=\"alignnone size-full wp-image-44873\"  height=\"300px\" \/>\r\n<\/p>\r\n<p style=\"margin-bottom:5px;text-align: center;\"><strong>&#8222;Habits of Mind&#8220;<\/strong><\/p>  \r\n<p style=\"text-align: center;\"> <em>von Marcellus Nealy <\/em><\/p><\/div>\r\n\r\n\r\n\r\n<div class=\"large-2 columns\">\r\n<p style=\"margin-bottom:20px\">\r\n<img decoding=\"async\"  data-headline=\"The smell of Graduation\" src=\"https:\/\/www.maxqda.com\/wp\/wp-content\/uploads\/sites\/2\/Rasool_Thailand.png\" alt=\"The smell of Graduation\" class=\"alignnone size-full wp-image-44875\"  height=\"300px\"\/>\r\n<\/p>\r\n<p style=\"margin-bottom:5px;text-align: center;\"><strong>&#8222;The smell of Graduation&#8220;<\/strong><\/p>  \r\n<p style=\"text-align: center;\"> <em> von Faisal Rasool<\/em><\/p>\r\n<\/div>\r\n\r\n\r\n\r\n\r\n<div class=\"large-2 columns\">\r\n<p style=\"margin-bottom:20px\">\r\n<img decoding=\"async\"  data-headline=\"Crossing the river\" src=\"https:\/\/www.maxqda.com\/wp\/wp-content\/uploads\/sites\/2\/crossing-the-river.png\" alt=\"Crossing the river\" class=\"alignnone size-full wp-image-44876\" height=\"300px\" \/>\r\n<\/p>\r\n<p style=\"margin-bottom:5px;text-align: center;\"><strong>&#8222;Crossing the River&#8220;<\/strong><\/p>  \r\n<p style=\"text-align: center;\"> <em>von Glory Dee Romo<\/em><\/p><\/div>\r\n\r\n<div class=\"large-2 columns\">\r\n<p style=\"margin-bottom:20px\">\r\n<img decoding=\"async\"  data-headline=\"Sustainable coffee is a issue of social justice\" src=\"https:\/\/www.maxqda.com\/wp\/wp-content\/uploads\/sites\/2\/Merlin-Uribe_Bellavista_Chiapas_Mexico.png\" alt=\"Sustainable coffee is a issue of social justice\" class=\"alignnone size-full wp-image-44877\" height=\"300px\" \/>\r\n<\/p>\r\n<p style=\"margin-bottom:5px;text-align: center;\"><strong>&#8222;Sustainable Coffee is a Issue of Social Justice&#8220;<\/strong><\/p>  \r\n<p style=\"text-align: center;\"> <em>von Yair Merl\u00edn-Uribe<\/em><\/p><\/div>\r\n\r\n\r\n<div class=\"row\">\r\n<div class=\"large-12 text-center columns\">\r\n<h4>Diese f\u00fcnf Fotomotive werden im  MAXQDA-Blog und auf Social Media zusammen mit weiteren Hintergrundinformationen ver\u00f6ffentlicht. Erfahren Sie mehr \u00fcber die Forschung hinter diesen Fotos und entdecken Sie zudem die &#8222;Honorable Mentions&#8220; des MAXQDA-Fotowettbewerbs 2018 in unserem aktuellen Blogbeitrag.<\/h4>\r\n<\/div>\r\n<\/div>\r\n\r\n\r\n<div class=\"row\">\r\n<div class=\"large-12 text-center columns\">\r\n<p style=\"margin-top: 45px;\"><a class=\"button\" href=\"https:\/\/www.maxqda.com\/photo-contest-winners-2018\">Zum #PictureYourResearch-Blogbeitrag<\/a><\/p>\r\n<\/div>\r\n<\/div>\r\n\r\n\r\n\r\n\r\n<div class=\"row\">\r\n<div class=\"large-12 columns\" style=\"margin-top: 45px;\">\r\n\r\n<h2>Teilen Sie besondere Momente und Eindr\u00fccke aus Ihrer Forschung mit der MAXQDA-Community!<\/h2>\r\n<p>Der MAXQDA-Fotowettbewerb geht in seine dritte Runde. 2016 wurde der erste MAXQDA-Fotowettbewerb durchgef\u00fchrt. Forschende aus der ganzen Welt erlaubten mit Ihrer Teilnahme der MAXQDA-Community einen Blick hinter die Kulissen des Forschungsalltags zu werfen. Die f\u00fcnf Gewinner-Motive wurden auf der MAXQDA-Webseite vorgestellt und dienten als eindr\u00fcckliche Motive der VERBI-Weihnachtskarten. Auf diesen Erfolg und die vielen positiven R\u00fcckmeldungen aufbauend wiederholen wir den Fotowettbewerb auch in diesem Jahr, allerdings mit etwas ver\u00e4nderten Preisen f\u00fcr die Gewinnermotive und einer besonderen MAXQDA-Verlosungsaktion unter allen Teilnehmenden!<\/p> \r\n\t\r\n\r\n<h4>Wie sieht Ihre Forschung im Feld aus?<\/h4> <p>Situationen, T\u00e4tigkeiten oder Orte, die f\u00fcr andere allt\u00e4glich sind, werden von Forschenden mit anderen Augen beobachtet. Egal, ob Sie sich mit Urban Gardening, den Kommunikationsstrukturen einer Organisation, gesellschaftlicher Partizipation oder Street Art besch\u00e4ftigen: durch Ihre Forschung haben Sie einen speziellen Blick auf ausgew\u00e4hlte gesellschaftliche Details und Besonderheiten.<\/p>\r\n\r\n\t\r\n<\/div>\r\n<\/div>\r\n\r\n\r\n\r\n\t\r\n<div class=\"row\" style=\"margin-bottom:35px;margin-top: 35px;\">\r\n\t<div class=\"large-12 columns\">\r\n\t\t<h2>Preise gewinnen<\/h2>\r\n\t<\/div>\r\n<\/div>\r\n\r\n<div class=\"row text-center\">\r\n\t<div class=\"large-4 columns\"> \r\n\t\t<img decoding=\"async\" src=\"https:\/\/www.maxqda.com\/wp\/wp-content\/themes\/max\/img\/max18\/icons\/photocontest-icon3.png\" width=\"175px\" \/>\t\r\n\t\t<h3>Ver\u00f6ffentlichung<\/h3>\r\n\t\t<p>Die Gewinner-Motive werden auf der MAXQDA-Webseite zusammen mit weiteren Hintergrundinformationen ver\u00f6ffentlicht.<\/p>\r\n\t<\/div>\r\n\t\r\n\t<div class=\"large-4 columns\" >\r\n\t\t<img decoding=\"async\" src=\"https:\/\/www.maxqda.com\/wp\/wp-content\/themes\/max\/img\/max18\/icons\/photocontest-icon2.png\" width=\"175px\"  \/>\t\r\n\t\t<h3>Professioneller Druck<\/h3>\r\n\t\t\r\n\t\t<p>Alle f\u00fcnf Gewinnerinnen und Gewinner erhalten einen gro\u00dfformatigen Acryl- oder Glasdruck des eigenen Fotos.<\/p>\r\n<\/div>\r\n\t\r\n\r\n<div class=\"large-4 large-left columns\" >\r\n\t<img decoding=\"async\" src=\"https:\/\/www.maxqda.com\/wp\/wp-content\/themes\/max\/img\/max18\/icons\/photocontest-icon1.png\" width=\"175px\"  \/>\t\r\n\t\t<h3>Verlosung<\/h3>\r\n\t\t<p>Unter allen Teilnehmenden wird zudem eine 1-Jahres MAXQDA Analytics Pro Lizenz verlost.<\/p>\r\n<\/div>\r\n<\/div>\r\n\r\n\r\n\r\n\r\n<div class=\"row\" style=\"margin-bottom:55px;margin-top: 15px;\">\r\n<div class=\"large-12 columns\">\r\n <h2> So nehmen Sie teil:<\/h2>\r\n\r\n<h3 style=\"margin-top: 25px;\">1. Foto hochladen<\/h3>\r\n<p>Laden Sie Ihr bestes Forschungsfoto (gr\u00f6\u00dftm\u00f6gliche Aufl\u00f6sung und mindestens 1.5 MB) bis sp\u00e4testens <strong>13. September 2018<\/strong> \u00fcber das untenstehende Formular auf dieser Webseite hoch. Teilen Sie ein paar Hintergrundinformationen zu Ihrem Foto mit uns: In welchem Kontext ist das Foto entstanden? Wer ist auf dem Bild zu sehen? In welcher Phase Ihrer Feldforschung ist das Bild entstanden?<\/p>\r\n\r\n\t\t\r\n<h3 style=\"margin-top: 25px;\">2. Foto auf Social Media teilen<\/h3>\r\n<p>Teilen Sie Ihr Forschungsfoto zus\u00e4tzlich auf einem Ihrer Social Media-Kan\u00e4le unter dem Hashtags #PictureYourResearch #MAXQDAPhotoContest. <br>Verlinken Sie das Foto mit den MAXQDA-Accounts <img decoding=\"async\" style=\"margin-bottom: 0px;\" title=\"\" src=\"https:\/\/www.maxqda.com\/de\/wp\/wp-content\/themes\/max\/assets\/img\/icons\/tw_2.png\" alt=\"\" width=\"16\" \/> <a href=\"http:\/\/www.twitter.com\/VerbiSoftware\">@VerbiSoftware<\/a> oder <img decoding=\"async\" style=\"margin-bottom: 0px;\" title=\"\" src=\"https:\/\/www.maxqda.com\/wp\/wp-content\/uploads\/sites\/2\/icon5.png\" alt=\"\" width=\"16\" \/> <a href=\"https:\/\/www.instagram.com\/maxqda\/\">@MAXQDA<\/a> und lassen so die MAXQDA-Community an Ihrem Forschungsprojekt teilhaben!<\/p>\r\n<\/div>\r\n<\/div>\r\n\r\n\r\n\r\n\r\n\r\n<div class=\"large-12 columns\" style=\"background-color: #f8f6f7; margin-bottom: 40px;\">\r\n<div class=\"row\" style=\"margin-top: 35px;\">\r\n<div class=\"large-12 columns\" >\r\n<h3>Teilnahmebedingungen:<\/h3>\r\n<ul>\r\n\t<li>Einsenden des Fotos bis <strong>sp\u00e4testens 13. September 2018<\/strong><\/li>\r\n\t<li>Durch die Einreichung erkl\u00e4ren Sie, dass hierf\u00fcr die Einverst\u00e4ndnis aller abgebildeten Personen erhalten haben.<\/li>\r\n\t<li>Durch die Einreichung erkl\u00e4ren Sie, dass die von Ihnen eingereichten Fotos von Ihnen selbst aufgenommen wurden und Sie \u00fcber alle Rechte daran verf\u00fcgen.<\/li>\r\n\t<li>Sie gestatten der VERBI GmbH Ihr Foto mit Nennung des Namens f\u00fcr verschiedene Web- und Printmedien zu nutzen und das Foto ggf. zu ver\u00e4ndern, wie es f\u00fcr die bessere Darstellung des Bildes geeignet ist.<\/li>\r\n\t<li>VERBI Mitarbeiterinnen und Mitarbeiter, sowie deren Angeh\u00f6rige sind von der Teilnahme ausgeschlossen.<\/li>\r\n<\/ul>\r\n<\/div>\r\n<\/div>\r\n<\/div>\r\n\t\r\n\t\r\n<div class=\"row\">\r\n<div class=\"panel\">\r\n<p style=\"color: #dc4730;\"> <strong>Die Teilnahmefrist f\u00fcr den MAXQDA-Fotowettbewerb 2018 ist abgelaufen. <\/strong><\/p>\r\n\t<\/div> <\/div>\r\n\t\r\n\r\n<!--\r\n<p>[Formular]<\/p>\r\n\t-->\r\n\t\r\n\t\r\n<div class=\"large-12 columns\" style=\"background-color: #00497e; margin-top: 25px; margin-bottom: 25px;\">\r\n<div class=\"row\" style=\"margin-top: 25px; margin-bottom: 25px;\">\r\n<div class=\"large-12 columns\">\r\n<h2 style=\"color: #ffffff;\" align=\"center\">Die Gewinnerfotos des MAXQDA-Fotowettbewerbs 2017<\/h2>\r\n<\/div>\r\n<\/div>\r\n\t\t\t\r\n\t\r\n<div class=\"row\" style=\"color: #ffffff;\">\r\n<div class=\"large-4 large-left text-center columns\">\r\n<a href=\"https:\/\/www.maxqda.com\/wp\/wp-content\/uploads\/sites\/2\/tgugushvili2-small.jpg\"><img decoding=\"async\" src=\"https:\/\/www.maxqda.com\/wp\/wp-content\/uploads\/sites\/2\/tgugushvili2-small.jpg\" alt=\"\" title=\"\" width=\"280\"><\/a><br\/>\r\n<p><strong>&#8222;Colors of Dawn in Mountainous Georgia&#8220;<\/strong> by Temur Gugushvili<\/p>\r\n<\/div>\r\n<div class=\"large-4 large-left text-center columns\">\r\n<a href=\"https:\/\/www.maxqda.com\/wp\/wp-content\/uploads\/sites\/2\/20141002_140604.jpg\"><img decoding=\"async\" src=\"https:\/\/www.maxqda.com\/wp\/wp-content\/uploads\/sites\/2\/20141002_140604.jpg\" alt=\"\" title=\"\"><\/a><br\/>\r\n<p><strong>\u201cBlack Cowboys at Work\u201d<\/strong> by Myeshia Babers<\/p>\r\n<\/div>\r\n<div class=\"large-4 large-left text-center columns\">\r\n<a href=\"https:\/\/www.maxqda.com\/wp\/wp-content\/uploads\/sites\/2\/FGD.jpg\"><img decoding=\"async\" src=\"https:\/\/www.maxqda.com\/wp\/wp-content\/uploads\/sites\/2\/FGD.jpg\" alt=\"\" title=\"\" width=\"280\"><\/a><br\/>\r\n<p><strong>\u201cFGD with Female Participants\u201d<\/strong> by Danstan Mukono<\/p>\r\n<\/div>\r\n<div class=\"large-4 large-left text-center columns\">\r\n<a href=\"https:\/\/www.maxqda.com\/wp\/wp-content\/uploads\/sites\/2\/Kids-1.jpg\"><img decoding=\"async\" src=\"https:\/\/www.maxqda.com\/wp\/wp-content\/uploads\/sites\/2\/Kids-1.jpg\" alt=\"\" title=\"\"><\/a><br\/>\r\n<p><strong>\u201cKids Polishing their Mountaineering Skills\u201d<\/strong> by Asif Hussain<\/p>\r\n<\/div>\r\n<div class=\"large-4 large-left text-center columns\">\r\n<a href=\"https:\/\/www.maxqda.com\/wp\/wp-content\/uploads\/sites\/2\/Youth.jpg\"><img decoding=\"async\" src=\"https:\/\/www.maxqda.com\/wp\/wp-content\/uploads\/sites\/2\/Youth.jpg\" alt=\"\" title=\"\" width=\"280\"><\/a><br\/>\r\n<p><strong>\u201cYouth\u201d<\/strong> by Kim van Kastel<\/p>\r\n<\/div>\r\n\r\n<\/div>\r\n\r\n","protected":false},"excerpt":{"rendered":"<p>MAXQDA Fotowettbewerb 2018#PictureYourResearch Wir gratulieren den diesj\u00e4hirgen Gewinnerinnen und Gewinnern des MAXQDA-Fotowettbewerbs: Die Autorinnen und Autoren der folgenden f\u00fcnf Fotos haben den #PictureYourResearch-Fotowettbewerb gewonnnen und bekommen einen gro\u00dfformatigen Acryl- oder Glasdruck des eingereichten Fotos. &#8222;Sharing Most Significant Change Results with Community Members&#8220; von Christina Bowels &#8222;Habits of Mind&#8220; von Marcellus Nealy &#8222;The smell of Graduation&#8220; [&hellip;]<\/p>\n","protected":false},"author":5,"featured_media":37337,"parent":0,"menu_order":43,"comment_status":"closed","ping_status":"closed","template":"tpl_aktion_nl.php","meta":{"_acf_changed":false,"_relevanssi_hide_post":"","_relevanssi_hide_content":"","_relevanssi_pin_for_all":"","_relevanssi_pin_keywords":"","_relevanssi_unpin_keywords":"","_relevanssi_related_keywords":"","_relevanssi_related_include_ids":"","_relevanssi_related_exclude_ids":"","_relevanssi_related_no_append":"","_relevanssi_related_not_related":"","_relevanssi_related_posts":"","_relevanssi_noindex_reason":"","footnotes":""},"class_list":["post-31284","page","type-page","status-publish","has-post-thumbnail","hentry"],"acf":[],"yoast_head":"<!-- This site is optimized with the Yoast SEO Premium plugin v27.1 (Yoast SEO v27.1.1) - https:\/\/yoast.com\/product\/yoast-seo-premium-wordpress\/ -->\n<title>MAXQDA Fotowettbewerb 2018 - #PictureYourResearch<\/title>\n<meta name=\"description\" content=\"MAXQDA Fotowettbewerb 2018: Danke f\u00fcr die zahlreichen und sch\u00f6nen Einblicke in den Forschungsalltag mit MAXQDA. Endecken Sie hier...\" \/>\n<meta name=\"robots\" content=\"index, follow, max-snippet:-1, max-image-preview:large, max-video-preview:-1\" \/>\n<link rel=\"canonical\" href=\"https:\/\/www.maxqda.com\/de\/maxqda-fotowettbewerb-2018\" \/>\n<meta property=\"og:locale\" content=\"de_DE\" \/>\n<meta property=\"og:type\" content=\"article\" \/>\n<meta property=\"og:title\" content=\"MAXQDA Fotowettbewerb 2018 - #PictureYourResearch\" \/>\n<meta property=\"og:description\" content=\"Danke f\u00fcr die zahlreichen und sch\u00f6nen Einblicke in den Forschungsalltag mit MAXQDA. Endecken Sie hier die 5 Fotomotive der Gewinnerinnen und Gewinner...\" \/>\n<meta property=\"og:url\" content=\"https:\/\/www.maxqda.com\/de\/maxqda-fotowettbewerb-2018\" \/>\n<meta property=\"og:site_name\" content=\"MAXQDA\" \/>\n<meta property=\"article:publisher\" content=\"https:\/\/www.facebook.com\/MAXQDA\/\" \/>\n<meta property=\"article:modified_time\" content=\"2023-10-17T10:33:50+00:00\" \/>\n<meta property=\"og:image\" content=\"https:\/\/www.maxqda.com\/de\/wp\/wp-content\/uploads\/sites\/1\/share-new-max2020-1.png\" \/>\n\t<meta property=\"og:image:width\" content=\"1200\" \/>\n\t<meta property=\"og:image:height\" content=\"630\" \/>\n\t<meta property=\"og:image:type\" content=\"image\/png\" \/>\n<meta name=\"twitter:card\" content=\"summary_large_image\" \/>\n<meta name=\"twitter:title\" content=\"MAXQDA Fotowettbewerb 2018 - #PictureYourResearch\" \/>\n<meta name=\"twitter:description\" content=\"Danke f\u00fcr die zahlreichen und sch\u00f6nen Einblicke in den Forschungsalltag mit MAXQDA. Endecken Sie hier die 5 Fotomotive der Gewinnerinnen und Gewinner...\" \/>\n<meta name=\"twitter:image\" content=\"https:\/\/www.maxqda.de\/wp\/wp-content\/uploads\/Foto-02.05.14-12-06-46.jpg\" \/>\n<meta name=\"twitter:site\" content=\"@VerbiSoftware\" \/>\n<meta name=\"twitter:label1\" content=\"Gesch\u00e4tzte Lesezeit\" \/>\n\t<meta name=\"twitter:data1\" content=\"7\u00a0Minuten\" \/>\n<script type=\"application\/ld+json\" class=\"yoast-schema-graph\">{\"@context\":\"https:\/\/schema.org\",\"@graph\":[{\"@type\":\"WebPage\",\"@id\":\"https:\/\/www.maxqda.com\/de\/maxqda-fotowettbewerb-2018\",\"url\":\"https:\/\/www.maxqda.com\/de\/maxqda-fotowettbewerb-2018\",\"name\":\"MAXQDA Fotowettbewerb 2018 - #PictureYourResearch\",\"isPartOf\":{\"@id\":\"https:\/\/www.maxqda.com\/de\/#website\"},\"primaryImageOfPage\":{\"@id\":\"https:\/\/www.maxqda.com\/de\/maxqda-fotowettbewerb-2018#primaryimage\"},\"image\":{\"@id\":\"https:\/\/www.maxqda.com\/de\/maxqda-fotowettbewerb-2018#primaryimage\"},\"thumbnailUrl\":\"https:\/\/www.maxqda.com\/de\/wp\/wp-content\/uploads\/sites\/1\/Photo-Contest-Featured-Image.png\",\"datePublished\":\"2017-08-01T10:44:10+00:00\",\"dateModified\":\"2023-10-17T10:33:50+00:00\",\"description\":\"MAXQDA Fotowettbewerb 2018: Danke f\u00fcr die zahlreichen und sch\u00f6nen Einblicke in den Forschungsalltag mit MAXQDA. Endecken Sie hier...\",\"breadcrumb\":{\"@id\":\"https:\/\/www.maxqda.com\/de\/maxqda-fotowettbewerb-2018#breadcrumb\"},\"inLanguage\":\"de\",\"potentialAction\":[{\"@type\":\"ReadAction\",\"target\":[\"https:\/\/www.maxqda.com\/de\/maxqda-fotowettbewerb-2018\"]}]},{\"@type\":\"ImageObject\",\"inLanguage\":\"de\",\"@id\":\"https:\/\/www.maxqda.com\/de\/maxqda-fotowettbewerb-2018#primaryimage\",\"url\":\"https:\/\/www.maxqda.com\/de\/wp\/wp-content\/uploads\/sites\/1\/Photo-Contest-Featured-Image.png\",\"contentUrl\":\"https:\/\/www.maxqda.com\/de\/wp\/wp-content\/uploads\/sites\/1\/Photo-Contest-Featured-Image.png\",\"width\":\"1365\",\"height\":\"1365\"},{\"@type\":\"BreadcrumbList\",\"@id\":\"https:\/\/www.maxqda.com\/de\/maxqda-fotowettbewerb-2018#breadcrumb\",\"itemListElement\":[{\"@type\":\"ListItem\",\"position\":1,\"name\":\"Startseite\",\"item\":\"https:\/\/www.maxqda.com\/de\/\"},{\"@type\":\"ListItem\",\"position\":2,\"name\":\"MAXQDA Fotowettbewerb 2018\"}]},{\"@type\":\"WebSite\",\"@id\":\"https:\/\/www.maxqda.com\/de\/#website\",\"url\":\"https:\/\/www.maxqda.com\/de\/\",\"name\":\"MAXQDA\",\"description\":\"\",\"publisher\":{\"@id\":\"https:\/\/www.maxqda.com\/de\/#organization\"},\"potentialAction\":[{\"@type\":\"SearchAction\",\"target\":{\"@type\":\"EntryPoint\",\"urlTemplate\":\"https:\/\/www.maxqda.com\/de\/?s={search_term_string}\"},\"query-input\":{\"@type\":\"PropertyValueSpecification\",\"valueRequired\":true,\"valueName\":\"search_term_string\"}}],\"inLanguage\":\"de\"},{\"@type\":\"Organization\",\"@id\":\"https:\/\/www.maxqda.com\/de\/#organization\",\"name\":\"MAXQDA\",\"url\":\"https:\/\/www.maxqda.com\/de\/\",\"logo\":{\"@type\":\"ImageObject\",\"inLanguage\":\"de\",\"@id\":\"https:\/\/www.maxqda.com\/de\/#\/schema\/logo\/image\/\",\"url\":\"https:\/\/www.maxqda.com\/de\/wp\/wp-content\/uploads\/sites\/1\/MAXQDA-Logo.png\",\"contentUrl\":\"https:\/\/www.maxqda.com\/de\/wp\/wp-content\/uploads\/sites\/1\/MAXQDA-Logo.png\",\"width\":\"1000\",\"height\":\"200\",\"caption\":\"MAXQDA\"},\"image\":{\"@id\":\"https:\/\/www.maxqda.com\/de\/#\/schema\/logo\/image\/\"},\"sameAs\":[\"https:\/\/www.facebook.com\/MAXQDA\/\",\"https:\/\/x.com\/VerbiSoftware\",\"https:\/\/www.instagram.com\/maxqda\/\",\"https:\/\/www.youtube.com\/user\/MAXQDA\"]}]}<\/script>\n<!-- \/ Yoast SEO Premium plugin. -->","yoast_head_json":{"title":"MAXQDA Fotowettbewerb 2018 - #PictureYourResearch","description":"MAXQDA Fotowettbewerb 2018: Danke f\u00fcr die zahlreichen und sch\u00f6nen Einblicke in den Forschungsalltag mit MAXQDA. Endecken Sie hier...","robots":{"index":"index","follow":"follow","max-snippet":"max-snippet:-1","max-image-preview":"max-image-preview:large","max-video-preview":"max-video-preview:-1"},"canonical":"https:\/\/www.maxqda.com\/de\/maxqda-fotowettbewerb-2018","og_locale":"de_DE","og_type":"article","og_title":"MAXQDA Fotowettbewerb 2018 - #PictureYourResearch","og_description":"Danke f\u00fcr die zahlreichen und sch\u00f6nen Einblicke in den Forschungsalltag mit MAXQDA. Endecken Sie hier die 5 Fotomotive der Gewinnerinnen und Gewinner...","og_url":"https:\/\/www.maxqda.com\/de\/maxqda-fotowettbewerb-2018","og_site_name":"MAXQDA","article_publisher":"https:\/\/www.facebook.com\/MAXQDA\/","article_modified_time":"2023-10-17T10:33:50+00:00","og_image":[{"width":1200,"height":630,"url":"https:\/\/www.maxqda.com\/de\/wp\/wp-content\/uploads\/sites\/1\/share-new-max2020-1.png","type":"image\/png"}],"twitter_card":"summary_large_image","twitter_title":"MAXQDA Fotowettbewerb 2018 - #PictureYourResearch","twitter_description":"Danke f\u00fcr die zahlreichen und sch\u00f6nen Einblicke in den Forschungsalltag mit MAXQDA. Endecken Sie hier die 5 Fotomotive der Gewinnerinnen und Gewinner...","twitter_image":"https:\/\/www.maxqda.de\/wp\/wp-content\/uploads\/Foto-02.05.14-12-06-46.jpg","twitter_site":"@VerbiSoftware","twitter_misc":{"Gesch\u00e4tzte Lesezeit":"7\u00a0Minuten"},"schema":{"@context":"https:\/\/schema.org","@graph":[{"@type":"WebPage","@id":"https:\/\/www.maxqda.com\/de\/maxqda-fotowettbewerb-2018","url":"https:\/\/www.maxqda.com\/de\/maxqda-fotowettbewerb-2018","name":"MAXQDA Fotowettbewerb 2018 - #PictureYourResearch","isPartOf":{"@id":"https:\/\/www.maxqda.com\/de\/#website"},"primaryImageOfPage":{"@id":"https:\/\/www.maxqda.com\/de\/maxqda-fotowettbewerb-2018#primaryimage"},"image":{"@id":"https:\/\/www.maxqda.com\/de\/maxqda-fotowettbewerb-2018#primaryimage"},"thumbnailUrl":"https:\/\/www.maxqda.com\/de\/wp\/wp-content\/uploads\/sites\/1\/Photo-Contest-Featured-Image.png","datePublished":"2017-08-01T10:44:10+00:00","dateModified":"2023-10-17T10:33:50+00:00","description":"MAXQDA Fotowettbewerb 2018: Danke f\u00fcr die zahlreichen und sch\u00f6nen Einblicke in den Forschungsalltag mit MAXQDA. Endecken Sie hier...","breadcrumb":{"@id":"https:\/\/www.maxqda.com\/de\/maxqda-fotowettbewerb-2018#breadcrumb"},"inLanguage":"de","potentialAction":[{"@type":"ReadAction","target":["https:\/\/www.maxqda.com\/de\/maxqda-fotowettbewerb-2018"]}]},{"@type":"ImageObject","inLanguage":"de","@id":"https:\/\/www.maxqda.com\/de\/maxqda-fotowettbewerb-2018#primaryimage","url":"https:\/\/www.maxqda.com\/de\/wp\/wp-content\/uploads\/sites\/1\/Photo-Contest-Featured-Image.png","contentUrl":"https:\/\/www.maxqda.com\/de\/wp\/wp-content\/uploads\/sites\/1\/Photo-Contest-Featured-Image.png","width":"1365","height":"1365"},{"@type":"BreadcrumbList","@id":"https:\/\/www.maxqda.com\/de\/maxqda-fotowettbewerb-2018#breadcrumb","itemListElement":[{"@type":"ListItem","position":1,"name":"Startseite","item":"https:\/\/www.maxqda.com\/de\/"},{"@type":"ListItem","position":2,"name":"MAXQDA Fotowettbewerb 2018"}]},{"@type":"WebSite","@id":"https:\/\/www.maxqda.com\/de\/#website","url":"https:\/\/www.maxqda.com\/de\/","name":"MAXQDA","description":"","publisher":{"@id":"https:\/\/www.maxqda.com\/de\/#organization"},"potentialAction":[{"@type":"SearchAction","target":{"@type":"EntryPoint","urlTemplate":"https:\/\/www.maxqda.com\/de\/?s={search_term_string}"},"query-input":{"@type":"PropertyValueSpecification","valueRequired":true,"valueName":"search_term_string"}}],"inLanguage":"de"},{"@type":"Organization","@id":"https:\/\/www.maxqda.com\/de\/#organization","name":"MAXQDA","url":"https:\/\/www.maxqda.com\/de\/","logo":{"@type":"ImageObject","inLanguage":"de","@id":"https:\/\/www.maxqda.com\/de\/#\/schema\/logo\/image\/","url":"https:\/\/www.maxqda.com\/de\/wp\/wp-content\/uploads\/sites\/1\/MAXQDA-Logo.png","contentUrl":"https:\/\/www.maxqda.com\/de\/wp\/wp-content\/uploads\/sites\/1\/MAXQDA-Logo.png","width":"1000","height":"200","caption":"MAXQDA"},"image":{"@id":"https:\/\/www.maxqda.com\/de\/#\/schema\/logo\/image\/"},"sameAs":["https:\/\/www.facebook.com\/MAXQDA\/","https:\/\/x.com\/VerbiSoftware","https:\/\/www.instagram.com\/maxqda\/","https:\/\/www.youtube.com\/user\/MAXQDA"]}]}},"_links":{"self":[{"href":"https:\/\/www.maxqda.com\/de\/wp-json\/wp\/v2\/pages\/31284","targetHints":{"allow":["GET"]}}],"collection":[{"href":"https:\/\/www.maxqda.com\/de\/wp-json\/wp\/v2\/pages"}],"about":[{"href":"https:\/\/www.maxqda.com\/de\/wp-json\/wp\/v2\/types\/page"}],"author":[{"embeddable":true,"href":"https:\/\/www.maxqda.com\/de\/wp-json\/wp\/v2\/users\/5"}],"replies":[{"embeddable":true,"href":"https:\/\/www.maxqda.com\/de\/wp-json\/wp\/v2\/comments?post=31284"}],"version-history":[{"count":0,"href":"https:\/\/www.maxqda.com\/de\/wp-json\/wp\/v2\/pages\/31284\/revisions"}],"wp:featuredmedia":[{"embeddable":true,"href":"https:\/\/www.maxqda.com\/de\/wp-json\/wp\/v2\/media\/37337"}],"wp:attachment":[{"href":"https:\/\/www.maxqda.com\/de\/wp-json\/wp\/v2\/media?parent=31284"}],"curies":[{"name":"wp","href":"https:\/\/api.w.org\/{rel}","templated":true}]}}