{"id":25303,"date":"2016-01-21T17:10:53","date_gmt":"2016-01-21T16:10:53","guid":{"rendered":"https:\/\/www.maxqda.de\/?page_id=25303"},"modified":"2024-07-19T11:23:53","modified_gmt":"2024-07-19T10:23:53","slug":"research-network","status":"publish","type":"page","link":"https:\/\/www.maxqda.com\/de\/research-network","title":{"rendered":"Research Network"},"content":{"rendered":"<div class=\"row\">\r\n\t\r\n\t<div class=\"large-12 small-12 columns\">\r\n\t\t\r\n\t\t<h2>Teilen Sie Ihr Wissen and lernen Sie aus den neuen Entwicklungen anderer Projekte<\/h2> \r\n\t\t\r\n\t\t<p>Das MAXQDA Research Network ist eine Gemeinschaft von Forschenden aus aller Welt, die mit MAXQDA in verschiedenen Disziplinen und mit unterschiedlichsten methodologischen Ans\u00e4tzen arbeiten. Tauschen Sie sich zu Ihrer Arbeit mit MAXQDA aus, informieren Sie \u00fcber aktuelle Publikationen oder andere Aktivit\u00e4ten mit Bezug zu MAXQDA.\r\n\t\t\t\t\r\n\t\tSie finden unsere Research Network auf LinkedIn: <\/p>\r\n\t\t\r\n\t\t <div class=\"landing-page-mx2022-row\">\r\n            <div class=\"large-12 small-12 columns\">\r\n          \r\n\t\t\t\t<div class=\"large-12 small-12  row data-equalizer\">\r\n\t\t\t\t    <div class=\"box-50 shadow-box large-centered columns margin-top-40\" data-equalizer-watch>\r\n                       \r\n\t\t\t\t\t\t\r\n\t\t\t\t\t\t<img decoding=\"async\"  style=\"width: 100px;\r\n  height: 100px;\r\n  margin-bottom: 20px;\"data-headline=\"MAXQDA Research Network\" data-description=\"MAXQDA Research Network\" src=\"https:\/\/www.maxqda.com\/de\/wp\/wp-content\/uploads\/sites\/1\/rn-logo.png\" alt=\"MAXQDA Research Network\" class=\"aligncenter1\" \/>\r\n                      \r\n\t\t\t\t\t  \r\n                  \r\n                            <h3>MAXQDA Research Network<\/h3>\r\n                            <a class=\"button\" href=\"https:\/\/www.linkedin.com\/groups\/9163087\/\">Weiter zu LinkedIn<\/a>\r\n                        \r\n                    <\/div>\r\n\t\t\r\n\t\t\r\n\t\t\r\n\t\t\r\n\t\r\n\t\t\r\n\t\t<div class=\"privatesector margin-top-80\">\r\n\t<div class=\"row\" style=\"margin-top:40px;\">\r\n\t\t<div class=\"large-12 columns text-center\">\r\n\t\t\t<h2>Take it from the Research Network members<\/h2>\r\n\t\t\t<div class=\"shadow-box columns\">\r\n\t\t\t\t<div class=\"large-2 small-12 left columns\"> <img decoding=\"async\" data-headline=\"Dra. Andr\u00e9a Luz\" src=\"https:\/\/www.maxqda.com\/wp\/wp-content\/uploads\/sites\/2\/andrea-luz-bild.png\" style=\"width: 150px;margin-bottom: 40px;\" alt=\"Dra. Andr\u00e9a Luz\" \/> <\/div>\r\n\t\t\t\t<div class=\"large-10 small-12 left columns text-left\">\r\n\t\t\t\t\t<p>\u201cJoining the network that is so diverse and with contemporary and exclusive material is a great opportunity for me. I\u2019ve been learning a lot with the distinct research subjects that are shared in this network. Information on grant opportunities, courses, webinars and scientific meetings are also available within the network. Thus, being part of the network allows me to take advantage of all these features at once. Therefore, I believe that MAXQDA research network is a very useful tool for the scientific community around the world.\u201d<\/p> <strong>Dra. Andr\u00e9a Luz<\/strong>\r\n\t\t\t\t\t<br \/> <small align=\"left\">Dra. Andr\u00e9a Luz, Professional MAXQDA Trainer and Research Network Member since 2018.<\/small> <\/div>\r\n\t\t\t<\/div>\r\n\t\t\t<div class=\"shadow-box columns\">\r\n\t\t\t\t<div class=\"large-2 small-12 left columns\"> <img decoding=\"async\" data-headline=\"Leandro de Lima\" src=\"https:\/\/www.maxqda.com\/wp\/wp-content\/uploads\/sites\/2\/leandro.png\" style=\"width: 150px;margin-bottom: 40px;\" alt=\"Leandro de Lima\" \/> <\/div>\r\n\t\t\t\t<div class=\"large-10 small-12 left columns text-left\">\r\n\t\t\t\t\t<p>&#8222;In 2015, I\u2019ve chosen to explore MAXQDA, in my researches in anthropology and impact evaluation, mainly because it is comprehensive, safe, constantly updated and friendly. The software is also accompanied by nice open contents online, as an easy-to-use manual, with many video tutorials, and the examples reported in the Research Blog, where I had the privilege to present a small contribution, in two posts, in 2019.\r\n\t\t\t\t\t\t<br \/> By that time, I also found out MAXQDA hubs an active and inventive Research Network, which provides members with further resources and information on the field. In that context, I became a MAXQDA Professional Trainer, a great opportunity to contribute and learn from researchers interested in exploring computer-based qualitative and mixed-methods analysis.&#8220;<\/p> <strong>Leandro Mahalem de Lima<\/strong>\r\n\t\t\t\t\t<br \/> <small align=\"left\">Anthropologist, PhD., Researcher at the Center for Applied Microeconomics at Funda\u00e7\u00e3o Getulio Vargas (FGV), S\u00e3o Paulo, Professional MAXQDA Trainer, and Research Network Member since 2019.<\/small> <\/div>\r\n\t\t\t<\/div>\r\n\t\t\t<div class=\"shadow-box columns\" style=\"margin-top: 30px;\">\r\n\t\t\t\t<div class=\"large-2 small-12 left columns\"> <img decoding=\"async\" data-headline=\"Martin Johnson\" src=\"https:\/\/www.maxqda.com\/wp\/wp-content\/uploads\/sites\/2\/martinRund.png\" style=\"width: 150px;margin-bottom: 40px;\" alt=\"Martin Johnson\" \/> <\/div>\r\n\t\t\t\t<div class=\"large-10 small-12 left columns text-left\">\r\n\t\t\t\t\t<p>&#8222;In my research department I have been using MAXQDA since Version 2. I have found the software to be invaluable for my research work but, of course, the software has changed a lot since its early versions. Having access to the MAXQDA Research Network has been very helpful for me as it has allowed me access to experts at a number of levels depending on my needs. The Research Network News keeps me informed about the different sorts of work that the software is facilitating. I have also been able to access Webinars where experts can &#8218;walk me through&#8216; the software so that I have been better able to see beneath the surface of MAXQDA. I have also been able to have direct access to fellow users (through training sessions or via email), and this has helped to address particular questions of personal relevance for my work.&#8220;<\/p> <strong>Martin Johnson<\/strong>\r\n\t\t\t\t\t<br \/> <small align=\"left\">Researcher of curriculum, learning, and educational assessment in Cambridge, England and Research Network Member since 2016<\/small> <\/div>\r\n\t\t\t<\/div>\r\n\t\t<\/div>\r\n\t<\/div>\r\n<\/div>\r\n\t\t\r\n\t<\/div>\r\n\r\n<\/div>\r\n\r\n\r\n\r\n\r\n\r\n\r\n","protected":false},"excerpt":{"rendered":"<p>Teilen Sie Ihr Wissen and lernen Sie aus den neuen Entwicklungen anderer Projekte Das MAXQDA Research Network ist eine Gemeinschaft von Forschenden aus aller Welt, die mit MAXQDA in verschiedenen Disziplinen und mit unterschiedlichsten methodologischen Ans\u00e4tzen arbeiten. Tauschen Sie sich zu Ihrer Arbeit mit MAXQDA aus, informieren Sie \u00fcber aktuelle Publikationen oder andere Aktivit\u00e4ten mit [&hellip;]<\/p>\n","protected":false},"author":1,"featured_media":121894,"parent":0,"menu_order":43,"comment_status":"closed","ping_status":"closed","template":"custom-page-header.php","meta":{"_acf_changed":false,"_relevanssi_hide_post":"","_relevanssi_hide_content":"","_relevanssi_pin_for_all":"","_relevanssi_pin_keywords":"","_relevanssi_unpin_keywords":"","_relevanssi_related_keywords":"","_relevanssi_related_include_ids":"","_relevanssi_related_exclude_ids":"","_relevanssi_related_no_append":"","_relevanssi_related_not_related":"","_relevanssi_related_posts":"","_relevanssi_noindex_reason":"","footnotes":""},"class_list":["post-25303","page","type-page","status-publish","has-post-thumbnail","hentry"],"acf":[],"yoast_head":"<!-- This site is optimized with the Yoast SEO Premium plugin v27.1 (Yoast SEO v27.1.1) - https:\/\/yoast.com\/product\/yoast-seo-premium-wordpress\/ -->\n<title>MAXQDA Research Network | Das Netzwerk f\u00fcr Forschende<\/title>\n<meta name=\"description\" content=\"Das MAXQDA Research Network ist ein globales Netzwerk von Forschenden in den verschiedensten Disziplinen. Werden Sie jetzt Mitglied!\" \/>\n<meta name=\"robots\" content=\"index, follow, max-snippet:-1, max-image-preview:large, max-video-preview:-1\" \/>\n<link rel=\"canonical\" href=\"https:\/\/www.maxqda.com\/de\/research-network\" \/>\n<meta property=\"og:locale\" content=\"de_DE\" \/>\n<meta property=\"og:type\" content=\"article\" \/>\n<meta property=\"og:title\" content=\"MAXQDA Research Network | Das Netzwerk f\u00fcr Forschende\" \/>\n<meta property=\"og:description\" content=\"Das MAXQDA Research Network ist ein globales Netzwerk von Forschenden in den verschiedensten Disziplinen. Werden Sie jetzt Mitglied!\" \/>\n<meta property=\"og:url\" content=\"https:\/\/www.maxqda.com\/de\/research-network\" \/>\n<meta property=\"og:site_name\" content=\"MAXQDA\" \/>\n<meta property=\"article:publisher\" content=\"https:\/\/www.facebook.com\/MAXQDA\/\" \/>\n<meta property=\"article:modified_time\" content=\"2024-07-19T10:23:53+00:00\" \/>\n<meta property=\"og:image\" content=\"https:\/\/www.maxqda.com\/de\/wp\/wp-content\/uploads\/sites\/1\/MAXQDA-Die-1-Software-fuer-qualitative-und-Mixed-Methods-Datenanalyse.png\" \/>\n\t<meta property=\"og:image:width\" content=\"1200\" \/>\n\t<meta property=\"og:image:height\" content=\"630\" \/>\n\t<meta property=\"og:image:type\" content=\"image\/png\" \/>\n<meta name=\"twitter:card\" content=\"summary_large_image\" \/>\n<meta name=\"twitter:title\" content=\"MAXQDA Research Network | Das Netzwerk f\u00fcr Forschende\" \/>\n<meta name=\"twitter:description\" content=\"Das MAXQDA Research Network ist ein globales Netzwerk von Forschenden in den verschiedensten Disziplinen. Werden Sie jetzt Mitglied!\" \/>\n<meta name=\"twitter:site\" content=\"@VerbiSoftware\" \/>\n<meta name=\"twitter:label1\" content=\"Gesch\u00e4tzte Lesezeit\" \/>\n\t<meta name=\"twitter:data1\" content=\"4\u00a0Minuten\" \/>\n<script type=\"application\/ld+json\" class=\"yoast-schema-graph\">{\"@context\":\"https:\/\/schema.org\",\"@graph\":[{\"@type\":\"WebPage\",\"@id\":\"https:\/\/www.maxqda.com\/de\/research-network\",\"url\":\"https:\/\/www.maxqda.com\/de\/research-network\",\"name\":\"MAXQDA Research Network | Das Netzwerk f\u00fcr Forschende\",\"isPartOf\":{\"@id\":\"https:\/\/www.maxqda.com\/de\/#website\"},\"primaryImageOfPage\":{\"@id\":\"https:\/\/www.maxqda.com\/de\/research-network#primaryimage\"},\"image\":{\"@id\":\"https:\/\/www.maxqda.com\/de\/research-network#primaryimage\"},\"thumbnailUrl\":\"https:\/\/www.maxqda.com\/de\/wp\/wp-content\/uploads\/sites\/1\/MAXQDA-Logo-MQ.jpg\",\"datePublished\":\"2016-01-21T16:10:53+00:00\",\"dateModified\":\"2024-07-19T10:23:53+00:00\",\"description\":\"Das MAXQDA Research Network ist ein globales Netzwerk von Forschenden in den verschiedensten Disziplinen. Werden Sie jetzt Mitglied!\",\"breadcrumb\":{\"@id\":\"https:\/\/www.maxqda.com\/de\/research-network#breadcrumb\"},\"inLanguage\":\"de\",\"potentialAction\":[{\"@type\":\"ReadAction\",\"target\":[\"https:\/\/www.maxqda.com\/de\/research-network\"]}]},{\"@type\":\"ImageObject\",\"inLanguage\":\"de\",\"@id\":\"https:\/\/www.maxqda.com\/de\/research-network#primaryimage\",\"url\":\"https:\/\/www.maxqda.com\/de\/wp\/wp-content\/uploads\/sites\/1\/MAXQDA-Logo-MQ.jpg\",\"contentUrl\":\"https:\/\/www.maxqda.com\/de\/wp\/wp-content\/uploads\/sites\/1\/MAXQDA-Logo-MQ.jpg\",\"width\":825,\"height\":825,\"caption\":\"MAXQDA Logo\"},{\"@type\":\"BreadcrumbList\",\"@id\":\"https:\/\/www.maxqda.com\/de\/research-network#breadcrumb\",\"itemListElement\":[{\"@type\":\"ListItem\",\"position\":1,\"name\":\"Startseite\",\"item\":\"https:\/\/www.maxqda.com\/de\/\"},{\"@type\":\"ListItem\",\"position\":2,\"name\":\"Research Network\"}]},{\"@type\":\"WebSite\",\"@id\":\"https:\/\/www.maxqda.com\/de\/#website\",\"url\":\"https:\/\/www.maxqda.com\/de\/\",\"name\":\"MAXQDA\",\"description\":\"\",\"publisher\":{\"@id\":\"https:\/\/www.maxqda.com\/de\/#organization\"},\"potentialAction\":[{\"@type\":\"SearchAction\",\"target\":{\"@type\":\"EntryPoint\",\"urlTemplate\":\"https:\/\/www.maxqda.com\/de\/?s={search_term_string}\"},\"query-input\":{\"@type\":\"PropertyValueSpecification\",\"valueRequired\":true,\"valueName\":\"search_term_string\"}}],\"inLanguage\":\"de\"},{\"@type\":\"Organization\",\"@id\":\"https:\/\/www.maxqda.com\/de\/#organization\",\"name\":\"MAXQDA\",\"url\":\"https:\/\/www.maxqda.com\/de\/\",\"logo\":{\"@type\":\"ImageObject\",\"inLanguage\":\"de\",\"@id\":\"https:\/\/www.maxqda.com\/de\/#\/schema\/logo\/image\/\",\"url\":\"https:\/\/www.maxqda.com\/de\/wp\/wp-content\/uploads\/sites\/1\/MAXQDA-Logo.png\",\"contentUrl\":\"https:\/\/www.maxqda.com\/de\/wp\/wp-content\/uploads\/sites\/1\/MAXQDA-Logo.png\",\"width\":\"1000\",\"height\":\"200\",\"caption\":\"MAXQDA\"},\"image\":{\"@id\":\"https:\/\/www.maxqda.com\/de\/#\/schema\/logo\/image\/\"},\"sameAs\":[\"https:\/\/www.facebook.com\/MAXQDA\/\",\"https:\/\/x.com\/VerbiSoftware\",\"https:\/\/www.instagram.com\/maxqda\/\",\"https:\/\/www.youtube.com\/user\/MAXQDA\"]}]}<\/script>\n<!-- \/ Yoast SEO Premium plugin. -->","yoast_head_json":{"title":"MAXQDA Research Network | Das Netzwerk f\u00fcr Forschende","description":"Das MAXQDA Research Network ist ein globales Netzwerk von Forschenden in den verschiedensten Disziplinen. Werden Sie jetzt Mitglied!","robots":{"index":"index","follow":"follow","max-snippet":"max-snippet:-1","max-image-preview":"max-image-preview:large","max-video-preview":"max-video-preview:-1"},"canonical":"https:\/\/www.maxqda.com\/de\/research-network","og_locale":"de_DE","og_type":"article","og_title":"MAXQDA Research Network | Das Netzwerk f\u00fcr Forschende","og_description":"Das MAXQDA Research Network ist ein globales Netzwerk von Forschenden in den verschiedensten Disziplinen. Werden Sie jetzt Mitglied!","og_url":"https:\/\/www.maxqda.com\/de\/research-network","og_site_name":"MAXQDA","article_publisher":"https:\/\/www.facebook.com\/MAXQDA\/","article_modified_time":"2024-07-19T10:23:53+00:00","og_image":[{"width":1200,"height":630,"url":"https:\/\/www.maxqda.com\/de\/wp\/wp-content\/uploads\/sites\/1\/MAXQDA-Die-1-Software-fuer-qualitative-und-Mixed-Methods-Datenanalyse.png","type":"image\/png"}],"twitter_card":"summary_large_image","twitter_title":"MAXQDA Research Network | Das Netzwerk f\u00fcr Forschende","twitter_description":"Das MAXQDA Research Network ist ein globales Netzwerk von Forschenden in den verschiedensten Disziplinen. Werden Sie jetzt Mitglied!","twitter_site":"@VerbiSoftware","twitter_misc":{"Gesch\u00e4tzte Lesezeit":"4\u00a0Minuten"},"schema":{"@context":"https:\/\/schema.org","@graph":[{"@type":"WebPage","@id":"https:\/\/www.maxqda.com\/de\/research-network","url":"https:\/\/www.maxqda.com\/de\/research-network","name":"MAXQDA Research Network | Das Netzwerk f\u00fcr Forschende","isPartOf":{"@id":"https:\/\/www.maxqda.com\/de\/#website"},"primaryImageOfPage":{"@id":"https:\/\/www.maxqda.com\/de\/research-network#primaryimage"},"image":{"@id":"https:\/\/www.maxqda.com\/de\/research-network#primaryimage"},"thumbnailUrl":"https:\/\/www.maxqda.com\/de\/wp\/wp-content\/uploads\/sites\/1\/MAXQDA-Logo-MQ.jpg","datePublished":"2016-01-21T16:10:53+00:00","dateModified":"2024-07-19T10:23:53+00:00","description":"Das MAXQDA Research Network ist ein globales Netzwerk von Forschenden in den verschiedensten Disziplinen. Werden Sie jetzt Mitglied!","breadcrumb":{"@id":"https:\/\/www.maxqda.com\/de\/research-network#breadcrumb"},"inLanguage":"de","potentialAction":[{"@type":"ReadAction","target":["https:\/\/www.maxqda.com\/de\/research-network"]}]},{"@type":"ImageObject","inLanguage":"de","@id":"https:\/\/www.maxqda.com\/de\/research-network#primaryimage","url":"https:\/\/www.maxqda.com\/de\/wp\/wp-content\/uploads\/sites\/1\/MAXQDA-Logo-MQ.jpg","contentUrl":"https:\/\/www.maxqda.com\/de\/wp\/wp-content\/uploads\/sites\/1\/MAXQDA-Logo-MQ.jpg","width":825,"height":825,"caption":"MAXQDA Logo"},{"@type":"BreadcrumbList","@id":"https:\/\/www.maxqda.com\/de\/research-network#breadcrumb","itemListElement":[{"@type":"ListItem","position":1,"name":"Startseite","item":"https:\/\/www.maxqda.com\/de\/"},{"@type":"ListItem","position":2,"name":"Research Network"}]},{"@type":"WebSite","@id":"https:\/\/www.maxqda.com\/de\/#website","url":"https:\/\/www.maxqda.com\/de\/","name":"MAXQDA","description":"","publisher":{"@id":"https:\/\/www.maxqda.com\/de\/#organization"},"potentialAction":[{"@type":"SearchAction","target":{"@type":"EntryPoint","urlTemplate":"https:\/\/www.maxqda.com\/de\/?s={search_term_string}"},"query-input":{"@type":"PropertyValueSpecification","valueRequired":true,"valueName":"search_term_string"}}],"inLanguage":"de"},{"@type":"Organization","@id":"https:\/\/www.maxqda.com\/de\/#organization","name":"MAXQDA","url":"https:\/\/www.maxqda.com\/de\/","logo":{"@type":"ImageObject","inLanguage":"de","@id":"https:\/\/www.maxqda.com\/de\/#\/schema\/logo\/image\/","url":"https:\/\/www.maxqda.com\/de\/wp\/wp-content\/uploads\/sites\/1\/MAXQDA-Logo.png","contentUrl":"https:\/\/www.maxqda.com\/de\/wp\/wp-content\/uploads\/sites\/1\/MAXQDA-Logo.png","width":"1000","height":"200","caption":"MAXQDA"},"image":{"@id":"https:\/\/www.maxqda.com\/de\/#\/schema\/logo\/image\/"},"sameAs":["https:\/\/www.facebook.com\/MAXQDA\/","https:\/\/x.com\/VerbiSoftware","https:\/\/www.instagram.com\/maxqda\/","https:\/\/www.youtube.com\/user\/MAXQDA"]}]}},"_links":{"self":[{"href":"https:\/\/www.maxqda.com\/de\/wp-json\/wp\/v2\/pages\/25303","targetHints":{"allow":["GET"]}}],"collection":[{"href":"https:\/\/www.maxqda.com\/de\/wp-json\/wp\/v2\/pages"}],"about":[{"href":"https:\/\/www.maxqda.com\/de\/wp-json\/wp\/v2\/types\/page"}],"author":[{"embeddable":true,"href":"https:\/\/www.maxqda.com\/de\/wp-json\/wp\/v2\/users\/1"}],"replies":[{"embeddable":true,"href":"https:\/\/www.maxqda.com\/de\/wp-json\/wp\/v2\/comments?post=25303"}],"version-history":[{"count":0,"href":"https:\/\/www.maxqda.com\/de\/wp-json\/wp\/v2\/pages\/25303\/revisions"}],"wp:featuredmedia":[{"embeddable":true,"href":"https:\/\/www.maxqda.com\/de\/wp-json\/wp\/v2\/media\/121894"}],"wp:attachment":[{"href":"https:\/\/www.maxqda.com\/de\/wp-json\/wp\/v2\/media?parent=25303"}],"curies":[{"name":"wp","href":"https:\/\/api.w.org\/{rel}","templated":true}]}}