{"id":24537,"date":"2015-11-17T15:34:22","date_gmt":"2015-11-17T14:34:22","guid":{"rendered":"https:\/\/www.maxqda.de\/?page_id=24537"},"modified":"2025-01-16T10:16:43","modified_gmt":"2025-01-16T09:16:43","slug":"maxqda-kurslizenz","status":"publish","type":"page","link":"https:\/\/www.maxqda.com\/de\/maxqda-kurslizenz","title":{"rendered":"MAXQDA Kurslizenz"},"content":{"rendered":"<div class=\"row\">\r\n\t\r\n\t<div class=\"large-12 row-margin-80 large-centered\">\r\n\t\t\r\n\t\t<div class=\"large-10 small-12 columns large-centered\">\r\n\t\t\t<h2 class=\"text-center\">Beantragen Sie MAXQDA kostenlos f\u00fcr Ihren Kurs<\/h2>\r\n\t\t<\/div>\r\n\r\n\r\n\r\n<div class=\"row training columns\" data-equalizer style=\"padding: 0 15px;\">\r\n\r\n        <div class=\"large-12 columns\">\r\n            \r\n\t\t\t\r\n\t\t\t<div class=\"row\">\r\n\t\t\t\r\n\t\t\t\t<div class=\"large-6 columns left img-bg img-bg-3\" style=\"width:auto;\">\r\n\t\t\t\t\t<div class=\"shadow-box text-left\">\r\n\t\t\t\t\t\t<p class=\"checkmark red-text\" style=\"font-size: 1.1rem;\"><b>F\u00fcr Studierende in Methodenseminaren<\/b><\/p>\r\n\t\t\t\t\t\t<p class=\"checkmark red-text\" style=\"font-size: 1.1rem;\"><b>Unterst\u00fctzendes Lehrmaterial<\/b><\/p>\r\n\t\t\t\t\t\t<p class=\"checkmark red-text\" style=\"margin-bottom:0;font-size: 1.1rem;\"><b>MAXQDA Analytics Pro und AI Assist<\/b><\/p>\r\n\t\t\t\t\t<\/div>\t\r\n\r\n\t\t\t\t<\/div>\r\n\r\n\r\n\t\t\t\t<div class=\"large-6 columns\">\r\n\t\t\t\t\t<p>Sie planen eine Lehrveranstaltung, in der Studierende qualitative Daten mit MAXQDA auswerten?<\/p>\r\n\t\t\t\t\t<p><b>Wir unterst\u00fctzen Sie mit einer kostenlosen MAXQDA Kurslizenz f\u00fcr die Dauer des Kurses.<\/b><\/p>\r\n\t\t\t\t\t<p>Geben Sie Ihren Studierenden die M\u00f6glichkeit, intensiv mit MAXQDA an \u00dcbungsaufgaben und eigenen Lehrforschungsprojekten zu arbeiten und dabei praktische Erfahrungen mit qualitativer oder Mixed-Methods-Forschung zu sammeln.<\/p>\r\n\t\t\t\t<\/div>\t\t\r\n\t\t\t\t\r\n\t\t\t<\/div>\r\n\t\t\t\r\n\t\t\t\r\n\t\t\t\r\n\t\t<\/div>\r\n    <\/div>\r\n\r\n    <div class=\" columns\">\r\n        <div class=\"large-6 columns\">\r\n            <h3 class=\"underline-orange\">Rahmenbedingungen<\/h3>\r\n\r\n            <h4 class=\"checkmark\"><b>F\u00fcr methodenfokussierte Lehrveranstaltungen<\/b><\/h4>\r\n            <p style=\"padding-left:30px;\">Ihre Veranstaltung ist ein offizielles Lehrangebot mit einem Fokus auf qualitativen Methoden (zum Beispiel Methodenseminar, Lehrforschungsprojekt). Die Veranstaltung ist auf der Internetseite Ihrer Institution aufgef\u00fchrt, nicht kostenpflichtig und richtet sich an Studierende.<\/p>\r\n\r\n\r\n\r\n            <h4 class=\"checkmark\"><b>F\u00fcr die Dauer Ihrer Lehrveranstaltung<\/b><\/h4>\r\n            <p style=\"padding-left:30px;\">Die Laufzeit der Lizenz orientiert sich an der Dauer der Lehrveranstaltung (maximal 120 Tage).<\/p>\r\n\r\n\r\n            <h4 class=\"checkmark\"><b>F\u00fcr Studierende in Ihrer Lehrveranstaltung<\/b><\/h4>\r\n            <p style=\"padding-left:30px;\">Sie als Lehrperson beantragen die Kurslizenz f\u00fcr eine nachgewiesene Lehrveranstaltung. Die teilnehmenden Studierenden erhalten eine kostenlose Lizenz und damit die M\u00f6glichkeit praktische Erfahrungen mit qualitativer Forschung zu sammeln.<\/p>\r\n\r\n\r\n            <h4 class=\"checkmark\"><b>MAXQDA Analytics Pro<\/b><\/h4>\r\n            <p style=\"padding-left:30px;\">Ihre Studierenden erhalten MAXQDA Analytics Pro. Das ist die umfangreichste Version von MAXQDA. Sie enth\u00e4lt zus\u00e4tzlich zu allen Funktionen f\u00fcr die qualitative und Mixed-Methods-Datenauswertung auch ein Modul f\u00fcr die statistische Datenanalyse. <\/p>\r\n\t\t\t\r\n\t\t\t<h4 class=\"checkmark\"><b>AI Assist und Transcription<\/b><\/h4>\r\n            <p style=\"padding-left:30px;\">AI Assist Free und eine Stunde Automatische Transkription ist in der Lizenz enthalten. Ihre Studierenden ben\u00f6tigen zus\u00e4tzlich einen pers\u00f6nlichen MAXQDA Account, den Sie in MAXQDA registrieren k\u00f6nnen.<\/p>\r\n\r\n        <\/div>\r\n\r\n        <div class=\"large-6 columns\">\r\n            <h3 class=\"underline-orange\">Nutzungsbedingungen<\/h3>\r\n\r\n            <h4 class=\"checkmark\"><b>Nutzung durch Teilnehmende der Lehrveranstaltung<\/b><\/h4>\r\n            <p style=\"padding-left:30px;\">Alle Studierenden, die an Ihrer Lehrveranstaltung teilnehmen, d\u00fcrfen die Lizenz nutzen. Die Lizenz darf auch von Lehrpersonen verwendet werden.<\/p>\r\n\r\n            <h4 class=\"checkmark\"><b>Nutzung auf privaten Computern<\/b><\/h4>\r\n            <p style=\"padding-left:30px;\">Die Studierenden installieren die Kurslizenz auf ihren privaten Mac- oder Windows-Computern. Die Funktionen von MAXQDA sind in beiden Versionen identisch. Dabei m\u00fcssen die Computer den\u00a0<a href=\"https:\/\/www.maxqda.com\/de\/produkte\/systemanforderungen\">Systemanforderungen<\/a>\u00a0entsprechen.<\/p>\r\n\r\n            <h4 class=\"checkmark\"><b>Nutzung im Rahmen der Veranstaltung<\/b><\/h4>\r\n            <p style=\"padding-left:30px;\">Die Studierenden nutzen die Lizenz im Rahmen der Veranstaltung f\u00fcr die Arbeit an \u00dcbungsaufgaben und eigenen Lehrforschungsprojekten.<\/p>\r\n\r\n            <h4 class=\"checkmark-x\"><b>Keine Anfertigung von Qualifikationsarbeiten<\/b><\/h4>\r\n            <p style=\"padding-left:30px;\">Es ist nicht gestattet, Bachelor-, Master oder Diplomarbeiten mit der MAXQDA Kurslizenz zu erstellen. F\u00fcr diese Zwecke empfehlen wir den Erwerb einer\u00a0<a href=\"https:\/\/www.maxqda.com\/de\/bestellen\/onlineshop?tab=students#role-student\">Studierendenlizenz<\/a>.<\/p>\r\n\t\t\t\r\n\t\t\t<h4 class=\"checkmark-x\"><b>Keine dauerhafte Nutzung<\/b><\/h4>\r\n            <p style=\"padding-left:30px;\">Studierende k\u00f6nnen die Kurslizenz in 3 Kursen kostenfrei nutzen. M\u00f6chten Studierende MAXQDA dar\u00fcber hinaus verwenden, empfehlen wir die verg\u00fcnstigte <a href=\"https:\/\/www.maxqda.com\/de\/bestellen\/onlineshop?tab=students#role-student\">Studierndenlizenz<\/a>. Damit Sie und Ihre Studierenden w\u00e4hrend des gesamten Studiums MAXQDA nutzen k\u00f6nnen, beraten wir Sie gerne zu unserer <a href=\"https:\/\/www.maxqda.com\/de\/lizenzen\/site-license\">Campuslizenz<\/a>.<\/p>\r\n\r\n\r\n\r\n        <\/div>\r\n    <\/div>\r\n\t\r\n\r\n<!--  \r\n\r\n    <div class=\"bottom-links columns free-course-license\" style=\"margin-top: 50px;\">\r\n\t\r\n     <div class=\"large-8 aligncenter relative text-center shadow-box\" style=\"padding: 30px 0px;\">\r\n\t\t\r\n            <h2>Sie haben Fragen zur Kurslizenz?<br \/><\/h2>\r\n\t\t\t\r\n\t\t\t<div class=\"large-10 small-12 large-centered columns\" style=\"display: inline-block;\">\r\n\r\n\t\t\t\t<select id=\"servicePhone-select\" class=\"left large-6 small-12\" onchange=\"changeServicePhone(this)\" >\r\n\t\t\t\t\t\t\t<option value=\"+49 (0) 30 206 225 922\">Deutschland<\/option>\r\n\t\t\t\t\t\t\t<option value=\"+43 (0) 720 815 832\">Austria<\/option>\r\n\t\t\t\t\t\t\t<option value=\"+41 (0) 435 006 258\">Switzerland<\/option>\r\n\t\t\t\t\t\t\t<option value=\"+31 (0) 202 082 195\">Netherlands<\/option>\r\n\t\t\t\t\t\t\t<option value=\"+44 (0) 207 660 2850\">United Kingdom<\/option>\r\n\t\t\t\t\t\t\t<option value=\"+353 (0) 1 533 9952\">Ireland<\/option> \r\n\t\t\t\t<\/select> \r\n\r\n\t\t\t\t<div class=\"large-6 small-12 text-left right\" style=\"padding-left:30px;\"><h4><span class=\"left\">Telefon: <\/span><a href=\"tel:+49 (0) 30 206 225 922\"  id=\"servicePhone-display\" style=\"padding:0;\" class=\"contact-tel contact-tel-green\"> +49 (0) 30 206 225 922<\/a><\/h4><br><\/div>\r\n\r\n\t\t\t<\/div>\r\n\t\t\r\n\r\n\t\t\t<div class=\"large-12 small-12 large-centered columns\">\r\n\t\t\t\t\t\t<h4><span>...oder schicken Sie uns eine E-Mail:<\/span> <a style=\"padding-bottom:0; display: contents; margin-top:15px;\" href=\"mailto:cs@maxqda.com\">cs@maxqda.com<\/a><\/h4>\r\n\t\t\t<\/div>\r\n        <\/div>\r\n\t\t\r\n    <\/div>\r\n-->\t\r\n\r\n\t<div class=\"columns\">\r\n    \t<div class=\"large-12 small-12 text-center columns\" style=\"margin-top:50px;\">\r\n            <h2>Kurslizenz beantragen<\/h2>\r\n            <p>Bitte beantragen Sie die Kurslizenz rechtzeitig vor dem Beginn Ihrer Veranstaltung. Die Bearbeitung der Antr\u00e4ge kann einige Tage in Anspruch nehmen.<\/p>\r\n    \t<\/div>\r\n\t<\/div>\r\n\t\r\n\t<div class=\"columns\">\r\n\t\t<div class=\"large-10 small-12 columns large-centered\">\r\n\t    \t[100TageLizenzFormular]\r\n\t\t<\/div>\r\n\t<\/div>\r\n\r\n\t<script>\r\n\t\tfunction changeServicePhone(selectObject) {\r\n  \t\t\tvar value = selectObject.value;  \r\n\t\t\t\t\r\n\t\t\tvar elem= document.getElementById(\"servicePhone-display\");\r\n\t\t\telem.href=\"tel:\" + value;\r\n\t\t\telem.innerHTML=value;\r\n\t\t\r\n\t\t}\r\n\t<\/script>","protected":false},"excerpt":{"rendered":"<p>Beantragen Sie MAXQDA kostenlos f\u00fcr Ihren Kurs F\u00fcr Studierende in Methodenseminaren Unterst\u00fctzendes Lehrmaterial MAXQDA Analytics Pro und AI Assist Sie planen eine Lehrveranstaltung, in der Studierende qualitative Daten mit MAXQDA auswerten? Wir unterst\u00fctzen Sie mit einer kostenlosen MAXQDA Kurslizenz f\u00fcr die Dauer des Kurses. Geben Sie Ihren Studierenden die M\u00f6glichkeit, intensiv mit MAXQDA an \u00dcbungsaufgaben [&hellip;]<\/p>\n","protected":false},"author":5,"featured_media":121894,"parent":0,"menu_order":43,"comment_status":"closed","ping_status":"closed","template":"tpl_100tagelizenz.php","meta":{"_acf_changed":false,"_relevanssi_hide_post":"","_relevanssi_hide_content":"","_relevanssi_pin_for_all":"","_relevanssi_pin_keywords":"","_relevanssi_unpin_keywords":"","_relevanssi_related_keywords":"","_relevanssi_related_include_ids":"","_relevanssi_related_exclude_ids":"","_relevanssi_related_no_append":"","_relevanssi_related_not_related":"","_relevanssi_related_posts":"","_relevanssi_noindex_reason":"","footnotes":""},"class_list":["post-24537","page","type-page","status-publish","has-post-thumbnail","hentry"],"acf":[],"yoast_head":"<!-- This site is optimized with the Yoast SEO Premium plugin v27.1 (Yoast SEO v27.1.1) - https:\/\/yoast.com\/product\/yoast-seo-premium-wordpress\/ -->\n<title>MAXQDA-Kurslizenz | Professionelle QDA Software<\/title>\n<meta name=\"description\" content=\"MAXQDA Kurslizenz: Lehrende, die ein Methodenseminare geben, k\u00f6nnen bei uns eine kostenlose Lizenz f\u00fcr alle Studierenden in ihrem Seminar beantragen.\" \/>\n<meta name=\"robots\" content=\"index, follow, max-snippet:-1, max-image-preview:large, max-video-preview:-1\" \/>\n<link rel=\"canonical\" href=\"https:\/\/www.maxqda.com\/de\/maxqda-kurslizenz\" \/>\n<meta property=\"og:locale\" content=\"de_DE\" \/>\n<meta property=\"og:type\" content=\"article\" \/>\n<meta property=\"og:title\" content=\"MAXQDA Lehrlizenz | Professionelle QDA Software\" \/>\n<meta property=\"og:description\" content=\"MAXQDA Lehrlizenz: Lehrende, die ein Methodenseminare geben, k\u00f6nnen bei uns eine kostenlose Lizenz f\u00fcr alle Studierenden in ihrem Seminar beantragen.\" \/>\n<meta property=\"og:url\" content=\"https:\/\/www.maxqda.com\/de\/maxqda-kurslizenz\" \/>\n<meta property=\"og:site_name\" content=\"MAXQDA\" \/>\n<meta property=\"article:publisher\" content=\"https:\/\/www.facebook.com\/MAXQDA\/\" \/>\n<meta property=\"article:modified_time\" content=\"2025-01-16T09:16:43+00:00\" \/>\n<meta property=\"og:image\" content=\"https:\/\/www.maxqda.com\/de\/wp\/wp-content\/uploads\/sites\/1\/MAXQDA-Die-1-Software-fuer-qualitative-und-Mixed-Methods-Datenanalyse.png\" \/>\n\t<meta property=\"og:image:width\" content=\"1200\" \/>\n\t<meta property=\"og:image:height\" content=\"630\" \/>\n\t<meta property=\"og:image:type\" content=\"image\/png\" \/>\n<meta name=\"twitter:card\" content=\"summary_large_image\" \/>\n<meta name=\"twitter:title\" content=\"MAXQDA Lehrlizenz | Professionelle QDA Software\" \/>\n<meta name=\"twitter:description\" content=\"Lehrende, die ein Methodenseminare geben, k\u00f6nnen bei uns eine kostenlose Lizenz f\u00fcr alle Studierenden in ihrem Seminar beantragen.\" \/>\n<meta name=\"twitter:site\" content=\"@VerbiSoftware\" \/>\n<meta name=\"twitter:label1\" content=\"Gesch\u00e4tzte Lesezeit\" \/>\n\t<meta name=\"twitter:data1\" content=\"3\u00a0Minuten\" \/>\n<script type=\"application\/ld+json\" class=\"yoast-schema-graph\">{\"@context\":\"https:\/\/schema.org\",\"@graph\":[{\"@type\":\"WebPage\",\"@id\":\"https:\/\/www.maxqda.com\/de\/maxqda-kurslizenz\",\"url\":\"https:\/\/www.maxqda.com\/de\/maxqda-kurslizenz\",\"name\":\"MAXQDA-Kurslizenz | Professionelle QDA Software\",\"isPartOf\":{\"@id\":\"https:\/\/www.maxqda.com\/de\/#website\"},\"primaryImageOfPage\":{\"@id\":\"https:\/\/www.maxqda.com\/de\/maxqda-kurslizenz#primaryimage\"},\"image\":{\"@id\":\"https:\/\/www.maxqda.com\/de\/maxqda-kurslizenz#primaryimage\"},\"thumbnailUrl\":\"https:\/\/www.maxqda.com\/de\/wp\/wp-content\/uploads\/sites\/1\/MAXQDA-Logo-MQ.jpg\",\"datePublished\":\"2015-11-17T14:34:22+00:00\",\"dateModified\":\"2025-01-16T09:16:43+00:00\",\"description\":\"MAXQDA Kurslizenz: Lehrende, die ein Methodenseminare geben, k\u00f6nnen bei uns eine kostenlose Lizenz f\u00fcr alle Studierenden in ihrem Seminar beantragen.\",\"breadcrumb\":{\"@id\":\"https:\/\/www.maxqda.com\/de\/maxqda-kurslizenz#breadcrumb\"},\"inLanguage\":\"de\",\"potentialAction\":[{\"@type\":\"ReadAction\",\"target\":[\"https:\/\/www.maxqda.com\/de\/maxqda-kurslizenz\"]}]},{\"@type\":\"ImageObject\",\"inLanguage\":\"de\",\"@id\":\"https:\/\/www.maxqda.com\/de\/maxqda-kurslizenz#primaryimage\",\"url\":\"https:\/\/www.maxqda.com\/de\/wp\/wp-content\/uploads\/sites\/1\/MAXQDA-Logo-MQ.jpg\",\"contentUrl\":\"https:\/\/www.maxqda.com\/de\/wp\/wp-content\/uploads\/sites\/1\/MAXQDA-Logo-MQ.jpg\",\"width\":825,\"height\":825,\"caption\":\"MAXQDA Logo\"},{\"@type\":\"BreadcrumbList\",\"@id\":\"https:\/\/www.maxqda.com\/de\/maxqda-kurslizenz#breadcrumb\",\"itemListElement\":[{\"@type\":\"ListItem\",\"position\":1,\"name\":\"Startseite\",\"item\":\"https:\/\/www.maxqda.com\/de\/\"},{\"@type\":\"ListItem\",\"position\":2,\"name\":\"MAXQDA Kurslizenz\"}]},{\"@type\":\"WebSite\",\"@id\":\"https:\/\/www.maxqda.com\/de\/#website\",\"url\":\"https:\/\/www.maxqda.com\/de\/\",\"name\":\"MAXQDA\",\"description\":\"\",\"publisher\":{\"@id\":\"https:\/\/www.maxqda.com\/de\/#organization\"},\"potentialAction\":[{\"@type\":\"SearchAction\",\"target\":{\"@type\":\"EntryPoint\",\"urlTemplate\":\"https:\/\/www.maxqda.com\/de\/?s={search_term_string}\"},\"query-input\":{\"@type\":\"PropertyValueSpecification\",\"valueRequired\":true,\"valueName\":\"search_term_string\"}}],\"inLanguage\":\"de\"},{\"@type\":\"Organization\",\"@id\":\"https:\/\/www.maxqda.com\/de\/#organization\",\"name\":\"MAXQDA\",\"url\":\"https:\/\/www.maxqda.com\/de\/\",\"logo\":{\"@type\":\"ImageObject\",\"inLanguage\":\"de\",\"@id\":\"https:\/\/www.maxqda.com\/de\/#\/schema\/logo\/image\/\",\"url\":\"https:\/\/www.maxqda.com\/de\/wp\/wp-content\/uploads\/sites\/1\/MAXQDA-Logo.png\",\"contentUrl\":\"https:\/\/www.maxqda.com\/de\/wp\/wp-content\/uploads\/sites\/1\/MAXQDA-Logo.png\",\"width\":\"1000\",\"height\":\"200\",\"caption\":\"MAXQDA\"},\"image\":{\"@id\":\"https:\/\/www.maxqda.com\/de\/#\/schema\/logo\/image\/\"},\"sameAs\":[\"https:\/\/www.facebook.com\/MAXQDA\/\",\"https:\/\/x.com\/VerbiSoftware\",\"https:\/\/www.instagram.com\/maxqda\/\",\"https:\/\/www.youtube.com\/user\/MAXQDA\"]}]}<\/script>\n<!-- \/ Yoast SEO Premium plugin. -->","yoast_head_json":{"title":"MAXQDA-Kurslizenz | Professionelle QDA Software","description":"MAXQDA Kurslizenz: Lehrende, die ein Methodenseminare geben, k\u00f6nnen bei uns eine kostenlose Lizenz f\u00fcr alle Studierenden in ihrem Seminar beantragen.","robots":{"index":"index","follow":"follow","max-snippet":"max-snippet:-1","max-image-preview":"max-image-preview:large","max-video-preview":"max-video-preview:-1"},"canonical":"https:\/\/www.maxqda.com\/de\/maxqda-kurslizenz","og_locale":"de_DE","og_type":"article","og_title":"MAXQDA Lehrlizenz | Professionelle QDA Software","og_description":"MAXQDA Lehrlizenz: Lehrende, die ein Methodenseminare geben, k\u00f6nnen bei uns eine kostenlose Lizenz f\u00fcr alle Studierenden in ihrem Seminar beantragen.","og_url":"https:\/\/www.maxqda.com\/de\/maxqda-kurslizenz","og_site_name":"MAXQDA","article_publisher":"https:\/\/www.facebook.com\/MAXQDA\/","article_modified_time":"2025-01-16T09:16:43+00:00","og_image":[{"width":1200,"height":630,"url":"https:\/\/www.maxqda.com\/de\/wp\/wp-content\/uploads\/sites\/1\/MAXQDA-Die-1-Software-fuer-qualitative-und-Mixed-Methods-Datenanalyse.png","type":"image\/png"}],"twitter_card":"summary_large_image","twitter_title":"MAXQDA Lehrlizenz | Professionelle QDA Software","twitter_description":"Lehrende, die ein Methodenseminare geben, k\u00f6nnen bei uns eine kostenlose Lizenz f\u00fcr alle Studierenden in ihrem Seminar beantragen.","twitter_site":"@VerbiSoftware","twitter_misc":{"Gesch\u00e4tzte Lesezeit":"3\u00a0Minuten"},"schema":{"@context":"https:\/\/schema.org","@graph":[{"@type":"WebPage","@id":"https:\/\/www.maxqda.com\/de\/maxqda-kurslizenz","url":"https:\/\/www.maxqda.com\/de\/maxqda-kurslizenz","name":"MAXQDA-Kurslizenz | Professionelle QDA Software","isPartOf":{"@id":"https:\/\/www.maxqda.com\/de\/#website"},"primaryImageOfPage":{"@id":"https:\/\/www.maxqda.com\/de\/maxqda-kurslizenz#primaryimage"},"image":{"@id":"https:\/\/www.maxqda.com\/de\/maxqda-kurslizenz#primaryimage"},"thumbnailUrl":"https:\/\/www.maxqda.com\/de\/wp\/wp-content\/uploads\/sites\/1\/MAXQDA-Logo-MQ.jpg","datePublished":"2015-11-17T14:34:22+00:00","dateModified":"2025-01-16T09:16:43+00:00","description":"MAXQDA Kurslizenz: Lehrende, die ein Methodenseminare geben, k\u00f6nnen bei uns eine kostenlose Lizenz f\u00fcr alle Studierenden in ihrem Seminar beantragen.","breadcrumb":{"@id":"https:\/\/www.maxqda.com\/de\/maxqda-kurslizenz#breadcrumb"},"inLanguage":"de","potentialAction":[{"@type":"ReadAction","target":["https:\/\/www.maxqda.com\/de\/maxqda-kurslizenz"]}]},{"@type":"ImageObject","inLanguage":"de","@id":"https:\/\/www.maxqda.com\/de\/maxqda-kurslizenz#primaryimage","url":"https:\/\/www.maxqda.com\/de\/wp\/wp-content\/uploads\/sites\/1\/MAXQDA-Logo-MQ.jpg","contentUrl":"https:\/\/www.maxqda.com\/de\/wp\/wp-content\/uploads\/sites\/1\/MAXQDA-Logo-MQ.jpg","width":825,"height":825,"caption":"MAXQDA Logo"},{"@type":"BreadcrumbList","@id":"https:\/\/www.maxqda.com\/de\/maxqda-kurslizenz#breadcrumb","itemListElement":[{"@type":"ListItem","position":1,"name":"Startseite","item":"https:\/\/www.maxqda.com\/de\/"},{"@type":"ListItem","position":2,"name":"MAXQDA Kurslizenz"}]},{"@type":"WebSite","@id":"https:\/\/www.maxqda.com\/de\/#website","url":"https:\/\/www.maxqda.com\/de\/","name":"MAXQDA","description":"","publisher":{"@id":"https:\/\/www.maxqda.com\/de\/#organization"},"potentialAction":[{"@type":"SearchAction","target":{"@type":"EntryPoint","urlTemplate":"https:\/\/www.maxqda.com\/de\/?s={search_term_string}"},"query-input":{"@type":"PropertyValueSpecification","valueRequired":true,"valueName":"search_term_string"}}],"inLanguage":"de"},{"@type":"Organization","@id":"https:\/\/www.maxqda.com\/de\/#organization","name":"MAXQDA","url":"https:\/\/www.maxqda.com\/de\/","logo":{"@type":"ImageObject","inLanguage":"de","@id":"https:\/\/www.maxqda.com\/de\/#\/schema\/logo\/image\/","url":"https:\/\/www.maxqda.com\/de\/wp\/wp-content\/uploads\/sites\/1\/MAXQDA-Logo.png","contentUrl":"https:\/\/www.maxqda.com\/de\/wp\/wp-content\/uploads\/sites\/1\/MAXQDA-Logo.png","width":"1000","height":"200","caption":"MAXQDA"},"image":{"@id":"https:\/\/www.maxqda.com\/de\/#\/schema\/logo\/image\/"},"sameAs":["https:\/\/www.facebook.com\/MAXQDA\/","https:\/\/x.com\/VerbiSoftware","https:\/\/www.instagram.com\/maxqda\/","https:\/\/www.youtube.com\/user\/MAXQDA"]}]}},"_links":{"self":[{"href":"https:\/\/www.maxqda.com\/de\/wp-json\/wp\/v2\/pages\/24537","targetHints":{"allow":["GET"]}}],"collection":[{"href":"https:\/\/www.maxqda.com\/de\/wp-json\/wp\/v2\/pages"}],"about":[{"href":"https:\/\/www.maxqda.com\/de\/wp-json\/wp\/v2\/types\/page"}],"author":[{"embeddable":true,"href":"https:\/\/www.maxqda.com\/de\/wp-json\/wp\/v2\/users\/5"}],"replies":[{"embeddable":true,"href":"https:\/\/www.maxqda.com\/de\/wp-json\/wp\/v2\/comments?post=24537"}],"version-history":[{"count":0,"href":"https:\/\/www.maxqda.com\/de\/wp-json\/wp\/v2\/pages\/24537\/revisions"}],"wp:featuredmedia":[{"embeddable":true,"href":"https:\/\/www.maxqda.com\/de\/wp-json\/wp\/v2\/media\/121894"}],"wp:attachment":[{"href":"https:\/\/www.maxqda.com\/de\/wp-json\/wp\/v2\/media?parent=24537"}],"curies":[{"name":"wp","href":"https:\/\/api.w.org\/{rel}","templated":true}]}}