{"id":2426,"date":"2010-12-04T17:15:55","date_gmt":"2010-12-04T15:15:55","guid":{"rendered":"https:\/\/www.maxqda.de"},"modified":"2025-08-07T13:35:20","modified_gmt":"2025-08-07T12:35:20","slug":"bestell-informationen","status":"publish","type":"page","link":"https:\/\/www.maxqda.com\/de\/bestell-informationen","title":{"rendered":"MAXQDA Bestell-Informationen"},"content":{"rendered":"<!-- div class=\"row\">\r\n<div class=\"large-12 columns\">\r\n<h1>Wichtige Informationen zur Bestellung von MAXQDA<\/h1>\r\n<\/div>\r\n<\/div -->\r\n<div class=\"row\">\r\n<div class=\"large-6 columns\">\r\n<h2>MAXQDA bestellen &#8211; Der Online-Shop<\/h2>\r\n<p>Noch heute in unserem <a href=\"https:\/\/www.maxqda.com\/de\/bestellen\/onlineshop\" title=\"Online-Shop\" target=\"\" rel=\"noopener\">Online-Shop<\/a> bequem MAXQDA bestellen. Ihre Auswahl wird in den Warenkorb unseres E-Sales Partners Cleverbridge weitergereicht und dort auf dem h\u00f6chstm\u00f6glichen Sicherheitsniveau (SSL Verschl\u00fcsselung) umgehend bearbeitet.<\/p>\r\n\r\n<p><a href=\"https:\/\/www.maxqda.com\/de\/bestellen\/onlineshop\/\" title=\"Zum MAXQDA Online-Shop\" target=\"\" rel=\"noopener\">> Zum Online-Shop<\/a><\/p>\r\n<\/div>\r\n<div class=\"large-6 columns\">\r\n<h2>M\u00f6gliche Zahlungsarten<\/h2>\r\n<p>Firmen und Privatkunden werden in der Regel gegen Vorkasse beliefert. Folgende Zahlungsarten sind m\u00f6glich:<\/p>\r\n<ul>\r\n<li>Kreditkarte (Visa, MasterCard, American Express, JCB)<\/li>\r\n<li>\u00dcberweisung<\/li>\r\n<li>PayPal<\/li>\r\n<li>Scheck<\/li>\r\n<\/ul>\r\n\r\n<\/div>\r\n<\/div>\r\n<div class=\"row\" style=\"margin-top:40px;\">\r\n<div class=\"large-6 columns\">\r\n<h2>Lieferumfang Ihrer MAXQDA-Bestellung<\/h2>\r\n<ul>\r\n<li>Software (als Download)<\/li>\r\n<li>Lizenzinformationen (per E-Mail-Lieferung)<\/li>\r\n<li>Installations- und Aktivierungsanleitung im PDF-Format<\/li>\r\n<!--<li>Optional: Installations-CD<\/li>-->\r\n<\/ul>\r\n<\/div>\r\n<div class=\"large-6 columns\">\r\n<h2>Bearbeitungs-\/Lieferzeiten<\/h2>\r\n<p>Die Lieferung Ihrer Software erfolgt direkt nach dem Eingang Ihrer Zahlung. Bei der Bestellung einer Studierendenlizenz wird zuvor Ihr Studierendenstatus \u00fcberpr\u00fcft. Aufgrund der Verifizierung Ihrer Daten kann dieser Prozess bis zu zwei Werktage in Anspruch nehmen.<\/p>\r\n<\/div>\r\n<\/div>\r\n<div class=\"row\" style=\"margin-top:40px;\">\r\n<div class=\"large-6 columns\">\r\n<h2>Versandkosten<\/h2>\r\n<p>Bei der Auslieferung per E-Mail (regul\u00e4res Verfahren) fallen keine Versandkosten an.<\/p>\r\n<!--<p>Optional ist die Auslieferung auch als CD-Lieferung m\u00f6glich. Dabei sind die Versandkosten bereits im Preis der CD enthalten.<\/p>-->\r\n<\/div>\r\n<div class=\"large-6 columns\">\r\n<h2 id=\"auf-rechnung-bestellen\">MAXQDA-Reseller<\/h2>\r\n<p>Au\u00dferhalb von Deutschlands, \u00d6sterreichs und der Schweiz k\u00f6nnen Sie MAXQDA alternativ zum Kauf \u00fcber die Webseite auch direkt bei einem lokalen Reseller erwerben.<\/p>\r\n<p><a href=\"https:\/\/www.maxqda.com\/find-reseller\" title=\"Find a MAXQDA Reseller\">Einen Reseller in unserer Datenbank finden<\/a><br\/>\r\n<a href=\"https:\/\/www.maxqda.com\/become-reseller\" title=\"Become a MAXQDA Reseller\">So k\u00f6nnen Sie MAXQDA-Reseller werden<\/a><\/p>\r\n<\/div>\r\n<\/div>\r\n<div class=\"row\" style=\"margin-top:40px;\">\r\n<div class=\"large-12 columns\">\r\n<h2>Auf Rechnung bestellen<\/h2>\r\n<p>Als Organisation oder Unternehmen in Deutschland, \u00d6sterreich oder der Schweiz haben Sie bei uns die M\u00f6glichkeit, auf Rechnung zu bestellen. Gehen Sie bitte folgenderma\u00dfen vor:<\/p>\r\n<h4>Schritt 1<\/h4>\r\n<p>Bestellen Sie die Ware in unserem Onlineshop. Als Zahlungsart geben Sie \u201eBestellung auf Rechnung\u201c an. Sie erhalten dann eine Auftragsbest\u00e4tigung mit der Referenznummer Ihrer Bestellung per E-Mail an die E-Mail des Rechnungsempf\u00e4ngers. Sie haben hier die M\u00f6glichkeit eine eigene Bestellnummer einzugeben.<\/p>\r\n<h4>Schritt 2<\/h4>\r\n<p>Senden Sie ein offizielles Dokument Ihrer Universit\u00e4t an unseren E-Sales-Partner Cleverbridge GmbH, Tunisstra\u00dfe 19-23, 50667 K\u00f6lln. Das Dokument k\u00f6nnen Sie entweder <strong>per E-mail an cs@cleverbridge.com<\/strong> oder <strong>per Fax (+49 (0)221 222 45 40)<\/strong> versenden. Teilen Sie darin mit, dass Sie auf Rechnung zahlen m\u00f6chten und vergessen Sie nicht, die Referenznummer Ihrer Bestellung anzugeben. Alternativ k\u00f6nnen Sie mit den Angagen aus dem Angebot oder der Bestellbest\u00e4tigung <a href=\"https:\/\/cleverbridge.formcrafts.com\/bestellungbestaetigen\"> Ihre Bestellung \u00fcber dieses Formular beauftragen<\/a>. <\/p>\r\n<p>Ihre Bestellung wird dann im System manuell umgestellt und Sie erhalten kurz darauf per E-Mail Ihre Rechnung sowie Ihre Seriennummern f\u00fcr die bestellten Produkte.<\/p>\r\n<\/div>\r\n<\/div>\r\n\r\n","protected":false},"excerpt":{"rendered":"<p>MAXQDA bestellen &#8211; Der Online-Shop Noch heute in unserem Online-Shop bequem MAXQDA bestellen. Ihre Auswahl wird in den Warenkorb unseres E-Sales Partners Cleverbridge weitergereicht und dort auf dem h\u00f6chstm\u00f6glichen Sicherheitsniveau (SSL Verschl\u00fcsselung) umgehend bearbeitet. > Zum Online-Shop M\u00f6gliche Zahlungsarten Firmen und Privatkunden werden in der Regel gegen Vorkasse beliefert. Folgende Zahlungsarten sind m\u00f6glich: Kreditkarte (Visa, [&hellip;]<\/p>\n","protected":false},"author":2,"featured_media":121894,"parent":0,"menu_order":74,"comment_status":"closed","ping_status":"closed","template":"custom-page-header.php","meta":{"_acf_changed":false,"_relevanssi_hide_post":"","_relevanssi_hide_content":"","_relevanssi_pin_for_all":"","_relevanssi_pin_keywords":"","_relevanssi_unpin_keywords":"","_relevanssi_related_keywords":"","_relevanssi_related_include_ids":"","_relevanssi_related_exclude_ids":"","_relevanssi_related_no_append":"","_relevanssi_related_not_related":"","_relevanssi_related_posts":"","_relevanssi_noindex_reason":"","footnotes":""},"class_list":["post-2426","page","type-page","status-publish","has-post-thumbnail","hentry"],"acf":[],"yoast_head":"<!-- This site is optimized with the Yoast SEO Premium plugin v27.1 (Yoast SEO v27.1.1) - https:\/\/yoast.com\/product\/yoast-seo-premium-wordpress\/ -->\n<title>MAXQDA bestellen - So geht&#039;s! Alle Informationen auf einen Blick<\/title>\n<meta name=\"description\" content=\"Noch heute MAXQDA bestellen. Hier erhalten Sie alle Informationen wie Lieferumfang, Zahlungsarten und vieles mehr rund um Ihr MAXQDA-Produkt.\" \/>\n<meta name=\"robots\" content=\"index, follow, max-snippet:-1, max-image-preview:large, max-video-preview:-1\" \/>\n<link rel=\"canonical\" href=\"https:\/\/www.maxqda.com\/de\/bestell-informationen\" \/>\n<meta property=\"og:locale\" content=\"de_DE\" \/>\n<meta property=\"og:type\" content=\"article\" \/>\n<meta property=\"og:title\" content=\"MAXQDA Bestell-Informationen\" \/>\n<meta property=\"og:description\" content=\"MAXQDA bestellen - Der Online-Shop Noch heute in unserem Online-Shop bequem MAXQDA bestellen. Ihre Auswahl wird in den Warenkorb unseres E-Sales Partners\" \/>\n<meta property=\"og:url\" content=\"https:\/\/www.maxqda.com\/de\/bestell-informationen\" \/>\n<meta property=\"og:site_name\" content=\"MAXQDA\" \/>\n<meta property=\"article:publisher\" content=\"https:\/\/www.facebook.com\/MAXQDA\/\" \/>\n<meta property=\"article:modified_time\" content=\"2025-08-07T12:35:20+00:00\" \/>\n<meta property=\"og:image\" content=\"https:\/\/www.maxqda.com\/de\/wp\/wp-content\/uploads\/sites\/1\/MAXQDA-Logo-MQ.jpg\" \/>\n\t<meta property=\"og:image:width\" content=\"825\" \/>\n\t<meta property=\"og:image:height\" content=\"825\" \/>\n\t<meta property=\"og:image:type\" content=\"image\/jpeg\" \/>\n<meta name=\"twitter:card\" content=\"summary_large_image\" \/>\n<meta name=\"twitter:site\" content=\"@VerbiSoftware\" \/>\n<meta name=\"twitter:label1\" content=\"Gesch\u00e4tzte Lesezeit\" \/>\n\t<meta name=\"twitter:data1\" content=\"3\u00a0Minuten\" \/>\n<script type=\"application\/ld+json\" class=\"yoast-schema-graph\">{\"@context\":\"https:\/\/schema.org\",\"@graph\":[{\"@type\":\"WebPage\",\"@id\":\"https:\/\/www.maxqda.com\/de\/bestell-informationen\",\"url\":\"https:\/\/www.maxqda.com\/de\/bestell-informationen\",\"name\":\"MAXQDA bestellen - So geht's! Alle Informationen auf einen Blick\",\"isPartOf\":{\"@id\":\"https:\/\/www.maxqda.com\/de\/#website\"},\"primaryImageOfPage\":{\"@id\":\"https:\/\/www.maxqda.com\/de\/bestell-informationen#primaryimage\"},\"image\":{\"@id\":\"https:\/\/www.maxqda.com\/de\/bestell-informationen#primaryimage\"},\"thumbnailUrl\":\"https:\/\/www.maxqda.com\/de\/wp\/wp-content\/uploads\/sites\/1\/MAXQDA-Logo-MQ.jpg\",\"datePublished\":\"2010-12-04T15:15:55+00:00\",\"dateModified\":\"2025-08-07T12:35:20+00:00\",\"description\":\"Noch heute MAXQDA bestellen. Hier erhalten Sie alle Informationen wie Lieferumfang, Zahlungsarten und vieles mehr rund um Ihr MAXQDA-Produkt.\",\"breadcrumb\":{\"@id\":\"https:\/\/www.maxqda.com\/de\/bestell-informationen#breadcrumb\"},\"inLanguage\":\"de\",\"potentialAction\":[{\"@type\":\"ReadAction\",\"target\":[\"https:\/\/www.maxqda.com\/de\/bestell-informationen\"]}]},{\"@type\":\"ImageObject\",\"inLanguage\":\"de\",\"@id\":\"https:\/\/www.maxqda.com\/de\/bestell-informationen#primaryimage\",\"url\":\"https:\/\/www.maxqda.com\/de\/wp\/wp-content\/uploads\/sites\/1\/MAXQDA-Logo-MQ.jpg\",\"contentUrl\":\"https:\/\/www.maxqda.com\/de\/wp\/wp-content\/uploads\/sites\/1\/MAXQDA-Logo-MQ.jpg\",\"width\":825,\"height\":825,\"caption\":\"MAXQDA Logo\"},{\"@type\":\"BreadcrumbList\",\"@id\":\"https:\/\/www.maxqda.com\/de\/bestell-informationen#breadcrumb\",\"itemListElement\":[{\"@type\":\"ListItem\",\"position\":1,\"name\":\"Startseite\",\"item\":\"https:\/\/www.maxqda.com\/de\/\"},{\"@type\":\"ListItem\",\"position\":2,\"name\":\"MAXQDA Bestell-Informationen\"}]},{\"@type\":\"WebSite\",\"@id\":\"https:\/\/www.maxqda.com\/de\/#website\",\"url\":\"https:\/\/www.maxqda.com\/de\/\",\"name\":\"MAXQDA\",\"description\":\"\",\"publisher\":{\"@id\":\"https:\/\/www.maxqda.com\/de\/#organization\"},\"potentialAction\":[{\"@type\":\"SearchAction\",\"target\":{\"@type\":\"EntryPoint\",\"urlTemplate\":\"https:\/\/www.maxqda.com\/de\/?s={search_term_string}\"},\"query-input\":{\"@type\":\"PropertyValueSpecification\",\"valueRequired\":true,\"valueName\":\"search_term_string\"}}],\"inLanguage\":\"de\"},{\"@type\":\"Organization\",\"@id\":\"https:\/\/www.maxqda.com\/de\/#organization\",\"name\":\"MAXQDA\",\"url\":\"https:\/\/www.maxqda.com\/de\/\",\"logo\":{\"@type\":\"ImageObject\",\"inLanguage\":\"de\",\"@id\":\"https:\/\/www.maxqda.com\/de\/#\/schema\/logo\/image\/\",\"url\":\"https:\/\/www.maxqda.com\/de\/wp\/wp-content\/uploads\/sites\/1\/MAXQDA-Logo.png\",\"contentUrl\":\"https:\/\/www.maxqda.com\/de\/wp\/wp-content\/uploads\/sites\/1\/MAXQDA-Logo.png\",\"width\":\"1000\",\"height\":\"200\",\"caption\":\"MAXQDA\"},\"image\":{\"@id\":\"https:\/\/www.maxqda.com\/de\/#\/schema\/logo\/image\/\"},\"sameAs\":[\"https:\/\/www.facebook.com\/MAXQDA\/\",\"https:\/\/x.com\/VerbiSoftware\",\"https:\/\/www.instagram.com\/maxqda\/\",\"https:\/\/www.youtube.com\/user\/MAXQDA\"]}]}<\/script>\n<!-- \/ Yoast SEO Premium plugin. -->","yoast_head_json":{"title":"MAXQDA bestellen - So geht's! Alle Informationen auf einen Blick","description":"Noch heute MAXQDA bestellen. Hier erhalten Sie alle Informationen wie Lieferumfang, Zahlungsarten und vieles mehr rund um Ihr MAXQDA-Produkt.","robots":{"index":"index","follow":"follow","max-snippet":"max-snippet:-1","max-image-preview":"max-image-preview:large","max-video-preview":"max-video-preview:-1"},"canonical":"https:\/\/www.maxqda.com\/de\/bestell-informationen","og_locale":"de_DE","og_type":"article","og_title":"MAXQDA Bestell-Informationen","og_description":"MAXQDA bestellen - Der Online-Shop Noch heute in unserem Online-Shop bequem MAXQDA bestellen. Ihre Auswahl wird in den Warenkorb unseres E-Sales Partners","og_url":"https:\/\/www.maxqda.com\/de\/bestell-informationen","og_site_name":"MAXQDA","article_publisher":"https:\/\/www.facebook.com\/MAXQDA\/","article_modified_time":"2025-08-07T12:35:20+00:00","og_image":[{"width":825,"height":825,"url":"https:\/\/www.maxqda.com\/de\/wp\/wp-content\/uploads\/sites\/1\/MAXQDA-Logo-MQ.jpg","type":"image\/jpeg"}],"twitter_card":"summary_large_image","twitter_site":"@VerbiSoftware","twitter_misc":{"Gesch\u00e4tzte Lesezeit":"3\u00a0Minuten"},"schema":{"@context":"https:\/\/schema.org","@graph":[{"@type":"WebPage","@id":"https:\/\/www.maxqda.com\/de\/bestell-informationen","url":"https:\/\/www.maxqda.com\/de\/bestell-informationen","name":"MAXQDA bestellen - So geht's! Alle Informationen auf einen Blick","isPartOf":{"@id":"https:\/\/www.maxqda.com\/de\/#website"},"primaryImageOfPage":{"@id":"https:\/\/www.maxqda.com\/de\/bestell-informationen#primaryimage"},"image":{"@id":"https:\/\/www.maxqda.com\/de\/bestell-informationen#primaryimage"},"thumbnailUrl":"https:\/\/www.maxqda.com\/de\/wp\/wp-content\/uploads\/sites\/1\/MAXQDA-Logo-MQ.jpg","datePublished":"2010-12-04T15:15:55+00:00","dateModified":"2025-08-07T12:35:20+00:00","description":"Noch heute MAXQDA bestellen. Hier erhalten Sie alle Informationen wie Lieferumfang, Zahlungsarten und vieles mehr rund um Ihr MAXQDA-Produkt.","breadcrumb":{"@id":"https:\/\/www.maxqda.com\/de\/bestell-informationen#breadcrumb"},"inLanguage":"de","potentialAction":[{"@type":"ReadAction","target":["https:\/\/www.maxqda.com\/de\/bestell-informationen"]}]},{"@type":"ImageObject","inLanguage":"de","@id":"https:\/\/www.maxqda.com\/de\/bestell-informationen#primaryimage","url":"https:\/\/www.maxqda.com\/de\/wp\/wp-content\/uploads\/sites\/1\/MAXQDA-Logo-MQ.jpg","contentUrl":"https:\/\/www.maxqda.com\/de\/wp\/wp-content\/uploads\/sites\/1\/MAXQDA-Logo-MQ.jpg","width":825,"height":825,"caption":"MAXQDA Logo"},{"@type":"BreadcrumbList","@id":"https:\/\/www.maxqda.com\/de\/bestell-informationen#breadcrumb","itemListElement":[{"@type":"ListItem","position":1,"name":"Startseite","item":"https:\/\/www.maxqda.com\/de\/"},{"@type":"ListItem","position":2,"name":"MAXQDA Bestell-Informationen"}]},{"@type":"WebSite","@id":"https:\/\/www.maxqda.com\/de\/#website","url":"https:\/\/www.maxqda.com\/de\/","name":"MAXQDA","description":"","publisher":{"@id":"https:\/\/www.maxqda.com\/de\/#organization"},"potentialAction":[{"@type":"SearchAction","target":{"@type":"EntryPoint","urlTemplate":"https:\/\/www.maxqda.com\/de\/?s={search_term_string}"},"query-input":{"@type":"PropertyValueSpecification","valueRequired":true,"valueName":"search_term_string"}}],"inLanguage":"de"},{"@type":"Organization","@id":"https:\/\/www.maxqda.com\/de\/#organization","name":"MAXQDA","url":"https:\/\/www.maxqda.com\/de\/","logo":{"@type":"ImageObject","inLanguage":"de","@id":"https:\/\/www.maxqda.com\/de\/#\/schema\/logo\/image\/","url":"https:\/\/www.maxqda.com\/de\/wp\/wp-content\/uploads\/sites\/1\/MAXQDA-Logo.png","contentUrl":"https:\/\/www.maxqda.com\/de\/wp\/wp-content\/uploads\/sites\/1\/MAXQDA-Logo.png","width":"1000","height":"200","caption":"MAXQDA"},"image":{"@id":"https:\/\/www.maxqda.com\/de\/#\/schema\/logo\/image\/"},"sameAs":["https:\/\/www.facebook.com\/MAXQDA\/","https:\/\/x.com\/VerbiSoftware","https:\/\/www.instagram.com\/maxqda\/","https:\/\/www.youtube.com\/user\/MAXQDA"]}]}},"_links":{"self":[{"href":"https:\/\/www.maxqda.com\/de\/wp-json\/wp\/v2\/pages\/2426","targetHints":{"allow":["GET"]}}],"collection":[{"href":"https:\/\/www.maxqda.com\/de\/wp-json\/wp\/v2\/pages"}],"about":[{"href":"https:\/\/www.maxqda.com\/de\/wp-json\/wp\/v2\/types\/page"}],"author":[{"embeddable":true,"href":"https:\/\/www.maxqda.com\/de\/wp-json\/wp\/v2\/users\/2"}],"replies":[{"embeddable":true,"href":"https:\/\/www.maxqda.com\/de\/wp-json\/wp\/v2\/comments?post=2426"}],"version-history":[{"count":2,"href":"https:\/\/www.maxqda.com\/de\/wp-json\/wp\/v2\/pages\/2426\/revisions"}],"predecessor-version":[{"id":130150,"href":"https:\/\/www.maxqda.com\/de\/wp-json\/wp\/v2\/pages\/2426\/revisions\/130150"}],"wp:featuredmedia":[{"embeddable":true,"href":"https:\/\/www.maxqda.com\/de\/wp-json\/wp\/v2\/media\/121894"}],"wp:attachment":[{"href":"https:\/\/www.maxqda.com\/de\/wp-json\/wp\/v2\/media?parent=2426"}],"curies":[{"name":"wp","href":"https:\/\/api.w.org\/{rel}","templated":true}]}}