{"id":20,"date":"2023-10-27T16:20:42","date_gmt":"2023-10-27T15:20:42","guid":{"rendered":"https:\/\/www.maxqda.de\/wp2\/index.php"},"modified":"2025-08-08T08:36:42","modified_gmt":"2025-08-08T07:36:42","slug":"lizenzen","status":"publish","type":"page","link":"https:\/\/www.maxqda.com\/de\/lizenzen","title":{"rendered":"Lizenzen"},"content":{"rendered":"\t<div class=\"large-12 small-12\">\r\n\t\r\n\t\t<div class=\"columns text-center large-12 small-12\">\r\n   \t\t\t<h2>Lizenztypen<\/h2>\r\n   \t\t\t<p>Identische Funktionalit\u00e4t, unterschiedliche Installation. F\u00fcr Windows &#038; Mac.<\/p>\r\n\t\t<\/div>\r\n\r\n\t\t<div class=\"img-bg img-bg-3 img-bg-box columns\">\r\n\r\n\t\t\t\t<div class=\"large-centered large-10 columns\">\r\n\r\n\t\t\t\t\t   <div class=\"row text-center\" data-equalizer=\"\">\r\n\r\n\t\t\t\t\t\t\t<div class=\"large-6 columns\">\r\n\t\t\t\t\t\t\t  <div class=\"shadow-box\" data-equalizer-watch=\"\">\r\n\t\t\t\t\t\t\t\t <svg version=\"1.1\" xmlns=\"http:\/\/www.w3.org\/2000\/svg\" xmlns:xlink=\"http:\/\/www.w3.org\/1999\/xlink\" x=\"0px\" y=\"0px\"\r\n\t\t\t\t\t\t\t\t\tviewBox=\"0 0 128 128\" style=\"enable-background:new 0 0 128 128;\" xml:space=\"preserve\">\r\n\t\t\t\t\t\t\t\t\t<g style=\"display:inline;\">\r\n\t\t<path style=\"fill:none;stroke:#DD4830;stroke-width:4;stroke-miterlimit:10;\" d=\"M110.977,61.064L81.297,72.118l-16.1,6.06\r\n\t\t\tc-6.48-5.11-15.25-6.83-23.38-3.77c-12.5,4.7-18.71,18.92-13.89,31.75s18.87,19.43,31.37,14.73c8.12-3.06,13.56-10.13,15.07-18.24\r\n\t\t\tl9.53-3.58l4.12-11.32l8.42,3.81l2.59-7.96l8.42,3.81l2.6-7.95l8.42,3.81l5.18-15.91L110.977,61.064z M47.307,106.978\r\n\t\t\tc-3.72,1.4-7.86-0.48-9.26-4.2c-1.4-3.72,0.48-7.86,4.2-9.26s7.86,0.48,9.26,4.2C52.897,101.438,51.017,105.578,47.307,106.978z\"\r\n\t\t\t\/>\r\n\t<\/g>\r\n\t\r\n\t\t<circle style=\"display:inline;fill:none;stroke:#F4803A;stroke-width:4;stroke-miterlimit:10;\" cx=\"43.805\" cy=\"25.739\" r=\"20.142\"\/>\r\n\t<path style=\"display:inline;fill:none;stroke:#F4803A;stroke-width:4;stroke-miterlimit:10;\" d=\"M6.353,83.648\r\n\t\tc0-20.684,16.768-37.452,37.452-37.452c14.22,0,26.59,7.925,32.932,19.6\"\/>\r\n\t\t\t\t\t\t\t\t <\/svg>\r\n\t\t\t\t\t\t\t\t <h3>Single-User-Lizenz<\/h3>\r\n\t\t\t\t\t\t\t\t <p>Eine pers\u00f6nliche MAXQDA Lizenz f\u00fcr Einzelpersonen f\u00fcr bis zu zwei Computer.<\/p>\r\n\t\t\t\t\t\t\t\t <small class=\"description\">INSTALLATION<\/small>\r\n\t\t\t\t\t\t\t\t <p>Bis zu 2 Computer einer Person. Die zwei Installationen k\u00f6nnen nicht gleichzeitig und nicht von verschiedenen Personen genutzt werden.<br><br><\/p>\r\n\t\t\t\t\t\t\t\t <small class=\"description\">Abo<\/small>\r\n\t\t\t\t\t\t\t\t <p>ab 1 Lizenz<\/p>\r\n\t\t\t\t\t\t\t  <\/div>\r\n\t\t\t\t\t\t\t<\/div>\r\n\r\n\t\t\t\t\t\t<div class=\"large-6 columns\">\r\n\t\t\t\t\t\t\t  <div class=\" shadow-box\" data-equalizer-watch=\"\">\r\n\t\t\t\t\t\t\t\t <svg version=\"1.1\" xmlns=\"http:\/\/www.w3.org\/2000\/svg\" xmlns:xlink=\"http:\/\/www.w3.org\/1999\/xlink\" x=\"0px\" y=\"0px\" width=\"128px\" height=\"128px\" viewBox=\"0 0 128 128\" enable-background=\"new 0 0 128 128\" xml:space=\"preserve\">\r\n\t\t\t\t\t\t\t\t\t<g>\r\n\t\t<path style=\"fill:none;stroke:#DD4830;stroke-width:4;stroke-miterlimit:10;\" d=\"M110.977,61.064L81.297,72.118l-16.1,6.06\r\n\t\t\tc-6.48-5.11-15.25-6.83-23.38-3.77c-12.5,4.7-18.71,18.92-13.89,31.75s18.87,19.43,31.37,14.73c8.12-3.06,13.56-10.13,15.07-18.24\r\n\t\t\tl9.53-3.58l4.12-11.32l8.42,3.81l2.59-7.96l8.42,3.81l2.6-7.95l8.42,3.81l5.18-15.91L110.977,61.064z M47.307,106.978\r\n\t\t\tc-3.72,1.4-7.86-0.48-9.26-4.2c-1.4-3.72,0.48-7.86,4.2-9.26s7.86,0.48,9.26,4.2C52.897,101.438,51.017,105.578,47.307,106.978z\"\r\n\t\t\t\/>\r\n\t<\/g>\r\n\t<line style=\"fill:none;stroke:#F4803A;stroke-width:4;stroke-miterlimit:10;\" x1=\"85.427\" y1=\"18.59\" x2=\"37.584\" y2=\"47.524\"\/>\r\n\t<line style=\"fill:none;stroke:#F4803A;stroke-width:4;stroke-miterlimit:10;\" x1=\"56.277\" y1=\"19.757\" x2=\"85.746\" y2=\"18.691\"\/>\r\n\t<line style=\"fill:none;stroke:#F4803A;stroke-width:4;stroke-miterlimit:10;\" x1=\"75.757\" y1=\"42.602\" x2=\"85.746\" y2=\"17.8\"\/>\r\n\t<circle style=\"fill:#FFFFFF;stroke:#F4803A;stroke-width:4;stroke-miterlimit:10;\" cx=\"44.775\" cy=\"17.8\" r=\"12.203\"\/>\r\n\t<circle style=\"fill:#FFFFFF;stroke:#F4803A;stroke-width:4;stroke-miterlimit:10;\" cx=\"85.746\" cy=\"18.691\" r=\"12.203\"\/>\r\n\t<circle style=\"fill:#FFFFFF;stroke:#F4803A;stroke-width:4;stroke-miterlimit:10;\" cx=\"70.229\" cy=\"53.473\" r=\"12.203\"\/>\r\n\t<circle style=\"fill:#FFFFFF;stroke:#F4803A;stroke-width:4;stroke-miterlimit:10;\" cx=\"26.294\" cy=\"53.473\" r=\"12.203\"\/>\r\n\t\t\t\t\t\t\t\t <\/svg>\r\n\t\t\t\t\t\t\t\t <h3>Netzwerklizenz<\/h3>\r\n\t\t\t\t\t\t\t\t <p>Verwalten Sie diese MAXQDA Lizenz auf einem Windows Server zur einfachen Verteilung in Ihrem Netzwerk.<\/p>\r\n\t\t\t\t\t\t\t\t <small class=\"description\">INSTALLATION<\/small>\r\n\t\t\t\t\t\t\t\t <p>Gleichzeitige Nutzung durch Clients in H\u00f6he der erworbenen Pl\u00e4tze \/ doppelte Anzahl an zugriffsberechtigen Clients insgesamt.<\/p>\r\n\t\t\t\t\t\t\t\t <small class=\"description\">Abo<\/small>\r\n\t\t\t\t\t\t\t\t <p>Ab 5 Pl\u00e4tze<\/p>\r\n\t\t\t\t\t\t\t  <\/div>\r\n\t\t\t\t\t\t<\/div>\r\n\t\t\t\t\t   <\/div>\r\n\t\t\t\t<\/div>\t\t\t   \r\n\t\t<\/div>\r\n\t<\/div>\r\n\r\n<div class=\"row\">\r\n\t<div class=\"large-12 small-12 text-center columns\">\r\n\t<a href=\"https:\/\/www.maxqda.com\/shop\" class=\"button\">Zum Shop<\/a> \r\n\t<a href=\"https:\/\/www.maxqda.com\/products\/system-requirements\" class=\"button\">Systemanforderungen<\/a>\r\n\t<\/div>\r\n<\/div>\r\n\r\n\r\n\r\n\r\n\r\n\r\n\r\n<div class=\"row\">\r\n   <h2 class=\"text-center margin-top-80\">Spezielle Lizenzangebote f\u00fcr Bildungseinrichtungen<\/h2>\r\n   <p class=\"text-center\">Sie helfen Ihren Studierenden dabei, eine exellente Forschung durchzuf\u00fchren \u2013 wir stellen die Software.<\/p>\r\n<\/div>\r\n\r\n<div class=\"img-bg img-bg-2 img-bg-box2 columns\">\r\n\r\n\t\t<div class=\"large-centered large-10 columns\">\r\n\r\n\t\t\t   <div class=\"row text-center\" data-equalizer=\"\">\r\n\t\t\t   \t\t\r\n\t\t\t   \t\t<div class=\"large-6 columns\">\r\n\t\t\t\t\t  <div class=\"shadow-box\" data-equalizer-watch=\"\">\r\n\t\t\t\t\t\t <svg version=\"1.1\" xmlns=\"http:\/\/www.w3.org\/2000\/svg\" xmlns:xlink=\"http:\/\/www.w3.org\/1999\/xlink\" x=\"0px\" y=\"0px\"\r\n\t\t\t\t\t\t\tviewBox=\"0 0 128 128\" style=\"enable-background:new 0 0 128 128;\" xml:space=\"preserve\">\r\n\t\t\t\t\t\t\t<g>\r\n\t\t<path style=\"fill:none;stroke:#DD4830;stroke-width:4;stroke-miterlimit:10;\" d=\"M110.977,61.064L81.297,72.118l-16.1,6.06\r\n\t\t\tc-6.48-5.11-15.25-6.83-23.38-3.77c-12.5,4.7-18.71,18.92-13.89,31.75s18.87,19.43,31.37,14.73c8.12-3.06,13.56-10.13,15.07-18.24\r\n\t\t\tl9.53-3.58l4.12-11.32l8.42,3.81l2.59-7.96l8.42,3.81l2.6-7.95l8.42,3.81l5.18-15.91L110.977,61.064z M47.307,106.978\r\n\t\t\tc-3.72,1.4-7.86-0.48-9.26-4.2c-1.4-3.72,0.48-7.86,4.2-9.26s7.86,0.48,9.26,4.2C52.897,101.438,51.017,105.578,47.307,106.978z\"\r\n\t\t\t\/>\r\n\t<\/g>\r\n\t<g id=\"Ebene_3\">\r\n\t\t<line style=\"fill:none;stroke:#F4803A;stroke-width:4;stroke-miterlimit:10;\" x1=\"81.547\" y1=\"53.154\" x2=\"81.547\" y2=\"22.245\"\/>\r\n\t\t<polygon style=\"fill:none;stroke:#F4803A;stroke-width:4;stroke-miterlimit:10;\" points=\"7.608,20.196 45.75,6.919 86.754,20.22 \r\n\t\t\t45.898,36.114 \t\t\"\/>\r\n\t\t<polyline style=\"fill:none;stroke:#F4803A;stroke-width:4;stroke-miterlimit:10;\" points=\"20.747,26.112 20.747,45.917 \r\n\t\t\t45.833,57.8 73.56,45.917 73.56,26.112 \t\t\"\/>\r\n\t\t<circle style=\"fill:none;stroke:#F4803A;stroke-width:4;stroke-miterlimit:10;\" cx=\"81.482\" cy=\"57.8\" r=\"5.281\"\/>\r\n\t<\/g>\r\n\t\t\t\t\t\t <\/svg>\r\n\t\t\t\t\t\t <h3>Universit\u00e4tslizenz<\/h3>\r\n\t\t\t\t\t\t <p>Eine Site License f\u00fcr Studierende und Angestellte ihrer Universit\u00e4t oder Hochschule.<\/p>\r\n\t\t\t\t\t\t <small class=\"description\">INSTALLATION<\/small>\r\n\t\t\t\t\t\t <p>Der Zugang erfolgt komfortabel \u00fcber das Netzwerk der Universit\u00e4t \/ Hochschule.<\/p>\r\n\t\t\t\t\t\t <p class=\"blue-text\"><b>Abo: Bitte kontaktieren Sie uns f\u00fcr ein individuelles Angebot.<\/b><\/p>\r\n\t\t\t\t\t\t <a href=\"https:\/\/www.maxqda.com\/de\/lizenzen\/site-license\" class=\"button\">Kontaktieren<\/a>\r\n\t\t\t\t\t  <\/div>\r\n\t\t\t\t\t<\/div>\r\n\r\n\t\t\t\t<div class=\"large-6 columns\">\r\n\t\t\t\t\t  <div class=\" shadow-box\" data-equalizer-watch=\"\">\r\n\t\t\t\t\t\t <svg version=\"1.1\" xmlns=\"http:\/\/www.w3.org\/2000\/svg\" xmlns:xlink=\"http:\/\/www.w3.org\/1999\/xlink\" x=\"0px\" y=\"0px\" width=\"128px\" height=\"128px\" viewBox=\"0 0 128 128\" enable-background=\"new 0 0 128 128\" xml:space=\"preserve\">\r\n\t\t\t\t\t\t\t<g>\r\n\t\t<path style=\"fill:none;stroke:#DD4830;stroke-width:4;stroke-miterlimit:10;\" d=\"M110.977,61.064L81.297,72.118l-16.1,6.06\r\n\t\t\tc-6.48-5.11-15.25-6.83-23.38-3.77c-12.5,4.7-18.71,18.92-13.89,31.75s18.87,19.43,31.37,14.73c8.12-3.06,13.56-10.13,15.07-18.24\r\n\t\t\tl9.53-3.58l4.12-11.32l8.42,3.81l2.59-7.96l8.42,3.81l2.6-7.95l8.42,3.81l5.18-15.91L110.977,61.064z M47.307,106.978\r\n\t\t\tc-3.72,1.4-7.86-0.48-9.26-4.2c-1.4-3.72,0.48-7.86,4.2-9.26s7.86,0.48,9.26,4.2C52.897,101.438,51.017,105.578,47.307,106.978z\"\r\n\t\t\t\/>\r\n\t<\/g>\r\n\t<circle style=\"fill:#FFFFFF;stroke:#F4803A;stroke-width:4;stroke-miterlimit:10;\" cx=\"23.565\" cy=\"37.699\" r=\"8.55\"\/>\r\n\t<path style=\"fill:#FFFFFF;stroke:#F4803A;stroke-width:4;stroke-miterlimit:10;\" d=\"M5.73,67.418\r\n\t\tc0-9.831,7.97-17.795,17.795-17.795s17.795,7.97,17.795,17.795\"\/>\r\n\t<path style=\"fill:none;stroke:#F4803A;stroke-width:4;stroke-miterlimit:10;\" d=\"M86.181,6.398H44.933\r\n\t\tc-1.875,0-3.409,1.534-3.409,3.409v15.456c0,1.875,0,4.943,0,6.818v7.841\"\/>\r\n\t<line style=\"fill:none;stroke:#F4803A;stroke-width:4;stroke-miterlimit:10;\" x1=\"38.797\" y1=\"50.714\" x2=\"57.887\" y2=\"31.624\"\/>\r\n\t<line style=\"fill:none;stroke:#F4803A;stroke-width:4;stroke-miterlimit:10;\" x1=\"49.364\" y1=\"47.987\" x2=\"86.181\" y2=\"47.987\"\/>\r\n\t\t\t\t\t\t <\/svg>\r\n\t\t\t\t\t\t <h3>Kurslizenz f\u00fcr Seminare<\/h3>\r\n\t\t\t\t\t\t <p>Kostenfreie Lizenzen f\u00fcr Studierende in Methoden-Lehrveranstaltungen.<br><br><\/p>\r\n\t\t\t\t\t\t <small class=\"description\">INSTALLATION<\/small>\r\n\t\t\t\t\t\t <p>Pers\u00f6nliche Computer der Studierenden, die an der Lehrveranstaltung teilnehmen.<\/p>\r\n\t\t\t\t\t\t <p class=\"blue-text\"><b>Kostenlos erh\u00e4ltlich f\u00fcr nachgewiesene Lehrveranstaltungen<\/b><\/p>\r\n\t\t\t\t\t\t <a href=\"https:\/\/www.maxqda.com\/de\/maxqda-kurslizenz\" class=\"button\">Zur Kurslizenz<\/a>\r\n\t\t\t\t\t  <\/div>\r\n\t\t\t\t<\/div>\r\n\t\t\t   <\/div>\r\n\t\t<\/div>\t\t\t\r\n\t<\/div>\r\n\r\n<!-- div class=\"row text-center margin-top-40\">\r\n\r\n\t<a href=\"https:\/\/www.maxqda.com\/shop\/order?tab=academia\" class=\"button\">All offers for educational institutions<\/a>\r\n\t<p>Please <a href=\"https:\/\/www.maxqda.com\/help-support\/onlinesupport\">contact us<\/a> for an individual offer.<\/p>\r\n<\/div -->\r\n\r\n\r\n<div class=\"row text-center margin-top-80\">\r\n\r\n\t<div class=\"large-10 small-12 large-centered columns\">\r\n\r\n\t\t<div class=\"large-4 small-12 left\">\r\n\t\t\t<div class=\"img-bg img-bg-2\">\r\n\r\n\t\t\t\t<img decoding=\"async\"  data-headline=\"students-mx22\" style=\"max-width:none; width:100%;\" src=\"https:\/\/www.maxqda.com\/wp\/wp-content\/uploads\/sites\/2\/students-mx22.png\"  class=\"alignnone size-full wp-image-101978\" \/>\r\n\t\t\t<\/div>\r\n\t\t<\/div>\r\n\r\n\t\t<div class=\"large-8 small-12 left text-left columns\">\r\n\t\t   <h2 class=\" margin-top-40\">Spezielle Lizenzangebote f\u00fcr Studierende<\/h2>\r\n\t\t   <p>Exzellente Forschung auch mit schmalem Budget! Als Studierende oder Promovierende unterst\u00fctzen wir Sie mit voll funktionsf\u00e4higen Lizenzen zu unglaublich g\u00fcnstigen Preisen.<\/p>\r\n\t\t   <p class=\"blue-text\"><b>F\u00fcr 6 und 12 Monate<\/b><\/p>\r\n\t\t\t<a href=\"https:\/\/www.maxqda.com\/de\/preise?tab=students#role-student\" class=\"button\">Studierenden-Lizenzen kaufen<\/a> \r\n\t\t<\/div>\r\n\t<\/div>\r\n<\/div>\r\n","protected":false},"excerpt":{"rendered":"<p>Lizenztypen Identische Funktionalit\u00e4t, unterschiedliche Installation. F\u00fcr Windows &#038; Mac. Single-User-Lizenz Eine pers\u00f6nliche MAXQDA Lizenz f\u00fcr Einzelpersonen f\u00fcr bis zu zwei Computer. INSTALLATION Bis zu 2 Computer einer Person. Die zwei Installationen k\u00f6nnen nicht gleichzeitig und nicht von verschiedenen Personen genutzt werden. Abo ab 1 Lizenz Netzwerklizenz Verwalten Sie diese MAXQDA Lizenz auf einem Windows Server [&hellip;]<\/p>\n","protected":false},"author":1,"featured_media":121894,"parent":0,"menu_order":50,"comment_status":"closed","ping_status":"closed","template":"custom-page-header.php","meta":{"_acf_changed":false,"_relevanssi_hide_post":"","_relevanssi_hide_content":"","_relevanssi_pin_for_all":"","_relevanssi_pin_keywords":"","_relevanssi_unpin_keywords":"","_relevanssi_related_keywords":"","_relevanssi_related_include_ids":"","_relevanssi_related_exclude_ids":"","_relevanssi_related_no_append":"","_relevanssi_related_not_related":"","_relevanssi_related_posts":"","_relevanssi_noindex_reason":"","footnotes":""},"class_list":["post-20","page","type-page","status-publish","has-post-thumbnail","hentry"],"acf":[],"yoast_head":"<!-- This site is optimized with the Yoast SEO Premium plugin v27.1 (Yoast SEO v27.1.1) - https:\/\/yoast.com\/product\/yoast-seo-premium-wordpress\/ -->\n<title>MAXQDA Lizenzen f\u00fcr Windows &amp; Mac | \u00dcbersicht<\/title>\n<meta name=\"description\" content=\"Welche MAXQDA Lizenz passt am besten zu Ihnen? Single User-, Studierenden-, portable oder Netzwerklizenz; mit Kauf- und Leasing-Option.\" \/>\n<meta name=\"robots\" content=\"index, follow, max-snippet:-1, max-image-preview:large, max-video-preview:-1\" \/>\n<link rel=\"canonical\" href=\"https:\/\/www.maxqda.com\/de\/lizenzen\" \/>\n<meta property=\"og:locale\" content=\"de_DE\" \/>\n<meta property=\"og:type\" content=\"article\" \/>\n<meta property=\"og:title\" content=\"MAXQDA f\u00fcr Windows &amp; Mac | Lizenzen und Preise im \u00dcberblick\" \/>\n<meta property=\"og:description\" content=\"Welche MAXQDA Lizenzen passen am besten zu Ihnen? Single User-, Studierenden-, portable oder Netzwerklizenz; mit Kauf- und Leasing-Option.\" \/>\n<meta property=\"og:url\" content=\"https:\/\/www.maxqda.com\/de\/lizenzen\" \/>\n<meta property=\"og:site_name\" content=\"MAXQDA\" \/>\n<meta property=\"article:publisher\" content=\"https:\/\/www.facebook.com\/MAXQDA\/\" \/>\n<meta property=\"article:modified_time\" content=\"2025-08-08T07:36:42+00:00\" \/>\n<meta property=\"og:image\" content=\"https:\/\/www.maxqda.com\/de\/wp\/wp-content\/uploads\/sites\/1\/MAXQDA-Die-1-Software-fuer-qualitative-und-Mixed-Methods-Datenanalyse.png\" \/>\n\t<meta property=\"og:image:width\" content=\"1200\" \/>\n\t<meta property=\"og:image:height\" content=\"630\" \/>\n\t<meta property=\"og:image:type\" content=\"image\/png\" \/>\n<meta name=\"twitter:card\" content=\"summary_large_image\" \/>\n<meta name=\"twitter:title\" content=\"MAXQDA f\u00fcr Windows &amp; Mac | Lizenzen und Preise im \u00dcberblick\" \/>\n<meta name=\"twitter:description\" content=\"Welche MAXQDA Lizenzen passen am besten zu Ihnen? Single User-, Studierenden-, portable oder Netzwerklizenz; mit Kauf- und Leasing-Option.\" \/>\n<meta name=\"twitter:site\" content=\"@VerbiSoftware\" \/>\n<meta name=\"twitter:label1\" content=\"Gesch\u00e4tzte Lesezeit\" \/>\n\t<meta name=\"twitter:data1\" content=\"2\u00a0Minuten\" \/>\n<script type=\"application\/ld+json\" class=\"yoast-schema-graph\">{\"@context\":\"https:\/\/schema.org\",\"@graph\":[{\"@type\":\"WebPage\",\"@id\":\"https:\/\/www.maxqda.com\/de\/lizenzen\",\"url\":\"https:\/\/www.maxqda.com\/de\/lizenzen\",\"name\":\"MAXQDA Lizenzen f\u00fcr Windows & Mac | \u00dcbersicht\",\"isPartOf\":{\"@id\":\"https:\/\/www.maxqda.com\/de\/#website\"},\"primaryImageOfPage\":{\"@id\":\"https:\/\/www.maxqda.com\/de\/lizenzen#primaryimage\"},\"image\":{\"@id\":\"https:\/\/www.maxqda.com\/de\/lizenzen#primaryimage\"},\"thumbnailUrl\":\"https:\/\/www.maxqda.com\/de\/wp\/wp-content\/uploads\/sites\/1\/MAXQDA-Logo-MQ.jpg\",\"datePublished\":\"2023-10-27T15:20:42+00:00\",\"dateModified\":\"2025-08-08T07:36:42+00:00\",\"description\":\"Welche MAXQDA Lizenz passt am besten zu Ihnen? Single User-, Studierenden-, portable oder Netzwerklizenz; mit Kauf- und Leasing-Option.\",\"breadcrumb\":{\"@id\":\"https:\/\/www.maxqda.com\/de\/lizenzen#breadcrumb\"},\"inLanguage\":\"de\",\"potentialAction\":[{\"@type\":\"ReadAction\",\"target\":[\"https:\/\/www.maxqda.com\/de\/lizenzen\"]}]},{\"@type\":\"ImageObject\",\"inLanguage\":\"de\",\"@id\":\"https:\/\/www.maxqda.com\/de\/lizenzen#primaryimage\",\"url\":\"https:\/\/www.maxqda.com\/de\/wp\/wp-content\/uploads\/sites\/1\/MAXQDA-Logo-MQ.jpg\",\"contentUrl\":\"https:\/\/www.maxqda.com\/de\/wp\/wp-content\/uploads\/sites\/1\/MAXQDA-Logo-MQ.jpg\",\"width\":825,\"height\":825,\"caption\":\"MAXQDA Logo\"},{\"@type\":\"BreadcrumbList\",\"@id\":\"https:\/\/www.maxqda.com\/de\/lizenzen#breadcrumb\",\"itemListElement\":[{\"@type\":\"ListItem\",\"position\":1,\"name\":\"Startseite\",\"item\":\"https:\/\/www.maxqda.com\/de\/\"},{\"@type\":\"ListItem\",\"position\":2,\"name\":\"Lizenzen\"}]},{\"@type\":\"WebSite\",\"@id\":\"https:\/\/www.maxqda.com\/de\/#website\",\"url\":\"https:\/\/www.maxqda.com\/de\/\",\"name\":\"MAXQDA\",\"description\":\"\",\"publisher\":{\"@id\":\"https:\/\/www.maxqda.com\/de\/#organization\"},\"potentialAction\":[{\"@type\":\"SearchAction\",\"target\":{\"@type\":\"EntryPoint\",\"urlTemplate\":\"https:\/\/www.maxqda.com\/de\/?s={search_term_string}\"},\"query-input\":{\"@type\":\"PropertyValueSpecification\",\"valueRequired\":true,\"valueName\":\"search_term_string\"}}],\"inLanguage\":\"de\"},{\"@type\":\"Organization\",\"@id\":\"https:\/\/www.maxqda.com\/de\/#organization\",\"name\":\"MAXQDA\",\"url\":\"https:\/\/www.maxqda.com\/de\/\",\"logo\":{\"@type\":\"ImageObject\",\"inLanguage\":\"de\",\"@id\":\"https:\/\/www.maxqda.com\/de\/#\/schema\/logo\/image\/\",\"url\":\"https:\/\/www.maxqda.com\/de\/wp\/wp-content\/uploads\/sites\/1\/MAXQDA-Logo.png\",\"contentUrl\":\"https:\/\/www.maxqda.com\/de\/wp\/wp-content\/uploads\/sites\/1\/MAXQDA-Logo.png\",\"width\":\"1000\",\"height\":\"200\",\"caption\":\"MAXQDA\"},\"image\":{\"@id\":\"https:\/\/www.maxqda.com\/de\/#\/schema\/logo\/image\/\"},\"sameAs\":[\"https:\/\/www.facebook.com\/MAXQDA\/\",\"https:\/\/x.com\/VerbiSoftware\",\"https:\/\/www.instagram.com\/maxqda\/\",\"https:\/\/www.youtube.com\/user\/MAXQDA\"]}]}<\/script>\n<!-- \/ Yoast SEO Premium plugin. -->","yoast_head_json":{"title":"MAXQDA Lizenzen f\u00fcr Windows & Mac | \u00dcbersicht","description":"Welche MAXQDA Lizenz passt am besten zu Ihnen? Single User-, Studierenden-, portable oder Netzwerklizenz; mit Kauf- und Leasing-Option.","robots":{"index":"index","follow":"follow","max-snippet":"max-snippet:-1","max-image-preview":"max-image-preview:large","max-video-preview":"max-video-preview:-1"},"canonical":"https:\/\/www.maxqda.com\/de\/lizenzen","og_locale":"de_DE","og_type":"article","og_title":"MAXQDA f\u00fcr Windows & Mac | Lizenzen und Preise im \u00dcberblick","og_description":"Welche MAXQDA Lizenzen passen am besten zu Ihnen? Single User-, Studierenden-, portable oder Netzwerklizenz; mit Kauf- und Leasing-Option.","og_url":"https:\/\/www.maxqda.com\/de\/lizenzen","og_site_name":"MAXQDA","article_publisher":"https:\/\/www.facebook.com\/MAXQDA\/","article_modified_time":"2025-08-08T07:36:42+00:00","og_image":[{"width":1200,"height":630,"url":"https:\/\/www.maxqda.com\/de\/wp\/wp-content\/uploads\/sites\/1\/MAXQDA-Die-1-Software-fuer-qualitative-und-Mixed-Methods-Datenanalyse.png","type":"image\/png"}],"twitter_card":"summary_large_image","twitter_title":"MAXQDA f\u00fcr Windows & Mac | Lizenzen und Preise im \u00dcberblick","twitter_description":"Welche MAXQDA Lizenzen passen am besten zu Ihnen? Single User-, Studierenden-, portable oder Netzwerklizenz; mit Kauf- und Leasing-Option.","twitter_site":"@VerbiSoftware","twitter_misc":{"Gesch\u00e4tzte Lesezeit":"2\u00a0Minuten"},"schema":{"@context":"https:\/\/schema.org","@graph":[{"@type":"WebPage","@id":"https:\/\/www.maxqda.com\/de\/lizenzen","url":"https:\/\/www.maxqda.com\/de\/lizenzen","name":"MAXQDA Lizenzen f\u00fcr Windows & Mac | \u00dcbersicht","isPartOf":{"@id":"https:\/\/www.maxqda.com\/de\/#website"},"primaryImageOfPage":{"@id":"https:\/\/www.maxqda.com\/de\/lizenzen#primaryimage"},"image":{"@id":"https:\/\/www.maxqda.com\/de\/lizenzen#primaryimage"},"thumbnailUrl":"https:\/\/www.maxqda.com\/de\/wp\/wp-content\/uploads\/sites\/1\/MAXQDA-Logo-MQ.jpg","datePublished":"2023-10-27T15:20:42+00:00","dateModified":"2025-08-08T07:36:42+00:00","description":"Welche MAXQDA Lizenz passt am besten zu Ihnen? Single User-, Studierenden-, portable oder Netzwerklizenz; mit Kauf- und Leasing-Option.","breadcrumb":{"@id":"https:\/\/www.maxqda.com\/de\/lizenzen#breadcrumb"},"inLanguage":"de","potentialAction":[{"@type":"ReadAction","target":["https:\/\/www.maxqda.com\/de\/lizenzen"]}]},{"@type":"ImageObject","inLanguage":"de","@id":"https:\/\/www.maxqda.com\/de\/lizenzen#primaryimage","url":"https:\/\/www.maxqda.com\/de\/wp\/wp-content\/uploads\/sites\/1\/MAXQDA-Logo-MQ.jpg","contentUrl":"https:\/\/www.maxqda.com\/de\/wp\/wp-content\/uploads\/sites\/1\/MAXQDA-Logo-MQ.jpg","width":825,"height":825,"caption":"MAXQDA Logo"},{"@type":"BreadcrumbList","@id":"https:\/\/www.maxqda.com\/de\/lizenzen#breadcrumb","itemListElement":[{"@type":"ListItem","position":1,"name":"Startseite","item":"https:\/\/www.maxqda.com\/de\/"},{"@type":"ListItem","position":2,"name":"Lizenzen"}]},{"@type":"WebSite","@id":"https:\/\/www.maxqda.com\/de\/#website","url":"https:\/\/www.maxqda.com\/de\/","name":"MAXQDA","description":"","publisher":{"@id":"https:\/\/www.maxqda.com\/de\/#organization"},"potentialAction":[{"@type":"SearchAction","target":{"@type":"EntryPoint","urlTemplate":"https:\/\/www.maxqda.com\/de\/?s={search_term_string}"},"query-input":{"@type":"PropertyValueSpecification","valueRequired":true,"valueName":"search_term_string"}}],"inLanguage":"de"},{"@type":"Organization","@id":"https:\/\/www.maxqda.com\/de\/#organization","name":"MAXQDA","url":"https:\/\/www.maxqda.com\/de\/","logo":{"@type":"ImageObject","inLanguage":"de","@id":"https:\/\/www.maxqda.com\/de\/#\/schema\/logo\/image\/","url":"https:\/\/www.maxqda.com\/de\/wp\/wp-content\/uploads\/sites\/1\/MAXQDA-Logo.png","contentUrl":"https:\/\/www.maxqda.com\/de\/wp\/wp-content\/uploads\/sites\/1\/MAXQDA-Logo.png","width":"1000","height":"200","caption":"MAXQDA"},"image":{"@id":"https:\/\/www.maxqda.com\/de\/#\/schema\/logo\/image\/"},"sameAs":["https:\/\/www.facebook.com\/MAXQDA\/","https:\/\/x.com\/VerbiSoftware","https:\/\/www.instagram.com\/maxqda\/","https:\/\/www.youtube.com\/user\/MAXQDA"]}]}},"_links":{"self":[{"href":"https:\/\/www.maxqda.com\/de\/wp-json\/wp\/v2\/pages\/20","targetHints":{"allow":["GET"]}}],"collection":[{"href":"https:\/\/www.maxqda.com\/de\/wp-json\/wp\/v2\/pages"}],"about":[{"href":"https:\/\/www.maxqda.com\/de\/wp-json\/wp\/v2\/types\/page"}],"author":[{"embeddable":true,"href":"https:\/\/www.maxqda.com\/de\/wp-json\/wp\/v2\/users\/1"}],"replies":[{"embeddable":true,"href":"https:\/\/www.maxqda.com\/de\/wp-json\/wp\/v2\/comments?post=20"}],"version-history":[{"count":1,"href":"https:\/\/www.maxqda.com\/de\/wp-json\/wp\/v2\/pages\/20\/revisions"}],"predecessor-version":[{"id":130152,"href":"https:\/\/www.maxqda.com\/de\/wp-json\/wp\/v2\/pages\/20\/revisions\/130152"}],"wp:featuredmedia":[{"embeddable":true,"href":"https:\/\/www.maxqda.com\/de\/wp-json\/wp\/v2\/media\/121894"}],"wp:attachment":[{"href":"https:\/\/www.maxqda.com\/de\/wp-json\/wp\/v2\/media?parent=20"}],"curies":[{"name":"wp","href":"https:\/\/api.w.org\/{rel}","templated":true}]}}