{"id":19,"date":"2008-01-29T01:39:01","date_gmt":"2008-01-29T00:39:01","guid":{"rendered":"https:\/\/www.maxqda.de\/wp2\/index.php\/downloads\/updates"},"modified":"2026-04-17T08:41:52","modified_gmt":"2026-04-17T07:41:52","slug":"download","status":"publish","type":"page","link":"https:\/\/www.maxqda.com\/de\/download","title":{"rendered":"Downloads &#038; Updates"},"content":{"rendered":"<div class=\"row\">\r\n<div class=\"small-12 columns\">\r\n<h1>Installationsdateien und MAXQDA Updates<\/h1>\r\n<p>Auf dieser Seite finden Sie alle Installationsdateien und Informationen zur Installation von MAXQDA. MAXQDA 26 ist Innerhalb einer Version sind alle Updates kostenfrei erh\u00e4ltlich und k\u00f6nnen aus dem Programm heraus installiert werden.<\/p>\r\n<\/div>\r\n<\/div>\r\n<ul class=\"accordion\" data-accordion >\r\n\r\n<li  class=\"accordion-navigation\"><a href=\"#panel6\"  ><strong>MAXQDA &#8211; Aktuelle Version (f\u00fcr Windows &#038; Mac)<\/strong><\/a>\r\n<div id=\"panel6\" class=\"content active\">\r\n<img decoding=\"async\"  data-headline=\"update-suchen-maxqda24\" src=\"https:\/\/www.maxqda.com\/de\/wp\/wp-content\/uploads\/sites\/1\/MAXQDA26-screenshot-nach-updates-suchen.png\"  class=\"size-full wp-image-120707  \"alt=\"MAXQDA Updates - So werden Updates installiert\" width=\"280\" \/>\r\n\r\n<h3>MAXQDA &#8211; Aktuelle Version<\/h3>\r\n<p>Zur Suche nach verf\u00fcgbaren MAXQDA Updates \u00f6ffnen Sie den Men\u00fcbefehl <em><strong>? > Nach Update suchen<\/strong><\/em> in der linken unteren Ecke der Programmoberfl\u00e4che.<br\/>In den <a href=\"https:\/\/www.maxqda.com\/de\/produkte\/maxqda-release-notes\/\" title=\"Versionshinweise von MAXQDA\"> Versionshinweisen<\/a> k\u00f6nnen Sie nachlesen, welche Neuerungen in jedem Update hinzugef\u00fcgt wurden.<\/p>\r\n<p>Unter Windows ben\u00f6tigen Sie auf Ihrem PC Administrator-Rechte, um ein Update durchzuf\u00fchren. Ansonsten ist diese Men\u00fcoption ausgegraut.<\/p>\r\n\r\n<p>Download: <a href=\"https:\/\/www.maxqda.com\/de\/updates\/MAXQDA\/MAXQDA_Setup.msi\" target=\"\" rel=\"noopener noreferrer\">MAXQDA f\u00fcr Windows &#8211; Installer<\/a><\/p>\r\n<p>Download: <a href=\"https:\/\/www.maxqda.com\/de\/updates\/MAXQDA\/MAXQDA.dmg\" target=\"\" rel=\"noopener noreferrer\">MAXQDA f\u00fcr Mac &#8211; Installer<\/a><\/p>\r\n\r\n<\/div>\r\n<\/li>\r\n\r\n\r\n<li  class=\"accordion-navigation\"><a href=\"#panel5\"  ><strong>MAXQDA 24 (f\u00fcr Windows &#038; Mac)<\/strong><\/a>\r\n<div id=\"panel5\" class=\"content\">\r\n<img decoding=\"async\"  data-headline=\"update-suchen-maxqda24\" src=\"https:\/\/www.maxqda.com\/de\/wp\/wp-content\/uploads\/sites\/1\/update-suchen-maxqda24.png\"  class=\"size-full wp-image-120707  \"alt=\"MAXQDA Updates - So werden Updates installiert\" width=\"280\" srcset=\"https:\/\/www.maxqda.com\/de\/wp\/wp-content\/uploads\/sites\/1\/update-suchen-maxqda24.png 567w, https:\/\/www.maxqda.com\/de\/wp\/wp-content\/uploads\/sites\/1\/update-suchen-maxqda24-300x297.png 300w, https:\/\/www.maxqda.com\/de\/wp\/wp-content\/uploads\/sites\/1\/update-suchen-maxqda24-150x150.png 150w, https:\/\/www.maxqda.com\/de\/wp\/wp-content\/uploads\/sites\/1\/update-suchen-maxqda24-60x60.png 60w\" sizes=\"(max-width: 567px) 100vw, 567px\" \/>\r\n\r\n<h3>MAXQDA 24<\/h3>\r\n<p><strong> Wir empfehlen dringend das Upgrade auf die aktuelle Version von MAXQDA 26 (s.oben). Das Upgrade ist in allen MAXQDA Lizenzen enthalten und f\u00fcr Lizenzhalter:innen kostenlos.<\/strong><\/p>\r\n<p>Zur Suche nach verf\u00fcgbaren MAXQDA Updates \u00f6ffnen Sie den Men\u00fcbefehl <em><strong>? > Nach Update suchen<\/strong><\/em> in der linken unteren Ecke der Programmoberfl\u00e4che.<br\/>In den <a href=\"https:\/\/www.maxqda.com\/de\/produkte\/maxqda-release-notes\/\" title=\"Versionshinweise von MAXQDA\"> Versionshinweisen<\/a> k\u00f6nnen Sie nachlesen, welche Neuerungen in jedem Update hinzugef\u00fcgt wurden.<\/p>\r\n<p>Unter Windows ben\u00f6tigen Sie auf Ihrem PC Administrator-Rechte um ein Update durchzuf\u00fchren, ansonsten ist diese Men\u00fcoption ausgegraut.<\/p>\r\n\r\n<p>Download: <a href=\"https:\/\/www.maxqda.com\/de\/updates\/24\/MAXQDA24_Setup.msi\" target=\"\" rel=\"noopener noreferrer\">MAXQDA 24 f\u00fcr Windows &#8211; Installer<\/a><\/p>\r\n<p>Download: <a href=\"https:\/\/www.maxqda.com\/de\/updates\/24\/MAXQDA24.dmg\" target=\"\" rel=\"noopener noreferrer\">MAXQDA 24 f\u00fcr Mac &#8211; Installer<\/a><\/p>\r\n\r\n<\/div>\r\n<\/li>\r\n\r\n\r\n<li  class=\"accordion-navigation\"><a href=\"#panel4\"  >MAXQDA 2022 (f\u00fcr Windows &#038; Mac)<\/a>\r\n<div id=\"panel4\" class=\"content\">\r\n<img decoding=\"async\" title=\"\" src=\"https:\/\/www.maxqda.com\/wp\/wp-content\/uploads\/update-suchen-maxqda2022.png\" alt=\"MAXQDA Updates - So werden Updates installiert\" width=\"280\" \/>\r\n<h3>MAXQDA 2022<\/h3>\r\n\r\n<p>Zur Suche nach verf\u00fcgbaren MAXQDA Updates \u00f6ffnen Sie den Men\u00fcbefehl <em><strong>? > Nach Update suchen<\/strong><\/em>.<br\/>In den <a href=\"https:\/\/www.maxqda.com\/de\/produkte\/maxqda-release-notes\/\" title=\"Versionshinweise von MAXQDA\"> Versionshinweisen<\/a> k\u00f6nnen Sie nachlesen, welche Neuerungen in jedem Update hinzugef\u00fcgt wurden.<\/p>\r\n<p>Unter Windows ben\u00f6tigen Sie auf Ihrem PC Administrator-Rechte um ein Update durchzuf\u00fchren, ansonsten ist diese Men\u00fcoption ausgegraut. Unter Windows 7 ist es gegebenenfalls erforderlich, MAXQDA per Rechtsklick auf das MAXQDA Programmicon (auf dem Desktop oder im Startmen\u00fc) mit dem Befehl \u201eAls Administrator ausf\u00fchren\u201c zu starten.<\/p>\r\n\r\n<p>Download: <a href=\"https:\/\/www.maxqda.com\/de\/updates\/2022\/MAXQDA2022_Setup.msi\" target=\"\" rel=\"noopener noreferrer\">MAXQDA 2022 f\u00fcr Windows &#8211; Installer<\/a><\/p>\r\n<p>Download: <a href=\"https:\/\/www.maxqda.com\/de\/updates\/2022\/MAXQDA2022.dmg\" target=\"\" rel=\"noopener noreferrer\">MAXQDA 2022 f\u00fcr Mac &#8211; Installer<\/a><\/p>\r\n<\/div>\r\n<\/li>\r\n\r\n\r\n<li  class=\"accordion-navigation\"><a href=\"#panel3\"  >MAXQDA 2020 (f\u00fcr Windows &#038; Mac)<\/a>\r\n<div id=\"panel3\" class=\"content \">\r\n<img decoding=\"async\" title=\"\" src=\"https:\/\/www.maxqda.com\/wp\/wp-content\/uploads\/update-suchen-maxqda2020.png\" alt=\"MAXQDA Updates - So werden Updates installiert\" width=\"280\" \/>\r\n<h3>Letzte Version: Release 2020.4.2 <\/h3>\r\n<p>Zur Suche nach verf\u00fcgbaren MAXQDA Updates \u00f6ffnen Sie den Men\u00fcbefehl <em><strong>? > Nach Update suchen<\/strong><\/em>.<br\/>In den <a href=\"https:\/\/www.maxqda.com\/de\/produkte\/maxqda-release-notes\/\" title=\"Versionshinweise von MAXQDA\"> Versionshinweisen<\/a> k\u00f6nnen Sie nachlesen, welche Neuerungen in jedem Update hinzugef\u00fcgt wurden.<\/p>\r\n<p>Unter Windows ben\u00f6tigen Sie auf Ihrem PC Administrator-Rechte um ein Update durchzuf\u00fchren, ansonsten ist diese Men\u00fcoption ausgegraut. Unter Windows 7 ist es gegebenenfalls erforderlich, MAXQDA per Rechtsklick auf das MAXQDA Programmicon (auf dem Desktop oder im Startmen\u00fc) mit dem Befehl \u201eAls Administrator ausf\u00fchren\u201c zu starten.<\/p>\r\n\r\n<p>Download: <a href=\"https:\/\/www.maxqda.com\/de\/updates\/2020\/MAXQDA2020_Setup.msi\" target=\"\" rel=\"noopener noreferrer\">MAXQDA 2020 f\u00fcr Windows &#8211; Installer<\/a><\/p>\r\n<p>Download: <a href=\"https:\/\/www.maxqda.com\/de\/updates\/2020\/MAXQDA2020.dmg\" target=\"\" rel=\"noopener noreferrer\">MAXQDA 2020 f\u00fcr Mac &#8211; Installer<\/a><\/p>\r\n\r\n<p>Zum Download der Installationsdatei der portablen Version von MAXQDA 2020 (Installation auf USB-Stick), klicken Sie bitte auf den Downloadlink in der Installationsanleitung, die Sie bei Ihrer Bestellung per E-Mail erhalten haben oder wenden sich direkt an den  <a href=\"https:\/\/www.maxqda.com\/de\/hilfe-support\/onlinesupport\/\" title=\"Online Support\" target=\"\" rel=\"noopener noreferrer\">MAXQDA Support<\/a>.<\/p>\r\n<\/div>\r\n<\/li>\r\n\r\n\r\n<li  class=\"accordion-navigation\"><a href=\"#panel2\">MAXQDA 2018 (f\u00fcr Windows &#038; Mac)<\/a>\r\n<div id=\"panel2\" class=\"content\">\r\n<img decoding=\"async\" title=\"\" src=\"https:\/\/www.maxqda.com\/wp\/wp-content\/uploads\/maxqda2018-search-update.png\" alt=\"MAXQDA Updates - So werden Updates installiert\" width=\"280\" \/>\r\n<h3>Letzte Version: Release 18.2.5 <\/h3>\r\n<p>Zur Suche nach verf\u00fcgbaren MAXQDA Updates \u00f6ffnen Sie den Men\u00fcbefehl <em><strong>? > Nach Update suchen<\/strong><\/em>.<br\/>In den <a href=\"https:\/\/www.maxqda.com\/de\/produkte\/maxqda-release-notes\/\" title=\"Versionshinweise von MAXQDA\"> Versionshinweisen<\/a> k\u00f6nnen Sie nachlesen, welche Neuerungen in jedem Update hinzugef\u00fcgt wurden.<\/p>\r\n<p>Unter Windows ben\u00f6tigen Sie auf Ihrem PC Administrator-Rechte um ein Update durchzuf\u00fchren, ansonsten ist diese Men\u00fcoption ausgegraut. Unter Windows 7 ist es gegebenenfalls erforderlich, MAXQDA per Rechtsklick auf das MAXQDA Programmicon (auf dem Desktop oder im Startmen\u00fc) mit dem Befehl \u201eAls Administrator ausf\u00fchren\u201c zu starten.<\/p>\r\n<p>Download: <a href=\"https:\/\/www.maxqda.com\/de\/updates\/2018\/MAXQDA2018_Setup.msi\" target=\"\" rel=\"noopener noreferrer\">MAXQDA 2018 f\u00fcr Windows &#8211; Installer<\/a><\/p>\r\n<p>Download: <a href=\"https:\/\/www.maxqda.com\/de\/updates\/2018\/MAXQDA2018.dmg\" target=\"\" rel=\"noopener noreferrer\">MAXQDA 2018 f\u00fcr Mac &#8211; Installer<\/a><\/p>\r\n\t\r\n<p>Download: <a href=\"https:\/\/www.maxqda.com\/de\/updates\/2018\/MAXQDA2018_Portable_Setup.msi\" target=\"\" rel=\"noopener noreferrer\">MAXQDA 2018 Portable f\u00fcr Windows &#8211; Installer<\/a><\/p>\t\r\n<p>Download: <a href=\"https:\/\/www.maxqda.com\/de\/updates\/2018\/MAXQDA2018_portable.dmg\" target=\"\" rel=\"noopener noreferrer\">MAXQDA 2018 Portable f\u00fcr Mac &#8211; Installer<\/a><\/p>\t\r\n<\/div>\r\n<\/li>\r\n\r\n\r\n\r\n<li class=\"accordion-navigation\"><a href=\"#panel1\">\u00c4ltere Versionen<\/a>\r\n<div id=\"panel1\" class=\"content\">\r\n<h3>MAXQDA 12. Letztes Release 12.3.6<\/h3>\r\n<p>Download: <a href=\"https:\/\/www.maxqda.com\/de\/updates\/12\/MAXQDA12_Setup.msi\" target=\"\" rel=\"noopener noreferrer\">MAXQDA 12 f\u00fcr Windows &#8211; Installer<\/a><\/p>\r\n<p>Download: <a href=\"https:\/\/www.maxqda.com\/de\/updates\/12\/MAXQDA12.dmg\" target=\"\" rel=\"noopener noreferrer\">MAXQDA 12 f\u00fcr Mac &#8211; Installer<\/a><\/p>\t\r\n<p>Download: <a href=\"https:\/\/www.maxqda.com\/de\/updates\/12\/MAXQDA12_Portable_Setup.msi\" target=\"\" rel=\"noopener noreferrer\">MAXQDA 12 Portable f\u00fcr Windows &#8211; Installer<\/a><\/p>\t\r\n<p>Download: <a href=\"https:\/\/www.maxqda.com\/de\/updates\/12\/MAXQDA12_portable.dmg\" target=\"\" rel=\"noopener noreferrer\">MAXQDA 12 Portable f\u00fcr Mac &#8211; Installer<\/a><\/p>\t\r\n      \r\n<h3>MAXQDA 11 (Windows). Letztes Release 11.1.4<\/h3>\r\n<p>Download: <a href=\"https:\/\/www.maxqda.com\/de\/updates\/MAXQDA11_Setup.exe\" title=\"MAXQDA Demo Version\" target=\"\" rel=\"noopener noreferrer\">MAXQDA 11 f\u00fcr Windows &#8211; Installer (Windows 7 und neuer)<\/a><\/p>\r\n<p>Download: <a href=\"https:\/\/www.maxqda.com\/de\/updates\/MAXQDA11_Setup_XP.exe\" title=\"MAXQDA Demo Version\" target=\"\" rel=\"noopener noreferrer\">MAXQDA 11 f\u00fcr Windows &#8211; Installer (Windows XP oder Vista)<\/a><\/p>\r\n\r\n    \r\n<h3>MAXQDA 11 (Mac). Letztes Release 11.2.5<\/h3>\r\n<p>Download: <a href=\"https:\/\/www.maxqda.com\/de\/updates\/mac\/MAXQDA11.dmg\" title=\"MAXQDA 11 f\u00fcr Mac\" target=\"\" rel=\"noopener noreferrer\">MAXQDA 11 f\u00fcr Mac OS X &#8211; Installer (Desktop)<\/a><\/p>\r\n<p>Download: <a href=\"https:\/\/www.maxqda.com\/de\/updates\/mac\/MAXQDA11_portable.dmg\" title=\"MAXQDA 11 f\u00fcr Mac\" target=\"\" rel=\"noopener noreferrer\">MAXQDA 11 f\u00fcr Mac OS X &#8211; Installer (USB \/ portabel)<\/a><\/p>\r\n\r\n<h3>MAXQDA 10 (Windows). Letzte Version: R240113<\/h3>\r\n<p>Download: <a href=\"https:\/\/www.maxqda.com\/de\/updates\/MAXQDA10_Setup.exe\" title=\"MAXQDA 10 f\u00fcr Windows\" target=\"\" rel=\"noopener noreferrer\">MAXQDA 10 f\u00fcr Windows &#8211; Installer<\/a><\/p>\r\n\r\n<h3>MAXQDA 2007 (Windows). Letzte Version: R161210<\/h3>\r\n<p>Download: <a href=\"https:\/\/www.maxqda.com\/de\/updates\/MAXQDA2007_Setup.exe\" title=\"MAXQDA 2007 f\u00fcr Windows\" target=\"\" rel=\"noopener noreferrer\">MAXQDA 2007 f\u00fcr Windows &#8211; Installer<\/a><\/p>\r\n\r\n<h3>MAXqda 2 (Windows). Letzte Version: 2R060307-G<\/h3>\r\n<p>Download: <a href=\"https:\/\/www.maxqda.com\/de\/download\/MAXqda2-R060307.exe\">MAXqda 2 f\u00fcr Windows &#8211; Installer<\/a><\/p>\r\n\r\n<h3>MAXqda 1 (Windows) Letzte Version: 2k3 R150604-GER<\/h3>\r\n<p>Download: <a href=\"https:\/\/www.maxqda.com\/de\/download\/max2kger.zip\">MAXqda 1 f\u00fcr Windows &#8211; Installer<\/a><\/p>\r\n<\/div>\r\n<\/li><br>\r\n<\/ul>\r\n\r\n\r\n<div class=\"row\">\r\n<div class=\"large-12 columns\">\r\n<h1>Der MAXQDA Reader<\/h1>\r\n\r\n<p>Mit dem <strong>kostenfreien MAXQDA Reader<\/strong> k\u00f6nnen Sie ein MAXQDA Projekt im Lesemodus \u00f6ffnen. Mit Hilfe des Readers teilen Sie Ihr Projekt ganz einfach mit Projektbeteiligten, Teammitgliedern und weiteren Beteiligten, die keine MAXQDA Lizenz haben.<\/p>\r\n<p><a href=\"https:\/\/www.maxqda.com\/de\/produkte\/maxreader\" class=\"button\">Kostenfreier MAXQDA Reader<\/a><\/p>\r\n<\/div>\r\n<\/div>\r\n","protected":false},"excerpt":{"rendered":"<p>Installationsdateien und MAXQDA Updates Auf dieser Seite finden Sie alle Installationsdateien und Informationen zur Installation von MAXQDA. MAXQDA 26 ist Innerhalb einer Version sind alle Updates kostenfrei erh\u00e4ltlich und k\u00f6nnen aus dem Programm heraus installiert werden. MAXQDA &#8211; Aktuelle Version (f\u00fcr Windows &#038; Mac) MAXQDA &#8211; Aktuelle Version Zur Suche nach verf\u00fcgbaren MAXQDA Updates \u00f6ffnen [&hellip;]<\/p>\n","protected":false},"author":1,"featured_media":121894,"parent":0,"menu_order":58,"comment_status":"closed","ping_status":"closed","template":"custom-page-header.php","meta":{"_acf_changed":false,"_relevanssi_hide_post":"","_relevanssi_hide_content":"","_relevanssi_pin_for_all":"","_relevanssi_pin_keywords":"","_relevanssi_unpin_keywords":"","_relevanssi_related_keywords":"","_relevanssi_related_include_ids":"","_relevanssi_related_exclude_ids":"","_relevanssi_related_no_append":"","_relevanssi_related_not_related":"","_relevanssi_related_posts":"","_relevanssi_noindex_reason":"","footnotes":""},"class_list":["post-19","page","type-page","status-publish","has-post-thumbnail","hentry"],"acf":[],"yoast_head":"<!-- This site is optimized with the Yoast SEO Premium plugin v27.1 (Yoast SEO v27.1.1) - https:\/\/yoast.com\/product\/yoast-seo-premium-wordpress\/ -->\n<title>MAXQDA Updates | Immer auf dem neuesten Stand<\/title>\n<meta name=\"description\" content=\"Hier finden Sie aktuelle und fr\u00fchere Versionen von MAXQDA zum Download, sowie Informationen zu Releases und kostenlosen MAXQDA Updates.\" \/>\n<meta name=\"robots\" content=\"index, follow, max-snippet:-1, max-image-preview:large, max-video-preview:-1\" \/>\n<link rel=\"canonical\" href=\"https:\/\/www.maxqda.com\/de\/download\" \/>\n<meta property=\"og:locale\" content=\"de_DE\" \/>\n<meta property=\"og:type\" content=\"article\" \/>\n<meta property=\"og:title\" content=\"MAXQDA Updates | Immer auf dem neuesten Stand\" \/>\n<meta property=\"og:description\" content=\"Hier finden Sie aktuelle und fr\u00fchere Versionen von MAXQDA zum Download, sowie Informationen zu Releases und kostenlosen MAXQDA Updates.\" \/>\n<meta property=\"og:url\" content=\"https:\/\/www.maxqda.com\/de\/download\" \/>\n<meta property=\"og:site_name\" content=\"MAXQDA\" \/>\n<meta property=\"article:publisher\" content=\"https:\/\/www.facebook.com\/MAXQDA\/\" \/>\n<meta property=\"article:modified_time\" content=\"2026-04-17T07:41:52+00:00\" \/>\n<meta property=\"og:image\" content=\"https:\/\/www.maxqda.com\/de\/wp\/wp-content\/uploads\/sites\/1\/MAXQDA-Die-1-Software-fuer-qualitative-und-Mixed-Methods-Datenanalyse.png?_t=1776411718\" \/>\n\t<meta property=\"og:image:width\" content=\"1200\" \/>\n\t<meta property=\"og:image:height\" content=\"630\" \/>\n\t<meta property=\"og:image:type\" content=\"image\/png\" \/>\n<meta name=\"twitter:card\" content=\"summary_large_image\" \/>\n<meta name=\"twitter:title\" content=\"MAXQDA Updates | Immer auf dem neuesten Stand\" \/>\n<meta name=\"twitter:description\" content=\"Hier finden Sie aktuelle und fr\u00fchere Versionen von MAXQDA zum Download, sowie Informationen zu Releases und kostenlosen MAXQDA Updates.\" \/>\n<meta name=\"twitter:site\" content=\"@VerbiSoftware\" \/>\n<meta name=\"twitter:label1\" content=\"Gesch\u00e4tzte Lesezeit\" \/>\n\t<meta name=\"twitter:data1\" content=\"6\u00a0Minuten\" \/>\n<script type=\"application\/ld+json\" class=\"yoast-schema-graph\">{\"@context\":\"https:\/\/schema.org\",\"@graph\":[{\"@type\":\"WebPage\",\"@id\":\"https:\/\/www.maxqda.com\/de\/download\",\"url\":\"https:\/\/www.maxqda.com\/de\/download\",\"name\":\"MAXQDA Updates | Immer auf dem neuesten Stand\",\"isPartOf\":{\"@id\":\"https:\/\/www.maxqda.com\/de\/#website\"},\"primaryImageOfPage\":{\"@id\":\"https:\/\/www.maxqda.com\/de\/download#primaryimage\"},\"image\":{\"@id\":\"https:\/\/www.maxqda.com\/de\/download#primaryimage\"},\"thumbnailUrl\":\"https:\/\/www.maxqda.com\/de\/wp\/wp-content\/uploads\/sites\/1\/MAXQDA-Logo-MQ.jpg\",\"datePublished\":\"2008-01-29T00:39:01+00:00\",\"dateModified\":\"2026-04-17T07:41:52+00:00\",\"description\":\"Hier finden Sie aktuelle und fr\u00fchere Versionen von MAXQDA zum Download, sowie Informationen zu Releases und kostenlosen MAXQDA Updates.\",\"breadcrumb\":{\"@id\":\"https:\/\/www.maxqda.com\/de\/download#breadcrumb\"},\"inLanguage\":\"de\",\"potentialAction\":[{\"@type\":\"ReadAction\",\"target\":[\"https:\/\/www.maxqda.com\/de\/download\"]}]},{\"@type\":\"ImageObject\",\"inLanguage\":\"de\",\"@id\":\"https:\/\/www.maxqda.com\/de\/download#primaryimage\",\"url\":\"https:\/\/www.maxqda.com\/de\/wp\/wp-content\/uploads\/sites\/1\/MAXQDA-Logo-MQ.jpg\",\"contentUrl\":\"https:\/\/www.maxqda.com\/de\/wp\/wp-content\/uploads\/sites\/1\/MAXQDA-Logo-MQ.jpg\",\"width\":825,\"height\":825,\"caption\":\"MAXQDA Logo\"},{\"@type\":\"BreadcrumbList\",\"@id\":\"https:\/\/www.maxqda.com\/de\/download#breadcrumb\",\"itemListElement\":[{\"@type\":\"ListItem\",\"position\":1,\"name\":\"Startseite\",\"item\":\"https:\/\/www.maxqda.com\/de\/\"},{\"@type\":\"ListItem\",\"position\":2,\"name\":\"Downloads &#038; Updates\"}]},{\"@type\":\"WebSite\",\"@id\":\"https:\/\/www.maxqda.com\/de\/#website\",\"url\":\"https:\/\/www.maxqda.com\/de\/\",\"name\":\"MAXQDA\",\"description\":\"\",\"publisher\":{\"@id\":\"https:\/\/www.maxqda.com\/de\/#organization\"},\"potentialAction\":[{\"@type\":\"SearchAction\",\"target\":{\"@type\":\"EntryPoint\",\"urlTemplate\":\"https:\/\/www.maxqda.com\/de\/?s={search_term_string}\"},\"query-input\":{\"@type\":\"PropertyValueSpecification\",\"valueRequired\":true,\"valueName\":\"search_term_string\"}}],\"inLanguage\":\"de\"},{\"@type\":\"Organization\",\"@id\":\"https:\/\/www.maxqda.com\/de\/#organization\",\"name\":\"MAXQDA\",\"url\":\"https:\/\/www.maxqda.com\/de\/\",\"logo\":{\"@type\":\"ImageObject\",\"inLanguage\":\"de\",\"@id\":\"https:\/\/www.maxqda.com\/de\/#\/schema\/logo\/image\/\",\"url\":\"https:\/\/www.maxqda.com\/de\/wp\/wp-content\/uploads\/sites\/1\/MAXQDA-Logo.png\",\"contentUrl\":\"https:\/\/www.maxqda.com\/de\/wp\/wp-content\/uploads\/sites\/1\/MAXQDA-Logo.png\",\"width\":\"1000\",\"height\":\"200\",\"caption\":\"MAXQDA\"},\"image\":{\"@id\":\"https:\/\/www.maxqda.com\/de\/#\/schema\/logo\/image\/\"},\"sameAs\":[\"https:\/\/www.facebook.com\/MAXQDA\/\",\"https:\/\/x.com\/VerbiSoftware\",\"https:\/\/www.instagram.com\/maxqda\/\",\"https:\/\/www.youtube.com\/user\/MAXQDA\"]}]}<\/script>\n<!-- \/ Yoast SEO Premium plugin. -->","yoast_head_json":{"title":"MAXQDA Updates | Immer auf dem neuesten Stand","description":"Hier finden Sie aktuelle und fr\u00fchere Versionen von MAXQDA zum Download, sowie Informationen zu Releases und kostenlosen MAXQDA Updates.","robots":{"index":"index","follow":"follow","max-snippet":"max-snippet:-1","max-image-preview":"max-image-preview:large","max-video-preview":"max-video-preview:-1"},"canonical":"https:\/\/www.maxqda.com\/de\/download","og_locale":"de_DE","og_type":"article","og_title":"MAXQDA Updates | Immer auf dem neuesten Stand","og_description":"Hier finden Sie aktuelle und fr\u00fchere Versionen von MAXQDA zum Download, sowie Informationen zu Releases und kostenlosen MAXQDA Updates.","og_url":"https:\/\/www.maxqda.com\/de\/download","og_site_name":"MAXQDA","article_publisher":"https:\/\/www.facebook.com\/MAXQDA\/","article_modified_time":"2026-04-17T07:41:52+00:00","og_image":[{"width":1200,"height":630,"url":"https:\/\/www.maxqda.com\/de\/wp\/wp-content\/uploads\/sites\/1\/MAXQDA-Die-1-Software-fuer-qualitative-und-Mixed-Methods-Datenanalyse.png?_t=1776411718","type":"image\/png"}],"twitter_card":"summary_large_image","twitter_title":"MAXQDA Updates | Immer auf dem neuesten Stand","twitter_description":"Hier finden Sie aktuelle und fr\u00fchere Versionen von MAXQDA zum Download, sowie Informationen zu Releases und kostenlosen MAXQDA Updates.","twitter_site":"@VerbiSoftware","twitter_misc":{"Gesch\u00e4tzte Lesezeit":"6\u00a0Minuten"},"schema":{"@context":"https:\/\/schema.org","@graph":[{"@type":"WebPage","@id":"https:\/\/www.maxqda.com\/de\/download","url":"https:\/\/www.maxqda.com\/de\/download","name":"MAXQDA Updates | Immer auf dem neuesten Stand","isPartOf":{"@id":"https:\/\/www.maxqda.com\/de\/#website"},"primaryImageOfPage":{"@id":"https:\/\/www.maxqda.com\/de\/download#primaryimage"},"image":{"@id":"https:\/\/www.maxqda.com\/de\/download#primaryimage"},"thumbnailUrl":"https:\/\/www.maxqda.com\/de\/wp\/wp-content\/uploads\/sites\/1\/MAXQDA-Logo-MQ.jpg","datePublished":"2008-01-29T00:39:01+00:00","dateModified":"2026-04-17T07:41:52+00:00","description":"Hier finden Sie aktuelle und fr\u00fchere Versionen von MAXQDA zum Download, sowie Informationen zu Releases und kostenlosen MAXQDA Updates.","breadcrumb":{"@id":"https:\/\/www.maxqda.com\/de\/download#breadcrumb"},"inLanguage":"de","potentialAction":[{"@type":"ReadAction","target":["https:\/\/www.maxqda.com\/de\/download"]}]},{"@type":"ImageObject","inLanguage":"de","@id":"https:\/\/www.maxqda.com\/de\/download#primaryimage","url":"https:\/\/www.maxqda.com\/de\/wp\/wp-content\/uploads\/sites\/1\/MAXQDA-Logo-MQ.jpg","contentUrl":"https:\/\/www.maxqda.com\/de\/wp\/wp-content\/uploads\/sites\/1\/MAXQDA-Logo-MQ.jpg","width":825,"height":825,"caption":"MAXQDA Logo"},{"@type":"BreadcrumbList","@id":"https:\/\/www.maxqda.com\/de\/download#breadcrumb","itemListElement":[{"@type":"ListItem","position":1,"name":"Startseite","item":"https:\/\/www.maxqda.com\/de\/"},{"@type":"ListItem","position":2,"name":"Downloads &#038; Updates"}]},{"@type":"WebSite","@id":"https:\/\/www.maxqda.com\/de\/#website","url":"https:\/\/www.maxqda.com\/de\/","name":"MAXQDA","description":"","publisher":{"@id":"https:\/\/www.maxqda.com\/de\/#organization"},"potentialAction":[{"@type":"SearchAction","target":{"@type":"EntryPoint","urlTemplate":"https:\/\/www.maxqda.com\/de\/?s={search_term_string}"},"query-input":{"@type":"PropertyValueSpecification","valueRequired":true,"valueName":"search_term_string"}}],"inLanguage":"de"},{"@type":"Organization","@id":"https:\/\/www.maxqda.com\/de\/#organization","name":"MAXQDA","url":"https:\/\/www.maxqda.com\/de\/","logo":{"@type":"ImageObject","inLanguage":"de","@id":"https:\/\/www.maxqda.com\/de\/#\/schema\/logo\/image\/","url":"https:\/\/www.maxqda.com\/de\/wp\/wp-content\/uploads\/sites\/1\/MAXQDA-Logo.png","contentUrl":"https:\/\/www.maxqda.com\/de\/wp\/wp-content\/uploads\/sites\/1\/MAXQDA-Logo.png","width":"1000","height":"200","caption":"MAXQDA"},"image":{"@id":"https:\/\/www.maxqda.com\/de\/#\/schema\/logo\/image\/"},"sameAs":["https:\/\/www.facebook.com\/MAXQDA\/","https:\/\/x.com\/VerbiSoftware","https:\/\/www.instagram.com\/maxqda\/","https:\/\/www.youtube.com\/user\/MAXQDA"]}]}},"_links":{"self":[{"href":"https:\/\/www.maxqda.com\/de\/wp-json\/wp\/v2\/pages\/19","targetHints":{"allow":["GET"]}}],"collection":[{"href":"https:\/\/www.maxqda.com\/de\/wp-json\/wp\/v2\/pages"}],"about":[{"href":"https:\/\/www.maxqda.com\/de\/wp-json\/wp\/v2\/types\/page"}],"author":[{"embeddable":true,"href":"https:\/\/www.maxqda.com\/de\/wp-json\/wp\/v2\/users\/1"}],"replies":[{"embeddable":true,"href":"https:\/\/www.maxqda.com\/de\/wp-json\/wp\/v2\/comments?post=19"}],"version-history":[{"count":11,"href":"https:\/\/www.maxqda.com\/de\/wp-json\/wp\/v2\/pages\/19\/revisions"}],"predecessor-version":[{"id":132970,"href":"https:\/\/www.maxqda.com\/de\/wp-json\/wp\/v2\/pages\/19\/revisions\/132970"}],"wp:featuredmedia":[{"embeddable":true,"href":"https:\/\/www.maxqda.com\/de\/wp-json\/wp\/v2\/media\/121894"}],"wp:attachment":[{"href":"https:\/\/www.maxqda.com\/de\/wp-json\/wp\/v2\/media?parent=19"}],"curies":[{"name":"wp","href":"https:\/\/api.w.org\/{rel}","templated":true}]}}