{"id":17,"date":"2025-06-26T08:45:54","date_gmt":"2025-06-26T07:45:54","guid":{"rendered":"https:\/\/www.maxqda.de\/wp2\/index.php\/downloads\/demo"},"modified":"2025-11-26T22:24:16","modified_gmt":"2025-11-26T21:24:16","slug":"testversion","status":"publish","type":"page","link":"https:\/\/www.maxqda.com\/de\/testversion","title":{"rendered":"MAXQDA &#8211; Testversion herunterladen"},"content":{"rendered":"<div class=\"row\">\r\n  <div class=\"large-12\" style=\"background-position: 0px -30px;\">\r\n    <div class=\"large-6 small-12 left\" style=\"padding: 0 30px;\">\r\n      <h2 style=\"font-size: 2,5rem;\">Das ist in Ihrer MAXQDA-Testversion enthalten<\/h2>\r\n      <ul class=\"m-ab\">\r\n        <li><p><strong>Voll funktionsf\u00e4hige<\/strong> 14-t\u00e4gige Testversion<\/p><\/li>\r\n        <li><p>MAXQDA unterst\u00fctzt <strong>alle qualitativen Forschungsmethoden<\/strong><\/p><\/li>\r\n        <li><p>Analysiere Text, Audio, Video, Transkripte und viel mehr<\/p><\/li>\r\n        <li><p><strong>KI-Assistent und -Tools<\/strong> f\u00fcr eine schnellere qualitative Auswertung<\/p><\/li>\r\n        <li><p>Enth\u00e4lt 60 Minuten <strong>kostenlose automatische Transkription<\/strong><\/p><\/li>\r\n        <li><p>Kostenlose <strong>Video-Tutorials<\/strong> und -Guides<\/p><\/li>\r\n      <\/ul>\r\n\r\n      <img decoding=\"async\" class=\"m-ab-img\" data-headline=\"maxqda-screen-illustration\" src=\"https:\/\/www.maxqda.com\/wp\/wp-content\/uploads\/sites\/2\/maxqda-screen-illustration.png\" class=\"alignnone size-full wp-image-133234\" \/>\r\n    <\/div>\r\n    <div class=\"large-6 small-12 left\">\r\n\t[Demoformular]\r\n<\/div>\r\n<\/div>\r\n<\/div>","protected":false},"excerpt":{"rendered":"<p>Das ist in Ihrer MAXQDA-Testversion enthalten Voll funktionsf\u00e4hige 14-t\u00e4gige Testversion MAXQDA unterst\u00fctzt alle qualitativen Forschungsmethoden Analysiere Text, Audio, Video, Transkripte und viel mehr KI-Assistent und -Tools f\u00fcr eine schnellere qualitative Auswertung Enth\u00e4lt 60 Minuten kostenlose automatische Transkription Kostenlose Video-Tutorials und -Guides [Demoformular]<\/p>\n","protected":false},"author":1,"featured_media":121894,"parent":0,"menu_order":160,"comment_status":"closed","ping_status":"closed","template":"tpl_demoformular2022.php","meta":{"_acf_changed":false,"_relevanssi_hide_post":"","_relevanssi_hide_content":"","_relevanssi_pin_for_all":"","_relevanssi_pin_keywords":"","_relevanssi_unpin_keywords":"","_relevanssi_related_keywords":"","_relevanssi_related_include_ids":"","_relevanssi_related_exclude_ids":"","_relevanssi_related_no_append":"","_relevanssi_related_not_related":"","_relevanssi_related_posts":"","_relevanssi_noindex_reason":"","footnotes":""},"class_list":["post-17","page","type-page","status-publish","has-post-thumbnail","hentry"],"acf":[],"yoast_head":"<!-- This site is optimized with the Yoast SEO Premium plugin v27.1 (Yoast SEO v27.1.1) - https:\/\/yoast.com\/product\/yoast-seo-premium-wordpress\/ -->\n<title>MAXQDA herunterladen | Testversion | Offizielle Webseite<\/title>\n<meta name=\"description\" content=\"MAXQDA Testversion herunterladen: voll funktionsf\u00e4hige 14-t\u00e4gige Testversion \u2013 inklusive AI-Assist und -Tools f\u00fcr eine schnellere Auswertung\" \/>\n<meta name=\"robots\" content=\"index, follow, max-snippet:-1, max-image-preview:large, max-video-preview:-1\" \/>\n<link rel=\"canonical\" href=\"https:\/\/www.maxqda.com\/de\/testversion\" \/>\n<meta property=\"og:locale\" content=\"de_DE\" \/>\n<meta property=\"og:type\" content=\"article\" \/>\n<meta property=\"og:title\" content=\"MAXQDA 24 | 14 Tage lang kostenfrei und unverbindlich testen\" \/>\n<meta property=\"og:description\" content=\"Professionelle Datenanalyse f\u00fcr Qualitative und Mixed Methods-Forschung. Mit der 14-t\u00e4gigen Demoversion k\u00f6nnen Sie MAXQDA inkl. AI Assist an Ihren eigenen Daten oder mit den enthaltenen Beispielprojekten testen.\" \/>\n<meta property=\"og:url\" content=\"https:\/\/www.maxqda.com\/de\/testversion\" \/>\n<meta property=\"og:site_name\" content=\"MAXQDA\" \/>\n<meta property=\"article:publisher\" content=\"https:\/\/www.facebook.com\/MAXQDA\/\" \/>\n<meta property=\"article:modified_time\" content=\"2025-11-26T21:24:16+00:00\" \/>\n<meta property=\"og:image\" content=\"https:\/\/www.maxqda.com\/de\/wp\/wp-content\/uploads\/sites\/1\/MAXQDA-Die-1-Software-fuer-qualitative-und-Mixed-Methods-Datenanalyse.png?_t=1764192259\" \/>\n\t<meta property=\"og:image:width\" content=\"1200\" \/>\n\t<meta property=\"og:image:height\" content=\"630\" \/>\n\t<meta property=\"og:image:type\" content=\"image\/png\" \/>\n<meta name=\"twitter:card\" content=\"summary_large_image\" \/>\n<meta name=\"twitter:title\" content=\"MAXQDA 24 | 14 Tage lang kostenfrei und unverbindlich testen\" \/>\n<meta name=\"twitter:description\" content=\"Mit der 14-t\u00e4gigen Demoversion k\u00f6nnen Sie MAXQDA an Ihren eigenen Daten oder mit den enthaltenen Beispielprojekten testen.\" \/>\n<meta name=\"twitter:site\" content=\"@VerbiSoftware\" \/>\n<meta name=\"twitter:label1\" content=\"Gesch\u00e4tzte Lesezeit\" \/>\n\t<meta name=\"twitter:data1\" content=\"1\u00a0Minute\" \/>\n<script type=\"application\/ld+json\" class=\"yoast-schema-graph\">{\"@context\":\"https:\/\/schema.org\",\"@graph\":[{\"@type\":\"WebPage\",\"@id\":\"https:\/\/www.maxqda.com\/de\/testversion\",\"url\":\"https:\/\/www.maxqda.com\/de\/testversion\",\"name\":\"MAXQDA herunterladen | Testversion | Offizielle Webseite\",\"isPartOf\":{\"@id\":\"https:\/\/www.maxqda.com\/de\/#website\"},\"primaryImageOfPage\":{\"@id\":\"https:\/\/www.maxqda.com\/de\/testversion#primaryimage\"},\"image\":{\"@id\":\"https:\/\/www.maxqda.com\/de\/testversion#primaryimage\"},\"thumbnailUrl\":\"https:\/\/www.maxqda.com\/de\/wp\/wp-content\/uploads\/sites\/1\/MAXQDA-Logo-MQ.jpg\",\"datePublished\":\"2025-06-26T07:45:54+00:00\",\"dateModified\":\"2025-11-26T21:24:16+00:00\",\"description\":\"MAXQDA Testversion herunterladen: voll funktionsf\u00e4hige 14-t\u00e4gige Testversion \u2013 inklusive AI-Assist und -Tools f\u00fcr eine schnellere Auswertung\",\"breadcrumb\":{\"@id\":\"https:\/\/www.maxqda.com\/de\/testversion#breadcrumb\"},\"inLanguage\":\"de\",\"potentialAction\":[{\"@type\":\"ReadAction\",\"target\":[\"https:\/\/www.maxqda.com\/de\/testversion\"]}]},{\"@type\":\"ImageObject\",\"inLanguage\":\"de\",\"@id\":\"https:\/\/www.maxqda.com\/de\/testversion#primaryimage\",\"url\":\"https:\/\/www.maxqda.com\/de\/wp\/wp-content\/uploads\/sites\/1\/MAXQDA-Logo-MQ.jpg\",\"contentUrl\":\"https:\/\/www.maxqda.com\/de\/wp\/wp-content\/uploads\/sites\/1\/MAXQDA-Logo-MQ.jpg\",\"width\":825,\"height\":825,\"caption\":\"MAXQDA Logo\"},{\"@type\":\"BreadcrumbList\",\"@id\":\"https:\/\/www.maxqda.com\/de\/testversion#breadcrumb\",\"itemListElement\":[{\"@type\":\"ListItem\",\"position\":1,\"name\":\"Startseite\",\"item\":\"https:\/\/www.maxqda.com\/de\/\"},{\"@type\":\"ListItem\",\"position\":2,\"name\":\"MAXQDA &#8211; Testversion herunterladen\"}]},{\"@type\":\"WebSite\",\"@id\":\"https:\/\/www.maxqda.com\/de\/#website\",\"url\":\"https:\/\/www.maxqda.com\/de\/\",\"name\":\"MAXQDA\",\"description\":\"\",\"publisher\":{\"@id\":\"https:\/\/www.maxqda.com\/de\/#organization\"},\"potentialAction\":[{\"@type\":\"SearchAction\",\"target\":{\"@type\":\"EntryPoint\",\"urlTemplate\":\"https:\/\/www.maxqda.com\/de\/?s={search_term_string}\"},\"query-input\":{\"@type\":\"PropertyValueSpecification\",\"valueRequired\":true,\"valueName\":\"search_term_string\"}}],\"inLanguage\":\"de\"},{\"@type\":\"Organization\",\"@id\":\"https:\/\/www.maxqda.com\/de\/#organization\",\"name\":\"MAXQDA\",\"url\":\"https:\/\/www.maxqda.com\/de\/\",\"logo\":{\"@type\":\"ImageObject\",\"inLanguage\":\"de\",\"@id\":\"https:\/\/www.maxqda.com\/de\/#\/schema\/logo\/image\/\",\"url\":\"https:\/\/www.maxqda.com\/de\/wp\/wp-content\/uploads\/sites\/1\/MAXQDA-Logo.png\",\"contentUrl\":\"https:\/\/www.maxqda.com\/de\/wp\/wp-content\/uploads\/sites\/1\/MAXQDA-Logo.png\",\"width\":\"1000\",\"height\":\"200\",\"caption\":\"MAXQDA\"},\"image\":{\"@id\":\"https:\/\/www.maxqda.com\/de\/#\/schema\/logo\/image\/\"},\"sameAs\":[\"https:\/\/www.facebook.com\/MAXQDA\/\",\"https:\/\/x.com\/VerbiSoftware\",\"https:\/\/www.instagram.com\/maxqda\/\",\"https:\/\/www.youtube.com\/user\/MAXQDA\"]}]}<\/script>\n<!-- \/ Yoast SEO Premium plugin. -->","yoast_head_json":{"title":"MAXQDA herunterladen | Testversion | Offizielle Webseite","description":"MAXQDA Testversion herunterladen: voll funktionsf\u00e4hige 14-t\u00e4gige Testversion \u2013 inklusive AI-Assist und -Tools f\u00fcr eine schnellere Auswertung","robots":{"index":"index","follow":"follow","max-snippet":"max-snippet:-1","max-image-preview":"max-image-preview:large","max-video-preview":"max-video-preview:-1"},"canonical":"https:\/\/www.maxqda.com\/de\/testversion","og_locale":"de_DE","og_type":"article","og_title":"MAXQDA 24 | 14 Tage lang kostenfrei und unverbindlich testen","og_description":"Professionelle Datenanalyse f\u00fcr Qualitative und Mixed Methods-Forschung. Mit der 14-t\u00e4gigen Demoversion k\u00f6nnen Sie MAXQDA inkl. AI Assist an Ihren eigenen Daten oder mit den enthaltenen Beispielprojekten testen.","og_url":"https:\/\/www.maxqda.com\/de\/testversion","og_site_name":"MAXQDA","article_publisher":"https:\/\/www.facebook.com\/MAXQDA\/","article_modified_time":"2025-11-26T21:24:16+00:00","og_image":[{"width":1200,"height":630,"url":"https:\/\/www.maxqda.com\/de\/wp\/wp-content\/uploads\/sites\/1\/MAXQDA-Die-1-Software-fuer-qualitative-und-Mixed-Methods-Datenanalyse.png?_t=1764192259","type":"image\/png"}],"twitter_card":"summary_large_image","twitter_title":"MAXQDA 24 | 14 Tage lang kostenfrei und unverbindlich testen","twitter_description":"Mit der 14-t\u00e4gigen Demoversion k\u00f6nnen Sie MAXQDA an Ihren eigenen Daten oder mit den enthaltenen Beispielprojekten testen.","twitter_site":"@VerbiSoftware","twitter_misc":{"Gesch\u00e4tzte Lesezeit":"1\u00a0Minute"},"schema":{"@context":"https:\/\/schema.org","@graph":[{"@type":"WebPage","@id":"https:\/\/www.maxqda.com\/de\/testversion","url":"https:\/\/www.maxqda.com\/de\/testversion","name":"MAXQDA herunterladen | Testversion | Offizielle Webseite","isPartOf":{"@id":"https:\/\/www.maxqda.com\/de\/#website"},"primaryImageOfPage":{"@id":"https:\/\/www.maxqda.com\/de\/testversion#primaryimage"},"image":{"@id":"https:\/\/www.maxqda.com\/de\/testversion#primaryimage"},"thumbnailUrl":"https:\/\/www.maxqda.com\/de\/wp\/wp-content\/uploads\/sites\/1\/MAXQDA-Logo-MQ.jpg","datePublished":"2025-06-26T07:45:54+00:00","dateModified":"2025-11-26T21:24:16+00:00","description":"MAXQDA Testversion herunterladen: voll funktionsf\u00e4hige 14-t\u00e4gige Testversion \u2013 inklusive AI-Assist und -Tools f\u00fcr eine schnellere Auswertung","breadcrumb":{"@id":"https:\/\/www.maxqda.com\/de\/testversion#breadcrumb"},"inLanguage":"de","potentialAction":[{"@type":"ReadAction","target":["https:\/\/www.maxqda.com\/de\/testversion"]}]},{"@type":"ImageObject","inLanguage":"de","@id":"https:\/\/www.maxqda.com\/de\/testversion#primaryimage","url":"https:\/\/www.maxqda.com\/de\/wp\/wp-content\/uploads\/sites\/1\/MAXQDA-Logo-MQ.jpg","contentUrl":"https:\/\/www.maxqda.com\/de\/wp\/wp-content\/uploads\/sites\/1\/MAXQDA-Logo-MQ.jpg","width":825,"height":825,"caption":"MAXQDA Logo"},{"@type":"BreadcrumbList","@id":"https:\/\/www.maxqda.com\/de\/testversion#breadcrumb","itemListElement":[{"@type":"ListItem","position":1,"name":"Startseite","item":"https:\/\/www.maxqda.com\/de\/"},{"@type":"ListItem","position":2,"name":"MAXQDA &#8211; Testversion herunterladen"}]},{"@type":"WebSite","@id":"https:\/\/www.maxqda.com\/de\/#website","url":"https:\/\/www.maxqda.com\/de\/","name":"MAXQDA","description":"","publisher":{"@id":"https:\/\/www.maxqda.com\/de\/#organization"},"potentialAction":[{"@type":"SearchAction","target":{"@type":"EntryPoint","urlTemplate":"https:\/\/www.maxqda.com\/de\/?s={search_term_string}"},"query-input":{"@type":"PropertyValueSpecification","valueRequired":true,"valueName":"search_term_string"}}],"inLanguage":"de"},{"@type":"Organization","@id":"https:\/\/www.maxqda.com\/de\/#organization","name":"MAXQDA","url":"https:\/\/www.maxqda.com\/de\/","logo":{"@type":"ImageObject","inLanguage":"de","@id":"https:\/\/www.maxqda.com\/de\/#\/schema\/logo\/image\/","url":"https:\/\/www.maxqda.com\/de\/wp\/wp-content\/uploads\/sites\/1\/MAXQDA-Logo.png","contentUrl":"https:\/\/www.maxqda.com\/de\/wp\/wp-content\/uploads\/sites\/1\/MAXQDA-Logo.png","width":"1000","height":"200","caption":"MAXQDA"},"image":{"@id":"https:\/\/www.maxqda.com\/de\/#\/schema\/logo\/image\/"},"sameAs":["https:\/\/www.facebook.com\/MAXQDA\/","https:\/\/x.com\/VerbiSoftware","https:\/\/www.instagram.com\/maxqda\/","https:\/\/www.youtube.com\/user\/MAXQDA"]}]}},"_links":{"self":[{"href":"https:\/\/www.maxqda.com\/de\/wp-json\/wp\/v2\/pages\/17","targetHints":{"allow":["GET"]}}],"collection":[{"href":"https:\/\/www.maxqda.com\/de\/wp-json\/wp\/v2\/pages"}],"about":[{"href":"https:\/\/www.maxqda.com\/de\/wp-json\/wp\/v2\/types\/page"}],"author":[{"embeddable":true,"href":"https:\/\/www.maxqda.com\/de\/wp-json\/wp\/v2\/users\/1"}],"replies":[{"embeddable":true,"href":"https:\/\/www.maxqda.com\/de\/wp-json\/wp\/v2\/comments?post=17"}],"version-history":[{"count":3,"href":"https:\/\/www.maxqda.com\/de\/wp-json\/wp\/v2\/pages\/17\/revisions"}],"predecessor-version":[{"id":131770,"href":"https:\/\/www.maxqda.com\/de\/wp-json\/wp\/v2\/pages\/17\/revisions\/131770"}],"wp:featuredmedia":[{"embeddable":true,"href":"https:\/\/www.maxqda.com\/de\/wp-json\/wp\/v2\/media\/121894"}],"wp:attachment":[{"href":"https:\/\/www.maxqda.com\/de\/wp-json\/wp\/v2\/media?parent=17"}],"curies":[{"name":"wp","href":"https:\/\/api.w.org\/{rel}","templated":true}]}}