{"id":14,"date":"2008-01-28T23:09:20","date_gmt":"2008-01-28T22:09:20","guid":{"rendered":"https:\/\/www.maxqda.de\/wp2\/index.php\/produkte\/maxreader"},"modified":"2026-04-08T10:46:37","modified_gmt":"2026-04-08T09:46:37","slug":"maxreader","status":"publish","type":"page","link":"https:\/\/www.maxqda.com\/de\/produkte\/maxreader","title":{"rendered":"MAXQDA Reader &#8211; Kostenfreier Reader f\u00fcr MAXQDA-Projekte"},"content":{"rendered":"<div class=\"row\">\r\n<div class=\"large-12 columns\">\r\n\r\n<h2>Kostenfreier Reader f\u00fcr MAXQDA-Projekte<\/h2>\r\n<\/div>\r\n<\/div>\r\n\r\n\r\n<div class=\"row\">\r\n<div class=\"large-6 columns\">\r\n<p>Das Anschauen, Nachschlagen und Nachvollziehen von MAXQDA-Projekten ist mit dem kostenlosen Reader (Windows und Mac) auch ohne MAXQDA-Lizenz m\u00f6glich. Teilen Sie Ihre Ergebnisse als read-only Kopie mit Teammitgliedern oder Ihre:r Betreuer:in. Datenbearbeitungen und Codierungen sind mit dem kostenlosen Reader nicht m\u00f6glich &#8211; erwerben Sie hierzu einfach eine Lizenz oder nutzen Sie die <a href=\"https:\/\/www.maxqda.com\/de\/testversion\">vollfunktionsf\u00e4hige 14-t\u00e4gige Testversion<\/a>.<\/p>\r\n<p><strong>Wissensmanagement<\/strong> &#8211; Beliebige Wissensbest\u00e4nde k\u00f6nnen kontrolliert speziellen Zielgruppen verf\u00fcgbar gemacht werden, ohne eine Manipulation der Daten zu erlauben.<\/p>\r\n<p><strong>Gutachten<\/strong> &#8211; Gutachterinnen und Gutachter k\u00f6nnen die Projektdaten von Studierenden oder Promovierenden sichten und nachvollziehen.<\/p>\r\n\r\n<\/div>\r\n<div class=\"large-6 columns\">\r\n<p><strong>Museen und Bibliotheken<\/strong> &#8211; Projektdaten zur Durchforstung zur Verf\u00fcgung stellen, ohne dass diese ver\u00e4ndert oder erg\u00e4nzt werden k\u00f6nnen.<\/p>\r\n<p><strong>Forschungswerkst\u00e4tten<\/strong> &#8211; Das eigene Datenmaterial kann unbesorgt verf\u00fcgbar gemacht werden, ohne es dabei wirklich &#8222;aus der Hand&#8220; zu geben.<\/p>\r\n<p><strong>Teamarbeit<\/strong> &#8211; In Teams k\u00f6nnen an nicht ver\u00e4nderbaren Dateien erste Analyseschritte besprochen werden. Auch Teammitglieder, die nicht selbst mit MAXQDA arbeiten, k\u00f6nnen so Einsicht in den Stand von Projekten erhalten und so ihr Feedback mit Ihnen und der Gruppe teilen. Weitere Beispiele und  Szenarien zur Teamarbeit mit MAXQDA finden Sie auch in unserem <a href=\"https:\/\/www.maxqda.com\/blog\">MAXQDA Research Blog<\/a>.<\/p>\r\n<\/div>\r\n<\/div>\r\n\r\n<div class=\"row\">\r\n<div class=\"large-12 large-centered columns\">\r\n<h2  align=\"center\">Download Reader f\u00fcr MAXQDA<\/h2>\r\n\r\n<div class=\"row\" >\r\n<div class=\"large-12 columns text-center\">\r\n<figure><img decoding=\"async\" src=\"https:\/\/www.maxqda.com\/wp\/wp-content\/uploads\/sites\/2\/MAXQDA_Reader_24_Program_Icon.png\" width=\"175\" title=\"MAXQDA Reader\" alt=\"MAXQDA Reader\" class=\"aligncenter\" style=\"margin-top:40px;\"\/><\/figure>\r\n\r\n\t<span style=\"font-size: x-small;\">Mit dem Herunterladen der Readerversion stimmen Sie unseren <a href=\"https:\/\/www.maxqda.com\/de\/agb\">AGB<\/a> zu.<\/span>\r\n<p style=\"margin-top:35px; text-align:center\"><a class=\"button\" title=\"Kostenfreier Download - MAXQDA Reader (Win)\" href=\"https:\/\/updates.maxqda.de\/MAXQDA\/MAXQDA_Reader_Setup.msi\">Reader f\u00fcr Win<\/a><a class=\"button\" title=\"<Kostenfreier Download - MAXQDA Reader (Mac)\" href=\"https:\/\/updates.maxqda.de\/MAXQDA\/MAXQDA_Reader.dmg\">Reader f\u00fcr Mac<\/a><\/p>\r\n<\/div>\r\n<\/div>\r\n\r\n\t\r\n\t<ul style=\"margin-left:100px;\">\r\n\t<li>Auswertungsschritte nachvollziehen<\/li>\r\n<li>Dokumente und Memos lesen<\/li>\r\n<li>Codes anschauen<\/li>\r\n<li>Dokumente und Codes aktivieren<\/li>\r\n<li>Textretrieval durchf\u00fchren<\/li>\r\n<li>Dokumente via Dokumentvariablen aktivieren<\/li>\r\n<li>\u00dcbersichten von: Memos, Links, Variablen, Codeh\u00e4ufigkeiten, Index der Codings erstellen<\/li>\r\n<li>Nach Begriffen suchen<\/li>\r\n<\/ul>\r\n<\/div>\r\n\r\n\r\n<hr>\r\n\r\n<h2  align=\"center\">Download older MAXQDA Reader Versions<\/h2>\r\n\r\n<div class=\"row\">\r\n<div class=\"large-12 large-centered columns\">\r\n<h3  align=\"center\">Download Reader f\u00fcr MAXQDA 24<\/h3>\r\n\r\n<div class=\"row\" >\r\n<div class=\"large-12 columns text-center\">\r\n<figure><img decoding=\"async\" src=\"https:\/\/www.maxqda.com\/wp\/wp-content\/uploads\/sites\/2\/MAXQDA_Reader_24_Program_Icon.png\" width=\"175\" title=\"MAXQDA Reader\" alt=\"MAXQDA Reader\" class=\"aligncenter\" style=\"margin-top:40px;\"\/><\/figure>\r\n\t<span style=\"font-size: x-small;\">Mit dem Herunterladen der Readerversion stimmen Sie unseren <a href=\"https:\/\/www.maxqda.com\/de\/agb\">AGB<\/a> zu.<\/span>\r\n<p style=\"margin-top:35px; text-align:center\"><a class=\"button\" title=\"Kostenfreier Download - MAXQDA Reader (Win)\" href=\"https:\/\/updates.maxqda.de\/24\/MAXQDA24_Reader_Setup.msi\">Reader f\u00fcr Win<\/a><a class=\"button\" title=\"<Kostenfreier Download - MAXQDA 24 Reader (Mac)\" href=\"https:\/\/updates.maxqda.de\/24\/MAXQDA24_Reader.dmg\">Reader f\u00fcr Mac<\/a><\/p>\r\n<\/div>\r\n<\/div>\r\n\r\n<div class=\"row\">\r\n<div class=\"large-12 large-centered columns\">\r\n<h3  align=\"center\">Download Reader f\u00fcr MAXQDA 2022<\/h3>\r\n\r\n<div class=\"row\" >\r\n<div class=\"large-12 columns text-center\">\r\n<figure><img decoding=\"async\" src=\"https:\/\/www.maxqda.com\/de\/wp\/wp-content\/uploads\/MQ22-Reader.png\" width=\"175\" title=\"MAXQDA Reader\" alt=\"MAXQDA Reader\" class=\"aligncenter\" style=\"margin-top:40px;\"\/><\/figure>\r\n\t<span style=\"font-size: x-small;\">Mit dem Herunterladen der Readerversion stimmen Sie unseren <a href=\"https:\/\/www.maxqda.com\/de\/agb\">AGB<\/a> zu.<\/span>\r\n<p style=\"margin-top:35px; text-align:center\"><a class=\"button\" title=\"Kostenfreier Download - MAXQDA Reader (Win)\" href=\"https:\/\/updates.maxqda.de\/2022\/MAXQDA2022_Reader_Setup.msi\">Reader f\u00fcr Win<\/a><a class=\"button\" title=\"<Kostenfreier Download - MAXQDA 2022 Reader (Mac)\" href=\"https:\/\/updates.maxqda.de\/2022\/MAXQDA2022_Reader.dmg\">Reader f\u00fcr Mac<\/a><\/p>\r\n<\/div>\r\n<\/div>\r\n\r\n<h3 align=\"center\">Reader f\u00fcr MAXQDA 2020<\/h3>\r\n\r\n<div class=\"row\" >\r\n<div class=\"large-12 columns text-center\">\r\n<figure><img decoding=\"async\" src=\"https:\/\/www.maxqda.com\/de\/wp\/wp-content\/uploads\/mq2020readericon.png\" width=\"175\" title=\"MAXQDA Reader\" alt=\"MAXQDA Reader\" class=\"aligncenter\" style=\"margin-top:40px;\"\/><\/figure>\r\n\t<span style=\"font-size: x-small;\">Mit dem Herunterladen der Readerversion stimmen Sie unseren <a href=\"https:\/\/www.maxqda.com\/de\/agb\">AGB<\/a> zu.<\/span>\r\n<p style=\"margin-top:35px; text-align:center\"><a class=\"button\" title=\"Kostenfreier Download - MAXQDA Reader (Win)\" href=\"https:\/\/www.maxqda.com\/de\/updates\/2020\/MAXQDA2020_Reader_Setup.msi\">Reader f\u00fcr Win<\/a><a class=\"button\" title=\"<Kostenfreier Download - MAXQDA 2020 Reader (Mac)\" href=\"https:\/\/www.maxqda.com\/de\/updates\/2020\/MAXQDA2020_Reader.dmg\">Reader f\u00fcr Mac<\/a><\/p>\r\n<\/div>\r\n<\/div>\r\n\r\n<hr>\r\n\r\n<div class=\"content\" id=\"panel02\">\r\n\r\n<div class=\"row\" >\r\n<div class=\"large-12 columns text-center\">\r\n<h3 align=\"center\">Reader f\u00fcr MAXQDA 2018<\/h3>\r\n\r\n<figure><img decoding=\"async\" src=\"https:\/\/www.maxqda.com\/wp\/wp-content\/uploads\/sites\/2\/Reader_1024.png\" width=\"120\" title=\"MAXQDA Reader\" alt=\"MAXQDA Reader\"\/><\/figure>\r\n\t<p align=\"center\" style=\"font-size: x-small;\">Mit dem Herunterladen der Readerversion stimmen Sie unseren <a href=\"https:\/\/www.maxqda.com\/de\/agb\">AGB<\/a> zu.<\/p>\r\n<p style=\"margin-top:35px;\"><a class=\"button\" title=\"Kostenfreier Download - MAXQDA Reader (Win)\" href=\"https:\/\/www.maxqda.com\/de\/updates\/2018\/MAXQDA2018_Reader_Setup.msi\">Reader f\u00fcr Win<\/a><a class=\"button\" title=\"<Kostenfreier Download - MAXQDA 2018 Reader (Mac)\" href=\"https:\/\/www.maxqda.com\/de\/updates\/2018\/MAXQDA2018_Reader.dmg\">Reader f\u00fcr Mac<\/a><\/p>\r\n<\/div>\r\n<\/div>\r\n\r\n<hr>\r\n\r\n\r\n<div class=\"row\" >\r\n<div class=\"large-12 columns text-center\">\r\n<h3 align=\"center\">Reader f\u00fcr MAXQDA 12<\/h3>\r\n\r\n<figure><img decoding=\"async\" src=\"https:\/\/www.maxqda.com\/de\/wp\/wp-content\/uploads\/MAXQDA_Reader.png\" width=\"120\" title=\"MAXQDA Reader\" alt=\"MAXQDA Reader\"\/><\/figure>\r\n\t<p align=\"center\" style=\"font-size: x-small;\">Mit dem Herunterladen der Readerversion stimmen Sie unseren <a href=\"https:\/\/www.maxqda.com\/de\/agb\">AGB<\/a> zu.<\/p>\r\n<p style=\"margin-top:35px;\"><a class=\"button\" title=\"Kostenfreier Download - MAXQDA Reader (Win)\" href=\"https:\/\/www.maxqda.com\/de\/updates\/12\/MAXQDA12_Reader_Setup.msi \">Reader f\u00fcr Win<\/a><a class=\"button\" title=\"<Kostenfreier Download - MAXQDA 12 Reader (Mac)\" href=\"https:\/\/www.maxqda.com\/de\/updates\/12\/MAXQDA12_Reader.dmg\">Reader f\u00fcr Mac<\/a><\/p>\r\n<\/div>\r\n<\/div>\r\n\r\n<hr>\r\n\r\n\r\n\r\n<div class=\"row\" >\r\n<div class=\"large-12 columns text-center\">\r\n<h3 align=\"center\">MAXReader 11<\/h3>\r\n\r\n<figure><img decoding=\"async\" src=\"https:\/\/www.maxqda.com\/wp\/wp-content\/uploads\/sites\/2\/MAXReader-11.png\" width=\"120\" title=\"MAXQDA Reader\" alt=\"MAXQDA Reader\"\/><\/figure>\r\n\t<p align=\"center\" style=\"font-size: x-small;\">Mit dem Herunterladen der Readerversion stimmen Sie unseren <a href=\"https:\/\/www.maxqda.com\/de\/agb\">AGB<\/a> zu.<\/p>\r\n<p style=\"margin-top:35px;\"><a class=\"button\" title=\"Kostenfreier Download - MAXQDA Reader (Win)\" href=\"https:\/\/www.maxqda.com\/de\/updates\/MAXQDA11Reader_Setup.exe \">Reader f\u00fcr Win<\/a><a class=\"button\" title=\"<Kostenfreier Download - MAXQDA 11 Reader (Mac)\" href=\"https:\/\/www.maxqda.com\/de\/updates\/mac\/MAXQDA11_Reader.dmg\">Reader f\u00fcr Mac<\/a><\/p>\r\n<\/div>\r\n<\/div>\r\n\r\n\r\n\r\n<\/div>\r\n<\/div>\r\n","protected":false},"excerpt":{"rendered":"<p>Kostenfreier Reader f\u00fcr MAXQDA-Projekte Das Anschauen, Nachschlagen und Nachvollziehen von MAXQDA-Projekten ist mit dem kostenlosen Reader (Windows und Mac) auch ohne MAXQDA-Lizenz m\u00f6glich. Teilen Sie Ihre Ergebnisse als read-only Kopie mit Teammitgliedern oder Ihre:r Betreuer:in. Datenbearbeitungen und Codierungen sind mit dem kostenlosen Reader nicht m\u00f6glich &#8211; erwerben Sie hierzu einfach eine Lizenz oder nutzen Sie [&hellip;]<\/p>\n","protected":false},"author":1,"featured_media":121894,"parent":10,"menu_order":32,"comment_status":"closed","ping_status":"closed","template":"custom-page-header.php","meta":{"_acf_changed":false,"_relevanssi_hide_post":"","_relevanssi_hide_content":"","_relevanssi_pin_for_all":"","_relevanssi_pin_keywords":"","_relevanssi_unpin_keywords":"","_relevanssi_related_keywords":"","_relevanssi_related_include_ids":"","_relevanssi_related_exclude_ids":"","_relevanssi_related_no_append":"","_relevanssi_related_not_related":"","_relevanssi_related_posts":"","_relevanssi_noindex_reason":"","footnotes":""},"class_list":["post-14","page","type-page","status-publish","has-post-thumbnail","hentry"],"acf":[],"yoast_head":"<!-- This site is optimized with the Yoast SEO Premium plugin v27.1 (Yoast SEO v27.1.1) - https:\/\/yoast.com\/product\/yoast-seo-premium-wordpress\/ -->\n<title>MAXQDA Reader | Kostenlos MAXQDA Projekte lesen<\/title>\n<meta name=\"description\" content=\"Mit dem kostenlosen MAXQDA Reader k\u00f6nnen Sie MAXQDA-Projekte sichten und nachvollziehen. Teilen Sie auf diese Weise Ihre Forschungsergebnisse mit anderen.\" \/>\n<meta name=\"robots\" content=\"index, follow, max-snippet:-1, max-image-preview:large, max-video-preview:-1\" \/>\n<link rel=\"canonical\" href=\"https:\/\/www.maxqda.com\/de\/produkte\/maxreader\" \/>\n<meta property=\"og:locale\" content=\"de_DE\" \/>\n<meta property=\"og:type\" content=\"article\" \/>\n<meta property=\"og:title\" content=\"MAXQDA Reader | Kostenlos MAXQDA Projekte lesen\" \/>\n<meta property=\"og:description\" content=\"Mit dem kostenlosen MAXQDA Reader k\u00f6nnen Sie MAXQDA-Projekte sichten und nachvollziehen. Teilen Sie auf diese Weise Ihre Forschungsergebnisse mit anderen.\" \/>\n<meta property=\"og:url\" content=\"https:\/\/www.maxqda.com\/de\/produkte\/maxreader\" \/>\n<meta property=\"og:site_name\" content=\"MAXQDA\" \/>\n<meta property=\"article:publisher\" content=\"https:\/\/www.facebook.com\/MAXQDA\/\" \/>\n<meta property=\"article:modified_time\" content=\"2026-04-08T09:46:37+00:00\" \/>\n<meta property=\"og:image\" content=\"https:\/\/www.maxqda.com\/de\/wp\/wp-content\/uploads\/sites\/1\/MAXQDA-Die-1-Software-fuer-qualitative-und-Mixed-Methods-Datenanalyse.png?_t=1775641475\" \/>\n\t<meta property=\"og:image:width\" content=\"1200\" \/>\n\t<meta property=\"og:image:height\" content=\"630\" \/>\n\t<meta property=\"og:image:type\" content=\"image\/png\" \/>\n<meta name=\"twitter:card\" content=\"summary_large_image\" \/>\n<meta name=\"twitter:title\" content=\"MAXQDA Reader | Kostenlos MAXQDA Projekte lesen\" \/>\n<meta name=\"twitter:description\" content=\"Mit dem kostenlosen MAXQDA Reader k\u00f6nnen Sie MAXQDA-Projekte sichten und nachvollziehen. Teilen Sie auf diese Weise Ihre Forschungsergebnisse mit anderen.\" \/>\n<meta name=\"twitter:site\" content=\"@VerbiSoftware\" \/>\n<meta name=\"twitter:label1\" content=\"Gesch\u00e4tzte Lesezeit\" \/>\n\t<meta name=\"twitter:data1\" content=\"4\u00a0Minuten\" \/>\n<script type=\"application\/ld+json\" class=\"yoast-schema-graph\">{\"@context\":\"https:\/\/schema.org\",\"@graph\":[{\"@type\":\"WebPage\",\"@id\":\"https:\/\/www.maxqda.com\/de\/produkte\/maxreader\",\"url\":\"https:\/\/www.maxqda.com\/de\/produkte\/maxreader\",\"name\":\"MAXQDA Reader | Kostenlos MAXQDA Projekte lesen\",\"isPartOf\":{\"@id\":\"https:\/\/www.maxqda.com\/de\/#website\"},\"primaryImageOfPage\":{\"@id\":\"https:\/\/www.maxqda.com\/de\/produkte\/maxreader#primaryimage\"},\"image\":{\"@id\":\"https:\/\/www.maxqda.com\/de\/produkte\/maxreader#primaryimage\"},\"thumbnailUrl\":\"https:\/\/www.maxqda.com\/de\/wp\/wp-content\/uploads\/sites\/1\/MAXQDA-Logo-MQ.jpg\",\"datePublished\":\"2008-01-28T22:09:20+00:00\",\"dateModified\":\"2026-04-08T09:46:37+00:00\",\"description\":\"Mit dem kostenlosen MAXQDA Reader k\u00f6nnen Sie MAXQDA-Projekte sichten und nachvollziehen. Teilen Sie auf diese Weise Ihre Forschungsergebnisse mit anderen.\",\"breadcrumb\":{\"@id\":\"https:\/\/www.maxqda.com\/de\/produkte\/maxreader#breadcrumb\"},\"inLanguage\":\"de\",\"potentialAction\":[{\"@type\":\"ReadAction\",\"target\":[\"https:\/\/www.maxqda.com\/de\/produkte\/maxreader\"]}]},{\"@type\":\"ImageObject\",\"inLanguage\":\"de\",\"@id\":\"https:\/\/www.maxqda.com\/de\/produkte\/maxreader#primaryimage\",\"url\":\"https:\/\/www.maxqda.com\/de\/wp\/wp-content\/uploads\/sites\/1\/MAXQDA-Logo-MQ.jpg\",\"contentUrl\":\"https:\/\/www.maxqda.com\/de\/wp\/wp-content\/uploads\/sites\/1\/MAXQDA-Logo-MQ.jpg\",\"width\":825,\"height\":825,\"caption\":\"MAXQDA Logo\"},{\"@type\":\"BreadcrumbList\",\"@id\":\"https:\/\/www.maxqda.com\/de\/produkte\/maxreader#breadcrumb\",\"itemListElement\":[{\"@type\":\"ListItem\",\"position\":1,\"name\":\"Startseite\",\"item\":\"https:\/\/www.maxqda.com\/de\/\"},{\"@type\":\"ListItem\",\"position\":2,\"name\":\"MAXQDA Produkte\",\"item\":\"https:\/\/www.maxqda.com\/de\/produkte\"},{\"@type\":\"ListItem\",\"position\":3,\"name\":\"MAXQDA Reader &#8211; Kostenfreier Reader f\u00fcr MAXQDA-Projekte\"}]},{\"@type\":\"WebSite\",\"@id\":\"https:\/\/www.maxqda.com\/de\/#website\",\"url\":\"https:\/\/www.maxqda.com\/de\/\",\"name\":\"MAXQDA\",\"description\":\"\",\"publisher\":{\"@id\":\"https:\/\/www.maxqda.com\/de\/#organization\"},\"potentialAction\":[{\"@type\":\"SearchAction\",\"target\":{\"@type\":\"EntryPoint\",\"urlTemplate\":\"https:\/\/www.maxqda.com\/de\/?s={search_term_string}\"},\"query-input\":{\"@type\":\"PropertyValueSpecification\",\"valueRequired\":true,\"valueName\":\"search_term_string\"}}],\"inLanguage\":\"de\"},{\"@type\":\"Organization\",\"@id\":\"https:\/\/www.maxqda.com\/de\/#organization\",\"name\":\"MAXQDA\",\"url\":\"https:\/\/www.maxqda.com\/de\/\",\"logo\":{\"@type\":\"ImageObject\",\"inLanguage\":\"de\",\"@id\":\"https:\/\/www.maxqda.com\/de\/#\/schema\/logo\/image\/\",\"url\":\"https:\/\/www.maxqda.com\/de\/wp\/wp-content\/uploads\/sites\/1\/MAXQDA-Logo.png\",\"contentUrl\":\"https:\/\/www.maxqda.com\/de\/wp\/wp-content\/uploads\/sites\/1\/MAXQDA-Logo.png\",\"width\":\"1000\",\"height\":\"200\",\"caption\":\"MAXQDA\"},\"image\":{\"@id\":\"https:\/\/www.maxqda.com\/de\/#\/schema\/logo\/image\/\"},\"sameAs\":[\"https:\/\/www.facebook.com\/MAXQDA\/\",\"https:\/\/x.com\/VerbiSoftware\",\"https:\/\/www.instagram.com\/maxqda\/\",\"https:\/\/www.youtube.com\/user\/MAXQDA\"]}]}<\/script>\n<!-- \/ Yoast SEO Premium plugin. -->","yoast_head_json":{"title":"MAXQDA Reader | Kostenlos MAXQDA Projekte lesen","description":"Mit dem kostenlosen MAXQDA Reader k\u00f6nnen Sie MAXQDA-Projekte sichten und nachvollziehen. Teilen Sie auf diese Weise Ihre Forschungsergebnisse mit anderen.","robots":{"index":"index","follow":"follow","max-snippet":"max-snippet:-1","max-image-preview":"max-image-preview:large","max-video-preview":"max-video-preview:-1"},"canonical":"https:\/\/www.maxqda.com\/de\/produkte\/maxreader","og_locale":"de_DE","og_type":"article","og_title":"MAXQDA Reader | Kostenlos MAXQDA Projekte lesen","og_description":"Mit dem kostenlosen MAXQDA Reader k\u00f6nnen Sie MAXQDA-Projekte sichten und nachvollziehen. Teilen Sie auf diese Weise Ihre Forschungsergebnisse mit anderen.","og_url":"https:\/\/www.maxqda.com\/de\/produkte\/maxreader","og_site_name":"MAXQDA","article_publisher":"https:\/\/www.facebook.com\/MAXQDA\/","article_modified_time":"2026-04-08T09:46:37+00:00","og_image":[{"width":1200,"height":630,"url":"https:\/\/www.maxqda.com\/de\/wp\/wp-content\/uploads\/sites\/1\/MAXQDA-Die-1-Software-fuer-qualitative-und-Mixed-Methods-Datenanalyse.png?_t=1775641475","type":"image\/png"}],"twitter_card":"summary_large_image","twitter_title":"MAXQDA Reader | Kostenlos MAXQDA Projekte lesen","twitter_description":"Mit dem kostenlosen MAXQDA Reader k\u00f6nnen Sie MAXQDA-Projekte sichten und nachvollziehen. Teilen Sie auf diese Weise Ihre Forschungsergebnisse mit anderen.","twitter_site":"@VerbiSoftware","twitter_misc":{"Gesch\u00e4tzte Lesezeit":"4\u00a0Minuten"},"schema":{"@context":"https:\/\/schema.org","@graph":[{"@type":"WebPage","@id":"https:\/\/www.maxqda.com\/de\/produkte\/maxreader","url":"https:\/\/www.maxqda.com\/de\/produkte\/maxreader","name":"MAXQDA Reader | Kostenlos MAXQDA Projekte lesen","isPartOf":{"@id":"https:\/\/www.maxqda.com\/de\/#website"},"primaryImageOfPage":{"@id":"https:\/\/www.maxqda.com\/de\/produkte\/maxreader#primaryimage"},"image":{"@id":"https:\/\/www.maxqda.com\/de\/produkte\/maxreader#primaryimage"},"thumbnailUrl":"https:\/\/www.maxqda.com\/de\/wp\/wp-content\/uploads\/sites\/1\/MAXQDA-Logo-MQ.jpg","datePublished":"2008-01-28T22:09:20+00:00","dateModified":"2026-04-08T09:46:37+00:00","description":"Mit dem kostenlosen MAXQDA Reader k\u00f6nnen Sie MAXQDA-Projekte sichten und nachvollziehen. Teilen Sie auf diese Weise Ihre Forschungsergebnisse mit anderen.","breadcrumb":{"@id":"https:\/\/www.maxqda.com\/de\/produkte\/maxreader#breadcrumb"},"inLanguage":"de","potentialAction":[{"@type":"ReadAction","target":["https:\/\/www.maxqda.com\/de\/produkte\/maxreader"]}]},{"@type":"ImageObject","inLanguage":"de","@id":"https:\/\/www.maxqda.com\/de\/produkte\/maxreader#primaryimage","url":"https:\/\/www.maxqda.com\/de\/wp\/wp-content\/uploads\/sites\/1\/MAXQDA-Logo-MQ.jpg","contentUrl":"https:\/\/www.maxqda.com\/de\/wp\/wp-content\/uploads\/sites\/1\/MAXQDA-Logo-MQ.jpg","width":825,"height":825,"caption":"MAXQDA Logo"},{"@type":"BreadcrumbList","@id":"https:\/\/www.maxqda.com\/de\/produkte\/maxreader#breadcrumb","itemListElement":[{"@type":"ListItem","position":1,"name":"Startseite","item":"https:\/\/www.maxqda.com\/de\/"},{"@type":"ListItem","position":2,"name":"MAXQDA Produkte","item":"https:\/\/www.maxqda.com\/de\/produkte"},{"@type":"ListItem","position":3,"name":"MAXQDA Reader &#8211; Kostenfreier Reader f\u00fcr MAXQDA-Projekte"}]},{"@type":"WebSite","@id":"https:\/\/www.maxqda.com\/de\/#website","url":"https:\/\/www.maxqda.com\/de\/","name":"MAXQDA","description":"","publisher":{"@id":"https:\/\/www.maxqda.com\/de\/#organization"},"potentialAction":[{"@type":"SearchAction","target":{"@type":"EntryPoint","urlTemplate":"https:\/\/www.maxqda.com\/de\/?s={search_term_string}"},"query-input":{"@type":"PropertyValueSpecification","valueRequired":true,"valueName":"search_term_string"}}],"inLanguage":"de"},{"@type":"Organization","@id":"https:\/\/www.maxqda.com\/de\/#organization","name":"MAXQDA","url":"https:\/\/www.maxqda.com\/de\/","logo":{"@type":"ImageObject","inLanguage":"de","@id":"https:\/\/www.maxqda.com\/de\/#\/schema\/logo\/image\/","url":"https:\/\/www.maxqda.com\/de\/wp\/wp-content\/uploads\/sites\/1\/MAXQDA-Logo.png","contentUrl":"https:\/\/www.maxqda.com\/de\/wp\/wp-content\/uploads\/sites\/1\/MAXQDA-Logo.png","width":"1000","height":"200","caption":"MAXQDA"},"image":{"@id":"https:\/\/www.maxqda.com\/de\/#\/schema\/logo\/image\/"},"sameAs":["https:\/\/www.facebook.com\/MAXQDA\/","https:\/\/x.com\/VerbiSoftware","https:\/\/www.instagram.com\/maxqda\/","https:\/\/www.youtube.com\/user\/MAXQDA"]}]}},"_links":{"self":[{"href":"https:\/\/www.maxqda.com\/de\/wp-json\/wp\/v2\/pages\/14","targetHints":{"allow":["GET"]}}],"collection":[{"href":"https:\/\/www.maxqda.com\/de\/wp-json\/wp\/v2\/pages"}],"about":[{"href":"https:\/\/www.maxqda.com\/de\/wp-json\/wp\/v2\/types\/page"}],"author":[{"embeddable":true,"href":"https:\/\/www.maxqda.com\/de\/wp-json\/wp\/v2\/users\/1"}],"replies":[{"embeddable":true,"href":"https:\/\/www.maxqda.com\/de\/wp-json\/wp\/v2\/comments?post=14"}],"version-history":[{"count":6,"href":"https:\/\/www.maxqda.com\/de\/wp-json\/wp\/v2\/pages\/14\/revisions"}],"predecessor-version":[{"id":132934,"href":"https:\/\/www.maxqda.com\/de\/wp-json\/wp\/v2\/pages\/14\/revisions\/132934"}],"up":[{"embeddable":true,"href":"https:\/\/www.maxqda.com\/de\/wp-json\/wp\/v2\/pages\/10"}],"wp:featuredmedia":[{"embeddable":true,"href":"https:\/\/www.maxqda.com\/de\/wp-json\/wp\/v2\/media\/121894"}],"wp:attachment":[{"href":"https:\/\/www.maxqda.com\/de\/wp-json\/wp\/v2\/media?parent=14"}],"curies":[{"name":"wp","href":"https:\/\/api.w.org\/{rel}","templated":true}]}}