{"id":13047,"date":"2013-06-05T13:36:09","date_gmt":"2013-06-05T12:36:09","guid":{"rendered":"https:\/\/www.maxqda.de\/?page_id=13047"},"modified":"2024-09-20T08:41:22","modified_gmt":"2024-09-20T07:41:22","slug":"lizenzbedingungen-der-studentenlizenz","status":"publish","type":"page","link":"https:\/\/www.maxqda.com\/de\/lizenzen\/lizenzbedingungen-der-studentenlizenz","title":{"rendered":"Lizenzbedingungen der Studierendenlizenz"},"content":{"rendered":"<div class=\"row\">\r\n<!-- h1>MAXQDA-Studierendenlizenz - Die Lizenzbedingungen<\/h1 -->\r\n<div class=\"large-8 columns\">\r\n<p>Studierendenlizenzen sind ein extrem preisreduziertes Angebot f\u00fcr Studierende und Promovierende und k\u00f6nnen nur unter Einhaltung der folgenden Lizenzbedingungen erworben werden.<\/p>\r\n<h2>\u00a71 Personengebundene Lizenz<\/h2>\r\n<p>Studierendenlizenzen sind pers\u00f6nliche Lizenzen, die nur von Studierenden erworben werden k\u00f6nnen, die ihren Studierendenstatus w\u00e4hrend des Bestellprozesses nachgewiesen haben. Studierendenlizenzen d\u00fcrfen nur von diesem Studierenden genutzt und nicht ver\u00e4u\u00dfert oder abgegeben werden. Der Erwerb bleibt auf eine Lizenz pro Person beschr\u00e4nkt.<\/p>\r\n<h2>\u00a72 Erwerb nur als Privatperson gestattet<\/h2>\r\n<p>Empf\u00e4nger der Rechnung und der Lieferung muss der Studierende mit seiner Privatanschrift sein. Der Erwerb von Studierendenlizenzen durch Institutionen ist nicht gestattet.<\/p>\r\n<h2>\u00a73 Nutzung auf nur einem privaten Computer<\/h2>\r\n<p>Die Studierendenlizenz (12 Monate) darf vom Studierenden auf zwei privaten Computern verwendet werden. Die beiden Installationen d\u00fcrfen nicht gleichzeitig und in keinem Fall durch weitere Personen genutzt werden. Die Semesterlizenz (6 Monate) darf vom Studierenden auf einem privaten Computer verwendet werden. Beide Lizenzen k\u00f6nnen mit einem Lizenzumzug jederzeit auf einen neuen Computer \u00fcbertragen werden.<\/p>\r\n<h2>\u00a74 Nutzung nur f\u00fcr private Zwecke<\/h2>\r\n<p>Die Verwendung ist auf private Zwecke (z.B. Studium, Qualifikationsarbeit, etc.) beschr\u00e4nkt. Eine Nutzung f\u00fcr berufliche T\u00e4tigkeiten oder kommerzielle Zwecke ist nicht gestattet. <\/p>\r\n<h2>\u00a75 Upgrades sind inklusive<\/h2>\r\n<p>Studierendenlizenzen sind upgradeberechtigt. Dies bedeutet, dass Sie bei Erscheinen einer Nachfolgerversion auf die neue Version kostenfre umsteigen k\u00f6nnen. Die vorherige Seriennummer wird durch das Update ung\u00fcltig. <a href=\"https:\/\/www.maxqda.com\/de\/lizenzen\/kostenfreies-upgrade-auf-maxqda-24-fuer-studierende#freeupgrade\">Jetzt upgraden.<\/a><\/p>\r\n<h2>\u00a76 Dauer der G\u00fcltigkeit<\/h2>\r\n<p>Studierendenlizenzen sind ab dem Kaufdatum genau 12 Monate g\u00fcltig. Semesterlizenzen sind ab dem Kaufdatum genau 6 Monate g\u00fcltig. Beide Lizenzen k\u00f6nnen bei Bedarf mit dem Erwerb einer weiteren Studierendenlizenz verl\u00e4ngert werden.<\/p>\r\n<h2>\u00a77 Funktionsumfang<\/h2>\r\n<p>Studierendenlizenzen haben den gleichen Funktionsumfang wie Single-User und Netzwerklizenzen. Da es sich bei Studierendenlizenen um Lizenzen f\u00fcr pers\u00f6nliche Projekte handelt, ist eine Nutzung im Team mit dem Add-on TeamCloud nicht m\u00f6glich.<\/p>\r\n<\/div>\r\n<div class=\"large-4 columns\">\r\n<figure><img decoding=\"async\" src=\"https:\/\/www.maxqda.com\/de\/wp\/wp-content\/uploads\/studis_foto1.png\" class=\"aligncenter\" alt=\"MAXQDA Studierendenlizenz\" title=\"MAXQDA student license\"><\/figure>\r\n<\/div>\r\n<\/div>\r\n<div class=\"row\">\r\n<div class=\"large-12 columns\">\r\n<p><a class=\"button\" href=\"https:\/\/www.maxqda.com\/de\/bestellinformationen-studenten\" title=\"MAXQDA Studierendenlizenz\">Zur\u00fcck zur Studierendenlizenz<\/a><\/p>\r\n<\/div>\r\n<\/div>\r\n","protected":false},"excerpt":{"rendered":"<p>Studierendenlizenzen sind ein extrem preisreduziertes Angebot f\u00fcr Studierende und Promovierende und k\u00f6nnen nur unter Einhaltung der folgenden Lizenzbedingungen erworben werden. \u00a71 Personengebundene Lizenz Studierendenlizenzen sind pers\u00f6nliche Lizenzen, die nur von Studierenden erworben werden k\u00f6nnen, die ihren Studierendenstatus w\u00e4hrend des Bestellprozesses nachgewiesen haben. Studierendenlizenzen d\u00fcrfen nur von diesem Studierenden genutzt und nicht ver\u00e4u\u00dfert oder abgegeben werden. [&hellip;]<\/p>\n","protected":false},"author":5,"featured_media":121894,"parent":20,"menu_order":20,"comment_status":"closed","ping_status":"closed","template":"custom-page-header.php","meta":{"_acf_changed":false,"_relevanssi_hide_post":"","_relevanssi_hide_content":"","_relevanssi_pin_for_all":"","_relevanssi_pin_keywords":"","_relevanssi_unpin_keywords":"","_relevanssi_related_keywords":"","_relevanssi_related_include_ids":"","_relevanssi_related_exclude_ids":"","_relevanssi_related_no_append":"","_relevanssi_related_not_related":"","_relevanssi_related_posts":"","_relevanssi_noindex_reason":"","footnotes":""},"class_list":["post-13047","page","type-page","status-publish","has-post-thumbnail","hentry"],"acf":[],"yoast_head":"<!-- This site is optimized with the Yoast SEO Premium plugin v27.1 (Yoast SEO v27.1.1) - https:\/\/yoast.com\/product\/yoast-seo-premium-wordpress\/ -->\n<title>Lizenzbedingungen der MAXQDA Studentenlizenz<\/title>\n<meta name=\"description\" content=\"Studentenlizenzen sind ein extrem preisreduziertes Angebot f\u00fcr Studierende &amp; Promovierende und k\u00f6nnen unter Einhaltung der Lizenzbedingungen erworben werden\" \/>\n<meta name=\"robots\" content=\"index, follow, max-snippet:-1, max-image-preview:large, max-video-preview:-1\" \/>\n<link rel=\"canonical\" href=\"https:\/\/www.maxqda.com\/de\/lizenzen\/lizenzbedingungen-der-studentenlizenz\" \/>\n<meta property=\"og:locale\" content=\"de_DE\" \/>\n<meta property=\"og:type\" content=\"article\" \/>\n<meta property=\"og:title\" content=\"Lizenzbedingungen der Studierendenlizenz\" \/>\n<meta property=\"og:description\" content=\"Studierendenlizenzen sind ein extrem preisreduziertes Angebot f\u00fcr Studierende und Promovierende und k\u00f6nnen nur unter Einhaltung der folgenden\" \/>\n<meta property=\"og:url\" content=\"https:\/\/www.maxqda.com\/de\/lizenzen\/lizenzbedingungen-der-studentenlizenz\" \/>\n<meta property=\"og:site_name\" content=\"MAXQDA\" \/>\n<meta property=\"article:publisher\" content=\"https:\/\/www.facebook.com\/MAXQDA\/\" \/>\n<meta property=\"article:modified_time\" content=\"2024-09-20T07:41:22+00:00\" \/>\n<meta property=\"og:image\" content=\"https:\/\/www.maxqda.com\/de\/wp\/wp-content\/uploads\/sites\/1\/MAXQDA-Die-1-Software-fuer-qualitative-und-Mixed-Methods-Datenanalyse.png\" \/>\n\t<meta property=\"og:image:width\" content=\"1200\" \/>\n\t<meta property=\"og:image:height\" content=\"630\" \/>\n\t<meta property=\"og:image:type\" content=\"image\/png\" \/>\n<meta name=\"twitter:card\" content=\"summary_large_image\" \/>\n<meta name=\"twitter:site\" content=\"@VerbiSoftware\" \/>\n<meta name=\"twitter:label1\" content=\"Gesch\u00e4tzte Lesezeit\" \/>\n\t<meta name=\"twitter:data1\" content=\"2\u00a0Minuten\" \/>\n<script type=\"application\/ld+json\" class=\"yoast-schema-graph\">{\"@context\":\"https:\/\/schema.org\",\"@graph\":[{\"@type\":\"WebPage\",\"@id\":\"https:\/\/www.maxqda.com\/de\/lizenzen\/lizenzbedingungen-der-studentenlizenz\",\"url\":\"https:\/\/www.maxqda.com\/de\/lizenzen\/lizenzbedingungen-der-studentenlizenz\",\"name\":\"Lizenzbedingungen der MAXQDA Studentenlizenz\",\"isPartOf\":{\"@id\":\"https:\/\/www.maxqda.com\/de\/#website\"},\"primaryImageOfPage\":{\"@id\":\"https:\/\/www.maxqda.com\/de\/lizenzen\/lizenzbedingungen-der-studentenlizenz#primaryimage\"},\"image\":{\"@id\":\"https:\/\/www.maxqda.com\/de\/lizenzen\/lizenzbedingungen-der-studentenlizenz#primaryimage\"},\"thumbnailUrl\":\"https:\/\/www.maxqda.com\/de\/wp\/wp-content\/uploads\/sites\/1\/MAXQDA-Logo-MQ.jpg\",\"datePublished\":\"2013-06-05T12:36:09+00:00\",\"dateModified\":\"2024-09-20T07:41:22+00:00\",\"description\":\"Studentenlizenzen sind ein extrem preisreduziertes Angebot f\u00fcr Studierende & Promovierende und k\u00f6nnen unter Einhaltung der Lizenzbedingungen erworben werden\",\"breadcrumb\":{\"@id\":\"https:\/\/www.maxqda.com\/de\/lizenzen\/lizenzbedingungen-der-studentenlizenz#breadcrumb\"},\"inLanguage\":\"de\",\"potentialAction\":[{\"@type\":\"ReadAction\",\"target\":[\"https:\/\/www.maxqda.com\/de\/lizenzen\/lizenzbedingungen-der-studentenlizenz\"]}]},{\"@type\":\"ImageObject\",\"inLanguage\":\"de\",\"@id\":\"https:\/\/www.maxqda.com\/de\/lizenzen\/lizenzbedingungen-der-studentenlizenz#primaryimage\",\"url\":\"https:\/\/www.maxqda.com\/de\/wp\/wp-content\/uploads\/sites\/1\/MAXQDA-Logo-MQ.jpg\",\"contentUrl\":\"https:\/\/www.maxqda.com\/de\/wp\/wp-content\/uploads\/sites\/1\/MAXQDA-Logo-MQ.jpg\",\"width\":825,\"height\":825,\"caption\":\"MAXQDA Logo\"},{\"@type\":\"BreadcrumbList\",\"@id\":\"https:\/\/www.maxqda.com\/de\/lizenzen\/lizenzbedingungen-der-studentenlizenz#breadcrumb\",\"itemListElement\":[{\"@type\":\"ListItem\",\"position\":1,\"name\":\"Startseite\",\"item\":\"https:\/\/www.maxqda.com\/de\/\"},{\"@type\":\"ListItem\",\"position\":2,\"name\":\"Lizenzen\",\"item\":\"https:\/\/www.maxqda.com\/de\/lizenzen\"},{\"@type\":\"ListItem\",\"position\":3,\"name\":\"Lizenzbedingungen der Studierendenlizenz\"}]},{\"@type\":\"WebSite\",\"@id\":\"https:\/\/www.maxqda.com\/de\/#website\",\"url\":\"https:\/\/www.maxqda.com\/de\/\",\"name\":\"MAXQDA\",\"description\":\"\",\"publisher\":{\"@id\":\"https:\/\/www.maxqda.com\/de\/#organization\"},\"potentialAction\":[{\"@type\":\"SearchAction\",\"target\":{\"@type\":\"EntryPoint\",\"urlTemplate\":\"https:\/\/www.maxqda.com\/de\/?s={search_term_string}\"},\"query-input\":{\"@type\":\"PropertyValueSpecification\",\"valueRequired\":true,\"valueName\":\"search_term_string\"}}],\"inLanguage\":\"de\"},{\"@type\":\"Organization\",\"@id\":\"https:\/\/www.maxqda.com\/de\/#organization\",\"name\":\"MAXQDA\",\"url\":\"https:\/\/www.maxqda.com\/de\/\",\"logo\":{\"@type\":\"ImageObject\",\"inLanguage\":\"de\",\"@id\":\"https:\/\/www.maxqda.com\/de\/#\/schema\/logo\/image\/\",\"url\":\"https:\/\/www.maxqda.com\/de\/wp\/wp-content\/uploads\/sites\/1\/MAXQDA-Logo.png\",\"contentUrl\":\"https:\/\/www.maxqda.com\/de\/wp\/wp-content\/uploads\/sites\/1\/MAXQDA-Logo.png\",\"width\":\"1000\",\"height\":\"200\",\"caption\":\"MAXQDA\"},\"image\":{\"@id\":\"https:\/\/www.maxqda.com\/de\/#\/schema\/logo\/image\/\"},\"sameAs\":[\"https:\/\/www.facebook.com\/MAXQDA\/\",\"https:\/\/x.com\/VerbiSoftware\",\"https:\/\/www.instagram.com\/maxqda\/\",\"https:\/\/www.youtube.com\/user\/MAXQDA\"]}]}<\/script>\n<!-- \/ Yoast SEO Premium plugin. -->","yoast_head_json":{"title":"Lizenzbedingungen der MAXQDA Studentenlizenz","description":"Studentenlizenzen sind ein extrem preisreduziertes Angebot f\u00fcr Studierende & Promovierende und k\u00f6nnen unter Einhaltung der Lizenzbedingungen erworben werden","robots":{"index":"index","follow":"follow","max-snippet":"max-snippet:-1","max-image-preview":"max-image-preview:large","max-video-preview":"max-video-preview:-1"},"canonical":"https:\/\/www.maxqda.com\/de\/lizenzen\/lizenzbedingungen-der-studentenlizenz","og_locale":"de_DE","og_type":"article","og_title":"Lizenzbedingungen der Studierendenlizenz","og_description":"Studierendenlizenzen sind ein extrem preisreduziertes Angebot f\u00fcr Studierende und Promovierende und k\u00f6nnen nur unter Einhaltung der folgenden","og_url":"https:\/\/www.maxqda.com\/de\/lizenzen\/lizenzbedingungen-der-studentenlizenz","og_site_name":"MAXQDA","article_publisher":"https:\/\/www.facebook.com\/MAXQDA\/","article_modified_time":"2024-09-20T07:41:22+00:00","og_image":[{"width":1200,"height":630,"url":"https:\/\/www.maxqda.com\/de\/wp\/wp-content\/uploads\/sites\/1\/MAXQDA-Die-1-Software-fuer-qualitative-und-Mixed-Methods-Datenanalyse.png","type":"image\/png"}],"twitter_card":"summary_large_image","twitter_site":"@VerbiSoftware","twitter_misc":{"Gesch\u00e4tzte Lesezeit":"2\u00a0Minuten"},"schema":{"@context":"https:\/\/schema.org","@graph":[{"@type":"WebPage","@id":"https:\/\/www.maxqda.com\/de\/lizenzen\/lizenzbedingungen-der-studentenlizenz","url":"https:\/\/www.maxqda.com\/de\/lizenzen\/lizenzbedingungen-der-studentenlizenz","name":"Lizenzbedingungen der MAXQDA Studentenlizenz","isPartOf":{"@id":"https:\/\/www.maxqda.com\/de\/#website"},"primaryImageOfPage":{"@id":"https:\/\/www.maxqda.com\/de\/lizenzen\/lizenzbedingungen-der-studentenlizenz#primaryimage"},"image":{"@id":"https:\/\/www.maxqda.com\/de\/lizenzen\/lizenzbedingungen-der-studentenlizenz#primaryimage"},"thumbnailUrl":"https:\/\/www.maxqda.com\/de\/wp\/wp-content\/uploads\/sites\/1\/MAXQDA-Logo-MQ.jpg","datePublished":"2013-06-05T12:36:09+00:00","dateModified":"2024-09-20T07:41:22+00:00","description":"Studentenlizenzen sind ein extrem preisreduziertes Angebot f\u00fcr Studierende & Promovierende und k\u00f6nnen unter Einhaltung der Lizenzbedingungen erworben werden","breadcrumb":{"@id":"https:\/\/www.maxqda.com\/de\/lizenzen\/lizenzbedingungen-der-studentenlizenz#breadcrumb"},"inLanguage":"de","potentialAction":[{"@type":"ReadAction","target":["https:\/\/www.maxqda.com\/de\/lizenzen\/lizenzbedingungen-der-studentenlizenz"]}]},{"@type":"ImageObject","inLanguage":"de","@id":"https:\/\/www.maxqda.com\/de\/lizenzen\/lizenzbedingungen-der-studentenlizenz#primaryimage","url":"https:\/\/www.maxqda.com\/de\/wp\/wp-content\/uploads\/sites\/1\/MAXQDA-Logo-MQ.jpg","contentUrl":"https:\/\/www.maxqda.com\/de\/wp\/wp-content\/uploads\/sites\/1\/MAXQDA-Logo-MQ.jpg","width":825,"height":825,"caption":"MAXQDA Logo"},{"@type":"BreadcrumbList","@id":"https:\/\/www.maxqda.com\/de\/lizenzen\/lizenzbedingungen-der-studentenlizenz#breadcrumb","itemListElement":[{"@type":"ListItem","position":1,"name":"Startseite","item":"https:\/\/www.maxqda.com\/de\/"},{"@type":"ListItem","position":2,"name":"Lizenzen","item":"https:\/\/www.maxqda.com\/de\/lizenzen"},{"@type":"ListItem","position":3,"name":"Lizenzbedingungen der Studierendenlizenz"}]},{"@type":"WebSite","@id":"https:\/\/www.maxqda.com\/de\/#website","url":"https:\/\/www.maxqda.com\/de\/","name":"MAXQDA","description":"","publisher":{"@id":"https:\/\/www.maxqda.com\/de\/#organization"},"potentialAction":[{"@type":"SearchAction","target":{"@type":"EntryPoint","urlTemplate":"https:\/\/www.maxqda.com\/de\/?s={search_term_string}"},"query-input":{"@type":"PropertyValueSpecification","valueRequired":true,"valueName":"search_term_string"}}],"inLanguage":"de"},{"@type":"Organization","@id":"https:\/\/www.maxqda.com\/de\/#organization","name":"MAXQDA","url":"https:\/\/www.maxqda.com\/de\/","logo":{"@type":"ImageObject","inLanguage":"de","@id":"https:\/\/www.maxqda.com\/de\/#\/schema\/logo\/image\/","url":"https:\/\/www.maxqda.com\/de\/wp\/wp-content\/uploads\/sites\/1\/MAXQDA-Logo.png","contentUrl":"https:\/\/www.maxqda.com\/de\/wp\/wp-content\/uploads\/sites\/1\/MAXQDA-Logo.png","width":"1000","height":"200","caption":"MAXQDA"},"image":{"@id":"https:\/\/www.maxqda.com\/de\/#\/schema\/logo\/image\/"},"sameAs":["https:\/\/www.facebook.com\/MAXQDA\/","https:\/\/x.com\/VerbiSoftware","https:\/\/www.instagram.com\/maxqda\/","https:\/\/www.youtube.com\/user\/MAXQDA"]}]}},"_links":{"self":[{"href":"https:\/\/www.maxqda.com\/de\/wp-json\/wp\/v2\/pages\/13047","targetHints":{"allow":["GET"]}}],"collection":[{"href":"https:\/\/www.maxqda.com\/de\/wp-json\/wp\/v2\/pages"}],"about":[{"href":"https:\/\/www.maxqda.com\/de\/wp-json\/wp\/v2\/types\/page"}],"author":[{"embeddable":true,"href":"https:\/\/www.maxqda.com\/de\/wp-json\/wp\/v2\/users\/5"}],"replies":[{"embeddable":true,"href":"https:\/\/www.maxqda.com\/de\/wp-json\/wp\/v2\/comments?post=13047"}],"version-history":[{"count":0,"href":"https:\/\/www.maxqda.com\/de\/wp-json\/wp\/v2\/pages\/13047\/revisions"}],"up":[{"embeddable":true,"href":"https:\/\/www.maxqda.com\/de\/wp-json\/wp\/v2\/pages\/20"}],"wp:featuredmedia":[{"embeddable":true,"href":"https:\/\/www.maxqda.com\/de\/wp-json\/wp\/v2\/media\/121894"}],"wp:attachment":[{"href":"https:\/\/www.maxqda.com\/de\/wp-json\/wp\/v2\/media?parent=13047"}],"curies":[{"name":"wp","href":"https:\/\/api.w.org\/{rel}","templated":true}]}}