{"id":128902,"date":"2025-03-18T18:11:16","date_gmt":"2025-03-18T17:11:16","guid":{"rendered":"https:\/\/www.maxqda.com\/de\/?page_id=128902"},"modified":"2025-03-18T22:13:06","modified_gmt":"2025-03-18T21:13:06","slug":"studentverification","status":"publish","type":"page","link":"https:\/\/www.maxqda.com\/de\/studentverification","title":{"rendered":"\u00dcberpr\u00fcfung des Studierendenstatus"},"content":{"rendered":"<div class=\"row\">\r\n<div class=\"columns large-10 large-centered small-12 text-center\">\r\n<p>Solltest du noch keine E-Mail zu der Best\u00e4tigung deines Studierenstatus erhalten haben, dann kannst du hier den Status \u00fcberpr\u00fcfen.<\/p>\r\n<p>Bitte gib die E-Mail-Adresse ein, mit der du die Studierendenlizenz angefragt hast.<br\/><\/p>\r\n[Formular]\r\n<\/div>\r\n<\/div>","protected":false},"excerpt":{"rendered":"<p>Solltest du noch keine E-Mail zu der Best\u00e4tigung deines Studierenstatus erhalten haben, dann kannst du hier den Status \u00fcberpr\u00fcfen. Bitte gib die E-Mail-Adresse ein, mit der du die Studierendenlizenz angefragt hast. [Formular]<\/p>\n","protected":false},"author":2,"featured_media":0,"parent":0,"menu_order":0,"comment_status":"closed","ping_status":"closed","template":"tpl_studentverify-statuscheck.php","meta":{"_acf_changed":false,"_relevanssi_hide_post":"","_relevanssi_hide_content":"","_relevanssi_pin_for_all":"","_relevanssi_pin_keywords":"","_relevanssi_unpin_keywords":"","_relevanssi_related_keywords":"","_relevanssi_related_include_ids":"","_relevanssi_related_exclude_ids":"","_relevanssi_related_no_append":"","_relevanssi_related_not_related":"","_relevanssi_related_posts":"","_relevanssi_noindex_reason":"","footnotes":""},"class_list":["post-128902","page","type-page","status-publish","hentry"],"acf":[],"yoast_head":"<!-- This site is optimized with the Yoast SEO Premium plugin v27.1 (Yoast SEO v27.1.1) - https:\/\/yoast.com\/product\/yoast-seo-premium-wordpress\/ -->\n<title>\u00dcberpr\u00fcfung des Studierendenstatus | MAXQDA<\/title>\n<meta name=\"description\" content=\"\u00dcberpr\u00fcfung des Studierendenstatus | MAXQDA - Die beste Wahl f\u00fcr Ihre Qualitative &amp; Mixed-Methods-Analyse\" \/>\n<meta name=\"robots\" content=\"index, follow, max-snippet:-1, max-image-preview:large, max-video-preview:-1\" \/>\n<link rel=\"canonical\" href=\"https:\/\/www.maxqda.com\/de\/studentverification\" \/>\n<meta property=\"og:locale\" content=\"de_DE\" \/>\n<meta property=\"og:type\" content=\"article\" \/>\n<meta property=\"og:title\" content=\"\u00dcberpr\u00fcfung des Studierendenstatus\" \/>\n<meta property=\"og:description\" content=\"Solltest du noch keine E-Mail zu der Best\u00e4tigung deines Studierenstatus erhalten haben, dann kannst du hier den Status \u00fcberpr\u00fcfen. Bitte gib die\" \/>\n<meta property=\"og:url\" content=\"https:\/\/www.maxqda.com\/de\/studentverification\" \/>\n<meta property=\"og:site_name\" content=\"MAXQDA\" \/>\n<meta property=\"article:publisher\" content=\"https:\/\/www.facebook.com\/MAXQDA\/\" \/>\n<meta property=\"article:modified_time\" content=\"2025-03-18T21:13:06+00:00\" \/>\n<meta property=\"og:image\" content=\"https:\/\/www.maxqda.com\/de\/wp\/wp-content\/uploads\/sites\/1\/MAXQDA-Die-1-Software-fuer-qualitative-und-Mixed-Methods-Datenanalyse.png\" \/>\n\t<meta property=\"og:image:width\" content=\"1200\" \/>\n\t<meta property=\"og:image:height\" content=\"630\" \/>\n\t<meta property=\"og:image:type\" content=\"image\/png\" \/>\n<meta name=\"twitter:card\" content=\"summary_large_image\" \/>\n<meta name=\"twitter:site\" content=\"@VerbiSoftware\" \/>\n<meta name=\"twitter:label1\" content=\"Gesch\u00e4tzte Lesezeit\" \/>\n\t<meta name=\"twitter:data1\" content=\"1\u00a0Minute\" \/>\n<script type=\"application\/ld+json\" class=\"yoast-schema-graph\">{\"@context\":\"https:\/\/schema.org\",\"@graph\":[{\"@type\":\"WebPage\",\"@id\":\"https:\/\/www.maxqda.com\/de\/studentverification\",\"url\":\"https:\/\/www.maxqda.com\/de\/studentverification\",\"name\":\"\u00dcberpr\u00fcfung des Studierendenstatus | MAXQDA\",\"isPartOf\":{\"@id\":\"https:\/\/www.maxqda.com\/de\/#website\"},\"datePublished\":\"2025-03-18T17:11:16+00:00\",\"dateModified\":\"2025-03-18T21:13:06+00:00\",\"description\":\"\u00dcberpr\u00fcfung des Studierendenstatus | MAXQDA - Die beste Wahl f\u00fcr Ihre Qualitative & Mixed-Methods-Analyse\",\"breadcrumb\":{\"@id\":\"https:\/\/www.maxqda.com\/de\/studentverification#breadcrumb\"},\"inLanguage\":\"de\",\"potentialAction\":[{\"@type\":\"ReadAction\",\"target\":[\"https:\/\/www.maxqda.com\/de\/studentverification\"]}]},{\"@type\":\"BreadcrumbList\",\"@id\":\"https:\/\/www.maxqda.com\/de\/studentverification#breadcrumb\",\"itemListElement\":[{\"@type\":\"ListItem\",\"position\":1,\"name\":\"Startseite\",\"item\":\"https:\/\/www.maxqda.com\/de\/\"},{\"@type\":\"ListItem\",\"position\":2,\"name\":\"\u00dcberpr\u00fcfung des Studierendenstatus\"}]},{\"@type\":\"WebSite\",\"@id\":\"https:\/\/www.maxqda.com\/de\/#website\",\"url\":\"https:\/\/www.maxqda.com\/de\/\",\"name\":\"MAXQDA\",\"description\":\"\",\"publisher\":{\"@id\":\"https:\/\/www.maxqda.com\/de\/#organization\"},\"potentialAction\":[{\"@type\":\"SearchAction\",\"target\":{\"@type\":\"EntryPoint\",\"urlTemplate\":\"https:\/\/www.maxqda.com\/de\/?s={search_term_string}\"},\"query-input\":{\"@type\":\"PropertyValueSpecification\",\"valueRequired\":true,\"valueName\":\"search_term_string\"}}],\"inLanguage\":\"de\"},{\"@type\":\"Organization\",\"@id\":\"https:\/\/www.maxqda.com\/de\/#organization\",\"name\":\"MAXQDA\",\"url\":\"https:\/\/www.maxqda.com\/de\/\",\"logo\":{\"@type\":\"ImageObject\",\"inLanguage\":\"de\",\"@id\":\"https:\/\/www.maxqda.com\/de\/#\/schema\/logo\/image\/\",\"url\":\"https:\/\/www.maxqda.com\/de\/wp\/wp-content\/uploads\/sites\/1\/MAXQDA-Logo.png\",\"contentUrl\":\"https:\/\/www.maxqda.com\/de\/wp\/wp-content\/uploads\/sites\/1\/MAXQDA-Logo.png\",\"width\":\"1000\",\"height\":\"200\",\"caption\":\"MAXQDA\"},\"image\":{\"@id\":\"https:\/\/www.maxqda.com\/de\/#\/schema\/logo\/image\/\"},\"sameAs\":[\"https:\/\/www.facebook.com\/MAXQDA\/\",\"https:\/\/x.com\/VerbiSoftware\",\"https:\/\/www.instagram.com\/maxqda\/\",\"https:\/\/www.youtube.com\/user\/MAXQDA\"]}]}<\/script>\n<!-- \/ Yoast SEO Premium plugin. -->","yoast_head_json":{"title":"\u00dcberpr\u00fcfung des Studierendenstatus | MAXQDA","description":"\u00dcberpr\u00fcfung des Studierendenstatus | MAXQDA - Die beste Wahl f\u00fcr Ihre Qualitative & Mixed-Methods-Analyse","robots":{"index":"index","follow":"follow","max-snippet":"max-snippet:-1","max-image-preview":"max-image-preview:large","max-video-preview":"max-video-preview:-1"},"canonical":"https:\/\/www.maxqda.com\/de\/studentverification","og_locale":"de_DE","og_type":"article","og_title":"\u00dcberpr\u00fcfung des Studierendenstatus","og_description":"Solltest du noch keine E-Mail zu der Best\u00e4tigung deines Studierenstatus erhalten haben, dann kannst du hier den Status \u00fcberpr\u00fcfen. Bitte gib die","og_url":"https:\/\/www.maxqda.com\/de\/studentverification","og_site_name":"MAXQDA","article_publisher":"https:\/\/www.facebook.com\/MAXQDA\/","article_modified_time":"2025-03-18T21:13:06+00:00","og_image":[{"width":1200,"height":630,"url":"https:\/\/www.maxqda.com\/de\/wp\/wp-content\/uploads\/sites\/1\/MAXQDA-Die-1-Software-fuer-qualitative-und-Mixed-Methods-Datenanalyse.png","type":"image\/png"}],"twitter_card":"summary_large_image","twitter_site":"@VerbiSoftware","twitter_misc":{"Gesch\u00e4tzte Lesezeit":"1\u00a0Minute"},"schema":{"@context":"https:\/\/schema.org","@graph":[{"@type":"WebPage","@id":"https:\/\/www.maxqda.com\/de\/studentverification","url":"https:\/\/www.maxqda.com\/de\/studentverification","name":"\u00dcberpr\u00fcfung des Studierendenstatus | MAXQDA","isPartOf":{"@id":"https:\/\/www.maxqda.com\/de\/#website"},"datePublished":"2025-03-18T17:11:16+00:00","dateModified":"2025-03-18T21:13:06+00:00","description":"\u00dcberpr\u00fcfung des Studierendenstatus | MAXQDA - Die beste Wahl f\u00fcr Ihre Qualitative & Mixed-Methods-Analyse","breadcrumb":{"@id":"https:\/\/www.maxqda.com\/de\/studentverification#breadcrumb"},"inLanguage":"de","potentialAction":[{"@type":"ReadAction","target":["https:\/\/www.maxqda.com\/de\/studentverification"]}]},{"@type":"BreadcrumbList","@id":"https:\/\/www.maxqda.com\/de\/studentverification#breadcrumb","itemListElement":[{"@type":"ListItem","position":1,"name":"Startseite","item":"https:\/\/www.maxqda.com\/de\/"},{"@type":"ListItem","position":2,"name":"\u00dcberpr\u00fcfung des Studierendenstatus"}]},{"@type":"WebSite","@id":"https:\/\/www.maxqda.com\/de\/#website","url":"https:\/\/www.maxqda.com\/de\/","name":"MAXQDA","description":"","publisher":{"@id":"https:\/\/www.maxqda.com\/de\/#organization"},"potentialAction":[{"@type":"SearchAction","target":{"@type":"EntryPoint","urlTemplate":"https:\/\/www.maxqda.com\/de\/?s={search_term_string}"},"query-input":{"@type":"PropertyValueSpecification","valueRequired":true,"valueName":"search_term_string"}}],"inLanguage":"de"},{"@type":"Organization","@id":"https:\/\/www.maxqda.com\/de\/#organization","name":"MAXQDA","url":"https:\/\/www.maxqda.com\/de\/","logo":{"@type":"ImageObject","inLanguage":"de","@id":"https:\/\/www.maxqda.com\/de\/#\/schema\/logo\/image\/","url":"https:\/\/www.maxqda.com\/de\/wp\/wp-content\/uploads\/sites\/1\/MAXQDA-Logo.png","contentUrl":"https:\/\/www.maxqda.com\/de\/wp\/wp-content\/uploads\/sites\/1\/MAXQDA-Logo.png","width":"1000","height":"200","caption":"MAXQDA"},"image":{"@id":"https:\/\/www.maxqda.com\/de\/#\/schema\/logo\/image\/"},"sameAs":["https:\/\/www.facebook.com\/MAXQDA\/","https:\/\/x.com\/VerbiSoftware","https:\/\/www.instagram.com\/maxqda\/","https:\/\/www.youtube.com\/user\/MAXQDA"]}]}},"_links":{"self":[{"href":"https:\/\/www.maxqda.com\/de\/wp-json\/wp\/v2\/pages\/128902","targetHints":{"allow":["GET"]}}],"collection":[{"href":"https:\/\/www.maxqda.com\/de\/wp-json\/wp\/v2\/pages"}],"about":[{"href":"https:\/\/www.maxqda.com\/de\/wp-json\/wp\/v2\/types\/page"}],"author":[{"embeddable":true,"href":"https:\/\/www.maxqda.com\/de\/wp-json\/wp\/v2\/users\/2"}],"replies":[{"embeddable":true,"href":"https:\/\/www.maxqda.com\/de\/wp-json\/wp\/v2\/comments?post=128902"}],"version-history":[{"count":0,"href":"https:\/\/www.maxqda.com\/de\/wp-json\/wp\/v2\/pages\/128902\/revisions"}],"wp:attachment":[{"href":"https:\/\/www.maxqda.com\/de\/wp-json\/wp\/v2\/media?parent=128902"}],"curies":[{"name":"wp","href":"https:\/\/api.w.org\/{rel}","templated":true}]}}