{"id":127,"date":"2008-07-02T16:19:03","date_gmt":"2008-07-02T14:19:03","guid":{"rendered":"https:\/\/www.maxqda.de\/?page_id=127"},"modified":"2023-11-10T14:09:43","modified_gmt":"2023-11-10T13:09:43","slug":"angebot","status":"publish","type":"page","link":"https:\/\/www.maxqda.com\/de\/angebot","title":{"rendered":"MAXQDA-Angebot anfordern"},"content":{"rendered":"<div class=\"row\">\r\n<div class=\"large-12 columns\">\r\n<!-- h1>Fordern Sie Ihr individuelles schriftliches Angebot an<\/h1 -->\r\n<h2>Sie ben\u00f6tigen vor dem Kauf von MAXQDA ein schriftliches Angebot?<\/h2>\r\n<p>1. W\u00e4hlen Sie im Onlineshop alle gew\u00fcnschten Produkte f\u00fcr das Angebot aus. Die gew\u00e4hlten Produkte werden unten auf der Seite aufgelistet.<\/p>\r\n<p>2. Klicken Sie auf den Button &#8222;Angebot anfordern&#8220;, um ein Angebot \u00fcber diese Zusammenstellung per E-Mail zu erhalten.<\/p>\r\n<p><a class=\"button\" href=\"https:\/\/www.maxqda.com\/de\/bestellen\/onlineshop\">Zum Online-Shop<\/a><\/p>\t\r\n<\/div>\r\n<\/div>\r\n\r\n<div class=\"row\">\r\n<div class=\"large-10 large-left columns\">\r\n<img decoding=\"async\" src=\"https:\/\/www.maxqda.com\/de\/wp\/wp-content\/uploads\/sites\/1\/request_price_quote24_de.png\" title=\"request price quote max24 de\" alt=\"request price quote max24 de\" \/>\r\n<\/div>\r\n<\/div>\r\n","protected":false},"excerpt":{"rendered":"<p>Sie ben\u00f6tigen vor dem Kauf von MAXQDA ein schriftliches Angebot? 1. W\u00e4hlen Sie im Onlineshop alle gew\u00fcnschten Produkte f\u00fcr das Angebot aus. Die gew\u00e4hlten Produkte werden unten auf der Seite aufgelistet. 2. Klicken Sie auf den Button &#8222;Angebot anfordern&#8220;, um ein Angebot \u00fcber diese Zusammenstellung per E-Mail zu erhalten. Zum Online-Shop<\/p>\n","protected":false},"author":1,"featured_media":121894,"parent":0,"menu_order":75,"comment_status":"closed","ping_status":"closed","template":"custom-page-header.php","meta":{"_acf_changed":false,"_relevanssi_hide_post":"","_relevanssi_hide_content":"","_relevanssi_pin_for_all":"","_relevanssi_pin_keywords":"","_relevanssi_unpin_keywords":"","_relevanssi_related_keywords":"","_relevanssi_related_include_ids":"","_relevanssi_related_exclude_ids":"","_relevanssi_related_no_append":"","_relevanssi_related_not_related":"","_relevanssi_related_posts":"","_relevanssi_noindex_reason":"","footnotes":""},"class_list":["post-127","page","type-page","status-publish","has-post-thumbnail","hentry"],"acf":[],"yoast_head":"<!-- This site is optimized with the Yoast SEO Premium plugin v27.1 (Yoast SEO v27.1.1) - https:\/\/yoast.com\/product\/yoast-seo-premium-wordpress\/ -->\n<title>Angebot f\u00fcr Ihre MAXQDA-Produkte einfach und bequem online einholen<\/title>\n<meta name=\"description\" content=\"W\u00e4hlen Sie einfach bei der Onlinebestellung unsere Angebots-Funktion und Sie erhalten ein schriftliches Angebot, das sich an Ihren Bed\u00fcrfnissen orientiert.\" \/>\n<meta name=\"robots\" content=\"index, follow, max-snippet:-1, max-image-preview:large, max-video-preview:-1\" \/>\n<link rel=\"canonical\" href=\"https:\/\/www.maxqda.com\/de\/angebot\" \/>\n<meta property=\"og:locale\" content=\"de_DE\" \/>\n<meta property=\"og:type\" content=\"article\" \/>\n<meta property=\"og:title\" content=\"MAXQDA-Angebot anfordern\" \/>\n<meta property=\"og:description\" content=\"Sie ben\u00f6tigen vor dem Kauf von MAXQDA ein schriftliches Angebot? 1. W\u00e4hlen Sie im Onlineshop alle gew\u00fcnschten Produkte f\u00fcr das Angebot aus. Die gew\u00e4hlten\" \/>\n<meta property=\"og:url\" content=\"https:\/\/www.maxqda.com\/de\/angebot\" \/>\n<meta property=\"og:site_name\" content=\"MAXQDA\" \/>\n<meta property=\"article:publisher\" content=\"https:\/\/www.facebook.com\/MAXQDA\/\" \/>\n<meta property=\"article:modified_time\" content=\"2023-11-10T13:09:43+00:00\" \/>\n<meta property=\"og:image\" content=\"https:\/\/www.maxqda.com\/de\/wp\/wp-content\/uploads\/sites\/1\/MAXQDA-Logo-MQ.jpg\" \/>\n\t<meta property=\"og:image:width\" content=\"825\" \/>\n\t<meta property=\"og:image:height\" content=\"825\" \/>\n\t<meta property=\"og:image:type\" content=\"image\/jpeg\" \/>\n<meta name=\"twitter:card\" content=\"summary_large_image\" \/>\n<meta name=\"twitter:site\" content=\"@VerbiSoftware\" \/>\n<script type=\"application\/ld+json\" class=\"yoast-schema-graph\">{\"@context\":\"https:\/\/schema.org\",\"@graph\":[{\"@type\":\"WebPage\",\"@id\":\"https:\/\/www.maxqda.com\/de\/angebot\",\"url\":\"https:\/\/www.maxqda.com\/de\/angebot\",\"name\":\"Angebot f\u00fcr Ihre MAXQDA-Produkte einfach und bequem online einholen\",\"isPartOf\":{\"@id\":\"https:\/\/www.maxqda.com\/de\/#website\"},\"primaryImageOfPage\":{\"@id\":\"https:\/\/www.maxqda.com\/de\/angebot#primaryimage\"},\"image\":{\"@id\":\"https:\/\/www.maxqda.com\/de\/angebot#primaryimage\"},\"thumbnailUrl\":\"https:\/\/www.maxqda.com\/de\/wp\/wp-content\/uploads\/sites\/1\/MAXQDA-Logo-MQ.jpg\",\"datePublished\":\"2008-07-02T14:19:03+00:00\",\"dateModified\":\"2023-11-10T13:09:43+00:00\",\"description\":\"W\u00e4hlen Sie einfach bei der Onlinebestellung unsere Angebots-Funktion und Sie erhalten ein schriftliches Angebot, das sich an Ihren Bed\u00fcrfnissen orientiert.\",\"breadcrumb\":{\"@id\":\"https:\/\/www.maxqda.com\/de\/angebot#breadcrumb\"},\"inLanguage\":\"de\",\"potentialAction\":[{\"@type\":\"ReadAction\",\"target\":[\"https:\/\/www.maxqda.com\/de\/angebot\"]}]},{\"@type\":\"ImageObject\",\"inLanguage\":\"de\",\"@id\":\"https:\/\/www.maxqda.com\/de\/angebot#primaryimage\",\"url\":\"https:\/\/www.maxqda.com\/de\/wp\/wp-content\/uploads\/sites\/1\/MAXQDA-Logo-MQ.jpg\",\"contentUrl\":\"https:\/\/www.maxqda.com\/de\/wp\/wp-content\/uploads\/sites\/1\/MAXQDA-Logo-MQ.jpg\",\"width\":825,\"height\":825,\"caption\":\"MAXQDA Logo\"},{\"@type\":\"BreadcrumbList\",\"@id\":\"https:\/\/www.maxqda.com\/de\/angebot#breadcrumb\",\"itemListElement\":[{\"@type\":\"ListItem\",\"position\":1,\"name\":\"Startseite\",\"item\":\"https:\/\/www.maxqda.com\/de\/\"},{\"@type\":\"ListItem\",\"position\":2,\"name\":\"MAXQDA-Angebot anfordern\"}]},{\"@type\":\"WebSite\",\"@id\":\"https:\/\/www.maxqda.com\/de\/#website\",\"url\":\"https:\/\/www.maxqda.com\/de\/\",\"name\":\"MAXQDA\",\"description\":\"\",\"publisher\":{\"@id\":\"https:\/\/www.maxqda.com\/de\/#organization\"},\"potentialAction\":[{\"@type\":\"SearchAction\",\"target\":{\"@type\":\"EntryPoint\",\"urlTemplate\":\"https:\/\/www.maxqda.com\/de\/?s={search_term_string}\"},\"query-input\":{\"@type\":\"PropertyValueSpecification\",\"valueRequired\":true,\"valueName\":\"search_term_string\"}}],\"inLanguage\":\"de\"},{\"@type\":\"Organization\",\"@id\":\"https:\/\/www.maxqda.com\/de\/#organization\",\"name\":\"MAXQDA\",\"url\":\"https:\/\/www.maxqda.com\/de\/\",\"logo\":{\"@type\":\"ImageObject\",\"inLanguage\":\"de\",\"@id\":\"https:\/\/www.maxqda.com\/de\/#\/schema\/logo\/image\/\",\"url\":\"https:\/\/www.maxqda.com\/de\/wp\/wp-content\/uploads\/sites\/1\/MAXQDA-Logo.png\",\"contentUrl\":\"https:\/\/www.maxqda.com\/de\/wp\/wp-content\/uploads\/sites\/1\/MAXQDA-Logo.png\",\"width\":\"1000\",\"height\":\"200\",\"caption\":\"MAXQDA\"},\"image\":{\"@id\":\"https:\/\/www.maxqda.com\/de\/#\/schema\/logo\/image\/\"},\"sameAs\":[\"https:\/\/www.facebook.com\/MAXQDA\/\",\"https:\/\/x.com\/VerbiSoftware\",\"https:\/\/www.instagram.com\/maxqda\/\",\"https:\/\/www.youtube.com\/user\/MAXQDA\"]}]}<\/script>\n<!-- \/ Yoast SEO Premium plugin. -->","yoast_head_json":{"title":"Angebot f\u00fcr Ihre MAXQDA-Produkte einfach und bequem online einholen","description":"W\u00e4hlen Sie einfach bei der Onlinebestellung unsere Angebots-Funktion und Sie erhalten ein schriftliches Angebot, das sich an Ihren Bed\u00fcrfnissen orientiert.","robots":{"index":"index","follow":"follow","max-snippet":"max-snippet:-1","max-image-preview":"max-image-preview:large","max-video-preview":"max-video-preview:-1"},"canonical":"https:\/\/www.maxqda.com\/de\/angebot","og_locale":"de_DE","og_type":"article","og_title":"MAXQDA-Angebot anfordern","og_description":"Sie ben\u00f6tigen vor dem Kauf von MAXQDA ein schriftliches Angebot? 1. W\u00e4hlen Sie im Onlineshop alle gew\u00fcnschten Produkte f\u00fcr das Angebot aus. Die gew\u00e4hlten","og_url":"https:\/\/www.maxqda.com\/de\/angebot","og_site_name":"MAXQDA","article_publisher":"https:\/\/www.facebook.com\/MAXQDA\/","article_modified_time":"2023-11-10T13:09:43+00:00","og_image":[{"width":825,"height":825,"url":"https:\/\/www.maxqda.com\/de\/wp\/wp-content\/uploads\/sites\/1\/MAXQDA-Logo-MQ.jpg","type":"image\/jpeg"}],"twitter_card":"summary_large_image","twitter_site":"@VerbiSoftware","schema":{"@context":"https:\/\/schema.org","@graph":[{"@type":"WebPage","@id":"https:\/\/www.maxqda.com\/de\/angebot","url":"https:\/\/www.maxqda.com\/de\/angebot","name":"Angebot f\u00fcr Ihre MAXQDA-Produkte einfach und bequem online einholen","isPartOf":{"@id":"https:\/\/www.maxqda.com\/de\/#website"},"primaryImageOfPage":{"@id":"https:\/\/www.maxqda.com\/de\/angebot#primaryimage"},"image":{"@id":"https:\/\/www.maxqda.com\/de\/angebot#primaryimage"},"thumbnailUrl":"https:\/\/www.maxqda.com\/de\/wp\/wp-content\/uploads\/sites\/1\/MAXQDA-Logo-MQ.jpg","datePublished":"2008-07-02T14:19:03+00:00","dateModified":"2023-11-10T13:09:43+00:00","description":"W\u00e4hlen Sie einfach bei der Onlinebestellung unsere Angebots-Funktion und Sie erhalten ein schriftliches Angebot, das sich an Ihren Bed\u00fcrfnissen orientiert.","breadcrumb":{"@id":"https:\/\/www.maxqda.com\/de\/angebot#breadcrumb"},"inLanguage":"de","potentialAction":[{"@type":"ReadAction","target":["https:\/\/www.maxqda.com\/de\/angebot"]}]},{"@type":"ImageObject","inLanguage":"de","@id":"https:\/\/www.maxqda.com\/de\/angebot#primaryimage","url":"https:\/\/www.maxqda.com\/de\/wp\/wp-content\/uploads\/sites\/1\/MAXQDA-Logo-MQ.jpg","contentUrl":"https:\/\/www.maxqda.com\/de\/wp\/wp-content\/uploads\/sites\/1\/MAXQDA-Logo-MQ.jpg","width":825,"height":825,"caption":"MAXQDA Logo"},{"@type":"BreadcrumbList","@id":"https:\/\/www.maxqda.com\/de\/angebot#breadcrumb","itemListElement":[{"@type":"ListItem","position":1,"name":"Startseite","item":"https:\/\/www.maxqda.com\/de\/"},{"@type":"ListItem","position":2,"name":"MAXQDA-Angebot anfordern"}]},{"@type":"WebSite","@id":"https:\/\/www.maxqda.com\/de\/#website","url":"https:\/\/www.maxqda.com\/de\/","name":"MAXQDA","description":"","publisher":{"@id":"https:\/\/www.maxqda.com\/de\/#organization"},"potentialAction":[{"@type":"SearchAction","target":{"@type":"EntryPoint","urlTemplate":"https:\/\/www.maxqda.com\/de\/?s={search_term_string}"},"query-input":{"@type":"PropertyValueSpecification","valueRequired":true,"valueName":"search_term_string"}}],"inLanguage":"de"},{"@type":"Organization","@id":"https:\/\/www.maxqda.com\/de\/#organization","name":"MAXQDA","url":"https:\/\/www.maxqda.com\/de\/","logo":{"@type":"ImageObject","inLanguage":"de","@id":"https:\/\/www.maxqda.com\/de\/#\/schema\/logo\/image\/","url":"https:\/\/www.maxqda.com\/de\/wp\/wp-content\/uploads\/sites\/1\/MAXQDA-Logo.png","contentUrl":"https:\/\/www.maxqda.com\/de\/wp\/wp-content\/uploads\/sites\/1\/MAXQDA-Logo.png","width":"1000","height":"200","caption":"MAXQDA"},"image":{"@id":"https:\/\/www.maxqda.com\/de\/#\/schema\/logo\/image\/"},"sameAs":["https:\/\/www.facebook.com\/MAXQDA\/","https:\/\/x.com\/VerbiSoftware","https:\/\/www.instagram.com\/maxqda\/","https:\/\/www.youtube.com\/user\/MAXQDA"]}]}},"_links":{"self":[{"href":"https:\/\/www.maxqda.com\/de\/wp-json\/wp\/v2\/pages\/127","targetHints":{"allow":["GET"]}}],"collection":[{"href":"https:\/\/www.maxqda.com\/de\/wp-json\/wp\/v2\/pages"}],"about":[{"href":"https:\/\/www.maxqda.com\/de\/wp-json\/wp\/v2\/types\/page"}],"author":[{"embeddable":true,"href":"https:\/\/www.maxqda.com\/de\/wp-json\/wp\/v2\/users\/1"}],"replies":[{"embeddable":true,"href":"https:\/\/www.maxqda.com\/de\/wp-json\/wp\/v2\/comments?post=127"}],"version-history":[{"count":0,"href":"https:\/\/www.maxqda.com\/de\/wp-json\/wp\/v2\/pages\/127\/revisions"}],"wp:featuredmedia":[{"embeddable":true,"href":"https:\/\/www.maxqda.com\/de\/wp-json\/wp\/v2\/media\/121894"}],"wp:attachment":[{"href":"https:\/\/www.maxqda.com\/de\/wp-json\/wp\/v2\/media?parent=127"}],"curies":[{"name":"wp","href":"https:\/\/api.w.org\/{rel}","templated":true}]}}