{"id":126260,"date":"2025-02-18T12:00:59","date_gmt":"2025-02-18T11:00:59","guid":{"rendered":"https:\/\/www.maxqda.com\/de\/?page_id=126260"},"modified":"2025-09-09T10:08:48","modified_gmt":"2025-09-09T09:08:48","slug":"ki-und-datenschutz","status":"publish","type":"page","link":"https:\/\/www.maxqda.com\/de\/ki-und-datenschutz","title":{"rendered":"KI und Datenschutz"},"content":{"rendered":"<div class=\"row\">\r\n\r\n<p class=\"hide-pdf\" style=\"text-align:right;\"><a href=\"https:\/\/www.maxqda.com\/help.php?pdf=1&#038;id=126260&#038;l=de\"><img decoding=\"async\" src=\"data:image\/svg+xml;base64,PD94bWwgdmVyc2lvbj0iMS4wIiBlbmNvZGluZz0iVVRGLTgiPz4KPHN2ZyBpZD0iRWJlbmVfMiIgZGF0YS1uYW1lPSJFYmVuZSAyIiB4bWxucz0iaHR0cDovL3d3dy53My5vcmcvMjAwMC9zdmciIHhtbG5zOnhsaW5rPSJodHRwOi8vd3d3LnczLm9yZy8xOTk5L3hsaW5rIiB2aWV3Qm94PSIwIDAgNTYgNTkiPgogIDxkZWZzPgogICAgPHN0eWxlPgogICAgICAuY2xzLTEgewogICAgICAgIGZpbGw6IHVybCgjVW5iZW5hbm50ZXJfVmVybGF1Zl8xMSk7CiAgICAgIH0KICAgIDwvc3R5bGU+CiAgICA8bGluZWFyR3JhZGllbnQgaWQ9IlVuYmVuYW5udGVyX1ZlcmxhdWZfMTEiIGRhdGEtbmFtZT0iVW5iZW5hbm50ZXIgVmVybGF1ZiAxMSIgeDE9IjAiIHkxPSIyOS41IiB4Mj0iNTYiIHkyPSIyOS41IiBncmFkaWVudFVuaXRzPSJ1c2VyU3BhY2VPblVzZSI+CiAgICAgIDxzdG9wIG9mZnNldD0iMCIgc3RvcC1jb2xvcj0iIzBhMmU4MCIvPgogICAgICA8c3RvcCBvZmZzZXQ9Ii40NSIgc3RvcC1jb2xvcj0iIzZkMzI3NSIvPgogICAgICA8c3RvcCBvZmZzZXQ9IjEiIHN0b3AtY29sb3I9IiNmMzNlMWMiLz4KICAgIDwvbGluZWFyR3JhZGllbnQ+CiAgPC9kZWZzPgogIDxnIGlkPSJFYmVuZV8xX0tvcGllIiBkYXRhLW5hbWU9IkViZW5lIDEgS29waWUiPgogICAgPHBhdGggY2xhc3M9ImNscy0xIiBkPSJNMzEsNTlINWMtMi43NiwwLTUtMi4yNC01LTVWNUMwLDIuMjQsMi4yNCwwLDUsMGgyNy44NWMxLjI0LDAsMi40Mi40NiwzLjM0LDEuMjhsOC4xNSw3LjM0YzEuMDUuOTUsMS42NiwyLjMsMS42NiwzLjcydjEwLjY2YzAsMS4xLS45LDItMiwycy0yLS45LTItMnYtMTAuNjZjMC0uMjgtLjEyLS41NS0uMzMtLjc0bC04LjE1LTcuMzRjLS4xOC0uMTctLjQyLS4yNi0uNjctLjI2SDVjLS41NSwwLTEsLjQ1LTEsMXY0OWMwLC41NS40NSwxLDEsMWgyNmMxLjEsMCwyLC45LDIsMnMtLjksMi0yLDJaTTU1LjQxLDQ1LjU5Yy0uNzgtLjc4LTIuMDUtLjc4LTIuODMsMGwtNi41OSw2LjU5di0yMC4xN2MwLTEuMS0uOS0yLTItMnMtMiwuOS0yLDJ2MjAuMTdsLTYuNTktNi41OWMtLjc4LS43OC0yLjA1LS43OC0yLjgzLDBzLS43OCwyLjA1LDAsMi44M2wxMCwxMGMuMzkuMzkuOS41OSwxLjQxLjU5czEuMDItLjIsMS40MS0uNTlsMTAtMTBjLjc4LS43OC43OC0yLjA1LDAtMi44M1pNNy4yNSwzNC41OWgzLjE2di00LjE1aDEuMjJjMS40OCwwLDIuNjQtLjM0LDMuNDctMS4wMS44My0uNjcsMS4yNC0xLjYxLDEuMjQtMi44MSwwLTEuMzQtLjQzLTIuMzItMS4zLTIuOTVzLTIuMjEtLjk0LTQuMDItLjk0aC0zLjc3djExLjg3Wk0xMC40MSwyNC45N2guODJjLjYsMCwxLjA4LjEyLDEuNDMuMzcuMzUuMjUuNTMuNjYuNTMsMS4yMnMtLjE4Ljk5LS41MywxLjI1Yy0uMzUuMjUtLjgzLjM4LTEuNDMuMzhoLS44MnYtMy4yM1pNMTcuODEsMzQuNTloNC4zMmMxLjA1LDAsMi0uMTEsMi44NS0uMzIuODQtLjIxLDEuNTgtLjU2LDIuMjEtMS4wMy42My0uNDcsMS4xMS0xLjA5LDEuNDUtMS44Ni4zNC0uNzcuNTEtMS42OS41MS0yLjc3cy0uMTctMi4wNS0uNS0yLjgxYy0uMzMtLjc3LS44MS0xLjM3LTEuNDMtMS44Mi0uNjItLjQ1LTEuMzUtLjc3LTIuMTktLjk2LS44NC0uMTktMS44MS0uMjktMi45LS4yOWgtNC4zMnYxMS44N1pNMjAuOTcsMjUuMDdoMS4yMmMxLjE3LDAsMi4wNy4zMSwyLjcyLjkyLjY1LjYxLjk3LDEuNS45NywyLjY3cy0uMzIsMi4wNi0uOTUsMi42N2MtLjYzLjYxLTEuNTUuOTItMi43NC45MmgtMS4yMnYtNy4xN1pNMzAuOTUsMzQuNTloMy4xNnYtNC43OGg0LjU3di0yLjI0aC00LjU3di0yLjZoNC43OHYtMi4yNGgtNy45NHYxMS44N1oiLz4KICA8L2c+Cjwvc3ZnPg==\" alt=\"SVG Image\" style=\"max-width: 45px;\"\/><\/a><\/p>\r\n\t\r\n\t<div class=\"row columns large-12 small-12\">\r\n\t\r\n\t\t<div class=\"large-2 small-12 left text-center columns hide-pdf\">\r\n\t\t\t<img decoding=\"async\" class=\"large-12 small-6 margin-bottom-30\" src=\" data:image\/svg+xml;base64,PD94bWwgdmVyc2lvbj0iMS4wIiBlbmNvZGluZz0idXRmLTgiPz4KPCEtLSBHZW5lcmF0b3I6IEFkb2JlIElsbHVzdHJhdG9yIDI4LjAuMCwgU1ZHIEV4cG9ydCBQbHVnLUluIC4gU1ZHIFZlcnNpb246IDYuMDAgQnVpbGQgMCkgIC0tPgo8c3ZnIHZlcnNpb249IjEuMSIgaWQ9IkViZW5lXzEiIHhtbG5zPSJodHRwOi8vd3d3LnczLm9yZy8yMDAwL3N2ZyIgeG1sbnM6eGxpbms9Imh0dHA6Ly93d3cudzMub3JnLzE5OTkveGxpbmsiIHg9IjBweCIgeT0iMHB4IgoJIHZpZXdCb3g9IjAgMCAxMjggMTI4IiBzdHlsZT0iZW5hYmxlLWJhY2tncm91bmQ6bmV3IDAgMCAxMjggMTI4OyIgeG1sOnNwYWNlPSJwcmVzZXJ2ZSI+CjxzdHlsZSB0eXBlPSJ0ZXh0L2NzcyI+Cgkuc3Qwe2ZpbGw6bm9uZTtzdHJva2U6dXJsKCNTVkdJRF8xXyk7c3Ryb2tlLXdpZHRoOjI7c3Ryb2tlLWxpbmVjYXA6cm91bmQ7c3Ryb2tlLWxpbmVqb2luOnJvdW5kO3N0cm9rZS1taXRlcmxpbWl0OjEwO30KPC9zdHlsZT4KPGxpbmVhckdyYWRpZW50IGlkPSJTVkdJRF8xXyIgZ3JhZGllbnRVbml0cz0idXNlclNwYWNlT25Vc2UiIHgxPSIxNy4xNzUxIiB5MT0iMjAuMTQwNiIgeDI9IjEwNi4zMzczIiB5Mj0iMTA5LjMwMjgiPgoJPHN0b3AgIG9mZnNldD0iMCIgc3R5bGU9InN0b3AtY29sb3I6IzBBMkU4MCIvPgoJPHN0b3AgIG9mZnNldD0iMC40MTAyIiBzdHlsZT0ic3RvcC1jb2xvcjojNkQzMjc1Ii8+Cgk8c3RvcCAgb2Zmc2V0PSIwLjk0NiIgc3R5bGU9InN0b3AtY29sb3I6I0YzM0UxQyIvPgo8L2xpbmVhckdyYWRpZW50Pgo8cGF0aCBjbGFzcz0ic3QwIiBkPSJNNjIuNSw5OC42Yy02LjgsNi45LTEyLjYsOS4xLTEzLjUsOS4xYy0yLjIsMC0zNy04LjYtMzctODFsMzctMTIuM2wzNywxMi4zYzAsMTUtMS42LDIzLjYtNC4xLDMzLjkgTTYyLjIsNzQuMwoJSDM1LjhjLTIsMC0zLjUtMS42LTMuNS0zLjVWNTQuOWMwLTIsMS42LTMuNSwzLjUtMy41aDI2LjRjMiwwLDMuNSwxLjYsMy41LDMuNXYxNS44QzY1LjcsNzIuNyw2NC4xLDc0LjMsNjIuMiw3NC4zeiBNNDksNTguMQoJYzEuNCwwLDIuNSwxLjEsMi41LDIuNXMtMS4xLDIuNS0yLjUsMi41cy0yLjUtMS4xLTIuNS0yLjVTNDcuNiw1OC4xLDQ5LDU4LjF6IE00OSw2My42djQuNSBNOTEuNCw2NS40YzEzLjEsMCwyMy44LDEwLjYsMjMuOCwyMy44CglTMTA0LjUsMTEzLDkxLjQsMTEzcy0yMy44LTEwLjYtMjMuOC0yMy44Uzc4LjMsNjUuNCw5MS40LDY1LjR6IE03OS40LDkxLjFsOCw4bDE1LjktMTcuOSBNMzguMyw1MS4ydi01LjljMC01LjksNC44LTEwLjcsMTAuNy0xMC43CglzMTAuNyw0LjgsMTAuNywxMC43djUuOSIvPgo8L3N2Zz4K\" \/>\r\n\r\n\t\t<\/div>\r\n\r\n\t\t<div class=\"large-10 small-12 left columns\">\r\n\r\n\t\t\t<p class=\"text-bigger\">Als f\u00fchrender Software-Anbieter f\u00fcr qualitative Datenanalyse und Mixed-Methods-L\u00f6sungen ist es unsere Mission, KI-gest\u00fctzte Tools verantwortungsvoll zu entwickeln. Um Ihre Daten zu sch\u00fctzen, haben wir unsere KI-Tools mit R\u00fccksicht auf die h\u00f6chsten Datenschutzstandards entworfen. Unsere KI-Tools \u2014 <a href=\"https:\/\/www.maxqda.com\/de\/produkte\/ai-assist\">AI Assist<\/a> und <a href=\"https:\/\/www.maxqda.com\/de\/automatische-transkription\">Transcription<\/a> \u2014 werden von Forschenden f\u00fcr Forschende entwickelt und nutzen die hohe KI-Verarbeitungsleistung ohne die Sicherheit Ihrer Daten zu gef\u00e4hrden.<\/p>\r\n\t\t<\/div>\r\n\r\n\t<\/div>\r\n\t\r\n\t<div class=\"row\">\r\n\t<div class=\"large-12 small-12 large-centered margin-top-80\">\r\n\t\t<h2 class=\"text-center\">Unsere Schutzma\u00dfnahmen<\/h2>\r\n\t\t\r\n\t\t<ul class=\"large-9 small-12 large-centered columns list-ai\">\r\n\t\t\r\n\t\t<li class=\"text-bigger\">KI-gest\u00fctzte Tools sind optionale Funktionen und werden nie standardm\u00e4\u00dfig aktiviert.<\/li>\r\n\r\n\t\t<li class=\"text-bigger\">KI-generierte Ergebnisse sind klar gekennzeichnet.<\/li>\r\n\r\n\t\t<li class=\"text-bigger\">All unsere KI-Tools sind DSGVO-konform.<\/li>\r\n\r\n\t\t<li class=\"text-bigger\">Nur minimal notwendige Daten werden an die KI-Modelle \u00fcbertragen.<\/li>\r\n\r\n\t\t<li class=\"text-bigger\">Ihre Daten werden nie f\u00fcr KI-Trainingszwecke verwendet.<\/li>\r\n\r\n\t\t<li class=\"text-bigger\">Ihre Daten werden von unseren KI-Dienstleistern niemals dauerhaft gespeichert.<\/li> \r\n\r\n\t\t<li class=\"text-bigger\">Unser Team aus Sozialwissenschaftler:innen und KI-Spezialist:innen testet und pr\u00fcft unsere KI-Tools kontinuierlich.<\/li> \r\n\t\t\r\n\t\t<\/ul>\r\n\t\t\r\n\t\t\r\n\r\n\t<\/div>\r\n<\/div>\r\n\t<div class=\"row columns\">\r\n\t<div class=\"large-12 small-12 large-centered margin-top-40\">\r\n\t\t<h2 class=\"text-center margin-top-40\">Funktionsweise<\/h2>\r\n\t\t\r\n\t\t<p class=\"text-center text-bigger\">Um die Ma\u00dfnahmen zum Schutz Ihre Daten zu verstehen, ist es wichtig nachzuvollziehen, wie Ihre Daten genau verarbeitet werden.<\/p>\r\n\t\t<\/div>\r\n\t\t\r\n\t<div class=\"text-center\">\r\n\t\t\r\n\t\t<img decoding=\"async\"  data-headline=\"KI und Datenschutz\" data-description=\"KI und Datenschutz\" src=\"https:\/\/www.maxqda.com\/de\/wp\/wp-content\/uploads\/sites\/1\/MAXQDA-KI-und-Datenschutz.png\" alt=\"KI und Datenschutz\" class=\"alignnone size-full wp-image-128499\" width=\"800px\"\/>\r\n\t\t\r\n\t\t<\/div>\r\n\t\t\r\n\t\t<div class=\"row columns\">\r\n\t<div class=\"large-12 small-12 large-centered margin-top-40\">\r\n\t\t<ol>\r\n\t\t<li class=\"text-bigger\">Wenn Sie in einem MAXQDA-Produkt eine KI-Funktion starten, werden nur die minimal erforderlichen Daten zur Verarbeitung der Anfrage an unseren AWS-Cloud-Server gesendet.<\/li>\r\n\t\t<li class=\"text-bigger\">Der AWS-Cloud-Server leitet die minimal erforderlichen Daten an unseren KI-Dienstleister weiter.<\/li>\r\n\t\t<li class=\"text-bigger\">Die Ergebnisse werden vom KI-Dienstleister zur\u00fcckgegeben und Ihre Daten werden nach der Verarbeitung entfernt, ohne dass sie f\u00fcr andere Zwecke verwendet werden.<\/li> \r\n\t\t<li class=\"text-bigger\">Sie erhalten die KI-Ergebnisse.<\/li>\r\n\t\t<\/ol>\r\n\t\t\r\n\t\t<p class=\"text-bigger\"><b>Hinweis:<\/b> Bei MAXQDA Transcription werden die urspr\u00fcnglichen Audio- und Videodateien nach der Fertigstellung gel\u00f6scht. Transkripte werden sieben Tage nach dem Download oder Import in MAXQDA entfernt.<\/p>\r\n\t\t<\/div>\t\r\n\t\t\r\n\t\r\n\t<div class=\"large-12 small-12 large-centered margin-top-40\">\r\n\t\r\n\t\t<p class=\"text-bigger\">Die \u00dcbertragung Ihrer Daten ist durch SSL\/TLS 1.2-Verschl\u00fcsselung gesch\u00fctzt. Alle Server, die Ihre Daten vor\u00fcbergehend bearbeiten, befinden sich in der EU:<\/p>\r\n\t\t<ul>\r\n\r\n\t\t<li class=\"text-bigger\">MAXQDA Transcription: Cloud-Server in Frankfurt, KI-Modell-Server in den Niederlanden<\/li>\r\n\r\n\t\t<li class=\"text-bigger\">MAXQDA AI Assist: Cloud-Server in Frankfurt, KI-Modell-Server in der EU<\/li>\r\n\t\t\r\n\t\t<\/ul>\r\n\r\n\t\t<p class=\"text-bigger\">Weitere Einzelheiten zu unseren KI-Dienstleistern finden Sie auf unserer <a href=\"https:\/\/www.maxqda.com\/de\/drittdienstleister\">Drittanbieter-Seite<\/a>.<\/p>\r\n\t\t\r\n<\/div>\r\n\r\n<div class=\"row\">\r\n<div class=\"large-12 small-12 columns\">\t \r\n   <div class=\"margin-top-40\">\r\n       <div class=\"large-4 small-12 columns left shadow-box box-50\">\r\n            <h4><b>KI und Forschungsmethoden<\/b><\/h4>\r\n\t\t\t<p>Haben Sie Fragen zu KI und Forschungsmethoden, dann k\u00f6nnen Sie sich hier in unseren FAQs informieren.<\/p>\r\n            <a href=\"https:\/\/help.maxqda.com\/de\/support\/solutions\/folders\/80000724285\" class=\"button\">Zum FAQ<\/a>\r\n\t\t<\/div>\r\n\t<div class=\"large-4 small-12 columns left shadow-box box-50\">\r\n\t    <h4><b>Datenschutz und Datensicherheit<\/b><\/h4>\r\n\t\t<p>Konnten noch nicht alle Fragen zu KI und Datenschutz beantwortet werden? Dann mehr dazu in unseren FAQs.<\/p>\r\n        <a href=\"https:\/\/help.maxqda.com\/de\/support\/solutions\/80000464562\" class=\"button\">Zum FAQ<\/a>\r\n     <\/div>\r\n<\/div>\r\n<\/div>\r\n\t<\/div>","protected":false},"excerpt":{"rendered":"<p>Als f\u00fchrender Software-Anbieter f\u00fcr qualitative Datenanalyse und Mixed-Methods-L\u00f6sungen ist es unsere Mission, KI-gest\u00fctzte Tools verantwortungsvoll zu entwickeln. Um Ihre Daten zu sch\u00fctzen, haben wir unsere KI-Tools mit R\u00fccksicht auf die h\u00f6chsten Datenschutzstandards entworfen. Unsere KI-Tools \u2014 AI Assist und Transcription \u2014 werden von Forschenden f\u00fcr Forschende entwickelt und nutzen die hohe KI-Verarbeitungsleistung ohne die Sicherheit [&hellip;]<\/p>\n","protected":false},"author":45,"featured_media":121894,"parent":0,"menu_order":2,"comment_status":"closed","ping_status":"closed","template":"custom-page-header.php","meta":{"_acf_changed":false,"_relevanssi_hide_post":"","_relevanssi_hide_content":"","_relevanssi_pin_for_all":"","_relevanssi_pin_keywords":"","_relevanssi_unpin_keywords":"","_relevanssi_related_keywords":"","_relevanssi_related_include_ids":"","_relevanssi_related_exclude_ids":"","_relevanssi_related_no_append":"","_relevanssi_related_not_related":"","_relevanssi_related_posts":"","_relevanssi_noindex_reason":"","footnotes":""},"class_list":["post-126260","page","type-page","status-publish","has-post-thumbnail","hentry"],"acf":[],"yoast_head":"<!-- This site is optimized with the Yoast SEO Premium plugin v27.1 (Yoast SEO v27.1.1) - https:\/\/yoast.com\/product\/yoast-seo-premium-wordpress\/ -->\n<title>KI und Datenschutz | MAXQDA<\/title>\n<meta name=\"description\" content=\"KI und Datenschutz: MAXQDA bietet Ihnen mit AI Assist eine sichere KI-Technologie f\u00fcr die qualitative Forschung.\" \/>\n<meta name=\"robots\" content=\"index, follow, max-snippet:-1, max-image-preview:large, max-video-preview:-1\" \/>\n<link rel=\"canonical\" href=\"https:\/\/www.maxqda.com\/de\/ki-und-datenschutz\" \/>\n<meta property=\"og:locale\" content=\"de_DE\" \/>\n<meta property=\"og:type\" content=\"article\" \/>\n<meta property=\"og:title\" content=\"KI und Datenschutz\" \/>\n<meta property=\"og:description\" content=\"MAXQDA bietet Ihnen mit AI Assist eine sichere KI-Technologie f\u00fcr die qualitative Forschung.\" \/>\n<meta property=\"og:url\" content=\"https:\/\/www.maxqda.com\/de\/ki-und-datenschutz\" \/>\n<meta property=\"og:site_name\" content=\"MAXQDA\" \/>\n<meta property=\"article:publisher\" content=\"https:\/\/www.facebook.com\/MAXQDA\/\" \/>\n<meta property=\"article:modified_time\" content=\"2025-09-09T09:08:48+00:00\" \/>\n<meta property=\"og:image\" content=\"https:\/\/www.maxqda.com\/de\/wp\/wp-content\/uploads\/sites\/1\/MAXQDA-Die-1-Software-fuer-qualitative-und-Mixed-Methods-Datenanalyse.png\" \/>\n\t<meta property=\"og:image:width\" content=\"1200\" \/>\n\t<meta property=\"og:image:height\" content=\"630\" \/>\n\t<meta property=\"og:image:type\" content=\"image\/png\" \/>\n<meta name=\"twitter:card\" content=\"summary_large_image\" \/>\n<meta name=\"twitter:description\" content=\"Als f\u00fchrender Software-Anbieter f\u00fcr qualitative Datenanalyse und Mixed-Methods-L\u00f6sungen ist es unsere Mission, KI-gest\u00fctzte Tools verantwortungsvoll zu\" \/>\n<meta name=\"twitter:site\" content=\"@VerbiSoftware\" \/>\n<meta name=\"twitter:label1\" content=\"Gesch\u00e4tzte Lesezeit\" \/>\n\t<meta name=\"twitter:data1\" content=\"3\u00a0Minuten\" \/>\n<script type=\"application\/ld+json\" class=\"yoast-schema-graph\">{\"@context\":\"https:\/\/schema.org\",\"@graph\":[{\"@type\":\"WebPage\",\"@id\":\"https:\/\/www.maxqda.com\/de\/ki-und-datenschutz\",\"url\":\"https:\/\/www.maxqda.com\/de\/ki-und-datenschutz\",\"name\":\"KI und Datenschutz | MAXQDA\",\"isPartOf\":{\"@id\":\"https:\/\/www.maxqda.com\/de\/#website\"},\"primaryImageOfPage\":{\"@id\":\"https:\/\/www.maxqda.com\/de\/ki-und-datenschutz#primaryimage\"},\"image\":{\"@id\":\"https:\/\/www.maxqda.com\/de\/ki-und-datenschutz#primaryimage\"},\"thumbnailUrl\":\"https:\/\/www.maxqda.com\/de\/wp\/wp-content\/uploads\/sites\/1\/MAXQDA-Logo-MQ.jpg\",\"datePublished\":\"2025-02-18T11:00:59+00:00\",\"dateModified\":\"2025-09-09T09:08:48+00:00\",\"description\":\"KI und Datenschutz: MAXQDA bietet Ihnen mit AI Assist eine sichere KI-Technologie f\u00fcr die qualitative Forschung.\",\"breadcrumb\":{\"@id\":\"https:\/\/www.maxqda.com\/de\/ki-und-datenschutz#breadcrumb\"},\"inLanguage\":\"de\",\"potentialAction\":[{\"@type\":\"ReadAction\",\"target\":[\"https:\/\/www.maxqda.com\/de\/ki-und-datenschutz\"]}]},{\"@type\":\"ImageObject\",\"inLanguage\":\"de\",\"@id\":\"https:\/\/www.maxqda.com\/de\/ki-und-datenschutz#primaryimage\",\"url\":\"https:\/\/www.maxqda.com\/de\/wp\/wp-content\/uploads\/sites\/1\/MAXQDA-Logo-MQ.jpg\",\"contentUrl\":\"https:\/\/www.maxqda.com\/de\/wp\/wp-content\/uploads\/sites\/1\/MAXQDA-Logo-MQ.jpg\",\"width\":825,\"height\":825,\"caption\":\"MAXQDA Logo\"},{\"@type\":\"BreadcrumbList\",\"@id\":\"https:\/\/www.maxqda.com\/de\/ki-und-datenschutz#breadcrumb\",\"itemListElement\":[{\"@type\":\"ListItem\",\"position\":1,\"name\":\"Startseite\",\"item\":\"https:\/\/www.maxqda.com\/de\/\"},{\"@type\":\"ListItem\",\"position\":2,\"name\":\"KI und Datenschutz\"}]},{\"@type\":\"WebSite\",\"@id\":\"https:\/\/www.maxqda.com\/de\/#website\",\"url\":\"https:\/\/www.maxqda.com\/de\/\",\"name\":\"MAXQDA\",\"description\":\"\",\"publisher\":{\"@id\":\"https:\/\/www.maxqda.com\/de\/#organization\"},\"potentialAction\":[{\"@type\":\"SearchAction\",\"target\":{\"@type\":\"EntryPoint\",\"urlTemplate\":\"https:\/\/www.maxqda.com\/de\/?s={search_term_string}\"},\"query-input\":{\"@type\":\"PropertyValueSpecification\",\"valueRequired\":true,\"valueName\":\"search_term_string\"}}],\"inLanguage\":\"de\"},{\"@type\":\"Organization\",\"@id\":\"https:\/\/www.maxqda.com\/de\/#organization\",\"name\":\"MAXQDA\",\"url\":\"https:\/\/www.maxqda.com\/de\/\",\"logo\":{\"@type\":\"ImageObject\",\"inLanguage\":\"de\",\"@id\":\"https:\/\/www.maxqda.com\/de\/#\/schema\/logo\/image\/\",\"url\":\"https:\/\/www.maxqda.com\/de\/wp\/wp-content\/uploads\/sites\/1\/MAXQDA-Logo.png\",\"contentUrl\":\"https:\/\/www.maxqda.com\/de\/wp\/wp-content\/uploads\/sites\/1\/MAXQDA-Logo.png\",\"width\":\"1000\",\"height\":\"200\",\"caption\":\"MAXQDA\"},\"image\":{\"@id\":\"https:\/\/www.maxqda.com\/de\/#\/schema\/logo\/image\/\"},\"sameAs\":[\"https:\/\/www.facebook.com\/MAXQDA\/\",\"https:\/\/x.com\/VerbiSoftware\",\"https:\/\/www.instagram.com\/maxqda\/\",\"https:\/\/www.youtube.com\/user\/MAXQDA\"]}]}<\/script>\n<!-- \/ Yoast SEO Premium plugin. -->","yoast_head_json":{"title":"KI und Datenschutz | MAXQDA","description":"KI und Datenschutz: MAXQDA bietet Ihnen mit AI Assist eine sichere KI-Technologie f\u00fcr die qualitative Forschung.","robots":{"index":"index","follow":"follow","max-snippet":"max-snippet:-1","max-image-preview":"max-image-preview:large","max-video-preview":"max-video-preview:-1"},"canonical":"https:\/\/www.maxqda.com\/de\/ki-und-datenschutz","og_locale":"de_DE","og_type":"article","og_title":"KI und Datenschutz","og_description":"MAXQDA bietet Ihnen mit AI Assist eine sichere KI-Technologie f\u00fcr die qualitative Forschung.","og_url":"https:\/\/www.maxqda.com\/de\/ki-und-datenschutz","og_site_name":"MAXQDA","article_publisher":"https:\/\/www.facebook.com\/MAXQDA\/","article_modified_time":"2025-09-09T09:08:48+00:00","og_image":[{"width":1200,"height":630,"url":"https:\/\/www.maxqda.com\/de\/wp\/wp-content\/uploads\/sites\/1\/MAXQDA-Die-1-Software-fuer-qualitative-und-Mixed-Methods-Datenanalyse.png","type":"image\/png"}],"twitter_card":"summary_large_image","twitter_description":"Als f\u00fchrender Software-Anbieter f\u00fcr qualitative Datenanalyse und Mixed-Methods-L\u00f6sungen ist es unsere Mission, KI-gest\u00fctzte Tools verantwortungsvoll zu","twitter_site":"@VerbiSoftware","twitter_misc":{"Gesch\u00e4tzte Lesezeit":"3\u00a0Minuten"},"schema":{"@context":"https:\/\/schema.org","@graph":[{"@type":"WebPage","@id":"https:\/\/www.maxqda.com\/de\/ki-und-datenschutz","url":"https:\/\/www.maxqda.com\/de\/ki-und-datenschutz","name":"KI und Datenschutz | MAXQDA","isPartOf":{"@id":"https:\/\/www.maxqda.com\/de\/#website"},"primaryImageOfPage":{"@id":"https:\/\/www.maxqda.com\/de\/ki-und-datenschutz#primaryimage"},"image":{"@id":"https:\/\/www.maxqda.com\/de\/ki-und-datenschutz#primaryimage"},"thumbnailUrl":"https:\/\/www.maxqda.com\/de\/wp\/wp-content\/uploads\/sites\/1\/MAXQDA-Logo-MQ.jpg","datePublished":"2025-02-18T11:00:59+00:00","dateModified":"2025-09-09T09:08:48+00:00","description":"KI und Datenschutz: MAXQDA bietet Ihnen mit AI Assist eine sichere KI-Technologie f\u00fcr die qualitative Forschung.","breadcrumb":{"@id":"https:\/\/www.maxqda.com\/de\/ki-und-datenschutz#breadcrumb"},"inLanguage":"de","potentialAction":[{"@type":"ReadAction","target":["https:\/\/www.maxqda.com\/de\/ki-und-datenschutz"]}]},{"@type":"ImageObject","inLanguage":"de","@id":"https:\/\/www.maxqda.com\/de\/ki-und-datenschutz#primaryimage","url":"https:\/\/www.maxqda.com\/de\/wp\/wp-content\/uploads\/sites\/1\/MAXQDA-Logo-MQ.jpg","contentUrl":"https:\/\/www.maxqda.com\/de\/wp\/wp-content\/uploads\/sites\/1\/MAXQDA-Logo-MQ.jpg","width":825,"height":825,"caption":"MAXQDA Logo"},{"@type":"BreadcrumbList","@id":"https:\/\/www.maxqda.com\/de\/ki-und-datenschutz#breadcrumb","itemListElement":[{"@type":"ListItem","position":1,"name":"Startseite","item":"https:\/\/www.maxqda.com\/de\/"},{"@type":"ListItem","position":2,"name":"KI und Datenschutz"}]},{"@type":"WebSite","@id":"https:\/\/www.maxqda.com\/de\/#website","url":"https:\/\/www.maxqda.com\/de\/","name":"MAXQDA","description":"","publisher":{"@id":"https:\/\/www.maxqda.com\/de\/#organization"},"potentialAction":[{"@type":"SearchAction","target":{"@type":"EntryPoint","urlTemplate":"https:\/\/www.maxqda.com\/de\/?s={search_term_string}"},"query-input":{"@type":"PropertyValueSpecification","valueRequired":true,"valueName":"search_term_string"}}],"inLanguage":"de"},{"@type":"Organization","@id":"https:\/\/www.maxqda.com\/de\/#organization","name":"MAXQDA","url":"https:\/\/www.maxqda.com\/de\/","logo":{"@type":"ImageObject","inLanguage":"de","@id":"https:\/\/www.maxqda.com\/de\/#\/schema\/logo\/image\/","url":"https:\/\/www.maxqda.com\/de\/wp\/wp-content\/uploads\/sites\/1\/MAXQDA-Logo.png","contentUrl":"https:\/\/www.maxqda.com\/de\/wp\/wp-content\/uploads\/sites\/1\/MAXQDA-Logo.png","width":"1000","height":"200","caption":"MAXQDA"},"image":{"@id":"https:\/\/www.maxqda.com\/de\/#\/schema\/logo\/image\/"},"sameAs":["https:\/\/www.facebook.com\/MAXQDA\/","https:\/\/x.com\/VerbiSoftware","https:\/\/www.instagram.com\/maxqda\/","https:\/\/www.youtube.com\/user\/MAXQDA"]}]}},"_links":{"self":[{"href":"https:\/\/www.maxqda.com\/de\/wp-json\/wp\/v2\/pages\/126260","targetHints":{"allow":["GET"]}}],"collection":[{"href":"https:\/\/www.maxqda.com\/de\/wp-json\/wp\/v2\/pages"}],"about":[{"href":"https:\/\/www.maxqda.com\/de\/wp-json\/wp\/v2\/types\/page"}],"author":[{"embeddable":true,"href":"https:\/\/www.maxqda.com\/de\/wp-json\/wp\/v2\/users\/45"}],"replies":[{"embeddable":true,"href":"https:\/\/www.maxqda.com\/de\/wp-json\/wp\/v2\/comments?post=126260"}],"version-history":[{"count":4,"href":"https:\/\/www.maxqda.com\/de\/wp-json\/wp\/v2\/pages\/126260\/revisions"}],"predecessor-version":[{"id":130380,"href":"https:\/\/www.maxqda.com\/de\/wp-json\/wp\/v2\/pages\/126260\/revisions\/130380"}],"wp:featuredmedia":[{"embeddable":true,"href":"https:\/\/www.maxqda.com\/de\/wp-json\/wp\/v2\/media\/121894"}],"wp:attachment":[{"href":"https:\/\/www.maxqda.com\/de\/wp-json\/wp\/v2\/media?parent=126260"}],"curies":[{"name":"wp","href":"https:\/\/api.w.org\/{rel}","templated":true}]}}