{"id":122501,"date":"2023-10-27T16:21:42","date_gmt":"2023-10-27T15:21:42","guid":{"rendered":"https:\/\/www.maxqda.com\/de\/?page_id=122501"},"modified":"2023-10-27T15:23:50","modified_gmt":"2023-10-27T14:23:50","slug":"single-user-lizenzen","status":"publish","type":"page","link":"https:\/\/www.maxqda.com\/de\/single-user-lizenzen","title":{"rendered":"Single User Lizenzen"},"content":{"rendered":"<div class=\"large-12 small-12\">\t\r\n\t<div class=\"large-10 small-12 large-centered columns\">\r\n\t\t<div class=\"large-5 small-12 left\">\r\n\t\t\t<div class=\"img-bg img-bg-2\">\r\n\t\t\t\t<div style=\"background-color:white; padding:1px 25px 15px 30px; box-shadow: 0px 15px 30px -15px rgba(0,0,0,0.2);\">\r\n\t\t\t\t\t<small class=\"description\">Eine pers\u00f6nliche MAXQDA Lizenz zur Installation auf Ihrem lokalen Computer und\/oder Laptop.<\/small>\r\n\t\t\t\t<\/div>\r\n\t\t\t<\/div>\r\n\t\t<\/div>\r\n\t\r\n\t\t<div class=\"large-7 small-12 left text-left columns\">\r\n\t   \t<h4><strong>Kostenlos: Kurslizenz f\u00fcr Seminare<\/strong><\/h4>\r\n\t   \t<p>Jede Single-User-Lizenz darf durch eine Person verwendet werden.<\/p>\r\n\t   \t<h4><strong>Installation auf 2 Computern<\/strong><\/h4>\r\n\t   \t<p>Die Installation darf auf 2 Computern (zum Beispiel Desktop und Laptop) erfolgen. Die beiden Installationen d\u00fcrfen nicht gleichzeitig und nicht von verschiedenen Personen genutzt werden.<\/p> \r\n\t\t<\/div>\r\n\t\t<br style=\"clear:both\" \/>\r\n\t<\/div>\t\r\n\t\r\n\t<div class=\"large-centered large-10 columns\">\r\n\t\t<h4><strong>Schlie\u00dfen Sie jetzt Ihr Abonnement ab<\/strong><\/h4>\r\n\t\t<ul>\r\n\t\t\t<li>Flexible Abonnementvertr\u00e4ge:<br \/>\r\n\t\t\t\t<ul>\r\n\t\t\t\t\t<li>Abonnement auf j\u00e4hrlicher Basis (mit j\u00e4hrlicher K\u00fcndigungsoption; K\u00fcndigungsfrist: 2 Monate zum n\u00e4chsten Verl\u00e4ngerungsdatum)<\/li>\r\n\t\t\t\t\t<li>3-Jahres-Lizenzen<\/li>\r\n\t\t\t\t\t<li>5-Jahres-Lizenzen<\/li>\r\n\t\t\t\t<\/ul>\r\n\t\t\t<\/li>\r\n\t\t\t<li>Kostenfreie Updates und Upgrades auf neue Versionen von MAXQDA<\/li>\r\n\t\t\t<li>Flexible Anpassungsoptionen f\u00fcr Vertr\u00e4ge<\/li>\r\n\t\t\t<li>Team Cloud Modul zubuchbar<\/li>\r\n\t\t\t<li>Premium Lizenzsupport<\/li>\t\t\t\r\n\t\t<\/ul>\r\n\t\t\r\n\t\t<h4><strong>Systemanforderungen<\/strong><\/h4>\r\n\r\n\t\t<p>Single-User-Lizenzen k\u00f6nnen unter Mac OS und Windows verwendet werden.<\/p>\r\n\t\t<p>Die Installation muss auf einem lokalen Rechner oder Laptop erfolgen. Die Verwendung auf Terminalservern, virtuellen Maschinen und der Zugriff per \r\n\t\t\tRemote Desktop ist nicht m\u00f6glich.<\/p>\r\n\r\n\t\t<ul><strong>Betriebssysteme:<\/strong>\r\n\t\t\t<li>Windows 11<\/li>\r\n\t\t\t<li>Windows 10 (64 bit)<\/li> \r\n\t\t\t<li>macOS 14.0 (Sonoma)<\/li>\r\n\t\t\t<li>macOS 13.0 (Ventura)<\/li>\r\n\t\t\t<li>macOS 12.0 (Monterey)<\/li>\r\n\t\t\t<li>macOS 11.0 (Big Sur)<\/li>\r\n\t\t\t<li>macOS 10.15 (Catalina)<\/li>\r\n\t\t\t<li>macOS 10.14 (Mojave)<\/li>\r\n\t\t<\/ul>\r\n\r\n\t\t<p class=\"blue-text\"><a href=\"https:\/\/www.maxqda.com\/de\/produkte\/systemanforderungen\"><strong>Mehr Systemanforderungen<\/strong><\/a><\/p>\r\n\r\n\t<\/div>\r\n<\/div>","protected":false},"excerpt":{"rendered":"<p>Eine pers\u00f6nliche MAXQDA Lizenz zur Installation auf Ihrem lokalen Computer und\/oder Laptop. Kostenlos: Kurslizenz f\u00fcr Seminare Jede Single-User-Lizenz darf durch eine Person verwendet werden. Installation auf 2 Computern Die Installation darf auf 2 Computern (zum Beispiel Desktop und Laptop) erfolgen. Die beiden Installationen d\u00fcrfen nicht gleichzeitig und nicht von verschiedenen Personen genutzt werden. Schlie\u00dfen Sie [&hellip;]<\/p>\n","protected":false},"author":66,"featured_media":121894,"parent":0,"menu_order":50,"comment_status":"closed","ping_status":"closed","template":"custom-page-header.php","meta":{"_acf_changed":false,"_relevanssi_hide_post":"","_relevanssi_hide_content":"","_relevanssi_pin_for_all":"","_relevanssi_pin_keywords":"","_relevanssi_unpin_keywords":"","_relevanssi_related_keywords":"","_relevanssi_related_include_ids":"","_relevanssi_related_exclude_ids":"","_relevanssi_related_no_append":"","_relevanssi_related_not_related":"","_relevanssi_related_posts":"","_relevanssi_noindex_reason":"","footnotes":""},"class_list":["post-122501","page","type-page","status-publish","has-post-thumbnail","hentry"],"acf":[],"yoast_head":"<!-- This site is optimized with the Yoast SEO Premium plugin v27.1 (Yoast SEO v27.1.1) - https:\/\/yoast.com\/product\/yoast-seo-premium-wordpress\/ -->\n<title>MAXQDA Lizenzen f\u00fcr Windows &amp; Mac | \u00dcbersicht<\/title>\n<meta name=\"description\" content=\"Welche MAXQDA Lizenz passt am besten zu Ihnen? Single User-, Studierenden-, portable oder Netzwerklizenz; mit Kauf- und Leasing-Option.\" \/>\n<meta name=\"robots\" content=\"index, follow, max-snippet:-1, max-image-preview:large, max-video-preview:-1\" \/>\n<link rel=\"canonical\" href=\"https:\/\/www.maxqda.com\/de\/single-user-lizenzen\" \/>\n<meta property=\"og:locale\" content=\"de_DE\" \/>\n<meta property=\"og:type\" content=\"article\" \/>\n<meta property=\"og:title\" content=\"MAXQDA f\u00fcr Windows &amp; Mac | Lizenzen und Preise im \u00dcberblick\" \/>\n<meta property=\"og:description\" content=\"Welche MAXQDA Lizenzen passen am besten zu Ihnen? Single User-, Studierenden-, portable oder Netzwerklizenz; mit Kauf- und Leasing-Option.\" \/>\n<meta property=\"og:url\" content=\"https:\/\/www.maxqda.com\/de\/single-user-lizenzen\" \/>\n<meta property=\"og:site_name\" content=\"MAXQDA\" \/>\n<meta property=\"article:publisher\" content=\"https:\/\/www.facebook.com\/MAXQDA\/\" \/>\n<meta property=\"og:image\" content=\"https:\/\/www.maxqda.com\/de\/wp\/wp-content\/uploads\/sites\/1\/MAXQDA-Die-1-Software-fuer-qualitative-und-Mixed-Methods-Datenanalyse.png\" \/>\n\t<meta property=\"og:image:width\" content=\"1200\" \/>\n\t<meta property=\"og:image:height\" content=\"630\" \/>\n\t<meta property=\"og:image:type\" content=\"image\/png\" \/>\n<meta name=\"twitter:card\" content=\"summary_large_image\" \/>\n<meta name=\"twitter:title\" content=\"MAXQDA f\u00fcr Windows &amp; Mac | Lizenzen und Preise im \u00dcberblick\" \/>\n<meta name=\"twitter:description\" content=\"Welche MAXQDA Lizenzen passen am besten zu Ihnen? Single User-, Studierenden-, portable oder Netzwerklizenz; mit Kauf- und Leasing-Option.\" \/>\n<meta name=\"twitter:site\" content=\"@VerbiSoftware\" \/>\n<meta name=\"twitter:label1\" content=\"Gesch\u00e4tzte Lesezeit\" \/>\n\t<meta name=\"twitter:data1\" content=\"1\u00a0Minute\" \/>\n<script type=\"application\/ld+json\" class=\"yoast-schema-graph\">{\"@context\":\"https:\/\/schema.org\",\"@graph\":[{\"@type\":\"WebPage\",\"@id\":\"https:\/\/www.maxqda.com\/de\/single-user-lizenzen\",\"url\":\"https:\/\/www.maxqda.com\/de\/single-user-lizenzen\",\"name\":\"MAXQDA Lizenzen f\u00fcr Windows & Mac | \u00dcbersicht\",\"isPartOf\":{\"@id\":\"https:\/\/www.maxqda.com\/de\/#website\"},\"primaryImageOfPage\":{\"@id\":\"https:\/\/www.maxqda.com\/de\/single-user-lizenzen#primaryimage\"},\"image\":{\"@id\":\"https:\/\/www.maxqda.com\/de\/single-user-lizenzen#primaryimage\"},\"thumbnailUrl\":\"https:\/\/www.maxqda.com\/de\/wp\/wp-content\/uploads\/sites\/1\/MAXQDA-Logo-MQ.jpg\",\"datePublished\":\"2023-10-27T15:21:42+00:00\",\"description\":\"Welche MAXQDA Lizenz passt am besten zu Ihnen? Single User-, Studierenden-, portable oder Netzwerklizenz; mit Kauf- und Leasing-Option.\",\"breadcrumb\":{\"@id\":\"https:\/\/www.maxqda.com\/de\/single-user-lizenzen#breadcrumb\"},\"inLanguage\":\"de\",\"potentialAction\":[{\"@type\":\"ReadAction\",\"target\":[\"https:\/\/www.maxqda.com\/de\/single-user-lizenzen\"]}]},{\"@type\":\"ImageObject\",\"inLanguage\":\"de\",\"@id\":\"https:\/\/www.maxqda.com\/de\/single-user-lizenzen#primaryimage\",\"url\":\"https:\/\/www.maxqda.com\/de\/wp\/wp-content\/uploads\/sites\/1\/MAXQDA-Logo-MQ.jpg\",\"contentUrl\":\"https:\/\/www.maxqda.com\/de\/wp\/wp-content\/uploads\/sites\/1\/MAXQDA-Logo-MQ.jpg\",\"width\":825,\"height\":825,\"caption\":\"MAXQDA Logo\"},{\"@type\":\"BreadcrumbList\",\"@id\":\"https:\/\/www.maxqda.com\/de\/single-user-lizenzen#breadcrumb\",\"itemListElement\":[{\"@type\":\"ListItem\",\"position\":1,\"name\":\"Startseite\",\"item\":\"https:\/\/www.maxqda.com\/de\/\"},{\"@type\":\"ListItem\",\"position\":2,\"name\":\"Single User Lizenzen\"}]},{\"@type\":\"WebSite\",\"@id\":\"https:\/\/www.maxqda.com\/de\/#website\",\"url\":\"https:\/\/www.maxqda.com\/de\/\",\"name\":\"MAXQDA\",\"description\":\"\",\"publisher\":{\"@id\":\"https:\/\/www.maxqda.com\/de\/#organization\"},\"potentialAction\":[{\"@type\":\"SearchAction\",\"target\":{\"@type\":\"EntryPoint\",\"urlTemplate\":\"https:\/\/www.maxqda.com\/de\/?s={search_term_string}\"},\"query-input\":{\"@type\":\"PropertyValueSpecification\",\"valueRequired\":true,\"valueName\":\"search_term_string\"}}],\"inLanguage\":\"de\"},{\"@type\":\"Organization\",\"@id\":\"https:\/\/www.maxqda.com\/de\/#organization\",\"name\":\"MAXQDA\",\"url\":\"https:\/\/www.maxqda.com\/de\/\",\"logo\":{\"@type\":\"ImageObject\",\"inLanguage\":\"de\",\"@id\":\"https:\/\/www.maxqda.com\/de\/#\/schema\/logo\/image\/\",\"url\":\"https:\/\/www.maxqda.com\/de\/wp\/wp-content\/uploads\/sites\/1\/MAXQDA-Logo.png\",\"contentUrl\":\"https:\/\/www.maxqda.com\/de\/wp\/wp-content\/uploads\/sites\/1\/MAXQDA-Logo.png\",\"width\":\"1000\",\"height\":\"200\",\"caption\":\"MAXQDA\"},\"image\":{\"@id\":\"https:\/\/www.maxqda.com\/de\/#\/schema\/logo\/image\/\"},\"sameAs\":[\"https:\/\/www.facebook.com\/MAXQDA\/\",\"https:\/\/x.com\/VerbiSoftware\",\"https:\/\/www.instagram.com\/maxqda\/\",\"https:\/\/www.youtube.com\/user\/MAXQDA\"]}]}<\/script>\n<!-- \/ Yoast SEO Premium plugin. -->","yoast_head_json":{"title":"MAXQDA Lizenzen f\u00fcr Windows & Mac | \u00dcbersicht","description":"Welche MAXQDA Lizenz passt am besten zu Ihnen? Single User-, Studierenden-, portable oder Netzwerklizenz; mit Kauf- und Leasing-Option.","robots":{"index":"index","follow":"follow","max-snippet":"max-snippet:-1","max-image-preview":"max-image-preview:large","max-video-preview":"max-video-preview:-1"},"canonical":"https:\/\/www.maxqda.com\/de\/single-user-lizenzen","og_locale":"de_DE","og_type":"article","og_title":"MAXQDA f\u00fcr Windows & Mac | Lizenzen und Preise im \u00dcberblick","og_description":"Welche MAXQDA Lizenzen passen am besten zu Ihnen? Single User-, Studierenden-, portable oder Netzwerklizenz; mit Kauf- und Leasing-Option.","og_url":"https:\/\/www.maxqda.com\/de\/single-user-lizenzen","og_site_name":"MAXQDA","article_publisher":"https:\/\/www.facebook.com\/MAXQDA\/","og_image":[{"width":1200,"height":630,"url":"https:\/\/www.maxqda.com\/de\/wp\/wp-content\/uploads\/sites\/1\/MAXQDA-Die-1-Software-fuer-qualitative-und-Mixed-Methods-Datenanalyse.png","type":"image\/png"}],"twitter_card":"summary_large_image","twitter_title":"MAXQDA f\u00fcr Windows & Mac | Lizenzen und Preise im \u00dcberblick","twitter_description":"Welche MAXQDA Lizenzen passen am besten zu Ihnen? Single User-, Studierenden-, portable oder Netzwerklizenz; mit Kauf- und Leasing-Option.","twitter_site":"@VerbiSoftware","twitter_misc":{"Gesch\u00e4tzte Lesezeit":"1\u00a0Minute"},"schema":{"@context":"https:\/\/schema.org","@graph":[{"@type":"WebPage","@id":"https:\/\/www.maxqda.com\/de\/single-user-lizenzen","url":"https:\/\/www.maxqda.com\/de\/single-user-lizenzen","name":"MAXQDA Lizenzen f\u00fcr Windows & Mac | \u00dcbersicht","isPartOf":{"@id":"https:\/\/www.maxqda.com\/de\/#website"},"primaryImageOfPage":{"@id":"https:\/\/www.maxqda.com\/de\/single-user-lizenzen#primaryimage"},"image":{"@id":"https:\/\/www.maxqda.com\/de\/single-user-lizenzen#primaryimage"},"thumbnailUrl":"https:\/\/www.maxqda.com\/de\/wp\/wp-content\/uploads\/sites\/1\/MAXQDA-Logo-MQ.jpg","datePublished":"2023-10-27T15:21:42+00:00","description":"Welche MAXQDA Lizenz passt am besten zu Ihnen? Single User-, Studierenden-, portable oder Netzwerklizenz; mit Kauf- und Leasing-Option.","breadcrumb":{"@id":"https:\/\/www.maxqda.com\/de\/single-user-lizenzen#breadcrumb"},"inLanguage":"de","potentialAction":[{"@type":"ReadAction","target":["https:\/\/www.maxqda.com\/de\/single-user-lizenzen"]}]},{"@type":"ImageObject","inLanguage":"de","@id":"https:\/\/www.maxqda.com\/de\/single-user-lizenzen#primaryimage","url":"https:\/\/www.maxqda.com\/de\/wp\/wp-content\/uploads\/sites\/1\/MAXQDA-Logo-MQ.jpg","contentUrl":"https:\/\/www.maxqda.com\/de\/wp\/wp-content\/uploads\/sites\/1\/MAXQDA-Logo-MQ.jpg","width":825,"height":825,"caption":"MAXQDA Logo"},{"@type":"BreadcrumbList","@id":"https:\/\/www.maxqda.com\/de\/single-user-lizenzen#breadcrumb","itemListElement":[{"@type":"ListItem","position":1,"name":"Startseite","item":"https:\/\/www.maxqda.com\/de\/"},{"@type":"ListItem","position":2,"name":"Single User Lizenzen"}]},{"@type":"WebSite","@id":"https:\/\/www.maxqda.com\/de\/#website","url":"https:\/\/www.maxqda.com\/de\/","name":"MAXQDA","description":"","publisher":{"@id":"https:\/\/www.maxqda.com\/de\/#organization"},"potentialAction":[{"@type":"SearchAction","target":{"@type":"EntryPoint","urlTemplate":"https:\/\/www.maxqda.com\/de\/?s={search_term_string}"},"query-input":{"@type":"PropertyValueSpecification","valueRequired":true,"valueName":"search_term_string"}}],"inLanguage":"de"},{"@type":"Organization","@id":"https:\/\/www.maxqda.com\/de\/#organization","name":"MAXQDA","url":"https:\/\/www.maxqda.com\/de\/","logo":{"@type":"ImageObject","inLanguage":"de","@id":"https:\/\/www.maxqda.com\/de\/#\/schema\/logo\/image\/","url":"https:\/\/www.maxqda.com\/de\/wp\/wp-content\/uploads\/sites\/1\/MAXQDA-Logo.png","contentUrl":"https:\/\/www.maxqda.com\/de\/wp\/wp-content\/uploads\/sites\/1\/MAXQDA-Logo.png","width":"1000","height":"200","caption":"MAXQDA"},"image":{"@id":"https:\/\/www.maxqda.com\/de\/#\/schema\/logo\/image\/"},"sameAs":["https:\/\/www.facebook.com\/MAXQDA\/","https:\/\/x.com\/VerbiSoftware","https:\/\/www.instagram.com\/maxqda\/","https:\/\/www.youtube.com\/user\/MAXQDA"]}]}},"_links":{"self":[{"href":"https:\/\/www.maxqda.com\/de\/wp-json\/wp\/v2\/pages\/122501","targetHints":{"allow":["GET"]}}],"collection":[{"href":"https:\/\/www.maxqda.com\/de\/wp-json\/wp\/v2\/pages"}],"about":[{"href":"https:\/\/www.maxqda.com\/de\/wp-json\/wp\/v2\/types\/page"}],"author":[{"embeddable":true,"href":"https:\/\/www.maxqda.com\/de\/wp-json\/wp\/v2\/users\/66"}],"replies":[{"embeddable":true,"href":"https:\/\/www.maxqda.com\/de\/wp-json\/wp\/v2\/comments?post=122501"}],"version-history":[{"count":0,"href":"https:\/\/www.maxqda.com\/de\/wp-json\/wp\/v2\/pages\/122501\/revisions"}],"wp:featuredmedia":[{"embeddable":true,"href":"https:\/\/www.maxqda.com\/de\/wp-json\/wp\/v2\/media\/121894"}],"wp:attachment":[{"href":"https:\/\/www.maxqda.com\/de\/wp-json\/wp\/v2\/media?parent=122501"}],"curies":[{"name":"wp","href":"https:\/\/api.w.org\/{rel}","templated":true}]}}