{"id":108334,"date":"2023-01-04T08:59:31","date_gmt":"2023-01-04T07:59:31","guid":{"rendered":"https:\/\/www.maxqda.com\/de\/?page_id=108334"},"modified":"2026-03-09T12:10:46","modified_gmt":"2026-03-09T11:10:46","slug":"download-now","status":"publish","type":"page","link":"https:\/\/www.maxqda.com\/de\/download-now","title":{"rendered":"MAXQDA herunterladen"},"content":{"rendered":"<div class=\"trial-download\">\r\n\r\n\t<div class=\"row\">\r\n\t\t<div class=\"large-12 small-12\">\r\n\t\t\t<!--<h2 class=\"text-center\"> MAXQDA f\u00fcr Windows und Mac herunterladen<\/h2>-->\r\n\t\t<\/div>\r\n\t<\/div>\r\n\r\n\t<div class=\"background-color-gray columns\">\t\r\n\t\t<div class=\"text-center maxqda-icon\">\r\n\t\t\t<img decoding=\"async\"  data-headline=\"MAXQDA_Icon\" src=\"https:\/\/www.maxqda.com\/wp\/wp-content\/uploads\/sites\/2\/MAXQDA_Icon.png\"  class=\"alignnone size-full wp-image-135954\" \/>\r\n\t\t<\/div>\r\n\r\n\t\t<div class=\"large-8 small-12 columns large-centered trial-download-buttons\">\r\n\r\n\t\t\t<div class=\"large-6 medium-6 small-12 left text-right\">\r\n\t\t\t\t<a href=\"https:\/\/www.maxqda.com\/download\/maxqdademo\" class=\"button-windows\">Download MAXQDA <br> f\u00fcr Windows<\/a>\r\n\t\t\t<\/div>\r\n\r\n\t\t\t<div class=\"large-6 medium-6 small-12 left text-left\">\r\n\t\t\t\t<a href=\"https:\/\/www.maxqda.com\/download\/maxqdademo-mac\" class=\"button-mac\">Download MAXQDA <br> f\u00fcr Mac<\/a>\r\n\t\t\t<\/div>\r\n\t\t<\/div>\r\n\r\n\t\t\t\r\n\t<\/div>\r\n\t\r\n\t<div class=\"large-12 small-12 text-center margin-top-80\">\r\n\t\t\t<h2>Die ersten Schritte in MAXQDA sind einfach &#8211; w\u00e4hle einen Weg:<\/h2>\r\n\t\t\t<div class=\"row bottom-links\" data-equalizer>\r\n\t\t\t\t\r\n\t\t\t\t\r\n\t\t\t\t<div class=\"box-33 shadow-box\" data-equalizer-watch>\r\n\t\t\t\t\t<a href=\"https:\/\/www.maxqda.com\/de\/maxqda-video-tutorials\">\r\n\t\t\t\t\t\t<div>\r\n\t\t\t\t\t\t\t<div class=\"bottom-links-img\">\r\n\t\t\t\t\t\t\t\t\t\r\n\t\t\t\t\t\t\t\t<img decoding=\"async\" src=\"data:image\/svg+xml;base64,PD94bWwgdmVyc2lvbj0iMS4wIiBlbmNvZGluZz0iVVRGLTgiPz4KPHN2ZyBpZD0iRWJlbmVfMSIgZGF0YS1uYW1lPSJFYmVuZSAxIiB4bWxucz0iaHR0cDovL3d3dy53My5vcmcvMjAwMC9zdmciIHhtbG5zOnhsaW5rPSJodHRwOi8vd3d3LnczLm9yZy8xOTk5L3hsaW5rIiB2aWV3Qm94PSIwIDAgNTkuMTUgNDMuNDgiPgogIDxkZWZzPgogICAgPHN0eWxlPgogICAgICAuY2xzLTEgewogICAgICAgIGZpbGw6IHVybCgjVW5iZW5hbm50ZXJfVmVybGF1Zl82KTsKICAgICAgfQogICAgPC9zdHlsZT4KICAgIDxsaW5lYXJHcmFkaWVudCBpZD0iVW5iZW5hbm50ZXJfVmVybGF1Zl82IiBkYXRhLW5hbWU9IlVuYmVuYW5udGVyIFZlcmxhdWYgNiIgeDE9IjEuMzQiIHkxPSItMS4wOSIgeDI9IjY2LjkxIiB5Mj0iNDAuODkiIGdyYWRpZW50VW5pdHM9InVzZXJTcGFjZU9uVXNlIj4KICAgICAgPHN0b3Agb2Zmc2V0PSIwIiBzdG9wLWNvbG9yPSIjMGEyZTgwIi8+CiAgICAgIDxzdG9wIG9mZnNldD0iLjUiIHN0b3AtY29sb3I9IiM2ZDMyNzUiLz4KICAgICAgPHN0b3Agb2Zmc2V0PSIxIiBzdG9wLWNvbG9yPSIjZjMzZTFjIi8+CiAgICA8L2xpbmVhckdyYWRpZW50PgogIDwvZGVmcz4KICA8cGF0aCBjbGFzcz0iY2xzLTEiIGQ9Ik01Ni4yLDM1LjY0VjEzLjI0bC42OS0uMjdjLjgtLjMxLDEuMy0xLjA2LDEuMjctMS45Mi0uMDItLjg2LS41Ny0xLjU4LTEuMzgtMS44NUwyOC43MS4xYy0uNDEtLjEzLS44Ny0uMTMtMS4yNy4wMUwxLjM0LDkuMTlDLjU1LDkuNDcuMDMsMTAuMTksMCwxMS4wMnMuNDYsMS41OCwxLjIzLDEuOTFsOC45MSwzLjcxdjEyLjE3YzAsLjczLjQzLDEuNCwxLjA5LDEuNzJsMTYuMjIsNy42OGMuMjYuMTIuNTQuMTguODIuMTguMjUsMCwuNTEtLjA1Ljc1LS4xNWwxNy45OC03LjcxYy43LS4zLDEuMTUtLjk4LDEuMTUtMS43NXYtMTIuNDFsNi4wNS0yLjM1djIxLjU5Yy0xLjc1LjQzLTMuMDUsMS45OS0zLjA1LDMuODcsMCwyLjIxLDEuNzksNCw0LDRzNC0xLjc5LDQtNGMwLTEuODQtMS4yNS0zLjM4LTIuOTUtMy44NFpNMiwxMS4wOEwyOC4xLDJsMjguMDcsOS4xLTI3Ljk1LDEwLjg4TDEuOTksMTEuMDlzMCwwLDAsMFpNNDYuMTUsMjguNzFsLTE3Ljg0LDcuNjgtMTYuMTYtNy42NnYtMTEuMjdsMTUuMjksNi4zNmMuMjUuMS41MS4xNS43Ny4xNS4yNSwwLC40OS0uMDUuNzMtLjE0bDE3LjIxLTYuN3YxMS41N1oiLz4KPC9zdmc+\" alt=\"SVG Image\" \/>\r\n\t\t\t\t\t\t\t\t\r\n\t\t\t\t\t\t\t<\/div>\r\n\t\t\t\t\t\t\t<div class=\"bottom-links-text\">\r\n\t\t\t\t\t\t\t\t<p>Ansehen<\/p> <b>Kostenlose Videotutorials<\/b> <\/div>\r\n\t\t\t\t\t\t<\/div>\r\n\t\t\t\t\t<\/a>\r\n\t\t\t\t<\/div>\r\n\t\t\t\t<div class=\"box-33 shadow-box\" data-equalizer-watch>\r\n\t\t\t\t\t<a href=\"https:\/\/www.maxqda.com\/de\/webinars-workshops\">\r\n\t\t\t\t\t\t<div>\r\n\t\t\t\t\t\t\t<div class=\"bottom-links-img\">\r\n\t\t\t\t\t\t\t\t\t<img decoding=\"async\" src=\"data:image\/svg+xml;base64,PD94bWwgdmVyc2lvbj0iMS4wIiBlbmNvZGluZz0iVVRGLTgiPz4KPHN2ZyBpZD0iRWJlbmVfMSIgZGF0YS1uYW1lPSJFYmVuZSAxIiB4bWxucz0iaHR0cDovL3d3dy53My5vcmcvMjAwMC9zdmciIHhtbG5zOnhsaW5rPSJodHRwOi8vd3d3LnczLm9yZy8xOTk5L3hsaW5rIiB2aWV3Qm94PSIwIDAgNjAgNDQuNSI+CiAgPGRlZnM+CiAgICA8c3R5bGU+CiAgICAgIC5jbHMtMSB7CiAgICAgICAgZmlsbDogbm9uZTsKICAgICAgICBzdHJva2U6IHVybCgjVW5iZW5hbm50ZXJfVmVybGF1Zl82KTsKICAgICAgICBzdHJva2UtbGluZWNhcDogcm91bmQ7CiAgICAgICAgc3Ryb2tlLWxpbmVqb2luOiByb3VuZDsKICAgICAgICBzdHJva2Utd2lkdGg6IDJweDsKICAgICAgfQogICAgPC9zdHlsZT4KICAgIDxsaW5lYXJHcmFkaWVudCBpZD0iVW5iZW5hbm50ZXJfVmVybGF1Zl82IiBkYXRhLW5hbWU9IlVuYmVuYW5udGVyIFZlcmxhdWYgNiIgeDE9IjExLjUiIHkxPSIxMC44NiIgeDI9IjUxLjM2IiB5Mj0iMzYuMzgiIGdyYWRpZW50VW5pdHM9InVzZXJTcGFjZU9uVXNlIj4KICAgICAgPHN0b3Agb2Zmc2V0PSIwIiBzdG9wLWNvbG9yPSIjMGEyZTgwIi8+CiAgICAgIDxzdG9wIG9mZnNldD0iLjUiIHN0b3AtY29sb3I9IiM2ZDMyNzUiLz4KICAgICAgPHN0b3Agb2Zmc2V0PSIxIiBzdG9wLWNvbG9yPSIjZjMzZTFjIi8+CiAgICA8L2xpbmVhckdyYWRpZW50PgogIDwvZGVmcz4KICA8cGF0aCBpZD0id2ViaW5hciIgY2xhc3M9ImNscy0xIiBkPSJNMSw0My41YzAtNi42Myw1LjM3LTEyLDEyLTEyczEyLDUuMzcsMTIsMTJNMTMsMTUuNWMzLjMxLDAsNiwyLjY5LDYsNnMtMi42OSw2LTYsNi02LTIuNjktNi02LDIuNjktNiw2LTZaTTI0LDMxLjVsMTQtMTRNMjYsMjRjLTEuMSwwLTEtLjktMS0yVjNjMC0xLjEuOS0yLDItMmgzMGMxLjEsMCwyLC45LDIsMnYxOWMwLDEuMS0uOSwyLTIsMmgtMTkuODMiLz4KPC9zdmc+\" alt=\"SVG Image\" \/>\r\n\t\t\t\t\t\t\t<\/div>\r\n\t\t\t\t\t\t\t<div class=\"bottom-links-text\">\r\n\t\t\t\t\t\t\t\t<p>Teilnehmen<\/p> <b>Kostenlose Webinare f\u00fcr Anf\u00e4nger<\/b> <\/div>\r\n\t\t\t\t\t\t<\/div>\r\n\t\t\t\t\t<\/a>\r\n\t\t\t\t<\/div>\r\n\t\t\t\t<div class=\"box-33 shadow-box\" data-equalizer-watch>\r\n\t\t\t\t\t<a href=\"https:\/\/www.maxqda.com\/de\/buecher-literatur\">\r\n\t\t\t\t\t\t<div>\r\n\t\t\t\t\t\t\t<div class=\"bottom-links-img\">\r\n\t\t\t\t\t\t\t\t\t<img decoding=\"async\" src=\"data:image\/svg+xml;base64,PD94bWwgdmVyc2lvbj0iMS4wIiBlbmNvZGluZz0iVVRGLTgiPz4KPHN2ZyBpZD0iRWJlbmVfMSIgZGF0YS1uYW1lPSJFYmVuZSAxIiB4bWxucz0iaHR0cDovL3d3dy53My5vcmcvMjAwMC9zdmciIHhtbG5zOnhsaW5rPSJodHRwOi8vd3d3LnczLm9yZy8xOTk5L3hsaW5rIiB2aWV3Qm94PSIwIDAgNDMgNjAiPgogIDxkZWZzPgogICAgPHN0eWxlPgogICAgICAuY2xzLTEgewogICAgICAgIGZpbGw6IG5vbmU7CiAgICAgICAgc3Ryb2tlOiB1cmwoI1VuYmVuYW5udGVyX1ZlcmxhdWZfNik7CiAgICAgICAgc3Ryb2tlLWxpbmVjYXA6IHJvdW5kOwogICAgICAgIHN0cm9rZS1saW5lam9pbjogcm91bmQ7CiAgICAgICAgc3Ryb2tlLXdpZHRoOiAycHg7CiAgICAgIH0KICAgIDwvc3R5bGU+CiAgICA8bGluZWFyR3JhZGllbnQgaWQ9IlVuYmVuYW5udGVyX1ZlcmxhdWZfNiIgZGF0YS1uYW1lPSJVbmJlbmFubnRlciBWZXJsYXVmIDYiIHgxPSItNi4yIiB5MT0iMTIuNjkiIHgyPSI0OS4yIiB5Mj0iNDcuMzEiIGdyYWRpZW50VW5pdHM9InVzZXJTcGFjZU9uVXNlIj4KICAgICAgPHN0b3Agb2Zmc2V0PSIwIiBzdG9wLWNvbG9yPSIjMGEyZTgwIi8+CiAgICAgIDxzdG9wIG9mZnNldD0iLjUiIHN0b3AtY29sb3I9IiM2ZDMyNzUiLz4KICAgICAgPHN0b3Agb2Zmc2V0PSIxIiBzdG9wLWNvbG9yPSIjZjMzZTFjIi8+CiAgICA8L2xpbmVhckdyYWRpZW50PgogIDwvZGVmcz4KICA8cGF0aCBpZD0iTWFudWFsIiBjbGFzcz0iY2xzLTEiIGQ9Ik0zOS4xMiw1OUgzLjg4Yy0xLjU5LDAtMi44OC0xLjI5LTIuODgtMi44OFYzLjg4YzAtMS41OSwxLjI5LTIuODgsMi44OC0yLjg4aDM1LjI0YzEuNTksMCwyLjg4LDEuMjksMi44OCwyLjg4djUyLjI0YzAsMS41OS0xLjI5LDIuODgtMi44OCwyLjg4Wk03LDloMjlNNywxM2gyOU03LDE3aDI5TTcsMjFoMjlNNywyNWgyMU02Ljk5LDMyLjAyaDI4Ljk4bC4wMywxOC45OEg3LjAxbC0uMDItMTguOThaTTcsNDdsNS01LDQsNCw1LTcsNSw3LDItMywyLjkyLDMuMDgsNS4wOC02LjkyIi8+Cjwvc3ZnPg==\" alt=\"SVG Image\" \/>\r\n\t\t\t\t\t\t\t<\/div>\r\n\t\t\t\t\t\t\t<div class=\"bottom-links-text\">\r\n\t\t\t\t\t\t\t\t<p>Lesen<\/p> <b>Kostenlose Guides &#038; Literatur<\/b> <\/div>\r\n\t\t\t\t\t\t<\/div>\r\n\t\t\t\t\t<\/a>\r\n\t\t\t\t<\/div>\r\n\t\t\t<\/div>\r\n\t\t<\/div>\r\n\t\r\n\t\r\n\t\r\n\t\r\n<\/div>\t","protected":false},"excerpt":{"rendered":"<p>Download MAXQDA f\u00fcr Windows Download MAXQDA f\u00fcr Mac Die ersten Schritte in MAXQDA sind einfach &#8211; w\u00e4hle einen Weg: Ansehen Kostenlose Videotutorials Teilnehmen Kostenlose Webinare f\u00fcr Anf\u00e4nger Lesen Kostenlose Guides &#038; Literatur<\/p>\n","protected":false},"author":28,"featured_media":121894,"parent":0,"menu_order":34,"comment_status":"closed","ping_status":"closed","template":"page-full.php","meta":{"_acf_changed":false,"_relevanssi_hide_post":"","_relevanssi_hide_content":"","_relevanssi_pin_for_all":"","_relevanssi_pin_keywords":"","_relevanssi_unpin_keywords":"","_relevanssi_related_keywords":"","_relevanssi_related_include_ids":"","_relevanssi_related_exclude_ids":"","_relevanssi_related_no_append":"","_relevanssi_related_not_related":"","_relevanssi_related_posts":"","_relevanssi_noindex_reason":"Relevanssi image attachment filter Yoast SEO Relevanssi index exclude","footnotes":""},"class_list":["post-108334","page","type-page","status-publish","has-post-thumbnail","hentry"],"acf":[],"yoast_head":"<!-- This site is optimized with the Yoast SEO Premium plugin v27.1 (Yoast SEO v27.1.1) - https:\/\/yoast.com\/product\/yoast-seo-premium-wordpress\/ -->\n<title>MAXQDA herunterladen | MAXQDA<\/title>\n<meta name=\"description\" content=\"MAXQDA herunterladen | MAXQDA - Die beste Wahl f\u00fcr Ihre Qualitative &amp; Mixed-Methods-Analyse\" \/>\n<meta name=\"robots\" content=\"noindex, nofollow\" \/>\n<meta property=\"og:locale\" content=\"de_DE\" \/>\n<meta property=\"og:type\" content=\"article\" \/>\n<meta property=\"og:title\" content=\"MAXQDA herunterladen\" \/>\n<meta property=\"og:description\" content=\"Download MAXQDA f\u00fcr Windows Download MAXQDA f\u00fcr Mac Die ersten Schritte in MAXQDA sind einfach - w\u00e4hle einen Weg: Ansehen Kostenlose Videotutorials\" \/>\n<meta property=\"og:url\" content=\"https:\/\/www.maxqda.com\/de\/download-now\" \/>\n<meta property=\"og:site_name\" content=\"MAXQDA\" \/>\n<meta property=\"article:publisher\" content=\"https:\/\/www.facebook.com\/MAXQDA\/\" \/>\n<meta property=\"article:modified_time\" content=\"2026-03-09T11:10:46+00:00\" \/>\n<meta property=\"og:image\" content=\"https:\/\/www.maxqda.com\/de\/wp\/wp-content\/uploads\/sites\/1\/MAXQDA-Logo-MQ.jpg?_t=1773054651\" \/>\n\t<meta property=\"og:image:width\" content=\"825\" \/>\n\t<meta property=\"og:image:height\" content=\"825\" \/>\n\t<meta property=\"og:image:type\" content=\"image\/jpeg\" \/>\n<meta name=\"twitter:card\" content=\"summary_large_image\" \/>\n<meta name=\"twitter:site\" content=\"@VerbiSoftware\" \/>\n<meta name=\"twitter:label1\" content=\"Gesch\u00e4tzte Lesezeit\" \/>\n\t<meta name=\"twitter:data1\" content=\"2\u00a0Minuten\" \/>\n<script type=\"application\/ld+json\" class=\"yoast-schema-graph\">{\"@context\":\"https:\/\/schema.org\",\"@graph\":[{\"@type\":\"WebPage\",\"@id\":\"https:\/\/www.maxqda.com\/de\/download-now\",\"url\":\"https:\/\/www.maxqda.com\/de\/download-now\",\"name\":\"MAXQDA herunterladen | MAXQDA\",\"isPartOf\":{\"@id\":\"https:\/\/www.maxqda.com\/de\/#website\"},\"primaryImageOfPage\":{\"@id\":\"https:\/\/www.maxqda.com\/de\/download-now#primaryimage\"},\"image\":{\"@id\":\"https:\/\/www.maxqda.com\/de\/download-now#primaryimage\"},\"thumbnailUrl\":\"https:\/\/www.maxqda.com\/de\/wp\/wp-content\/uploads\/sites\/1\/MAXQDA-Logo-MQ.jpg\",\"datePublished\":\"2023-01-04T07:59:31+00:00\",\"dateModified\":\"2026-03-09T11:10:46+00:00\",\"description\":\"MAXQDA herunterladen | MAXQDA - Die beste Wahl f\u00fcr Ihre Qualitative & Mixed-Methods-Analyse\",\"breadcrumb\":{\"@id\":\"https:\/\/www.maxqda.com\/de\/download-now#breadcrumb\"},\"inLanguage\":\"de\",\"potentialAction\":[{\"@type\":\"ReadAction\",\"target\":[\"https:\/\/www.maxqda.com\/de\/download-now\"]}]},{\"@type\":\"ImageObject\",\"inLanguage\":\"de\",\"@id\":\"https:\/\/www.maxqda.com\/de\/download-now#primaryimage\",\"url\":\"https:\/\/www.maxqda.com\/de\/wp\/wp-content\/uploads\/sites\/1\/MAXQDA-Logo-MQ.jpg\",\"contentUrl\":\"https:\/\/www.maxqda.com\/de\/wp\/wp-content\/uploads\/sites\/1\/MAXQDA-Logo-MQ.jpg\",\"width\":825,\"height\":825,\"caption\":\"MAXQDA Logo\"},{\"@type\":\"BreadcrumbList\",\"@id\":\"https:\/\/www.maxqda.com\/de\/download-now#breadcrumb\",\"itemListElement\":[{\"@type\":\"ListItem\",\"position\":1,\"name\":\"Startseite\",\"item\":\"https:\/\/www.maxqda.com\/de\/\"},{\"@type\":\"ListItem\",\"position\":2,\"name\":\"MAXQDA herunterladen\"}]},{\"@type\":\"WebSite\",\"@id\":\"https:\/\/www.maxqda.com\/de\/#website\",\"url\":\"https:\/\/www.maxqda.com\/de\/\",\"name\":\"MAXQDA\",\"description\":\"\",\"publisher\":{\"@id\":\"https:\/\/www.maxqda.com\/de\/#organization\"},\"potentialAction\":[{\"@type\":\"SearchAction\",\"target\":{\"@type\":\"EntryPoint\",\"urlTemplate\":\"https:\/\/www.maxqda.com\/de\/?s={search_term_string}\"},\"query-input\":{\"@type\":\"PropertyValueSpecification\",\"valueRequired\":true,\"valueName\":\"search_term_string\"}}],\"inLanguage\":\"de\"},{\"@type\":\"Organization\",\"@id\":\"https:\/\/www.maxqda.com\/de\/#organization\",\"name\":\"MAXQDA\",\"url\":\"https:\/\/www.maxqda.com\/de\/\",\"logo\":{\"@type\":\"ImageObject\",\"inLanguage\":\"de\",\"@id\":\"https:\/\/www.maxqda.com\/de\/#\/schema\/logo\/image\/\",\"url\":\"https:\/\/www.maxqda.com\/de\/wp\/wp-content\/uploads\/sites\/1\/MAXQDA-Logo.png\",\"contentUrl\":\"https:\/\/www.maxqda.com\/de\/wp\/wp-content\/uploads\/sites\/1\/MAXQDA-Logo.png\",\"width\":\"1000\",\"height\":\"200\",\"caption\":\"MAXQDA\"},\"image\":{\"@id\":\"https:\/\/www.maxqda.com\/de\/#\/schema\/logo\/image\/\"},\"sameAs\":[\"https:\/\/www.facebook.com\/MAXQDA\/\",\"https:\/\/x.com\/VerbiSoftware\",\"https:\/\/www.instagram.com\/maxqda\/\",\"https:\/\/www.youtube.com\/user\/MAXQDA\"]}]}<\/script>\n<!-- \/ Yoast SEO Premium plugin. -->","yoast_head_json":{"title":"MAXQDA herunterladen | MAXQDA","description":"MAXQDA herunterladen | MAXQDA - Die beste Wahl f\u00fcr Ihre Qualitative & Mixed-Methods-Analyse","robots":{"index":"noindex","follow":"nofollow"},"og_locale":"de_DE","og_type":"article","og_title":"MAXQDA herunterladen","og_description":"Download MAXQDA f\u00fcr Windows Download MAXQDA f\u00fcr Mac Die ersten Schritte in MAXQDA sind einfach - w\u00e4hle einen Weg: Ansehen Kostenlose Videotutorials","og_url":"https:\/\/www.maxqda.com\/de\/download-now","og_site_name":"MAXQDA","article_publisher":"https:\/\/www.facebook.com\/MAXQDA\/","article_modified_time":"2026-03-09T11:10:46+00:00","og_image":[{"width":825,"height":825,"url":"https:\/\/www.maxqda.com\/de\/wp\/wp-content\/uploads\/sites\/1\/MAXQDA-Logo-MQ.jpg?_t=1773054651","type":"image\/jpeg"}],"twitter_card":"summary_large_image","twitter_site":"@VerbiSoftware","twitter_misc":{"Gesch\u00e4tzte Lesezeit":"2\u00a0Minuten"},"schema":{"@context":"https:\/\/schema.org","@graph":[{"@type":"WebPage","@id":"https:\/\/www.maxqda.com\/de\/download-now","url":"https:\/\/www.maxqda.com\/de\/download-now","name":"MAXQDA herunterladen | MAXQDA","isPartOf":{"@id":"https:\/\/www.maxqda.com\/de\/#website"},"primaryImageOfPage":{"@id":"https:\/\/www.maxqda.com\/de\/download-now#primaryimage"},"image":{"@id":"https:\/\/www.maxqda.com\/de\/download-now#primaryimage"},"thumbnailUrl":"https:\/\/www.maxqda.com\/de\/wp\/wp-content\/uploads\/sites\/1\/MAXQDA-Logo-MQ.jpg","datePublished":"2023-01-04T07:59:31+00:00","dateModified":"2026-03-09T11:10:46+00:00","description":"MAXQDA herunterladen | MAXQDA - Die beste Wahl f\u00fcr Ihre Qualitative & Mixed-Methods-Analyse","breadcrumb":{"@id":"https:\/\/www.maxqda.com\/de\/download-now#breadcrumb"},"inLanguage":"de","potentialAction":[{"@type":"ReadAction","target":["https:\/\/www.maxqda.com\/de\/download-now"]}]},{"@type":"ImageObject","inLanguage":"de","@id":"https:\/\/www.maxqda.com\/de\/download-now#primaryimage","url":"https:\/\/www.maxqda.com\/de\/wp\/wp-content\/uploads\/sites\/1\/MAXQDA-Logo-MQ.jpg","contentUrl":"https:\/\/www.maxqda.com\/de\/wp\/wp-content\/uploads\/sites\/1\/MAXQDA-Logo-MQ.jpg","width":825,"height":825,"caption":"MAXQDA Logo"},{"@type":"BreadcrumbList","@id":"https:\/\/www.maxqda.com\/de\/download-now#breadcrumb","itemListElement":[{"@type":"ListItem","position":1,"name":"Startseite","item":"https:\/\/www.maxqda.com\/de\/"},{"@type":"ListItem","position":2,"name":"MAXQDA herunterladen"}]},{"@type":"WebSite","@id":"https:\/\/www.maxqda.com\/de\/#website","url":"https:\/\/www.maxqda.com\/de\/","name":"MAXQDA","description":"","publisher":{"@id":"https:\/\/www.maxqda.com\/de\/#organization"},"potentialAction":[{"@type":"SearchAction","target":{"@type":"EntryPoint","urlTemplate":"https:\/\/www.maxqda.com\/de\/?s={search_term_string}"},"query-input":{"@type":"PropertyValueSpecification","valueRequired":true,"valueName":"search_term_string"}}],"inLanguage":"de"},{"@type":"Organization","@id":"https:\/\/www.maxqda.com\/de\/#organization","name":"MAXQDA","url":"https:\/\/www.maxqda.com\/de\/","logo":{"@type":"ImageObject","inLanguage":"de","@id":"https:\/\/www.maxqda.com\/de\/#\/schema\/logo\/image\/","url":"https:\/\/www.maxqda.com\/de\/wp\/wp-content\/uploads\/sites\/1\/MAXQDA-Logo.png","contentUrl":"https:\/\/www.maxqda.com\/de\/wp\/wp-content\/uploads\/sites\/1\/MAXQDA-Logo.png","width":"1000","height":"200","caption":"MAXQDA"},"image":{"@id":"https:\/\/www.maxqda.com\/de\/#\/schema\/logo\/image\/"},"sameAs":["https:\/\/www.facebook.com\/MAXQDA\/","https:\/\/x.com\/VerbiSoftware","https:\/\/www.instagram.com\/maxqda\/","https:\/\/www.youtube.com\/user\/MAXQDA"]}]}},"_links":{"self":[{"href":"https:\/\/www.maxqda.com\/de\/wp-json\/wp\/v2\/pages\/108334","targetHints":{"allow":["GET"]}}],"collection":[{"href":"https:\/\/www.maxqda.com\/de\/wp-json\/wp\/v2\/pages"}],"about":[{"href":"https:\/\/www.maxqda.com\/de\/wp-json\/wp\/v2\/types\/page"}],"author":[{"embeddable":true,"href":"https:\/\/www.maxqda.com\/de\/wp-json\/wp\/v2\/users\/28"}],"replies":[{"embeddable":true,"href":"https:\/\/www.maxqda.com\/de\/wp-json\/wp\/v2\/comments?post=108334"}],"version-history":[{"count":3,"href":"https:\/\/www.maxqda.com\/de\/wp-json\/wp\/v2\/pages\/108334\/revisions"}],"predecessor-version":[{"id":132562,"href":"https:\/\/www.maxqda.com\/de\/wp-json\/wp\/v2\/pages\/108334\/revisions\/132562"}],"wp:featuredmedia":[{"embeddable":true,"href":"https:\/\/www.maxqda.com\/de\/wp-json\/wp\/v2\/media\/121894"}],"wp:attachment":[{"href":"https:\/\/www.maxqda.com\/de\/wp-json\/wp\/v2\/media?parent=108334"}],"curies":[{"name":"wp","href":"https:\/\/api.w.org\/{rel}","templated":true}]}}