{"id":101890,"date":"2021-10-11T15:04:27","date_gmt":"2021-10-11T14:04:27","guid":{"rendered":"https:\/\/www.maxqda.de\/?page_id=101890"},"modified":"2026-04-15T09:31:08","modified_gmt":"2026-04-15T08:31:08","slug":"maxqda-video-tutorials","status":"publish","type":"page","link":"https:\/\/www.maxqda.com\/de\/maxqda-video-tutorials","title":{"rendered":"MAXQDA Video Tutorials"},"content":{"rendered":"<div class=\"row text-center\">\r\n<h2>MAXQDA Video Tutorials<\/h2>\r\n<\/div>\r\n \r\n<div class=\"row videotutorial_max18 margin-top-80\">\r\n<div class=\"large-4 left videotutorial_tab\">\r\n<ul class=\"tabs\" data-tab>\r\n<li class=\"tab-title active\"><a href=\"#panel01\">Deutsch<\/a><\/li>\r\n<li class=\"tab-title\"><a href=\"#panel02\">Englisch<\/a><\/li>\r\n<\/ul>\r\n<div class=\"tabs-content tabs-content-border full-width tabs-horizontal\">\r\n<div class=\"content active\" id=\"panel01\">\r\n<ul>\r\n<li class=\"head\">Einf\u00fchrung<\/li>\r\n\t\t\t\t\t\r\n \r\n                    <li><a href=\"#\" class=\"loadvideo\" title=\"Getting Started mit MAXQDA\" id=\"899158864\" text=\"In diesem Videotutorial zeigen wir Ihnen die Grundlagen der Arbeit mit MAXQDA. Wir werden uns ansehen, wie wir Material in unser MAXQDA-Projekt importieren und ordnen k\u00f6nnen, wie wir Dokumente sichten und bearbeiten k\u00f6nnen, wie wir erste analytische Kategorien, sogenannte Codes, erstellen und wie wir diese ordnen k\u00f6nnen. Dar\u00fcber hinaus werfen wir einen Blick auf die unterschiedlichen Optionen die wir haben, um Anmerkungen, Gedanken und Hintergrundinformationen zu unserem Material festzuhalten. Abschlie\u00dfend sehen wir uns au\u00dferdem an, wie wir uns die codierten Segmente aus unserem Material ausgeben lassen k\u00f6nnen.\"><span>Getting Started mit MAXQDA<\/span><\/a><\/li>\r\n\t\t\r\n                    <li class=\"head\">Grundfunktionen<\/li>\r\n \r\n                    <li><a href=\"#\" class=\"loadvideo\" title=\"Transkription mit MAXQDA\" id=\"948774224\" text=\"n diesem Videotutorial sehen wir uns an, wie wir in MAXQDA 24 Audio- und Videodatei transkribieren k\u00f6nnen. Da wir in MAXQDA prinzipiell zwei M\u00f6glichkeiten haben, um unsere Daten zu transkribieren, sehen wir uns beide Optionen nacheinander an und starten mit der automatischen Transkription \u00fcber MAXQDA Transcription, die Teil unseres AI Assist Features ist, das als Add-On zu MAXQDA 24 erworben werden kann. Im Anschluss werfen wir noch einen Blick auf die manuelle Transkription, die wir in MAXQDA durchf\u00fchren k\u00f6nnen und gehen den Workflow f\u00fcr die Transkription mit MAXQDA durch.\"><span>Transkription mit MAXQDA<\/span><\/a><\/li>\r\n \r\n                    <li><a href=\"#\" class=\"loadvideo\" title=\"Codieren mit MAXQDA\" id=\"899164592\" text=\"In diesem Video zeigen wir Ihnen die unterschiedlichen Optionen die Sie haben, um Ihr Material in MAXQDA zu codieren. Wir sehen uns an, wie Sie Codes direkt in Dokumenten erzeugen k\u00f6nnen, wie Sie mit In-Vivo Codes arbeiten k\u00f6nnen, zeigen Ihnen den Modus Offenes Codieren, wie Sie mehrere Codes auf einmal anwenden k\u00f6nnen und vieles mehr.\"><span>Codieren mit MAXQDA<\/span><\/a><\/li>\r\n\t\t\t\t\t\r\n\t\t\t\t\t<li><a href=\"#\" class=\"loadvideo\" title=\"Die Organisation des Codesystems in MAXQDA\" id=\"899163307\" text=\"In diesem Videotutorial sehen wir uns genauer an, wie wir unser Codesystem organisieren: Wir sehen, wie wir hierarchische Beziehungen in unserem Codesystem erstellen, Codes zusammenf\u00fchren, Subcodes und codierte Segmente von einem Code in einen anderen kopieren, wie wir unsere Codes mit Farbtags versehen und wie wir unser Codesystem mit dem Creative Coding Tool neu anordnen k\u00f6nnen. Zu guter Letzt werden wir uns auch ansehen, wie wir unser Codesystem aus MAXQDA exportieren k\u00f6nnen.\"><span>Die Organisation des Codesystems in MAXQDA<\/span><\/a><\/li>\r\n\t\t\t\t\t\r\n\t\t\t\t\t<li><a href=\"#\" class=\"loadvideo\" title=\"Die Liste der codierten Segmente in MAXQDA\" id=\"1090511128\" text=\"In diesem MAXQDA Tutorial sehen wir uns an, wie wir in MAXQDA mit der Liste der codierten Segmente arbeiten k\u00f6nnen, wie wir uns also beispielsweise alle codierten Segmente eines bestimmten Codes in ausgew\u00e4hlten Dokumenten ansehen k\u00f6nnen. Weiterhin werfen wir einen Blick auf die Kommentarfunktion in der Liste der codierten Segmente, auf die komplexe Segmentsuche, mit der \u00dcberschneidungen, \u00dcberlappungen und andere Zusammenh\u00e4nge von codierten Segmenten unterschiedlicher Codes untersucht werden k\u00f6nnen und sehen uns die Funktion 'F\u00e4lle und Gruppen vergleichen' an.\"><span>Die Liste der codierten Segmente in MAXQDA<\/span><\/a><\/li>\r\n\t\t\t\t\t\r\n\t\t\t\t\t<li><a href=\"#\" class=\"loadvideo\" title=\"AI Assist in MAXQDA: alle Funktionen\" id=\"1005739760\" text=\"AI Assist bietet eine Reihe an hilfreichen Funktionen, um die M\u00f6glichkeiten generativer Sprachmodelle direkt in MAXQDA nutzen zu k\u00f6nnen. Die Funktionen unterst\u00fctzen Sie in vielf\u00e4ltiger Weise bei Ihrer Analysearbeit. Mit Hilfe k\u00fcnstlicher Sprachintelligenz erstellt AI Assist automatisch Zusammenfassungen ausgew\u00e4hlter Texte oder Codierungen und liefert Vorschl\u00e4ge f\u00fcr neue Codes oder geeignete Subcodes. In diesem Videotutorial sehen wir uns alle Funktionen von AI Assist in MAXQDA 24 an.\"><span>AI Assist in MAXQDA: alle Funktionen<\/span><\/a><\/li>\r\n\t\t\t\t\t\r\n\t\t\t\t\t<li><a href=\"#\" class=\"loadvideo\" title=\"Projekte speichern und Backups erstellen mit MAXQDA\" id=\"960169838\" text=\"In diesem Videotutorial zeigen wir Ihnen, wie die Datenspeicherung in MAXQDA funktioniert, wie Sie selbst Backups Ihrer Projektdatei erstellen und automatischen Sicherungskopien Ihrer Projektdatei durch MAXQDA erstellen lassen k\u00f6nnen. \"><span>Projekte speichern und Backups erstellen mit MAXQDA<\/span><\/a><\/li>\r\n\t\t\t\t\t\r\n\t\t\t\t\t<li><a href=\"#\" class=\"loadvideo\" title=\"Paraphrasieren mit MAXQDA\" id=\"1022497154\" text=\"In diesem Video sehen wir uns an, wie wir mit MAXQDA Segmente aus unserem Material paraphrasieren k\u00f6nnen, egal ob es sich dabei um Text oder Mediendateien handelt. Zus\u00e4tzlich werden wir uns das Erstellen von Paraphrasen mit dem virtuellen Forschungsassistenten AI Assist genauer ansehen und herausfinden, wie wir die Paraphrasen eines Dokumentes mit dessen Hilfe zusammenfassen k\u00f6nnen.\"><span>Paraphrasieren mit MAXQDA<\/span><\/a><\/li>\r\n\t\t\t\t\t\r\n\t\t\t\t\t<li><a href=\"#\" class=\"loadvideo\" title=\"Teamwork mit MAXQDA\" id=\"1119455018\" text=\"In diesem MAXQDA Videotutorial sehen wir uns die unterschiedlichen M\u00f6glichkeiten an, die wir in MAXQDA f\u00fcr die Zusammenarbeit im Team haben. Zun\u00e4chst k\u00f6nnen wir komplette MAXQDA-Projekt von einem Rechner auf einen anderen Rechner transferieren. Dabei m\u00fcssen wir beachten, auch den Externals-Ordner weiterzugeben, sofern unsere Projektdatei auch Audio- und Videodateien oder sehr gro\u00dfe PDFs enth\u00e4lt. Mit dem Teamwork-Export k\u00f6nnen wir des weiteren einzelne Elemente unseres MAXQDA-Projekts wie beispielsweise bestimmte Dokumente oder nur das Codesystem weitergeben. Und schlie\u00dflich k\u00f6nnen wir auch zwei MAXQDA-Projekte zu einer Datei zusammenf\u00fchren.\"><span>Teamwork mit MAXQDA<\/span><\/a><\/li>\r\n\t\t\t\t\t\r\n\t\t\t\t\t<li><a href=\"#\" class=\"loadvideo\" title=\"Surveydaten analysieren mit MAXQDA\" id=\"1145189717\" text=\"In diesem Tutorial lernen Sie, wie Sie mit MAXQDA Umfragedaten mit offenen und geschlossenen Fragen professionell auswerten. MAXQDA erm\u00f6glicht es Ihnen, Umfragedaten direkt aus Excel, SurveyMonkey oder SPSS zu importieren. Nach dem Import werden offene Antworten automatisch als Texte in Dokumenten gespeichert und mit den zugeh\u00f6rigen Fragen codiert, w\u00e4hrend geschlossene Fragen als Variablen gespeichert werden. Im Survey Analysis Workspace werden offene Antworten automatisch codiert, w\u00e4hrend geschlossene Fragen als numerische Variablen erscheinen. Mit MAXQDA k\u00f6nnen Sie mithilfe von AI Assist neue Subcodes aus Antworten vorschlagen lassen, Sentiments automatisch erkennen (positiv\/neutral\/negativ) und diese direkt als neue Codes zuweisen. Im Survey Analysis Workspace sehen Sie automatisch Diagramme zu geschlossenen Fragen (S\u00e4ulen, Kreisdiagramme) und k\u00f6nnen diese in Tabellen umwandeln, Farbschemata anpassen oder exportieren. Mit AI Assist erhalten Sie automatisch vorgeschlagene Subcodes aus offenen Antworten und k\u00f6nnen Sentiments (positiv\/neutral\/negativ) automatisch codieren, was besonders bei gro\u00dfen Datens\u00e4tzen sehr hilfreich ist. Alle Analysen werden in MAXQDA gespeichert, Sie k\u00f6nnen Kommentare zu Segmenten hinzuf\u00fcgen, Diagramme anpassen und exportieren \u2013 alles in einem einzigen, intuitiven Workspace. Mit MAXQDA analysieren Sie qualitative und quantitative Umfragedaten nahtlos \u2013 ideal f\u00fcr Forschung, Marketing und Sozialwissenschaften.\"><span>Surveydaten analysieren mit MAXQDA<\/span><\/a><\/li>\r\n\t\t\t\t\t\r\n                <\/ul>\r\n<\/div>\r\n<div class=\"content\" id=\"panel02\">\r\n \r\n\t\t\t\t<ul>\r\n<li class=\"head\">Getting Started<\/li>\r\n \r\n                    <li><a href=\"#\" class=\"loadvideo\" title=\"Getting Started with MAXQDA\" id=\"899157321\" text=\"In this video tutorial we will show you the basics of working with MAXQDA 24. We will look at how we can import material into our MAXQDA project and structure it, how we can view and edit documents, how we can create initial analytical categories, so-called codes, and how we can organize them. We will also discuss the different options we have to record notes, thoughts and background information about our material. Finally, we will also go through different output options.\"><span>Getting Started with MAXQDA<\/span><\/a><\/li>\r\n \r\n                    <li class=\"head\">The Basics<\/li>\r\n \r\n                    <li><a href=\"#\" class=\"loadvideo\" title=\"Transcribing with MAXQDA\" id=\"899160916\" text=\"In this video tutorial, we will take a closer look at how to transcribe audio and video files in MAXQDA 24. Since we basically have two options for transcribing our data in MAXQDA, we will discuss both options one after the other and start with automatic transcription via MAXQDA Transcription, which is now available with AI Assist in MAXQDA 24 which can be purchased via our online shop. We will then take a look at the manual transcription that we can perform in MAXQDA and go through the workflow for transcription with MAXQDA.\"><span>Transcribing with MAXQDA<\/span><\/a><\/li>\r\n \r\n                    <li><a href=\"#\" class=\"loadvideo\" title=\"How to code with MAXQDA\" id=\"899163348\" text=\"In this video tutorial we take a closer look at how we can code our material in MAXQDA 24. Coding in MAXQDA means that we assign a segment of our material to an analytical category. We start with the simple creation of initial codes for individual sections of text and also look at how to code images, video files and tables. We look at specific coding options that are suitable for a grounded theory-informed approach, as well as the automatic coding of individual keywords or entire sentences and sections.\"><span>How to code with MAXQDA<\/span><\/a><\/li>\r\n\t\t\t\t\t\r\n\t\t\t\t\t<li><a href=\"#\" class=\"loadvideo\" title=\"Organizing the code system with MAXQDA\" id=\"899162348\" text=\"In this video tutorial, we will take a closer look at how to organize our code system: we will see how we can create hierarchical relationships in our code system, merge codes, copy subcodes and coded segments from one code to another, how to apply color tags to our codes and how to rearrange our code system using the creative coding tool. And last but not least we will also take a look at how we can export our code system from MAXQDA. \"><span>Organizing the code system<\/span><\/a><\/li>\r\n\t\t\t\t\t\r\n                <\/ul>\r\n \r\n \r\n \r\n            <\/div>\r\n<\/div>\r\n<\/div>\r\n \r\n \r\n<div class=\"large-8 right large-centered columns\">\r\n<div class=\"flex-video widescreen\" id=\"video\">\r\n<div id=\"videoframe\" style=\"padding:56.25% 0 0 0;position:relative;\"><iframe src=\"\r\nhttps:\/\/player.vimeo.com\/video\/899158864?badge=0&#038;autopause=0&#038;player_id=0&#038;app_id=58479\"\r\nframeborder=\"0\" allow=\"autoplay; fullscreen; picture-in-picture\" style=\"position:absolute;top:0;left:0;width:100%;height:100%;\" title=\"Automatic-Transcription-EN-2024\"><\/iframe><\/div><script src=\"\r\nhttps:\/\/player.vimeo.com\/api\/player.js\"><\/script>\r\n<\/div>\r\n<p id=\"video-text\">In wenigen Minuten erfahren Sie in diesem MAXQDA Tutorial alles \u00fcber die Grundlagen zu MAXQDA \u2013 vom Import \u00fcber das Codieren bis zur Ausgabe von codierten Segmenten.<\/p>\r\n<\/div>\r\n<\/div>\r\n \r\n<div class=\"large-12 columns\" style=\"margin-top: 120px;\">\r\n<h2>Auf der Suche nach Video-Tutorials f\u00fcr \u00e4ltere MAXQDA Versionen?<\/h2>\r\n<p>Sie finden eine Vielzahl von Videos f\u00fcr vorherige Versionen von MAXQDA auf unserem YouTube-Kanal.<\/p>\r\n<p><a class=\"button\" title=\"View MAXQDA Tutorials on YouTube\" href=\"https:\/\/www.youtube.com\/@MAXQDAOfficial\" target=\"_blank\" rel=\"noopener noreferrer\">MAXQDA YouTube Channel<\/a><\/p>\r\n<\/div>\r\n<\/div>\r\n \r\n \r\n<div class=\"row\">\r\n<script src=\"https:\/\/apis.google.com\/js\/platform.js\"><\/script>\r\n<div class=\"g-ytsubscribe\" data-channelid=\"UCo-7hn68W4KEgcydaMUh5XA\" data-layout=\"full\" data-count=\"hidden\"><\/div>\r\n<\/div>\r\n","protected":false},"excerpt":{"rendered":"<p>MAXQDA Video Tutorials Deutsch Englisch Einf\u00fchrung Getting Started mit MAXQDA Grundfunktionen Transkription mit MAXQDA Codieren mit MAXQDA Die Organisation des Codesystems in MAXQDA Die Liste der codierten Segmente in MAXQDA AI Assist in MAXQDA: alle Funktionen Projekte speichern und Backups erstellen mit MAXQDA Paraphrasieren mit MAXQDA Teamwork mit MAXQDA Surveydaten analysieren mit MAXQDA Getting Started [&hellip;]<\/p>\n","protected":false},"author":5,"featured_media":121894,"parent":0,"menu_order":34,"comment_status":"closed","ping_status":"closed","template":"custom-page-header.php","meta":{"_acf_changed":false,"_relevanssi_hide_post":"","_relevanssi_hide_content":"","_relevanssi_pin_for_all":"","_relevanssi_pin_keywords":"","_relevanssi_unpin_keywords":"","_relevanssi_related_keywords":"","_relevanssi_related_include_ids":"","_relevanssi_related_exclude_ids":"","_relevanssi_related_no_append":"","_relevanssi_related_not_related":"","_relevanssi_related_posts":"","_relevanssi_noindex_reason":"","footnotes":""},"class_list":["post-101890","page","type-page","status-publish","has-post-thumbnail","hentry"],"acf":[],"yoast_head":"<!-- This site is optimized with the Yoast SEO Premium plugin v27.4 (Yoast SEO v27.4) - https:\/\/yoast.com\/product\/yoast-seo-premium-wordpress\/ -->\n<title>MAXQDA Video Tutorials | MAXQDA<\/title>\n<meta name=\"description\" content=\"MAXQDA Video Tutorials | MAXQDA - Die beste Wahl f\u00fcr Ihre Qualitative &amp; Mixed-Methods-Analyse\" \/>\n<meta name=\"robots\" content=\"index, follow, max-snippet:-1, max-image-preview:large, max-video-preview:-1\" \/>\n<link rel=\"canonical\" href=\"https:\/\/www.maxqda.com\/de\/maxqda-video-tutorials\" \/>\n<meta property=\"og:locale\" content=\"de_DE\" \/>\n<meta property=\"og:type\" content=\"article\" \/>\n<meta property=\"og:title\" content=\"MAXQDA Video Tutorials\" \/>\n<meta property=\"og:description\" content=\"MAXQDA Video Tutorials Deutsch Englisch Einf\u00fchrung Getting Started mit MAXQDA Grundfunktionen Transkription mit MAXQDA Codieren mit MAXQDA Die\" \/>\n<meta property=\"og:url\" content=\"https:\/\/www.maxqda.com\/de\/maxqda-video-tutorials\" \/>\n<meta property=\"og:site_name\" content=\"MAXQDA\" \/>\n<meta property=\"article:publisher\" content=\"https:\/\/www.facebook.com\/MAXQDA\/\" \/>\n<meta property=\"article:modified_time\" content=\"2026-04-15T08:31:08+00:00\" \/>\n<meta property=\"og:image\" content=\"https:\/\/www.maxqda.com\/de\/wp\/wp-content\/uploads\/sites\/1\/MAXQDA-Die-1-Software-fuer-qualitative-und-Mixed-Methods-Datenanalyse.png?_t=1776241874\" \/>\n\t<meta property=\"og:image:width\" content=\"1200\" \/>\n\t<meta property=\"og:image:height\" content=\"630\" \/>\n\t<meta property=\"og:image:type\" content=\"image\/png\" \/>\n<meta name=\"twitter:card\" content=\"summary_large_image\" \/>\n<meta name=\"twitter:site\" content=\"@VerbiSoftware\" \/>\n<meta name=\"twitter:label1\" content=\"Gesch\u00e4tzte Lesezeit\" \/>\n\t<meta name=\"twitter:data1\" content=\"1\u00a0Minute\" \/>\n<script type=\"application\/ld+json\" class=\"yoast-schema-graph\">{\"@context\":\"https:\\\/\\\/schema.org\",\"@graph\":[{\"@type\":\"WebPage\",\"@id\":\"https:\\\/\\\/www.maxqda.com\\\/de\\\/maxqda-video-tutorials\",\"url\":\"https:\\\/\\\/www.maxqda.com\\\/de\\\/maxqda-video-tutorials\",\"name\":\"MAXQDA Video Tutorials | MAXQDA\",\"isPartOf\":{\"@id\":\"https:\\\/\\\/www.maxqda.com\\\/de\\\/#website\"},\"primaryImageOfPage\":{\"@id\":\"https:\\\/\\\/www.maxqda.com\\\/de\\\/maxqda-video-tutorials#primaryimage\"},\"image\":{\"@id\":\"https:\\\/\\\/www.maxqda.com\\\/de\\\/maxqda-video-tutorials#primaryimage\"},\"thumbnailUrl\":\"https:\\\/\\\/www.maxqda.com\\\/de\\\/wp\\\/wp-content\\\/uploads\\\/sites\\\/1\\\/MAXQDA-Logo-MQ.jpg\",\"datePublished\":\"2021-10-11T14:04:27+00:00\",\"dateModified\":\"2026-04-15T08:31:08+00:00\",\"description\":\"MAXQDA Video Tutorials | MAXQDA - Die beste Wahl f\u00fcr Ihre Qualitative & Mixed-Methods-Analyse\",\"breadcrumb\":{\"@id\":\"https:\\\/\\\/www.maxqda.com\\\/de\\\/maxqda-video-tutorials#breadcrumb\"},\"inLanguage\":\"de\",\"potentialAction\":[{\"@type\":\"ReadAction\",\"target\":[\"https:\\\/\\\/www.maxqda.com\\\/de\\\/maxqda-video-tutorials\"]}]},{\"@type\":\"ImageObject\",\"inLanguage\":\"de\",\"@id\":\"https:\\\/\\\/www.maxqda.com\\\/de\\\/maxqda-video-tutorials#primaryimage\",\"url\":\"https:\\\/\\\/www.maxqda.com\\\/de\\\/wp\\\/wp-content\\\/uploads\\\/sites\\\/1\\\/MAXQDA-Logo-MQ.jpg\",\"contentUrl\":\"https:\\\/\\\/www.maxqda.com\\\/de\\\/wp\\\/wp-content\\\/uploads\\\/sites\\\/1\\\/MAXQDA-Logo-MQ.jpg\",\"width\":825,\"height\":825,\"caption\":\"MAXQDA Logo\"},{\"@type\":\"BreadcrumbList\",\"@id\":\"https:\\\/\\\/www.maxqda.com\\\/de\\\/maxqda-video-tutorials#breadcrumb\",\"itemListElement\":[{\"@type\":\"ListItem\",\"position\":1,\"name\":\"Startseite\",\"item\":\"https:\\\/\\\/www.maxqda.com\\\/de\\\/\"},{\"@type\":\"ListItem\",\"position\":2,\"name\":\"MAXQDA Video Tutorials\"}]},{\"@type\":\"WebSite\",\"@id\":\"https:\\\/\\\/www.maxqda.com\\\/de\\\/#website\",\"url\":\"https:\\\/\\\/www.maxqda.com\\\/de\\\/\",\"name\":\"MAXQDA\",\"description\":\"\",\"publisher\":{\"@id\":\"https:\\\/\\\/www.maxqda.com\\\/de\\\/#organization\"},\"potentialAction\":[{\"@type\":\"SearchAction\",\"target\":{\"@type\":\"EntryPoint\",\"urlTemplate\":\"https:\\\/\\\/www.maxqda.com\\\/de\\\/?s={search_term_string}\"},\"query-input\":{\"@type\":\"PropertyValueSpecification\",\"valueRequired\":true,\"valueName\":\"search_term_string\"}}],\"inLanguage\":\"de\"},{\"@type\":\"Organization\",\"@id\":\"https:\\\/\\\/www.maxqda.com\\\/de\\\/#organization\",\"name\":\"MAXQDA\",\"url\":\"https:\\\/\\\/www.maxqda.com\\\/de\\\/\",\"logo\":{\"@type\":\"ImageObject\",\"inLanguage\":\"de\",\"@id\":\"https:\\\/\\\/www.maxqda.com\\\/de\\\/#\\\/schema\\\/logo\\\/image\\\/\",\"url\":\"https:\\\/\\\/www.maxqda.com\\\/de\\\/wp\\\/wp-content\\\/uploads\\\/sites\\\/1\\\/MAXQDA-Logo.png\",\"contentUrl\":\"https:\\\/\\\/www.maxqda.com\\\/de\\\/wp\\\/wp-content\\\/uploads\\\/sites\\\/1\\\/MAXQDA-Logo.png\",\"width\":\"1000\",\"height\":\"200\",\"caption\":\"MAXQDA\"},\"image\":{\"@id\":\"https:\\\/\\\/www.maxqda.com\\\/de\\\/#\\\/schema\\\/logo\\\/image\\\/\"},\"sameAs\":[\"https:\\\/\\\/www.facebook.com\\\/MAXQDA\\\/\",\"https:\\\/\\\/x.com\\\/VerbiSoftware\",\"https:\\\/\\\/www.instagram.com\\\/maxqda\\\/\",\"https:\\\/\\\/www.youtube.com\\\/user\\\/MAXQDA\"]}]}<\/script>\n<!-- \/ Yoast SEO Premium plugin. -->","yoast_head_json":{"title":"MAXQDA Video Tutorials | MAXQDA","description":"MAXQDA Video Tutorials | MAXQDA - Die beste Wahl f\u00fcr Ihre Qualitative & Mixed-Methods-Analyse","robots":{"index":"index","follow":"follow","max-snippet":"max-snippet:-1","max-image-preview":"max-image-preview:large","max-video-preview":"max-video-preview:-1"},"canonical":"https:\/\/www.maxqda.com\/de\/maxqda-video-tutorials","og_locale":"de_DE","og_type":"article","og_title":"MAXQDA Video Tutorials","og_description":"MAXQDA Video Tutorials Deutsch Englisch Einf\u00fchrung Getting Started mit MAXQDA Grundfunktionen Transkription mit MAXQDA Codieren mit MAXQDA Die","og_url":"https:\/\/www.maxqda.com\/de\/maxqda-video-tutorials","og_site_name":"MAXQDA","article_publisher":"https:\/\/www.facebook.com\/MAXQDA\/","article_modified_time":"2026-04-15T08:31:08+00:00","og_image":[{"width":1200,"height":630,"url":"https:\/\/www.maxqda.com\/de\/wp\/wp-content\/uploads\/sites\/1\/MAXQDA-Die-1-Software-fuer-qualitative-und-Mixed-Methods-Datenanalyse.png?_t=1776241874","type":"image\/png"}],"twitter_card":"summary_large_image","twitter_site":"@VerbiSoftware","twitter_misc":{"Gesch\u00e4tzte Lesezeit":"1\u00a0Minute"},"schema":{"@context":"https:\/\/schema.org","@graph":[{"@type":"WebPage","@id":"https:\/\/www.maxqda.com\/de\/maxqda-video-tutorials","url":"https:\/\/www.maxqda.com\/de\/maxqda-video-tutorials","name":"MAXQDA Video Tutorials | MAXQDA","isPartOf":{"@id":"https:\/\/www.maxqda.com\/de\/#website"},"primaryImageOfPage":{"@id":"https:\/\/www.maxqda.com\/de\/maxqda-video-tutorials#primaryimage"},"image":{"@id":"https:\/\/www.maxqda.com\/de\/maxqda-video-tutorials#primaryimage"},"thumbnailUrl":"https:\/\/www.maxqda.com\/de\/wp\/wp-content\/uploads\/sites\/1\/MAXQDA-Logo-MQ.jpg","datePublished":"2021-10-11T14:04:27+00:00","dateModified":"2026-04-15T08:31:08+00:00","description":"MAXQDA Video Tutorials | MAXQDA - Die beste Wahl f\u00fcr Ihre Qualitative & Mixed-Methods-Analyse","breadcrumb":{"@id":"https:\/\/www.maxqda.com\/de\/maxqda-video-tutorials#breadcrumb"},"inLanguage":"de","potentialAction":[{"@type":"ReadAction","target":["https:\/\/www.maxqda.com\/de\/maxqda-video-tutorials"]}]},{"@type":"ImageObject","inLanguage":"de","@id":"https:\/\/www.maxqda.com\/de\/maxqda-video-tutorials#primaryimage","url":"https:\/\/www.maxqda.com\/de\/wp\/wp-content\/uploads\/sites\/1\/MAXQDA-Logo-MQ.jpg","contentUrl":"https:\/\/www.maxqda.com\/de\/wp\/wp-content\/uploads\/sites\/1\/MAXQDA-Logo-MQ.jpg","width":825,"height":825,"caption":"MAXQDA Logo"},{"@type":"BreadcrumbList","@id":"https:\/\/www.maxqda.com\/de\/maxqda-video-tutorials#breadcrumb","itemListElement":[{"@type":"ListItem","position":1,"name":"Startseite","item":"https:\/\/www.maxqda.com\/de\/"},{"@type":"ListItem","position":2,"name":"MAXQDA Video Tutorials"}]},{"@type":"WebSite","@id":"https:\/\/www.maxqda.com\/de\/#website","url":"https:\/\/www.maxqda.com\/de\/","name":"MAXQDA","description":"","publisher":{"@id":"https:\/\/www.maxqda.com\/de\/#organization"},"potentialAction":[{"@type":"SearchAction","target":{"@type":"EntryPoint","urlTemplate":"https:\/\/www.maxqda.com\/de\/?s={search_term_string}"},"query-input":{"@type":"PropertyValueSpecification","valueRequired":true,"valueName":"search_term_string"}}],"inLanguage":"de"},{"@type":"Organization","@id":"https:\/\/www.maxqda.com\/de\/#organization","name":"MAXQDA","url":"https:\/\/www.maxqda.com\/de\/","logo":{"@type":"ImageObject","inLanguage":"de","@id":"https:\/\/www.maxqda.com\/de\/#\/schema\/logo\/image\/","url":"https:\/\/www.maxqda.com\/de\/wp\/wp-content\/uploads\/sites\/1\/MAXQDA-Logo.png","contentUrl":"https:\/\/www.maxqda.com\/de\/wp\/wp-content\/uploads\/sites\/1\/MAXQDA-Logo.png","width":"1000","height":"200","caption":"MAXQDA"},"image":{"@id":"https:\/\/www.maxqda.com\/de\/#\/schema\/logo\/image\/"},"sameAs":["https:\/\/www.facebook.com\/MAXQDA\/","https:\/\/x.com\/VerbiSoftware","https:\/\/www.instagram.com\/maxqda\/","https:\/\/www.youtube.com\/user\/MAXQDA"]}]}},"_links":{"self":[{"href":"https:\/\/www.maxqda.com\/de\/wp-json\/wp\/v2\/pages\/101890","targetHints":{"allow":["GET"]}}],"collection":[{"href":"https:\/\/www.maxqda.com\/de\/wp-json\/wp\/v2\/pages"}],"about":[{"href":"https:\/\/www.maxqda.com\/de\/wp-json\/wp\/v2\/types\/page"}],"author":[{"embeddable":true,"href":"https:\/\/www.maxqda.com\/de\/wp-json\/wp\/v2\/users\/5"}],"replies":[{"embeddable":true,"href":"https:\/\/www.maxqda.com\/de\/wp-json\/wp\/v2\/comments?post=101890"}],"version-history":[{"count":10,"href":"https:\/\/www.maxqda.com\/de\/wp-json\/wp\/v2\/pages\/101890\/revisions"}],"predecessor-version":[{"id":132960,"href":"https:\/\/www.maxqda.com\/de\/wp-json\/wp\/v2\/pages\/101890\/revisions\/132960"}],"wp:featuredmedia":[{"embeddable":true,"href":"https:\/\/www.maxqda.com\/de\/wp-json\/wp\/v2\/media\/121894"}],"wp:attachment":[{"href":"https:\/\/www.maxqda.com\/de\/wp-json\/wp\/v2\/media?parent=101890"}],"curies":[{"name":"wp","href":"https:\/\/api.w.org\/{rel}","templated":true}]}}